{"id":218,"date":"2021-07-13T19:30:40","date_gmt":"2021-07-13T22:30:40","guid":{"rendered":"https:\/\/dev.sinditextilsp.org.br\/home\/?page_id=218"},"modified":"2026-01-06T12:22:15","modified_gmt":"2026-01-06T15:22:15","slug":"contribuicao-assistencial","status":"publish","type":"page","link":"https:\/\/sinditextilsp.org.br\/home\/contribuicao-assistencial\/","title":{"rendered":"Contribui\u00e7\u00e3o Assistencial"},"content":{"rendered":"\t\t<div data-elementor-type=\"wp-page\" data-elementor-id=\"218\" class=\"elementor elementor-218\" data-elementor-settings=\"[]\">\r\n\t\t\t\t\t\t\t<div class=\"elementor-section-wrap\">\r\n\t\t\t\t\t\t\t<section class=\"elementor-section elementor-top-section elementor-element elementor-element-6460adf elementor-section-boxed elementor-section-height-default elementor-section-height-default\" data-id=\"6460adf\" data-element_type=\"section\">\r\n\t\t\t\t\t\t<div class=\"elementor-container elementor-column-gap-default\">\r\n\t\t\t\t\t<div class=\"elementor-column elementor-col-100 elementor-top-column elementor-element elementor-element-26dc457\" data-id=\"26dc457\" data-element_type=\"column\">\r\n\t\t\t<div class=\"elementor-widget-wrap elementor-element-populated\">\r\n\t\t\t\t\t\t\t\t<div class=\"elementor-element elementor-element-c607962 elementor-widget elementor-widget-heading\" data-id=\"c607962\" data-element_type=\"widget\" data-widget_type=\"heading.default\">\r\n\t\t\t\t<div class=\"elementor-widget-container\">\r\n\t\t\t<h2 class=\"elementor-heading-title elementor-size-default\">Contribui\u00e7\u00e3o Assistencial<\/h2>\t\t<\/div>\r\n\t\t\t\t<\/div>\r\n\t\t\t\t\t<\/div>\r\n\t\t<\/div>\r\n\t\t\t\t\t\t\t<\/div>\r\n\t\t<\/section>\r\n\t\t\t\t<section class=\"elementor-section elementor-top-section elementor-element elementor-element-0b980d5 elementor-section-boxed elementor-section-height-default elementor-section-height-default\" data-id=\"0b980d5\" data-element_type=\"section\">\r\n\t\t\t\t\t\t<div class=\"elementor-container elementor-column-gap-default\">\r\n\t\t\t\t\t<div class=\"elementor-column elementor-col-100 elementor-top-column elementor-element elementor-element-2031609\" data-id=\"2031609\" data-element_type=\"column\">\r\n\t\t\t<div class=\"elementor-widget-wrap elementor-element-populated\">\r\n\t\t\t\t\t\t\t\t<div class=\"elementor-element elementor-element-5ce10a5 elementor-widget elementor-widget-text-editor\" data-id=\"5ce10a5\" data-element_type=\"widget\" data-widget_type=\"text-editor.default\">\r\n\t\t\t\t<div class=\"elementor-widget-container\">\r\n\t\t\t\t\t\t\t\t<p><span style=\"font-weight: 400;\">S\u00e3o Paulo, 03 dezembro de 2025<\/span><\/p><p><span style=\"font-weight: 400;\">Prezado Companheiro Empres\u00e1rio do Setor T\u00eaxtil,<\/span><\/p><p><span style=\"font-weight: 400;\">Encerramos mais um ciclo de intenso trabalho e importantes conquistas para a ind\u00fastria t\u00eaxtil paulista. O ano de 2025 marca a consolida\u00e7\u00e3o de diversas iniciativas estrat\u00e9gicas que ampliaram a nossa presen\u00e7a institucional, especialmente no campo das rela\u00e7\u00f5es trabalhistas. Reafirmamos nosso<\/span> <span style=\"font-weight: 400;\">papel como interlocutor t\u00e9cnico e pol\u00edtico fundamental nas negocia\u00e7\u00f5es coletivas, atuando em permanente di\u00e1logo com os Sindicatos profissionais e garantindo seguran\u00e7a jur\u00eddica, previsibilidade e equil\u00edbrio \u00e0 Conven\u00e7\u00e3o Coletiva do Trabalho.<\/span><\/p><p><span style=\"font-weight: 400;\">Entre as iniciativas de destaque, merece men\u00e7\u00e3o especial o F\u00f3rum Sindical, realizado semestralmente e amplamente reconhecido como um espa\u00e7o democr\u00e1tico, transparente e altamente produtivo. Gra\u00e7as ao engajamento das entidades laborais, o F\u00f3rum vem se consolidando como um dos principais instrumentos de constru\u00e7\u00e3o conjunta de solu\u00e7\u00f5es para desafios trabalhistas, contribuindo diretamente para o amadurecimento das negocia\u00e7\u00f5es e para a melhoria cont\u00ednua do ambiente de rela\u00e7\u00f5es de trabalho no setor t\u00eaxtil paulista.<\/span><\/p><p><span style=\"font-weight: 400;\">No campo econ\u00f4mico e regulat\u00f3rio, participamos ativamente da conquista de um importante benef\u00edcio para o setor t\u00eaxtil: a renova\u00e7\u00e3o do cr\u00e9dito outorgado do ICMS at\u00e9 dezembro de 2026 por meio do Decreto n\u00ba 69.292 que assegura a continuidade desse incentivo fiscal com efeitos a partir de 1\u00ba de janeiro, mantendo a al\u00edquota em 12%. Ao lado de outras entidades empresariais, atuamos junto ao Governo do Estado de S\u00e3o Paulo para viabilizar a prorroga\u00e7\u00e3o da medida que venceria em 31 de dezembro de 2024. Assim, garantimos a previsibilidade tribut\u00e1ria essencial \u00e0 competitividade do setor.<\/span><\/p><p><span style=\"font-weight: 400;\">Ao longo do tri\u00eanio 2023\u20132025, tamb\u00e9m avan\u00e7amos em diversas agendas de competitividade, capacita\u00e7\u00e3o e comunica\u00e7\u00e3o, com a participa\u00e7\u00e3o ativa da ind\u00fastria t\u00eaxtil paulista nas reuni\u00f5es, semin\u00e1rios, workshops, a\u00e7\u00f5es institucionais e projetos especiais promovidos pelo Sindit\u00eaxtil-SP. Cada uma dessas iniciativas fortaleceu o elo entre o Sindicato e suas associadas, ampliando o impacto de nossa atua\u00e7\u00e3o.<\/span><\/p><p><span style=\"font-weight: 400;\">Neste momento, que marca o encerramento de meu mandato \u00e0 frente da Presid\u00eancia do Sindit\u00eaxtil-SP, gostaria de expressar meu sincero agradecimento a todas as empresas, diretores, colaboradores, parceiros institucionais e profissionais que contribu\u00edram com dedica\u00e7\u00e3o, confian\u00e7a e esp\u00edrito cooperativo ao longo desses<\/span> <span style=\"font-weight: 400;\">tr\u00eas anos de gest\u00e3o<\/span><b>.<\/b><span style=\"font-weight: 400;\"> Cada projeto realizado, cada avan\u00e7o conquistado e cada desafio superado foram poss\u00edveis gra\u00e7as ao comprometimento coletivo que sempre caracterizou nossa entidade. Sigo confiante de que os pr\u00f3ximos anos ser\u00e3o ainda mais promissores para o Sindit\u00eaxtil-SP e para todo o setor t\u00eaxtil paulista.<\/span><\/p><p><span style=\"font-weight: 400;\">\u00c9 fundamental salientar que para que possamos contar com recursos necess\u00e1rios \u00e0 manuten\u00e7\u00e3o e cont\u00ednua melhoria da nossa atua\u00e7\u00e3o, tomamos a liberdade de encaminhar anexo o boleto da Contribui\u00e7\u00e3o Assistencial, que embora opcional, \u00e9 fonte essencial para sustenta\u00e7\u00e3o das atividades sindicais que fortalecem nossa representatividade e defendem os interesses do setor.<\/span><br \/><br \/><\/p><table><tbody><tr><td colspan=\"2\"><p><b>CONTRIBUI\u00c7\u00c3O ASSISTENCIAL SINDIT\u00caXTIL-SP \u2013 VENCIMENTO DIA 15\/01\/2026<\/b><\/p><\/td><\/tr><tr><td><p><span style=\"font-weight: 400;\">Empresas com 00 at\u00e9 25 empregados\u00a0<\/span><\/p><\/td><td><p><span style=\"font-weight: 400;\">R$ 3.563,57<\/span><\/p><\/td><\/tr><tr><td><p><span style=\"font-weight: 400;\">Empresas com 26 at\u00e9 50 empregados\u00a0<\/span><\/p><\/td><td><p><span style=\"font-weight: 400;\">R$ 5.749,88<\/span><\/p><\/td><\/tr><tr><td><p><span style=\"font-weight: 400;\">Empresas com 51 at\u00e9 100 empregados\u00a0<\/span><\/p><\/td><td><p><span style=\"font-weight: 400;\">R$ 8.622,34<\/span><\/p><\/td><\/tr><tr><td><p><span style=\"font-weight: 400;\">Empresas com 101 at\u00e9 200 empregados\u00a0<\/span><\/p><\/td><td><p><span style=\"font-weight: 400;\">R$ 14.367,21<\/span><\/p><\/td><\/tr><tr><td><p><span style=\"font-weight: 400;\">Empresas com 201 at\u00e9 500 empregados\u00a0<\/span><\/p><\/td><td><p><span style=\"font-weight: 400;\">R$ 22.992,05<\/span><\/p><\/td><\/tr><tr><td><p><span style=\"font-weight: 400;\">Empresas com 501 at\u00e9 1.000 empregados\u00a0<\/span><\/p><\/td><td><p><span style=\"font-weight: 400;\">R$ 34.501,87<\/span><\/p><\/td><\/tr><tr><td><p><span style=\"font-weight: 400;\">Empresas com mais de 1.000 empregados\u00a0<\/span><\/p><\/td><td><p><span style=\"font-weight: 400;\">R$ 45.982,85<\/span><\/p><\/td><\/tr><\/tbody><\/table><p><span style=\"font-weight: 400;\">\u00a0<\/span><\/p><p><span style=\"font-weight: 400;\">Caso sua empresa n\u00e3o esteja adequadamente enquadrada no n\u00famero de empregados acima, ou prefiram receber os boletos e comunica\u00e7\u00f5es futuras por e-mail, favor entrar em contato pelo telefone (11) 3823-6118 \/ (11) 98455-8671 ou no e-mail <\/span><a href=\"mailto:relacionamento@sinditextilsp.org.br\"><span style=\"font-weight: 400;\">relacionamento@sinditextilsp.org.br<\/span><\/a><\/p><p><span style=\"font-weight: 400;\">Contamos com sua valiosa participa\u00e7\u00e3o em prol do fortalecimento do setor t\u00eaxtil de S\u00e3o Paulo e do Brasil.<\/span><\/p><p><span style=\"font-weight: 400;\">Um forte abra\u00e7o\u00a0<\/span><\/p><p><b>Julio Scudeler<br \/><\/b><b>Presidente do Sindit\u00eaxtil-SP<\/b><\/p>\t\t\t\t\t\t<\/div>\r\n\t\t\t\t<\/div>\r\n\t\t\t\t\t<\/div>\r\n\t\t<\/div>\r\n\t\t\t\t\t\t\t<\/div>\r\n\t\t<\/section>\r\n\t\t\t\t<section class=\"elementor-section elementor-top-section elementor-element elementor-element-4995c23 elementor-hidden-desktop elementor-hidden-tablet elementor-hidden-phone elementor-section-boxed elementor-section-height-default elementor-section-height-default\" data-id=\"4995c23\" data-element_type=\"section\">\r\n\t\t\t\t\t\t<div class=\"elementor-container elementor-column-gap-default\">\r\n\t\t\t\t\t<div class=\"elementor-column elementor-col-100 elementor-top-column elementor-element elementor-element-7af35c2\" data-id=\"7af35c2\" data-element_type=\"column\">\r\n\t\t\t<div class=\"elementor-widget-wrap elementor-element-populated\">\r\n\t\t\t\t\t\t\t\t<div class=\"elementor-element elementor-element-f694558 elementor-widget elementor-widget-text-editor\" data-id=\"f694558\" data-element_type=\"widget\" data-widget_type=\"text-editor.default\">\r\n\t\t\t\t<div class=\"elementor-widget-container\">\r\n\t\t\t\t\t\t\t\t<p><span style=\"font-weight: 400;\">S\u00e3o Paulo, 03 de dezembro de 2024<\/span><\/p><p><br \/><br \/><span style=\"font-weight: 400;\">Prezado Companheiro Empres\u00e1rio do Setor T\u00eaxtil, <\/span><\/p><p><br \/><br \/><span style=\"font-weight: 400;\">\u00c9 com grande satisfa\u00e7\u00e3o e um profundo sentimento de dever cumprido que estamos concluindo o ano de 2024.<\/span><br \/><br \/><br \/><span style=\"font-weight: 400;\">Vale lembrar algumas das lutas que nos uniu em 2024. A come\u00e7ar pela conquista da <a href=\"https:\/\/sinditextilsp.org.br\/home\/2024\/05\/liminar-obtida-pelo-sinditextil-sp-tem-efeito-para-todos-os-associados-do-estado-de-sp\/\">Liminar<\/a> que o Sindit\u00eaxtil-SP conseguiu para os associados afastando a incid\u00eancia do PIS e COFINS sobre os cr\u00e9ditos presumidos outorgados de ICMS concedidos pelo Estado de SP. <\/span><br \/><br \/><br \/><span style=\"font-weight: 400;\">E, ainda sobre cr\u00e9dito outorgado, realizamos v\u00e1rias <a href=\"https:\/\/sinditextilsp.org.br\/home\/2024\/08\/sinditextil-sp-e-coalizao-textil-tem-reuniao-com-o-secretario-da-fazenda-de-sp\/\">reuni\u00f5es t\u00e9cnicas e audi\u00eancias<\/a> com autoridades do Executivo e Legislativo do Estado ao longo do ano, com a participa\u00e7\u00e3o e o apoio das empresas associadas e, como resultado, estamos esperan\u00e7osos e na expectativa da prorroga\u00e7\u00e3o do incentivo a partir de janeiro de 2025.<\/span><br \/><br \/><br \/><span style=\"font-weight: 400;\">No \u00e2mbito das negocia\u00e7\u00f5es trabalhistas, o Sindit\u00eaxtil-SP acaba de chegar a um acordo para <a href=\"https:\/\/s3.sa-east-1.amazonaws.com\/sindi-files.sinditextilsp.org.br\/site\/negociacoes_coletivas\/2024-2025\/COMUNICADO+GERAL+N+04+2024.pdf\">Conven\u00e7\u00e3o Coletiva 2024\/2025<\/a>, com 25 Sindicatos. A defini\u00e7\u00e3o c\u00e9lere foi obtida em fun\u00e7\u00e3o do amadurecimento das rela\u00e7\u00f5es entre as entidades, uma vez que o Sindit\u00eaxtil-SP promoveu durante todo ano os F\u00f3runs Sindicais para alinhar os entendimentos, embasar expectativas antes das negocia\u00e7\u00f5es.<\/span><br \/><br \/><br \/><span style=\"font-weight: 400;\">Tamb\u00e9m realizamos semin\u00e1rios e mais de 15 workshops em parceria com a Abit. E n\u00e3o podemos deixar de citar nosso podcast <a href=\"https:\/\/sinditextilsp.org.br\/home\/podcast-fio-de-prosa\/\">FIO DE PROSA<\/a> que neste ano trouxe temas como descarboniza\u00e7\u00e3o, intelig\u00eancia artificial da ind\u00fastria da moda, psicossom\u00e1tica e estresse, burnout e outros.<\/span><br \/><br \/><br \/><span style=\"font-weight: 400;\">E ainda, buscando nos aproximar mais das empresas, criamos o <a href=\"https:\/\/sinditextilsp.org.br\/home\/chao-de-fabrica\/\">Projeto Ch\u00e3o de F\u00e1brica<\/a>, um seriado onde cada cap\u00edtulo traz uma visita detalhada nas empresas associadas, com cobertura jornal\u00edstica em site, redes sociais e Boletins. O Ch\u00e3o de F\u00e1brica foi convidado pela FIESP como case de inspira\u00e7\u00e3o a outros Sindicatos.<\/span><br \/><br \/><br \/><span style=\"font-weight: 400;\">Para que possamos contar com recursos necess\u00e1rios \u00e0 manuten\u00e7\u00e3o e cont\u00ednua melhoria da nossa atua\u00e7\u00e3o, tomamos a liberdade de lhe encaminhar anexo o boleto da Contribui\u00e7\u00e3o Assistencial, que embora opcional, \u00e9 parte essencial de nossa receita operacional.<\/span><br \/><span style=\"font-weight: 400;\">A gest\u00e3o atual manifesta seus agradecimentos pela confian\u00e7a depositada, com a certeza que a nossa parceria prosseguir\u00e1 pelos pr\u00f3ximos anos.<\/span><br \/><br \/><br \/><\/p><table><tbody><tr><td colspan=\"2\"><b>CONTRIBUI\u00c7\u00c3O ASSISTENCIAL SINDIT\u00caXTIL-SP \u2013 VENCIMENTO DIA <\/b><b>\u00a0<\/b><b>15\/01\/2025<\/b><\/td><\/tr><tr><td><span style=\"font-weight: 400;\">Empresas com 00 at\u00e9 25 empregados\u00a0<\/span><\/td><td><span style=\"font-weight: 400;\">R$ 3.401,98<\/span><\/td><\/tr><tr><td><span style=\"font-weight: 400;\">Empresas com 26 at\u00e9 50 empregados\u00a0<\/span><\/td><td><span style=\"font-weight: 400;\">R$ 5.489,15<\/span><\/td><\/tr><tr><td><span style=\"font-weight: 400;\">Empresas com 51 at\u00e9 100 empregados\u00a0<\/span><\/td><td><span style=\"font-weight: 400;\">R$ 8.231,35<\/span><\/td><\/tr><tr><td><span style=\"font-weight: 400;\">Empresas com 101 at\u00e9 200 empregados\u00a0<\/span><\/td><td><span style=\"font-weight: 400;\">R$ 13.715,71<\/span><\/td><\/tr><tr><td><span style=\"font-weight: 400;\">Empresas com 201 at\u00e9 500 empregados\u00a0<\/span><\/td><td><span style=\"font-weight: 400;\">R$ 21.949,45<\/span><\/td><\/tr><tr><td><span style=\"font-weight: 400;\">Empresas com 501 at\u00e9 1.000 empregados\u00a0<\/span><\/td><td><span style=\"font-weight: 400;\">R$ 32.937,35<\/span><\/td><\/tr><tr><td><span style=\"font-weight: 400;\">Empresas com mais de 1.000 empregados\u00a0<\/span><\/td><td><span style=\"font-weight: 400;\">R$ 43.897,71<\/span><\/td><\/tr><\/tbody><\/table><p><br \/><br \/><span style=\"font-weight: 400;\">Caso sua empresa n\u00e3o esteja adequadamente enquadrada no n\u00famero de empregados acima, ou prefiram\u00a0 receber os boletos e comunica\u00e7\u00f5es futuras por e-mail, favor entrar em contato pelo telefone <\/span><span style=\"font-weight: 400;\">(<\/span><span style=\"font-weight: 400;\">11<\/span><span style=\"font-weight: 400;\">) <\/span><span style=\"font-weight: 400;\">3823- 6118 ou no email <\/span><a href=\"mailto:relacionamento@sinditextilsp.org.br\"><span style=\"font-weight: 400;\">relacionamento@sinditextilsp.org.br<\/span><\/a><span style=\"font-weight: 400;\">.\u00a0<\/span><br \/><br \/><br \/><span style=\"font-weight: 400;\">Contamos com sua valiosa participa\u00e7\u00e3o em prol do fortalecimento do setor t\u00eaxtil de S\u00e3o Paulo e do Brasil. Um forte abra\u00e7o\u00a0 <\/span><br \/><br \/><br \/><img loading=\"lazy\" decoding=\"async\" class=\"alignnone size-full wp-image-4473\" src=\"https:\/\/sinditextilsp.org.br\/home\/wp-content\/uploads\/2023\/12\/ass.png\" alt=\"\" width=\"153\" height=\"131\" \/><br \/><br \/><br \/><b>Julio Scudeler\u00a0<\/b><br \/><br \/><br \/><b>Presidente do\u00a0<\/b><br \/><br \/><br \/><b>Sindit\u00eaxtil-SP<\/b><\/p>\t\t\t\t\t\t<\/div>\r\n\t\t\t\t<\/div>\r\n\t\t\t\t\t<\/div>\r\n\t\t<\/div>\r\n\t\t\t\t\t\t\t<\/div>\r\n\t\t<\/section>\r\n\t\t\t\t\t\t<\/div>\r\n\t\t\t\t\t<\/div>\r\n\t\t","protected":false},"excerpt":{"rendered":"<p>Contribui\u00e7\u00e3o Assistencial S\u00e3o Paulo, 03 dezembro de 2025 Prezado Companheiro Empres\u00e1rio do Setor T\u00eaxtil, Encerramos mais um ciclo de intenso trabalho e importantes conquistas para a ind\u00fastria t\u00eaxtil paulista. O ano de 2025 marca a consolida\u00e7\u00e3o de diversas iniciativas estrat\u00e9gicas que ampliaram a nossa presen\u00e7a institucional, especialmente no campo das rela\u00e7\u00f5es trabalhistas. Reafirmamos nosso papel [&hellip;]<\/p>\n","protected":false},"author":2,"featured_media":0,"parent":0,"menu_order":0,"comment_status":"closed","ping_status":"closed","template":"elementor_theme","meta":{"footnotes":""},"class_list":["post-218","page","type-page","status-publish","hentry"],"yoast_head":"<!-- This site is optimized with the Yoast SEO plugin v22.8 - https:\/\/yoast.com\/wordpress\/plugins\/seo\/ -->\n<title>Contribui\u00e7\u00e3o Assistencial - Sindit\u00eaxtil-SP<\/title>\n<meta name=\"robots\" content=\"index, follow, max-snippet:-1, max-image-preview:large, max-video-preview:-1\" \/>\n<link rel=\"canonical\" href=\"https:\/\/sinditextilsp.org.br\/home\/contribuicao-assistencial\/\" \/>\n<meta property=\"og:locale\" content=\"pt_BR\" \/>\n<meta property=\"og:type\" content=\"article\" \/>\n<meta property=\"og:title\" content=\"Contribui\u00e7\u00e3o Assistencial - Sindit\u00eaxtil-SP\" \/>\n<meta property=\"og:description\" content=\"Contribui\u00e7\u00e3o Assistencial S\u00e3o Paulo, 03 dezembro de 2025 Prezado Companheiro Empres\u00e1rio do Setor T\u00eaxtil, Encerramos mais um ciclo de intenso trabalho e importantes conquistas para a ind\u00fastria t\u00eaxtil paulista. O ano de 2025 marca a consolida\u00e7\u00e3o de diversas iniciativas estrat\u00e9gicas que ampliaram a nossa presen\u00e7a institucional, especialmente no campo das rela\u00e7\u00f5es trabalhistas. Reafirmamos nosso papel [&hellip;]\" \/>\n<meta property=\"og:url\" content=\"https:\/\/sinditextilsp.org.br\/home\/contribuicao-assistencial\/\" \/>\n<meta property=\"og:site_name\" content=\"Sindit\u00eaxtil-SP\" \/>\n<meta property=\"article:publisher\" content=\"https:\/\/www.facebook.com\/sinditextilsp\" \/>\n<meta property=\"article:modified_time\" content=\"2026-01-06T15:22:15+00:00\" \/>\n<meta property=\"og:image\" content=\"https:\/\/sinditextilsp.org.br\/home\/wp-content\/uploads\/2023\/12\/ass.png\" \/>\n<meta name=\"twitter:card\" content=\"summary_large_image\" \/>\n<meta name=\"twitter:site\" content=\"@SinditextilSP\" \/>\n<meta name=\"twitter:label1\" content=\"Est. tempo de leitura\" \/>\n\t<meta name=\"twitter:data1\" content=\"6 minutos\" \/>\n<script type=\"application\/ld+json\" class=\"yoast-schema-graph\">{\"@context\":\"https:\/\/schema.org\",\"@graph\":[{\"@type\":\"WebPage\",\"@id\":\"https:\/\/sinditextilsp.org.br\/home\/contribuicao-assistencial\/\",\"url\":\"https:\/\/sinditextilsp.org.br\/home\/contribuicao-assistencial\/\",\"name\":\"Contribui\u00e7\u00e3o Assistencial - Sindit\u00eaxtil-SP\",\"isPartOf\":{\"@id\":\"https:\/\/sinditextilsp.org.br\/home\/#website\"},\"primaryImageOfPage\":{\"@id\":\"https:\/\/sinditextilsp.org.br\/home\/contribuicao-assistencial\/#primaryimage\"},\"image\":{\"@id\":\"https:\/\/sinditextilsp.org.br\/home\/contribuicao-assistencial\/#primaryimage\"},\"thumbnailUrl\":\"https:\/\/sinditextilsp.org.br\/home\/wp-content\/uploads\/2023\/12\/ass.png\",\"datePublished\":\"2021-07-13T22:30:40+00:00\",\"dateModified\":\"2026-01-06T15:22:15+00:00\",\"breadcrumb\":{\"@id\":\"https:\/\/sinditextilsp.org.br\/home\/contribuicao-assistencial\/#breadcrumb\"},\"inLanguage\":\"pt-BR\",\"potentialAction\":[{\"@type\":\"ReadAction\",\"target\":[\"https:\/\/sinditextilsp.org.br\/home\/contribuicao-assistencial\/\"]}]},{\"@type\":\"ImageObject\",\"inLanguage\":\"pt-BR\",\"@id\":\"https:\/\/sinditextilsp.org.br\/home\/contribuicao-assistencial\/#primaryimage\",\"url\":\"https:\/\/sinditextilsp.org.br\/home\/wp-content\/uploads\/2023\/12\/ass.png\",\"contentUrl\":\"https:\/\/sinditextilsp.org.br\/home\/wp-content\/uploads\/2023\/12\/ass.png\",\"width\":153,\"height\":131},{\"@type\":\"BreadcrumbList\",\"@id\":\"https:\/\/sinditextilsp.org.br\/home\/contribuicao-assistencial\/#breadcrumb\",\"itemListElement\":[{\"@type\":\"ListItem\",\"position\":1,\"name\":\"In\u00edcio\",\"item\":\"https:\/\/sinditextilsp.org.br\/home\/\"},{\"@type\":\"ListItem\",\"position\":2,\"name\":\"Contribui\u00e7\u00e3o Assistencial\"}]},{\"@type\":\"WebSite\",\"@id\":\"https:\/\/sinditextilsp.org.br\/home\/#website\",\"url\":\"https:\/\/sinditextilsp.org.br\/home\/\",\"name\":\"Sindit\u00eaxtil-SP\",\"description\":\"Sindicato T\u00eaxtil de S\u00e3o Paulo\",\"potentialAction\":[{\"@type\":\"SearchAction\",\"target\":{\"@type\":\"EntryPoint\",\"urlTemplate\":\"https:\/\/sinditextilsp.org.br\/home\/?s={search_term_string}\"},\"query-input\":\"required name=search_term_string\"}],\"inLanguage\":\"pt-BR\"}]}<\/script>\n<!-- \/ Yoast SEO plugin. -->","yoast_head_json":{"title":"Contribui\u00e7\u00e3o Assistencial - Sindit\u00eaxtil-SP","robots":{"index":"index","follow":"follow","max-snippet":"max-snippet:-1","max-image-preview":"max-image-preview:large","max-video-preview":"max-video-preview:-1"},"canonical":"https:\/\/sinditextilsp.org.br\/home\/contribuicao-assistencial\/","og_locale":"pt_BR","og_type":"article","og_title":"Contribui\u00e7\u00e3o Assistencial - Sindit\u00eaxtil-SP","og_description":"Contribui\u00e7\u00e3o Assistencial S\u00e3o Paulo, 03 dezembro de 2025 Prezado Companheiro Empres\u00e1rio do Setor T\u00eaxtil, Encerramos mais um ciclo de intenso trabalho e importantes conquistas para a ind\u00fastria t\u00eaxtil paulista. O ano de 2025 marca a consolida\u00e7\u00e3o de diversas iniciativas estrat\u00e9gicas que ampliaram a nossa presen\u00e7a institucional, especialmente no campo das rela\u00e7\u00f5es trabalhistas. Reafirmamos nosso papel [&hellip;]","og_url":"https:\/\/sinditextilsp.org.br\/home\/contribuicao-assistencial\/","og_site_name":"Sindit\u00eaxtil-SP","article_publisher":"https:\/\/www.facebook.com\/sinditextilsp","article_modified_time":"2026-01-06T15:22:15+00:00","og_image":[{"url":"https:\/\/sinditextilsp.org.br\/home\/wp-content\/uploads\/2023\/12\/ass.png"}],"twitter_card":"summary_large_image","twitter_site":"@SinditextilSP","twitter_misc":{"Est. tempo de leitura":"6 minutos"},"schema":{"@context":"https:\/\/schema.org","@graph":[{"@type":"WebPage","@id":"https:\/\/sinditextilsp.org.br\/home\/contribuicao-assistencial\/","url":"https:\/\/sinditextilsp.org.br\/home\/contribuicao-assistencial\/","name":"Contribui\u00e7\u00e3o Assistencial - Sindit\u00eaxtil-SP","isPartOf":{"@id":"https:\/\/sinditextilsp.org.br\/home\/#website"},"primaryImageOfPage":{"@id":"https:\/\/sinditextilsp.org.br\/home\/contribuicao-assistencial\/#primaryimage"},"image":{"@id":"https:\/\/sinditextilsp.org.br\/home\/contribuicao-assistencial\/#primaryimage"},"thumbnailUrl":"https:\/\/sinditextilsp.org.br\/home\/wp-content\/uploads\/2023\/12\/ass.png","datePublished":"2021-07-13T22:30:40+00:00","dateModified":"2026-01-06T15:22:15+00:00","breadcrumb":{"@id":"https:\/\/sinditextilsp.org.br\/home\/contribuicao-assistencial\/#breadcrumb"},"inLanguage":"pt-BR","potentialAction":[{"@type":"ReadAction","target":["https:\/\/sinditextilsp.org.br\/home\/contribuicao-assistencial\/"]}]},{"@type":"ImageObject","inLanguage":"pt-BR","@id":"https:\/\/sinditextilsp.org.br\/home\/contribuicao-assistencial\/#primaryimage","url":"https:\/\/sinditextilsp.org.br\/home\/wp-content\/uploads\/2023\/12\/ass.png","contentUrl":"https:\/\/sinditextilsp.org.br\/home\/wp-content\/uploads\/2023\/12\/ass.png","width":153,"height":131},{"@type":"BreadcrumbList","@id":"https:\/\/sinditextilsp.org.br\/home\/contribuicao-assistencial\/#breadcrumb","itemListElement":[{"@type":"ListItem","position":1,"name":"In\u00edcio","item":"https:\/\/sinditextilsp.org.br\/home\/"},{"@type":"ListItem","position":2,"name":"Contribui\u00e7\u00e3o Assistencial"}]},{"@type":"WebSite","@id":"https:\/\/sinditextilsp.org.br\/home\/#website","url":"https:\/\/sinditextilsp.org.br\/home\/","name":"Sindit\u00eaxtil-SP","description":"Sindicato T\u00eaxtil de S\u00e3o Paulo","potentialAction":[{"@type":"SearchAction","target":{"@type":"EntryPoint","urlTemplate":"https:\/\/sinditextilsp.org.br\/home\/?s={search_term_string}"},"query-input":"required name=search_term_string"}],"inLanguage":"pt-BR"}]}},"_links":{"self":[{"href":"https:\/\/sinditextilsp.org.br\/home\/wp-json\/wp\/v2\/pages\/218","targetHints":{"allow":["GET"]}}],"collection":[{"href":"https:\/\/sinditextilsp.org.br\/home\/wp-json\/wp\/v2\/pages"}],"about":[{"href":"https:\/\/sinditextilsp.org.br\/home\/wp-json\/wp\/v2\/types\/page"}],"author":[{"embeddable":true,"href":"https:\/\/sinditextilsp.org.br\/home\/wp-json\/wp\/v2\/users\/2"}],"replies":[{"embeddable":true,"href":"https:\/\/sinditextilsp.org.br\/home\/wp-json\/wp\/v2\/comments?post=218"}],"version-history":[{"count":43,"href":"https:\/\/sinditextilsp.org.br\/home\/wp-json\/wp\/v2\/pages\/218\/revisions"}],"predecessor-version":[{"id":9631,"href":"https:\/\/sinditextilsp.org.br\/home\/wp-json\/wp\/v2\/pages\/218\/revisions\/9631"}],"wp:attachment":[{"href":"https:\/\/sinditextilsp.org.br\/home\/wp-json\/wp\/v2\/media?parent=218"}],"curies":[{"name":"wp","href":"https:\/\/api.w.org\/{rel}","templated":true}]}}