{"id":233,"date":"2021-07-13T19:46:17","date_gmt":"2021-07-13T22:46:17","guid":{"rendered":"https:\/\/dev.sinditextilsp.org.br\/home\/?page_id=233"},"modified":"2026-03-16T14:47:01","modified_gmt":"2026-03-16T17:47:01","slug":"comercio-exterior","status":"publish","type":"page","link":"https:\/\/sinditextilsp.org.br\/home\/comercio-exterior\/","title":{"rendered":"Com\u00e9rcio Exterior"},"content":{"rendered":"<h2>Com\u00e9rcio Exterior<\/h2>\n<p>A \u00e1rea de Com\u00e9rcio Exterior\u00a0 atua na defesa do setor t\u00eaxtil paulista, monitorando o fluxo de com\u00e9rcio mundial do setor, apontando poss\u00edveis irregularidades para os \u00f3rg\u00e3os governamentais respons\u00e1veis pelas fiscaliza\u00e7\u00f5es das importa\u00e7\u00f5es e exporta\u00e7\u00f5es brasileiras, em coopera\u00e7\u00e3o com o governo federal, al\u00e9m de participar das quest\u00f5es relativas a acordos e negocia\u00e7\u00f5es internacionais no \u00e2mbito do Mercosul, OMC e outros.<\/p>\n<p>O que faz:<br \/>&#8211; Estat\u00edsticas de com\u00e9rcio exterior;<br \/>&#8211; Atendimento \u00e0s empresas associadas;<br \/>&#8211; Acompanhamento de acordos bilaterais e multilaterais;<br \/>&#8211; Acompanhamento e participa\u00e7\u00e3o em negocia\u00e7\u00f5es internacionais;<br \/>&#8211; Monitoramento do com\u00e9rcio bilateral Brasil &#8211; Argentina;<br \/>&#8211; Pleitos de Ex-tarif\u00e1rios;<br \/>&#8211; Defesa Comercial;<br \/>&#8211; Rela\u00e7\u00f5es Governamentais;<\/p>\n<p><strong>S\u00cdNTESE<\/strong><\/p>\n<p><a href=\"https:\/\/sinditextilsp.org.br\/home\/wp-content\/uploads\/2026\/03\/N0_-Resumo-COMEX-BR-202602.pdf\" target=\"_blank\" rel=\"noopener\">Dados de Janeiro a Fevereiro 2026 Brasil<\/a><\/p>\n<p><a href=\"https:\/\/sinditextilsp.org.br\/home\/wp-content\/uploads\/2026\/03\/N0_-Resumo-COMEX-SP-202602.pdf\" target=\"_blank\" rel=\"noopener\">Dados de Janeiro a Fevereiro 2026 S\u00e3o Paulo<\/a><\/p>\n<p><b>Dados Brasil<\/b><\/p>\n<p><a href=\"https:\/\/sinditextilsp.org.br\/home\/wp-content\/uploads\/2026\/03\/N0_-BALANCA-COMERCIAL-202602-1.pdf\" target=\"_blank\" rel=\"noopener\">Balan\u00e7a Comercial &#8211; Janeiro a Fevereiro 2026<\/a><\/p>\n<p><a href=\"https:\/\/sinditextilsp.org.br\/home\/wp-content\/uploads\/2026\/03\/N0_EXP-BR-PAIS-202602-YTD.pdf\" target=\"_blank\" rel=\"noopener\">Exporta\u00e7\u00f5es Brasileiras de T\u00eaxteis e Confeccionados por Pa\u00eds &#8211; Janeiro a Fevereiro 2026<\/a><\/p>\n<p><a href=\"https:\/\/sinditextilsp.org.br\/home\/wp-content\/uploads\/2026\/03\/N0_EXP-BR-PORTO-202602-YTD.pdf\" target=\"_blank\" rel=\"noopener\">Exporta\u00e7\u00f5es Brasileiras de T\u00eaxteis e Confeccionados por Porto &#8211; Janeiro a Fevereiro 2026<\/a><\/p>\n<p><a href=\"https:\/\/sinditextilsp.org.br\/home\/wp-content\/uploads\/2026\/03\/N0_EXP-BR-UF-202602-YTD.pdf\" target=\"_blank\" rel=\"noopener\">Exporta\u00e7\u00f5es Brasileiras de T\u00eaxteis e Confeccionados por Estado &#8211; Janeiro a Fevereiro 2026<\/a><\/p>\n<p><a href=\"https:\/\/sinditextilsp.org.br\/home\/wp-content\/uploads\/2026\/03\/N0_EXP-BR-SEG-202602-YTD.pdf\" target=\"_blank\" rel=\"noopener\">Exporta\u00e7\u00f5es Brasileiras de T\u00eaxteis e Confeccionados por Segmento &#8211; Janeiro a Fevereiro 2026<\/a><\/p>\n<p><a href=\"https:\/\/sinditextilsp.org.br\/home\/wp-content\/uploads\/2026\/03\/N0_IMP-BR-PAIS-202602-YTD.pdf\" target=\"_blank\" rel=\"noopener\">Importa\u00e7\u00f5es Brasileiras de T\u00eaxteis e Confeccionados por Pa\u00eds &#8211; Janeiro a Fevereiro 2026<\/a><\/p>\n<p><a href=\"https:\/\/sinditextilsp.org.br\/home\/wp-content\/uploads\/2026\/03\/N0_IMP-BR-PORTO-202602-YTD.pdf\" target=\"_blank\" rel=\"noopener\">Importa\u00e7\u00f5es Brasileiras de T\u00eaxteis e Confeccionados por Porto &#8211; Janeiro a Fevereiro 2026<\/a><\/p>\n<p><a href=\"https:\/\/sinditextilsp.org.br\/home\/wp-content\/uploads\/2026\/03\/N0_IMP-BR-UF-202602-YTD.pdf\" target=\"_blank\" rel=\"noopener\">Importa\u00e7\u00f5es Brasileiras de T\u00eaxteis e Confeccionados por Estado &#8211; Janeiro a Fevereiro 2026<\/a><\/p>\n<p><a href=\"https:\/\/sinditextilsp.org.br\/home\/wp-content\/uploads\/2026\/03\/N0_IMP-BR-SEG-202602-YTD.pdf\" target=\"_blank\" rel=\"noopener\">Importa\u00e7\u00f5es Brasileiras de T\u00eaxteis e Confeccionados por Segmento &#8211; Janeiro a Fevereiro 2026<\/a><\/p>\n<p><a href=\"https:\/\/sinditextilsp.org.br\/home\/wp-content\/uploads\/2026\/03\/N0_-IMP-BR-MAQUINAS-202602.pdf\" target=\"_blank\" rel=\"noopener\">Importa\u00e7\u00f5es Brasileiras de M\u00e1quinas e Equipamentos T\u00eaxteis e de Confec\u00e7\u00e3o &#8211; Janeiro a Fevereiro 2026<\/a><\/p>\n<p><b>Dados S\u00e3o Paulo<\/b><\/p>\n<p><a href=\"https:\/\/sinditextilsp.org.br\/home\/wp-content\/uploads\/2026\/03\/N0_-BALANCA-COMERCIAL-202602.pdf\" target=\"_blank\" rel=\"noopener\">Balan\u00e7a Comercial &#8211; Janeiro a Fevereiro 2026<\/a><\/p>\n<p><a href=\"https:\/\/sinditextilsp.org.br\/home\/wp-content\/uploads\/2026\/03\/N0_EXP-SP-PAIS-202602-YTD.pdf\" target=\"_blank\" rel=\"noopener\">Exporta\u00e7\u00f5es SP de T\u00eaxteis e Confeccionados por Pa\u00eds &#8211; Janeiro a Fevereiro 2026<\/a><\/p>\n<p><a href=\"https:\/\/sinditextilsp.org.br\/home\/wp-content\/uploads\/2026\/03\/N0_EXP-SP-PORTO-202602-YTD.pdf\" target=\"_blank\" rel=\"noopener\">Exporta\u00e7\u00f5es SP de T\u00eaxteis e Confeccionados por Porto &#8211; Janeiro a Fevereiro 2026<\/a><\/p>\n<p><a href=\"https:\/\/sinditextilsp.org.br\/home\/wp-content\/uploads\/2026\/03\/N0_EXP-SP-POR-MUNICIPIOS-202602-YTD.pdf\" target=\"_blank\" rel=\"noopener\">Exporta\u00e7\u00f5es SP de T\u00eaxteis e Confeccionados por Munic\u00edpio &#8211; Janeiro a Fevereiro 2026<\/a><\/p>\n<p><a href=\"https:\/\/sinditextilsp.org.br\/home\/wp-content\/uploads\/2026\/03\/N0_EXP-SP-SEG-202602-YTD.pdf\" target=\"_blank\" rel=\"noopener\">Exporta\u00e7\u00f5es SP de T\u00eaxteis e Confeccionados por Segmento &#8211; Janeiro a Fevereiro 2026<\/a><\/p>\n<p><a href=\"https:\/\/sinditextilsp.org.br\/home\/wp-content\/uploads\/2026\/03\/N0_IMP-SP-PAIS-202602-YTD.pdf\" target=\"_blank\" rel=\"noopener\">Importa\u00e7\u00f5es SP de T\u00eaxteis e Confeccionados por Pa\u00eds &#8211; Janeiro a Fevereiro 2026<\/a><\/p>\n<p><a href=\"https:\/\/sinditextilsp.org.br\/home\/wp-content\/uploads\/2026\/03\/N0_IMP-SP-PORTO-202602-YTD.pdf\" target=\"_blank\" rel=\"noopener\">Importa\u00e7\u00f5es SP de T\u00eaxteis e Confeccionados por Porto &#8211; Janeiro a Fevereiro 2026<\/a><\/p>\n<p><a href=\"https:\/\/sinditextilsp.org.br\/home\/wp-content\/uploads\/2026\/03\/N0_-IMP-SP-MUNICIPIOS-202602-YTD.pdf\" target=\"_blank\" rel=\"noopener\">Importa\u00e7\u00f5es SP de T\u00eaxteis e Confeccionados por Munic\u00edpio &#8211; Janeiro a Fevereiro 2026<\/a><\/p>\n<p><a href=\"https:\/\/sinditextilsp.org.br\/home\/wp-content\/uploads\/2026\/03\/N0_IMP-SP-SEG-202602-YTD.pdf\" target=\"_blank\" rel=\"noopener\">Importa\u00e7\u00f5es SP de T\u00eaxteis e Confeccionados por Segmento &#8211; Janeiro a Fevereiro 2026<\/a><\/p>\n<p><a href=\"https:\/\/sinditextilsp.org.br\/home\/wp-content\/uploads\/2026\/03\/N0_-IMP-SP-MAQUINAS-202502.pdf\" target=\"_blank\" rel=\"noopener\">Importa\u00e7\u00f5es SP de M\u00e1quinas e Equipamentos T\u00eaxteis e de Confec\u00e7\u00e3o &#8211; Janeiro a Fevereiro 2026<\/a><\/p>\n\n\n<p><\/p>\n","protected":false},"excerpt":{"rendered":"<p>Com\u00e9rcio Exterior A \u00e1rea de Com\u00e9rcio Exterior\u00a0 atua na defesa do setor t\u00eaxtil paulista, monitorando o fluxo de com\u00e9rcio mundial do setor, apontando poss\u00edveis irregularidades para os \u00f3rg\u00e3os governamentais respons\u00e1veis pelas fiscaliza\u00e7\u00f5es das importa\u00e7\u00f5es e exporta\u00e7\u00f5es brasileiras, em coopera\u00e7\u00e3o com o governo federal, al\u00e9m de participar das quest\u00f5es relativas a acordos e negocia\u00e7\u00f5es internacionais no [&hellip;]<\/p>\n","protected":false},"author":2,"featured_media":0,"parent":0,"menu_order":0,"comment_status":"closed","ping_status":"closed","template":"elementor_theme","meta":{"footnotes":""},"class_list":["post-233","page","type-page","status-publish","hentry"],"yoast_head":"<!-- This site is optimized with the Yoast SEO plugin v22.8 - https:\/\/yoast.com\/wordpress\/plugins\/seo\/ -->\n<title>Com\u00e9rcio Exterior - Sindit\u00eaxtil-SP<\/title>\n<meta name=\"robots\" content=\"index, follow, max-snippet:-1, max-image-preview:large, max-video-preview:-1\" \/>\n<link rel=\"canonical\" href=\"https:\/\/sinditextilsp.org.br\/home\/comercio-exterior\/\" \/>\n<meta property=\"og:locale\" content=\"pt_BR\" \/>\n<meta property=\"og:type\" content=\"article\" \/>\n<meta property=\"og:title\" content=\"Com\u00e9rcio Exterior - Sindit\u00eaxtil-SP\" \/>\n<meta property=\"og:description\" content=\"Com\u00e9rcio Exterior A \u00e1rea de Com\u00e9rcio Exterior\u00a0 atua na defesa do setor t\u00eaxtil paulista, monitorando o fluxo de com\u00e9rcio mundial do setor, apontando poss\u00edveis irregularidades para os \u00f3rg\u00e3os governamentais respons\u00e1veis pelas fiscaliza\u00e7\u00f5es das importa\u00e7\u00f5es e exporta\u00e7\u00f5es brasileiras, em coopera\u00e7\u00e3o com o governo federal, al\u00e9m de participar das quest\u00f5es relativas a acordos e negocia\u00e7\u00f5es internacionais no [&hellip;]\" \/>\n<meta property=\"og:url\" content=\"https:\/\/sinditextilsp.org.br\/home\/comercio-exterior\/\" \/>\n<meta property=\"og:site_name\" content=\"Sindit\u00eaxtil-SP\" \/>\n<meta property=\"article:publisher\" content=\"https:\/\/www.facebook.com\/sinditextilsp\" \/>\n<meta property=\"article:modified_time\" content=\"2026-03-16T17:47:01+00:00\" \/>\n<meta name=\"twitter:card\" content=\"summary_large_image\" \/>\n<meta name=\"twitter:site\" content=\"@SinditextilSP\" \/>\n<meta name=\"twitter:label1\" content=\"Est. tempo de leitura\" \/>\n\t<meta name=\"twitter:data1\" content=\"2 minutos\" \/>\n<script type=\"application\/ld+json\" class=\"yoast-schema-graph\">{\"@context\":\"https:\/\/schema.org\",\"@graph\":[{\"@type\":\"WebPage\",\"@id\":\"https:\/\/sinditextilsp.org.br\/home\/comercio-exterior\/\",\"url\":\"https:\/\/sinditextilsp.org.br\/home\/comercio-exterior\/\",\"name\":\"Com\u00e9rcio Exterior - Sindit\u00eaxtil-SP\",\"isPartOf\":{\"@id\":\"https:\/\/sinditextilsp.org.br\/home\/#website\"},\"datePublished\":\"2021-07-13T22:46:17+00:00\",\"dateModified\":\"2026-03-16T17:47:01+00:00\",\"breadcrumb\":{\"@id\":\"https:\/\/sinditextilsp.org.br\/home\/comercio-exterior\/#breadcrumb\"},\"inLanguage\":\"pt-BR\",\"potentialAction\":[{\"@type\":\"ReadAction\",\"target\":[\"https:\/\/sinditextilsp.org.br\/home\/comercio-exterior\/\"]}]},{\"@type\":\"BreadcrumbList\",\"@id\":\"https:\/\/sinditextilsp.org.br\/home\/comercio-exterior\/#breadcrumb\",\"itemListElement\":[{\"@type\":\"ListItem\",\"position\":1,\"name\":\"In\u00edcio\",\"item\":\"https:\/\/sinditextilsp.org.br\/home\/\"},{\"@type\":\"ListItem\",\"position\":2,\"name\":\"Com\u00e9rcio Exterior\"}]},{\"@type\":\"WebSite\",\"@id\":\"https:\/\/sinditextilsp.org.br\/home\/#website\",\"url\":\"https:\/\/sinditextilsp.org.br\/home\/\",\"name\":\"Sindit\u00eaxtil-SP\",\"description\":\"Sindicato T\u00eaxtil de S\u00e3o Paulo\",\"potentialAction\":[{\"@type\":\"SearchAction\",\"target\":{\"@type\":\"EntryPoint\",\"urlTemplate\":\"https:\/\/sinditextilsp.org.br\/home\/?s={search_term_string}\"},\"query-input\":\"required name=search_term_string\"}],\"inLanguage\":\"pt-BR\"}]}<\/script>\n<!-- \/ Yoast SEO plugin. -->","yoast_head_json":{"title":"Com\u00e9rcio Exterior - Sindit\u00eaxtil-SP","robots":{"index":"index","follow":"follow","max-snippet":"max-snippet:-1","max-image-preview":"max-image-preview:large","max-video-preview":"max-video-preview:-1"},"canonical":"https:\/\/sinditextilsp.org.br\/home\/comercio-exterior\/","og_locale":"pt_BR","og_type":"article","og_title":"Com\u00e9rcio Exterior - Sindit\u00eaxtil-SP","og_description":"Com\u00e9rcio Exterior A \u00e1rea de Com\u00e9rcio Exterior\u00a0 atua na defesa do setor t\u00eaxtil paulista, monitorando o fluxo de com\u00e9rcio mundial do setor, apontando poss\u00edveis irregularidades para os \u00f3rg\u00e3os governamentais respons\u00e1veis pelas fiscaliza\u00e7\u00f5es das importa\u00e7\u00f5es e exporta\u00e7\u00f5es brasileiras, em coopera\u00e7\u00e3o com o governo federal, al\u00e9m de participar das quest\u00f5es relativas a acordos e negocia\u00e7\u00f5es internacionais no [&hellip;]","og_url":"https:\/\/sinditextilsp.org.br\/home\/comercio-exterior\/","og_site_name":"Sindit\u00eaxtil-SP","article_publisher":"https:\/\/www.facebook.com\/sinditextilsp","article_modified_time":"2026-03-16T17:47:01+00:00","twitter_card":"summary_large_image","twitter_site":"@SinditextilSP","twitter_misc":{"Est. tempo de leitura":"2 minutos"},"schema":{"@context":"https:\/\/schema.org","@graph":[{"@type":"WebPage","@id":"https:\/\/sinditextilsp.org.br\/home\/comercio-exterior\/","url":"https:\/\/sinditextilsp.org.br\/home\/comercio-exterior\/","name":"Com\u00e9rcio Exterior - Sindit\u00eaxtil-SP","isPartOf":{"@id":"https:\/\/sinditextilsp.org.br\/home\/#website"},"datePublished":"2021-07-13T22:46:17+00:00","dateModified":"2026-03-16T17:47:01+00:00","breadcrumb":{"@id":"https:\/\/sinditextilsp.org.br\/home\/comercio-exterior\/#breadcrumb"},"inLanguage":"pt-BR","potentialAction":[{"@type":"ReadAction","target":["https:\/\/sinditextilsp.org.br\/home\/comercio-exterior\/"]}]},{"@type":"BreadcrumbList","@id":"https:\/\/sinditextilsp.org.br\/home\/comercio-exterior\/#breadcrumb","itemListElement":[{"@type":"ListItem","position":1,"name":"In\u00edcio","item":"https:\/\/sinditextilsp.org.br\/home\/"},{"@type":"ListItem","position":2,"name":"Com\u00e9rcio Exterior"}]},{"@type":"WebSite","@id":"https:\/\/sinditextilsp.org.br\/home\/#website","url":"https:\/\/sinditextilsp.org.br\/home\/","name":"Sindit\u00eaxtil-SP","description":"Sindicato T\u00eaxtil de S\u00e3o Paulo","potentialAction":[{"@type":"SearchAction","target":{"@type":"EntryPoint","urlTemplate":"https:\/\/sinditextilsp.org.br\/home\/?s={search_term_string}"},"query-input":"required name=search_term_string"}],"inLanguage":"pt-BR"}]}},"_links":{"self":[{"href":"https:\/\/sinditextilsp.org.br\/home\/wp-json\/wp\/v2\/pages\/233","targetHints":{"allow":["GET"]}}],"collection":[{"href":"https:\/\/sinditextilsp.org.br\/home\/wp-json\/wp\/v2\/pages"}],"about":[{"href":"https:\/\/sinditextilsp.org.br\/home\/wp-json\/wp\/v2\/types\/page"}],"author":[{"embeddable":true,"href":"https:\/\/sinditextilsp.org.br\/home\/wp-json\/wp\/v2\/users\/2"}],"replies":[{"embeddable":true,"href":"https:\/\/sinditextilsp.org.br\/home\/wp-json\/wp\/v2\/comments?post=233"}],"version-history":[{"count":141,"href":"https:\/\/sinditextilsp.org.br\/home\/wp-json\/wp\/v2\/pages\/233\/revisions"}],"predecessor-version":[{"id":10194,"href":"https:\/\/sinditextilsp.org.br\/home\/wp-json\/wp\/v2\/pages\/233\/revisions\/10194"}],"wp:attachment":[{"href":"https:\/\/sinditextilsp.org.br\/home\/wp-json\/wp\/v2\/media?parent=233"}],"curies":[{"name":"wp","href":"https:\/\/api.w.org\/{rel}","templated":true}]}}