{"id":244,"date":"2021-07-13T19:50:54","date_gmt":"2021-07-13T22:50:54","guid":{"rendered":"https:\/\/dev.sinditextilsp.org.br\/home\/?page_id=244"},"modified":"2024-11-28T13:11:58","modified_gmt":"2024-11-28T16:11:58","slug":"elabore-estatisticas","status":"publish","type":"page","link":"https:\/\/sinditextilsp.org.br\/home\/elabore-estatisticas\/","title":{"rendered":"Elabore Estat\u00edsticas"},"content":{"rendered":"\t\t<div data-elementor-type=\"wp-page\" data-elementor-id=\"244\" class=\"elementor elementor-244\" data-elementor-settings=\"[]\">\r\n\t\t\t\t\t\t\t<div class=\"elementor-section-wrap\">\r\n\t\t\t\t\t\t\t<section class=\"elementor-section elementor-top-section elementor-element elementor-element-6460adf elementor-section-boxed elementor-section-height-default elementor-section-height-default\" data-id=\"6460adf\" data-element_type=\"section\">\r\n\t\t\t\t\t\t<div class=\"elementor-container elementor-column-gap-default\">\r\n\t\t\t\t\t<div class=\"elementor-column elementor-col-100 elementor-top-column elementor-element elementor-element-26dc457\" data-id=\"26dc457\" data-element_type=\"column\">\r\n\t\t\t<div class=\"elementor-widget-wrap elementor-element-populated\">\r\n\t\t\t\t\t\t\t\t<div class=\"elementor-element elementor-element-c607962 elementor-widget elementor-widget-heading\" data-id=\"c607962\" data-element_type=\"widget\" data-widget_type=\"heading.default\">\r\n\t\t\t\t<div class=\"elementor-widget-container\">\r\n\t\t\t<h2 class=\"elementor-heading-title elementor-size-default\">Elabore Estat\u00edsticas<\/h2>\t\t<\/div>\r\n\t\t\t\t<\/div>\r\n\t\t\t\t\t<\/div>\r\n\t\t<\/div>\r\n\t\t\t\t\t\t\t<\/div>\r\n\t\t<\/section>\r\n\t\t\t\t<section class=\"elementor-section elementor-top-section elementor-element elementor-element-0b980d5 elementor-section-boxed elementor-section-height-default elementor-section-height-default\" data-id=\"0b980d5\" data-element_type=\"section\">\r\n\t\t\t\t\t\t<div class=\"elementor-container elementor-column-gap-default\">\r\n\t\t\t\t\t<div class=\"elementor-column elementor-col-100 elementor-top-column elementor-element elementor-element-2031609\" data-id=\"2031609\" data-element_type=\"column\">\r\n\t\t\t<div class=\"elementor-widget-wrap elementor-element-populated\">\r\n\t\t\t\t\t\t\t\t<div class=\"elementor-element elementor-element-5ce10a5 elementor-widget elementor-widget-text-editor\" data-id=\"5ce10a5\" data-element_type=\"widget\" data-widget_type=\"text-editor.default\">\r\n\t\t\t\t<div class=\"elementor-widget-container\">\r\n\t\t\t\t\t\t\t\t<p><strong>Sistema\u00a0Comex Stat<\/strong><\/p><p>O\u00a0<a href=\"http:\/\/comexstat.mdic.gov.br\/pt\/home\" target=\"_blank\" rel=\"noopener\">Sistema Comex Stat<\/a> \u00e9 uma base de dados do governo brasileiro, que disponibiliza informa\u00e7\u00f5es sobre o com\u00e9rcio do Brasil com os demais pa\u00edses do mundo.<\/p><p><a href=\"http:\/\/comexstat.mdic.gov.br\/pt\/tutorial\" target=\"_blank\" rel=\"noopener\">Clique aqui<\/a>\u00a0para aprender passo-a-passo como acessar este sistema gratuito.\u00a0\u00a0<\/p><p><strong>USITC<\/strong><\/p><p>O\u00a0<a href=\"http:\/\/www.usitc.gov\/\">USITC<\/a>\u00a0(United States International Trade Commission) \u00e9 uma base de dados do governo norte-americano, que disponibiliza informa\u00e7\u00f5es sobre o com\u00e9rcio exterior dos Estados Unidos com os demais pa\u00edses do mundo.<\/p><p><a href=\"http:\/\/www.abit.org.br\/links\/tutorial_usitc.pdf\" target=\"_blank\" rel=\"noopener\">Clique aqui\u00a0<\/a>para aprender passo-a-passo como acessar este sistema gratuito.<\/p><p><strong>EUROSTAT<\/strong><\/p><p>O\u00a0<a href=\"http:\/\/fd.comext.eurostat.cec.eu.int\/xtweb\/\">EUROSTAT<\/a>\u00a0\u00e9 uma base de dados da Uni\u00e3o Europ\u00e9ia, que disponibiliza informa\u00e7\u00f5es sobre\u00a0seu com\u00e9rcio exterior.<\/p><p><a href=\"http:\/\/www.abit.org.br\/site\/publicacoes\/arquivos_pdf\/Microsoft%20Word%20-%20Eurostat%20guia.pdf\">Clique aqui\u00a0<\/a>para aprender passo-a-passo como acessar este sistema gratuito.<\/p>\t\t\t\t\t\t<\/div>\r\n\t\t\t\t<\/div>\r\n\t\t\t\t\t<\/div>\r\n\t\t<\/div>\r\n\t\t\t\t\t\t\t<\/div>\r\n\t\t<\/section>\r\n\t\t\t\t\t\t<\/div>\r\n\t\t\t\t\t<\/div>\r\n\t\t","protected":false},"excerpt":{"rendered":"<p>Elabore Estat\u00edsticas Sistema\u00a0Comex Stat O\u00a0Sistema Comex Stat \u00e9 uma base de dados do governo brasileiro, que disponibiliza informa\u00e7\u00f5es sobre o com\u00e9rcio do Brasil com os demais pa\u00edses do mundo. Clique aqui\u00a0para aprender passo-a-passo como acessar este sistema gratuito.\u00a0\u00a0 USITC O\u00a0USITC\u00a0(United States International Trade Commission) \u00e9 uma base de dados do governo norte-americano, que disponibiliza informa\u00e7\u00f5es [&hellip;]<\/p>\n","protected":false},"author":2,"featured_media":0,"parent":0,"menu_order":0,"comment_status":"closed","ping_status":"closed","template":"elementor_theme","meta":{"footnotes":""},"class_list":["post-244","page","type-page","status-publish","hentry"],"yoast_head":"<!-- This site is optimized with the Yoast SEO plugin v22.8 - https:\/\/yoast.com\/wordpress\/plugins\/seo\/ -->\n<title>Elabore Estat\u00edsticas - Sindit\u00eaxtil-SP<\/title>\n<meta name=\"robots\" content=\"index, follow, max-snippet:-1, max-image-preview:large, max-video-preview:-1\" \/>\n<link rel=\"canonical\" href=\"https:\/\/sinditextilsp.org.br\/home\/elabore-estatisticas\/\" \/>\n<meta property=\"og:locale\" content=\"pt_BR\" \/>\n<meta property=\"og:type\" content=\"article\" \/>\n<meta property=\"og:title\" content=\"Elabore Estat\u00edsticas - Sindit\u00eaxtil-SP\" \/>\n<meta property=\"og:description\" content=\"Elabore Estat\u00edsticas Sistema\u00a0Comex Stat O\u00a0Sistema Comex Stat \u00e9 uma base de dados do governo brasileiro, que disponibiliza informa\u00e7\u00f5es sobre o com\u00e9rcio do Brasil com os demais pa\u00edses do mundo. Clique aqui\u00a0para aprender passo-a-passo como acessar este sistema gratuito.\u00a0\u00a0 USITC O\u00a0USITC\u00a0(United States International Trade Commission) \u00e9 uma base de dados do governo norte-americano, que disponibiliza informa\u00e7\u00f5es [&hellip;]\" \/>\n<meta property=\"og:url\" content=\"https:\/\/sinditextilsp.org.br\/home\/elabore-estatisticas\/\" \/>\n<meta property=\"og:site_name\" content=\"Sindit\u00eaxtil-SP\" \/>\n<meta property=\"article:publisher\" content=\"https:\/\/www.facebook.com\/sinditextilsp\" \/>\n<meta property=\"article:modified_time\" content=\"2024-11-28T16:11:58+00:00\" \/>\n<meta name=\"twitter:card\" content=\"summary_large_image\" \/>\n<meta name=\"twitter:site\" content=\"@SinditextilSP\" \/>\n<meta name=\"twitter:label1\" content=\"Est. tempo de leitura\" \/>\n\t<meta name=\"twitter:data1\" content=\"1 minuto\" \/>\n<script type=\"application\/ld+json\" class=\"yoast-schema-graph\">{\"@context\":\"https:\/\/schema.org\",\"@graph\":[{\"@type\":\"WebPage\",\"@id\":\"https:\/\/sinditextilsp.org.br\/home\/elabore-estatisticas\/\",\"url\":\"https:\/\/sinditextilsp.org.br\/home\/elabore-estatisticas\/\",\"name\":\"Elabore Estat\u00edsticas - Sindit\u00eaxtil-SP\",\"isPartOf\":{\"@id\":\"https:\/\/sinditextilsp.org.br\/home\/#website\"},\"datePublished\":\"2021-07-13T22:50:54+00:00\",\"dateModified\":\"2024-11-28T16:11:58+00:00\",\"breadcrumb\":{\"@id\":\"https:\/\/sinditextilsp.org.br\/home\/elabore-estatisticas\/#breadcrumb\"},\"inLanguage\":\"pt-BR\",\"potentialAction\":[{\"@type\":\"ReadAction\",\"target\":[\"https:\/\/sinditextilsp.org.br\/home\/elabore-estatisticas\/\"]}]},{\"@type\":\"BreadcrumbList\",\"@id\":\"https:\/\/sinditextilsp.org.br\/home\/elabore-estatisticas\/#breadcrumb\",\"itemListElement\":[{\"@type\":\"ListItem\",\"position\":1,\"name\":\"In\u00edcio\",\"item\":\"https:\/\/sinditextilsp.org.br\/home\/\"},{\"@type\":\"ListItem\",\"position\":2,\"name\":\"Elabore Estat\u00edsticas\"}]},{\"@type\":\"WebSite\",\"@id\":\"https:\/\/sinditextilsp.org.br\/home\/#website\",\"url\":\"https:\/\/sinditextilsp.org.br\/home\/\",\"name\":\"Sindit\u00eaxtil-SP\",\"description\":\"Sindicato T\u00eaxtil de S\u00e3o Paulo\",\"potentialAction\":[{\"@type\":\"SearchAction\",\"target\":{\"@type\":\"EntryPoint\",\"urlTemplate\":\"https:\/\/sinditextilsp.org.br\/home\/?s={search_term_string}\"},\"query-input\":\"required name=search_term_string\"}],\"inLanguage\":\"pt-BR\"}]}<\/script>\n<!-- \/ Yoast SEO plugin. -->","yoast_head_json":{"title":"Elabore Estat\u00edsticas - Sindit\u00eaxtil-SP","robots":{"index":"index","follow":"follow","max-snippet":"max-snippet:-1","max-image-preview":"max-image-preview:large","max-video-preview":"max-video-preview:-1"},"canonical":"https:\/\/sinditextilsp.org.br\/home\/elabore-estatisticas\/","og_locale":"pt_BR","og_type":"article","og_title":"Elabore Estat\u00edsticas - Sindit\u00eaxtil-SP","og_description":"Elabore Estat\u00edsticas Sistema\u00a0Comex Stat O\u00a0Sistema Comex Stat \u00e9 uma base de dados do governo brasileiro, que disponibiliza informa\u00e7\u00f5es sobre o com\u00e9rcio do Brasil com os demais pa\u00edses do mundo. Clique aqui\u00a0para aprender passo-a-passo como acessar este sistema gratuito.\u00a0\u00a0 USITC O\u00a0USITC\u00a0(United States International Trade Commission) \u00e9 uma base de dados do governo norte-americano, que disponibiliza informa\u00e7\u00f5es [&hellip;]","og_url":"https:\/\/sinditextilsp.org.br\/home\/elabore-estatisticas\/","og_site_name":"Sindit\u00eaxtil-SP","article_publisher":"https:\/\/www.facebook.com\/sinditextilsp","article_modified_time":"2024-11-28T16:11:58+00:00","twitter_card":"summary_large_image","twitter_site":"@SinditextilSP","twitter_misc":{"Est. tempo de leitura":"1 minuto"},"schema":{"@context":"https:\/\/schema.org","@graph":[{"@type":"WebPage","@id":"https:\/\/sinditextilsp.org.br\/home\/elabore-estatisticas\/","url":"https:\/\/sinditextilsp.org.br\/home\/elabore-estatisticas\/","name":"Elabore Estat\u00edsticas - Sindit\u00eaxtil-SP","isPartOf":{"@id":"https:\/\/sinditextilsp.org.br\/home\/#website"},"datePublished":"2021-07-13T22:50:54+00:00","dateModified":"2024-11-28T16:11:58+00:00","breadcrumb":{"@id":"https:\/\/sinditextilsp.org.br\/home\/elabore-estatisticas\/#breadcrumb"},"inLanguage":"pt-BR","potentialAction":[{"@type":"ReadAction","target":["https:\/\/sinditextilsp.org.br\/home\/elabore-estatisticas\/"]}]},{"@type":"BreadcrumbList","@id":"https:\/\/sinditextilsp.org.br\/home\/elabore-estatisticas\/#breadcrumb","itemListElement":[{"@type":"ListItem","position":1,"name":"In\u00edcio","item":"https:\/\/sinditextilsp.org.br\/home\/"},{"@type":"ListItem","position":2,"name":"Elabore Estat\u00edsticas"}]},{"@type":"WebSite","@id":"https:\/\/sinditextilsp.org.br\/home\/#website","url":"https:\/\/sinditextilsp.org.br\/home\/","name":"Sindit\u00eaxtil-SP","description":"Sindicato T\u00eaxtil de S\u00e3o Paulo","potentialAction":[{"@type":"SearchAction","target":{"@type":"EntryPoint","urlTemplate":"https:\/\/sinditextilsp.org.br\/home\/?s={search_term_string}"},"query-input":"required name=search_term_string"}],"inLanguage":"pt-BR"}]}},"_links":{"self":[{"href":"https:\/\/sinditextilsp.org.br\/home\/wp-json\/wp\/v2\/pages\/244","targetHints":{"allow":["GET"]}}],"collection":[{"href":"https:\/\/sinditextilsp.org.br\/home\/wp-json\/wp\/v2\/pages"}],"about":[{"href":"https:\/\/sinditextilsp.org.br\/home\/wp-json\/wp\/v2\/types\/page"}],"author":[{"embeddable":true,"href":"https:\/\/sinditextilsp.org.br\/home\/wp-json\/wp\/v2\/users\/2"}],"replies":[{"embeddable":true,"href":"https:\/\/sinditextilsp.org.br\/home\/wp-json\/wp\/v2\/comments?post=244"}],"version-history":[{"count":7,"href":"https:\/\/sinditextilsp.org.br\/home\/wp-json\/wp\/v2\/pages\/244\/revisions"}],"predecessor-version":[{"id":6935,"href":"https:\/\/sinditextilsp.org.br\/home\/wp-json\/wp\/v2\/pages\/244\/revisions\/6935"}],"wp:attachment":[{"href":"https:\/\/sinditextilsp.org.br\/home\/wp-json\/wp\/v2\/media?parent=244"}],"curies":[{"name":"wp","href":"https:\/\/api.w.org\/{rel}","templated":true}]}}