{"id":279,"date":"2021-07-13T20:55:40","date_gmt":"2021-07-13T23:55:40","guid":{"rendered":"https:\/\/dev.sinditextilsp.org.br\/home\/?page_id=279"},"modified":"2025-05-29T08:41:25","modified_gmt":"2025-05-29T11:41:25","slug":"imprensa","status":"publish","type":"page","link":"https:\/\/sinditextilsp.org.br\/home\/imprensa\/","title":{"rendered":"Imprensa"},"content":{"rendered":"\t\t<div data-elementor-type=\"wp-page\" data-elementor-id=\"279\" class=\"elementor elementor-279\" data-elementor-settings=\"[]\">\r\n\t\t\t\t\t\t\t<div class=\"elementor-section-wrap\">\r\n\t\t\t\t\t\t\t<section class=\"elementor-section elementor-top-section elementor-element elementor-element-6460adf elementor-section-boxed elementor-section-height-default elementor-section-height-default\" data-id=\"6460adf\" data-element_type=\"section\">\r\n\t\t\t\t\t\t<div class=\"elementor-container elementor-column-gap-default\">\r\n\t\t\t\t\t<div class=\"elementor-column elementor-col-100 elementor-top-column elementor-element elementor-element-26dc457\" data-id=\"26dc457\" data-element_type=\"column\">\r\n\t\t\t<div class=\"elementor-widget-wrap elementor-element-populated\">\r\n\t\t\t\t\t\t\t\t<div class=\"elementor-element elementor-element-c607962 elementor-widget elementor-widget-heading\" data-id=\"c607962\" data-element_type=\"widget\" data-widget_type=\"heading.default\">\r\n\t\t\t\t<div class=\"elementor-widget-container\">\r\n\t\t\t<h2 class=\"elementor-heading-title elementor-size-default\">Imprensa<\/h2>\t\t<\/div>\r\n\t\t\t\t<\/div>\r\n\t\t\t\t\t<\/div>\r\n\t\t<\/div>\r\n\t\t\t\t\t\t\t<\/div>\r\n\t\t<\/section>\r\n\t\t\t\t<section class=\"elementor-section elementor-top-section elementor-element elementor-element-2f367d6 elementor-section-boxed elementor-section-height-default elementor-section-height-default\" data-id=\"2f367d6\" data-element_type=\"section\">\r\n\t\t\t\t\t\t<div class=\"elementor-container elementor-column-gap-default\">\r\n\t\t\t\t\t<div class=\"elementor-column elementor-col-50 elementor-top-column elementor-element elementor-element-7d355ad\" data-id=\"7d355ad\" data-element_type=\"column\">\r\n\t\t\t<div class=\"elementor-widget-wrap elementor-element-populated\">\r\n\t\t\t\t\t\t\t\t<div class=\"elementor-element elementor-element-81c5099 elementor-widget elementor-widget-text-editor\" data-id=\"81c5099\" data-element_type=\"widget\" data-widget_type=\"text-editor.default\">\r\n\t\t\t\t<div class=\"elementor-widget-container\">\r\n\t\t\t\t\t\t\t\t<p>A\u00a0Assessoria de Imprensa do Sindit\u00eaxtil-SP\u00a0\u00e9 o canal direto para jornalistas que buscam informa\u00e7\u00f5es sobre o setor t\u00eaxtil paulista. Nossa equipe est\u00e1 \u00e0 disposi\u00e7\u00e3o para:<\/p><ul><li>Fornecer dados e esclarecer d\u00favidas\u00a0sobre o segmento;<\/li><li>Facilitar o contato com especialistas e fontes qualificadas;<\/li><li>Contribuir com pautas estrat\u00e9gicas para sua cobertura.<\/li><\/ul><p>Al\u00e9m disso, recebemos e analisamos\u00a0sugest\u00f5es de conte\u00fado\u00a0para o site e redes sociais do Sindit\u00eaxtil-SP.<br \/><br \/><strong>Entre em contato conosco:<\/strong><br \/>E-mail: <a href=\"mailto:comunicacao@sinditextilsp.org.br\">comunicacao@sinditextilsp.org.br<\/a><br \/>Telefones: 11 3823 6164 \/ 11 3823 6150<\/p>\t\t\t\t\t\t<\/div>\r\n\t\t\t\t<\/div>\r\n\t\t\t\t\t<\/div>\r\n\t\t<\/div>\r\n\t\t\t\t<div class=\"elementor-column elementor-col-50 elementor-top-column elementor-element elementor-element-33fb4ac\" data-id=\"33fb4ac\" data-element_type=\"column\">\r\n\t\t\t<div class=\"elementor-widget-wrap\">\r\n\t\t\t\t\t\t\t\t\t<\/div>\r\n\t\t<\/div>\r\n\t\t\t\t\t\t\t<\/div>\r\n\t\t<\/section>\r\n\t\t\t\t<section class=\"elementor-section elementor-top-section elementor-element elementor-element-5134ef4 elementor-section-boxed elementor-section-height-default elementor-section-height-default\" data-id=\"5134ef4\" data-element_type=\"section\">\r\n\t\t\t\t\t\t<div class=\"elementor-container elementor-column-gap-default\">\r\n\t\t\t\t\t<div class=\"elementor-column elementor-col-100 elementor-top-column elementor-element elementor-element-fd3b4c5\" data-id=\"fd3b4c5\" data-element_type=\"column\">\r\n\t\t\t<div class=\"elementor-widget-wrap elementor-element-populated\">\r\n\t\t\t\t\t\t\t\t<div class=\"elementor-element elementor-element-dbace76 elementor-widget elementor-widget-spacer\" data-id=\"dbace76\" data-element_type=\"widget\" data-widget_type=\"spacer.default\">\r\n\t\t\t\t<div class=\"elementor-widget-container\">\r\n\t\t\t\t\t<div class=\"elementor-spacer\">\r\n\t\t\t<div class=\"elementor-spacer-inner\"><\/div>\r\n\t\t<\/div>\r\n\t\t\t\t<\/div>\r\n\t\t\t\t<\/div>\r\n\t\t\t\t\t<\/div>\r\n\t\t<\/div>\r\n\t\t\t\t\t\t\t<\/div>\r\n\t\t<\/section>\r\n\t\t\t\t<section class=\"elementor-section elementor-top-section elementor-element elementor-element-884f4a4 elementor-section-boxed elementor-section-height-default elementor-section-height-default\" data-id=\"884f4a4\" data-element_type=\"section\">\r\n\t\t\t\t\t\t<div class=\"elementor-container elementor-column-gap-default\">\r\n\t\t\t\t\t<div class=\"elementor-column elementor-col-100 elementor-top-column elementor-element elementor-element-ded43d8\" data-id=\"ded43d8\" data-element_type=\"column\">\r\n\t\t\t<div class=\"elementor-widget-wrap elementor-element-populated\">\r\n\t\t\t\t\t\t\t\t<div class=\"elementor-element elementor-element-e18a216 elementor-widget elementor-widget-heading\" data-id=\"e18a216\" data-element_type=\"widget\" data-widget_type=\"heading.default\">\r\n\t\t\t\t<div class=\"elementor-widget-container\">\r\n\t\t\t<h2 class=\"elementor-heading-title elementor-size-default\">Curr\u00edculo Diretoria<\/h2>\t\t<\/div>\r\n\t\t\t\t<\/div>\r\n\t\t\t\t\t<\/div>\r\n\t\t<\/div>\r\n\t\t\t\t\t\t\t<\/div>\r\n\t\t<\/section>\r\n\t\t\t\t<section class=\"elementor-section elementor-top-section elementor-element elementor-element-d4e2b00 elementor-section-boxed elementor-section-height-default elementor-section-height-default\" data-id=\"d4e2b00\" data-element_type=\"section\">\r\n\t\t\t\t\t\t<div class=\"elementor-container elementor-column-gap-default\">\r\n\t\t\t\t\t<div class=\"elementor-column elementor-col-50 elementor-top-column elementor-element elementor-element-2784bcf\" data-id=\"2784bcf\" data-element_type=\"column\">\r\n\t\t\t<div class=\"elementor-widget-wrap elementor-element-populated\">\r\n\t\t\t\t\t\t\t\t<div class=\"elementor-element elementor-element-cfc989c elementor-widget elementor-widget-text-editor\" data-id=\"cfc989c\" data-element_type=\"widget\" data-widget_type=\"text-editor.default\">\r\n\t\t\t\t<div class=\"elementor-widget-container\">\r\n\t\t\t\t\t\t\t\t<p><strong>Julio Maximiano Scudeler Neto\u00a0<\/strong><\/p><p>\u2022 Presidente do Sindit\u00eaxtil-SP \u2013 Sindicato das Ind\u00fastrias de Fia\u00e7\u00e3o e Tecelagem do Estado de S\u00e3o Paulo.<\/p><p>\u2022 Membro do Conselho Superior de Rela\u00e7\u00f5es de Trabalho da FIESP<\/p><p>\u2022 Advogado \u2022 Mestre em Direito das Rela\u00e7\u00f5es Sociais pela PUC\/SP<\/p><p>\u2022 Professor do Curso de p\u00f3s-gradua\u00e7\u00e3o em Direito do Trabalho da PUC\/SP de 2006 a 2011<\/p><p>\u2022 Autor do livro: Negocia\u00e7\u00e3o Coletiva e Representatividade Sindical<\/p><p>\u2022 Diretor de Rela\u00e7\u00f5es do Trabalho e Sindical na empresa ALPARGATAS S.A., desde 1992<\/p><p>\u2022 Diretor do Departamento Sindical da Federa\u00e7\u00e3o das Ind\u00fastrias do Estado de S\u00e3o Paulo \u2013 FIESP<\/p><p>\u2022 Coordenador do Comit\u00ea Sindical, Trabalhista da ABIT \u2013 Associa\u00e7\u00e3o Brasileira da Ind\u00fastria T\u00eaxtil e de Confec\u00e7\u00e3o.<\/p><p>\u2022 Conselheiro Titular da Diretoria Distrital do CIESP SUL<\/p>\t\t\t\t\t\t<\/div>\r\n\t\t\t\t<\/div>\r\n\t\t\t\t\t<\/div>\r\n\t\t<\/div>\r\n\t\t\t\t<div class=\"elementor-column elementor-col-50 elementor-top-column elementor-element elementor-element-d3b86a3\" data-id=\"d3b86a3\" data-element_type=\"column\">\r\n\t\t\t<div class=\"elementor-widget-wrap elementor-element-populated\">\r\n\t\t\t\t\t\t\t\t<div class=\"elementor-element elementor-element-bb38217 elementor-widget elementor-widget-image\" data-id=\"bb38217\" data-element_type=\"widget\" data-widget_type=\"image.default\">\r\n\t\t\t\t<div class=\"elementor-widget-container\">\r\n\t\t\t\t\t\t\t\t\t\t\t\t\t\t\t<img loading=\"lazy\" decoding=\"async\" width=\"571\" height=\"700\" src=\"https:\/\/sinditextilsp.org.br\/home\/wp-content\/uploads\/2025\/05\/foto-julio-sinditextil.jpg\" class=\"attachment-large size-large\" alt=\"\" srcset=\"https:\/\/sinditextilsp.org.br\/home\/wp-content\/uploads\/2025\/05\/foto-julio-sinditextil.jpg 571w, https:\/\/sinditextilsp.org.br\/home\/wp-content\/uploads\/2025\/05\/foto-julio-sinditextil-400x490.jpg 400w, https:\/\/sinditextilsp.org.br\/home\/wp-content\/uploads\/2025\/05\/foto-julio-sinditextil-367x450.jpg 367w\" sizes=\"auto, (max-width: 571px) 100vw, 571px\" \/>\t\t\t\t\t\t\t\t\t\t\t\t\t\t\t<\/div>\r\n\t\t\t\t<\/div>\r\n\t\t\t\t\t<\/div>\r\n\t\t<\/div>\r\n\t\t\t\t\t\t\t<\/div>\r\n\t\t<\/section>\r\n\t\t\t\t\t\t<\/div>\r\n\t\t\t\t\t<\/div>\r\n\t\t","protected":false},"excerpt":{"rendered":"<p>Imprensa A\u00a0Assessoria de Imprensa do Sindit\u00eaxtil-SP\u00a0\u00e9 o canal direto para jornalistas que buscam informa\u00e7\u00f5es sobre o setor t\u00eaxtil paulista. Nossa equipe est\u00e1 \u00e0 disposi\u00e7\u00e3o para: Fornecer dados e esclarecer d\u00favidas\u00a0sobre o segmento; Facilitar o contato com especialistas e fontes qualificadas; Contribuir com pautas estrat\u00e9gicas para sua cobertura. Al\u00e9m disso, recebemos e analisamos\u00a0sugest\u00f5es de conte\u00fado\u00a0para o [&hellip;]<\/p>\n","protected":false},"author":2,"featured_media":0,"parent":0,"menu_order":0,"comment_status":"closed","ping_status":"closed","template":"elementor_theme","meta":{"footnotes":""},"class_list":["post-279","page","type-page","status-publish","hentry"],"yoast_head":"<!-- This site is optimized with the Yoast SEO plugin v22.8 - https:\/\/yoast.com\/wordpress\/plugins\/seo\/ -->\n<title>Imprensa - Sindit\u00eaxtil-SP<\/title>\n<meta name=\"robots\" content=\"index, follow, max-snippet:-1, max-image-preview:large, max-video-preview:-1\" \/>\n<link rel=\"canonical\" href=\"https:\/\/sinditextilsp.org.br\/home\/imprensa\/\" \/>\n<meta property=\"og:locale\" content=\"pt_BR\" \/>\n<meta property=\"og:type\" content=\"article\" \/>\n<meta property=\"og:title\" content=\"Imprensa - Sindit\u00eaxtil-SP\" \/>\n<meta property=\"og:description\" content=\"Imprensa A\u00a0Assessoria de Imprensa do Sindit\u00eaxtil-SP\u00a0\u00e9 o canal direto para jornalistas que buscam informa\u00e7\u00f5es sobre o setor t\u00eaxtil paulista. Nossa equipe est\u00e1 \u00e0 disposi\u00e7\u00e3o para: Fornecer dados e esclarecer d\u00favidas\u00a0sobre o segmento; Facilitar o contato com especialistas e fontes qualificadas; Contribuir com pautas estrat\u00e9gicas para sua cobertura. Al\u00e9m disso, recebemos e analisamos\u00a0sugest\u00f5es de conte\u00fado\u00a0para o [&hellip;]\" \/>\n<meta property=\"og:url\" content=\"https:\/\/sinditextilsp.org.br\/home\/imprensa\/\" \/>\n<meta property=\"og:site_name\" content=\"Sindit\u00eaxtil-SP\" \/>\n<meta property=\"article:publisher\" content=\"https:\/\/www.facebook.com\/sinditextilsp\" \/>\n<meta property=\"article:modified_time\" content=\"2025-05-29T11:41:25+00:00\" \/>\n<meta property=\"og:image\" content=\"https:\/\/sinditextilsp.org.br\/home\/wp-content\/uploads\/2025\/05\/foto-julio-sinditextil.jpg\" \/>\n<meta name=\"twitter:card\" content=\"summary_large_image\" \/>\n<meta name=\"twitter:site\" content=\"@SinditextilSP\" \/>\n<meta name=\"twitter:label1\" content=\"Est. tempo de leitura\" \/>\n\t<meta name=\"twitter:data1\" content=\"2 minutos\" \/>\n<script type=\"application\/ld+json\" class=\"yoast-schema-graph\">{\"@context\":\"https:\/\/schema.org\",\"@graph\":[{\"@type\":\"WebPage\",\"@id\":\"https:\/\/sinditextilsp.org.br\/home\/imprensa\/\",\"url\":\"https:\/\/sinditextilsp.org.br\/home\/imprensa\/\",\"name\":\"Imprensa - Sindit\u00eaxtil-SP\",\"isPartOf\":{\"@id\":\"https:\/\/sinditextilsp.org.br\/home\/#website\"},\"primaryImageOfPage\":{\"@id\":\"https:\/\/sinditextilsp.org.br\/home\/imprensa\/#primaryimage\"},\"image\":{\"@id\":\"https:\/\/sinditextilsp.org.br\/home\/imprensa\/#primaryimage\"},\"thumbnailUrl\":\"https:\/\/sinditextilsp.org.br\/home\/wp-content\/uploads\/2025\/05\/foto-julio-sinditextil.jpg\",\"datePublished\":\"2021-07-13T23:55:40+00:00\",\"dateModified\":\"2025-05-29T11:41:25+00:00\",\"breadcrumb\":{\"@id\":\"https:\/\/sinditextilsp.org.br\/home\/imprensa\/#breadcrumb\"},\"inLanguage\":\"pt-BR\",\"potentialAction\":[{\"@type\":\"ReadAction\",\"target\":[\"https:\/\/sinditextilsp.org.br\/home\/imprensa\/\"]}]},{\"@type\":\"ImageObject\",\"inLanguage\":\"pt-BR\",\"@id\":\"https:\/\/sinditextilsp.org.br\/home\/imprensa\/#primaryimage\",\"url\":\"https:\/\/sinditextilsp.org.br\/home\/wp-content\/uploads\/2025\/05\/foto-julio-sinditextil.jpg\",\"contentUrl\":\"https:\/\/sinditextilsp.org.br\/home\/wp-content\/uploads\/2025\/05\/foto-julio-sinditextil.jpg\",\"width\":571,\"height\":700},{\"@type\":\"BreadcrumbList\",\"@id\":\"https:\/\/sinditextilsp.org.br\/home\/imprensa\/#breadcrumb\",\"itemListElement\":[{\"@type\":\"ListItem\",\"position\":1,\"name\":\"In\u00edcio\",\"item\":\"https:\/\/sinditextilsp.org.br\/home\/\"},{\"@type\":\"ListItem\",\"position\":2,\"name\":\"Imprensa\"}]},{\"@type\":\"WebSite\",\"@id\":\"https:\/\/sinditextilsp.org.br\/home\/#website\",\"url\":\"https:\/\/sinditextilsp.org.br\/home\/\",\"name\":\"Sindit\u00eaxtil-SP\",\"description\":\"Sindicato T\u00eaxtil de S\u00e3o Paulo\",\"potentialAction\":[{\"@type\":\"SearchAction\",\"target\":{\"@type\":\"EntryPoint\",\"urlTemplate\":\"https:\/\/sinditextilsp.org.br\/home\/?s={search_term_string}\"},\"query-input\":\"required name=search_term_string\"}],\"inLanguage\":\"pt-BR\"}]}<\/script>\n<!-- \/ Yoast SEO plugin. -->","yoast_head_json":{"title":"Imprensa - Sindit\u00eaxtil-SP","robots":{"index":"index","follow":"follow","max-snippet":"max-snippet:-1","max-image-preview":"max-image-preview:large","max-video-preview":"max-video-preview:-1"},"canonical":"https:\/\/sinditextilsp.org.br\/home\/imprensa\/","og_locale":"pt_BR","og_type":"article","og_title":"Imprensa - Sindit\u00eaxtil-SP","og_description":"Imprensa A\u00a0Assessoria de Imprensa do Sindit\u00eaxtil-SP\u00a0\u00e9 o canal direto para jornalistas que buscam informa\u00e7\u00f5es sobre o setor t\u00eaxtil paulista. Nossa equipe est\u00e1 \u00e0 disposi\u00e7\u00e3o para: Fornecer dados e esclarecer d\u00favidas\u00a0sobre o segmento; Facilitar o contato com especialistas e fontes qualificadas; Contribuir com pautas estrat\u00e9gicas para sua cobertura. Al\u00e9m disso, recebemos e analisamos\u00a0sugest\u00f5es de conte\u00fado\u00a0para o [&hellip;]","og_url":"https:\/\/sinditextilsp.org.br\/home\/imprensa\/","og_site_name":"Sindit\u00eaxtil-SP","article_publisher":"https:\/\/www.facebook.com\/sinditextilsp","article_modified_time":"2025-05-29T11:41:25+00:00","og_image":[{"url":"https:\/\/sinditextilsp.org.br\/home\/wp-content\/uploads\/2025\/05\/foto-julio-sinditextil.jpg"}],"twitter_card":"summary_large_image","twitter_site":"@SinditextilSP","twitter_misc":{"Est. tempo de leitura":"2 minutos"},"schema":{"@context":"https:\/\/schema.org","@graph":[{"@type":"WebPage","@id":"https:\/\/sinditextilsp.org.br\/home\/imprensa\/","url":"https:\/\/sinditextilsp.org.br\/home\/imprensa\/","name":"Imprensa - Sindit\u00eaxtil-SP","isPartOf":{"@id":"https:\/\/sinditextilsp.org.br\/home\/#website"},"primaryImageOfPage":{"@id":"https:\/\/sinditextilsp.org.br\/home\/imprensa\/#primaryimage"},"image":{"@id":"https:\/\/sinditextilsp.org.br\/home\/imprensa\/#primaryimage"},"thumbnailUrl":"https:\/\/sinditextilsp.org.br\/home\/wp-content\/uploads\/2025\/05\/foto-julio-sinditextil.jpg","datePublished":"2021-07-13T23:55:40+00:00","dateModified":"2025-05-29T11:41:25+00:00","breadcrumb":{"@id":"https:\/\/sinditextilsp.org.br\/home\/imprensa\/#breadcrumb"},"inLanguage":"pt-BR","potentialAction":[{"@type":"ReadAction","target":["https:\/\/sinditextilsp.org.br\/home\/imprensa\/"]}]},{"@type":"ImageObject","inLanguage":"pt-BR","@id":"https:\/\/sinditextilsp.org.br\/home\/imprensa\/#primaryimage","url":"https:\/\/sinditextilsp.org.br\/home\/wp-content\/uploads\/2025\/05\/foto-julio-sinditextil.jpg","contentUrl":"https:\/\/sinditextilsp.org.br\/home\/wp-content\/uploads\/2025\/05\/foto-julio-sinditextil.jpg","width":571,"height":700},{"@type":"BreadcrumbList","@id":"https:\/\/sinditextilsp.org.br\/home\/imprensa\/#breadcrumb","itemListElement":[{"@type":"ListItem","position":1,"name":"In\u00edcio","item":"https:\/\/sinditextilsp.org.br\/home\/"},{"@type":"ListItem","position":2,"name":"Imprensa"}]},{"@type":"WebSite","@id":"https:\/\/sinditextilsp.org.br\/home\/#website","url":"https:\/\/sinditextilsp.org.br\/home\/","name":"Sindit\u00eaxtil-SP","description":"Sindicato T\u00eaxtil de S\u00e3o Paulo","potentialAction":[{"@type":"SearchAction","target":{"@type":"EntryPoint","urlTemplate":"https:\/\/sinditextilsp.org.br\/home\/?s={search_term_string}"},"query-input":"required name=search_term_string"}],"inLanguage":"pt-BR"}]}},"_links":{"self":[{"href":"https:\/\/sinditextilsp.org.br\/home\/wp-json\/wp\/v2\/pages\/279","targetHints":{"allow":["GET"]}}],"collection":[{"href":"https:\/\/sinditextilsp.org.br\/home\/wp-json\/wp\/v2\/pages"}],"about":[{"href":"https:\/\/sinditextilsp.org.br\/home\/wp-json\/wp\/v2\/types\/page"}],"author":[{"embeddable":true,"href":"https:\/\/sinditextilsp.org.br\/home\/wp-json\/wp\/v2\/users\/2"}],"replies":[{"embeddable":true,"href":"https:\/\/sinditextilsp.org.br\/home\/wp-json\/wp\/v2\/comments?post=279"}],"version-history":[{"count":16,"href":"https:\/\/sinditextilsp.org.br\/home\/wp-json\/wp\/v2\/pages\/279\/revisions"}],"predecessor-version":[{"id":8330,"href":"https:\/\/sinditextilsp.org.br\/home\/wp-json\/wp\/v2\/pages\/279\/revisions\/8330"}],"wp:attachment":[{"href":"https:\/\/sinditextilsp.org.br\/home\/wp-json\/wp\/v2\/media?parent=279"}],"curies":[{"name":"wp","href":"https:\/\/api.w.org\/{rel}","templated":true}]}}