{"id":299,"date":"2021-07-13T21:07:42","date_gmt":"2021-07-14T00:07:42","guid":{"rendered":"https:\/\/dev.sinditextilsp.org.br\/home\/?page_id=299"},"modified":"2026-03-12T16:06:33","modified_gmt":"2026-03-12T19:06:33","slug":"diretoria","status":"publish","type":"page","link":"https:\/\/sinditextilsp.org.br\/home\/quem-somos\/diretoria\/","title":{"rendered":"Diretoria"},"content":{"rendered":"\t\t<div data-elementor-type=\"wp-page\" data-elementor-id=\"299\" class=\"elementor elementor-299\" data-elementor-settings=\"[]\">\r\n\t\t\t\t\t\t\t<div class=\"elementor-section-wrap\">\r\n\t\t\t\t\t\t\t<section class=\"elementor-section elementor-top-section elementor-element elementor-element-6460adf elementor-section-boxed elementor-section-height-default elementor-section-height-default\" data-id=\"6460adf\" data-element_type=\"section\">\r\n\t\t\t\t\t\t<div class=\"elementor-container elementor-column-gap-default\">\r\n\t\t\t\t\t<div class=\"elementor-column elementor-col-100 elementor-top-column elementor-element elementor-element-26dc457\" data-id=\"26dc457\" data-element_type=\"column\">\r\n\t\t\t<div class=\"elementor-widget-wrap elementor-element-populated\">\r\n\t\t\t\t\t\t\t\t<div class=\"elementor-element elementor-element-c607962 elementor-widget elementor-widget-heading\" data-id=\"c607962\" data-element_type=\"widget\" data-widget_type=\"heading.default\">\r\n\t\t\t\t<div class=\"elementor-widget-container\">\r\n\t\t\t<h2 class=\"elementor-heading-title elementor-size-default\">Diretoria<\/h2>\t\t<\/div>\r\n\t\t\t\t<\/div>\r\n\t\t\t\t\t<\/div>\r\n\t\t<\/div>\r\n\t\t\t\t\t\t\t<\/div>\r\n\t\t<\/section>\r\n\t\t\t\t<section class=\"elementor-section elementor-top-section elementor-element elementor-element-0b980d5 elementor-section-boxed elementor-section-height-default elementor-section-height-default\" data-id=\"0b980d5\" data-element_type=\"section\">\r\n\t\t\t\t\t\t<div class=\"elementor-container elementor-column-gap-default\">\r\n\t\t\t\t\t<div class=\"elementor-column elementor-col-100 elementor-top-column elementor-element elementor-element-2031609\" data-id=\"2031609\" data-element_type=\"column\">\r\n\t\t\t<div class=\"elementor-widget-wrap elementor-element-populated\">\r\n\t\t\t\t\t\t\t\t<div class=\"elementor-element elementor-element-5ce10a5 elementor-widget elementor-widget-text-editor\" data-id=\"5ce10a5\" data-element_type=\"widget\" data-widget_type=\"text-editor.default\">\r\n\t\t\t\t<div class=\"elementor-widget-container\">\r\n\t\t\t\t\t\t\t\t<!DOCTYPE html>\n<html lang=\"pt-br\">\n<head>\n    <meta charset=\"UTF-8\">\n    <meta name=\"viewport\" content=\"width=device-width, initial-scale=1.0\">\n    <title>Tabela de Cargos e Empresas<\/title>\n    <style>\n        body {\n            font-family: Arial, sans-serif;\n            background-color: #f4f4f9;\n            padding: 20px;\n        }\n        table {\n            width: 100%;\n            border-collapse: collapse;\n            background-color: #ffffff;\n            box-shadow: 0 2px 5px rgba(0,0,0,0.1);\n        }\n        th {\n            background-color: #ffff; \/* Roxo claro do cabe\u00e7alho *\/\n            color: #000;\n            font-weight: bold;\n            text-transform: uppercase;\n            padding: 12px;\n            border: 1px solid #bcbcbc;\n        }\n        td {\n            padding: 8px 12px;\n            border: 1px solid #bcbcbc;\n            font-size: 14px;\n            color: #333;\n        }\n        tr:nth-child(even) {\n            background-color: #fdfdfd;\n        }\n        tr:hover {\n            background-color: #f1f1f1;\n        }\n        .cargo-col { width: 25%; }\n        .nome-col { width: 35%; }\n        .empresa-col { width: 40%; }\n    <\/style>\n<\/head>\n<body>\n\n    <table>\n        <thead>\n            <tr>\n                <th class=\"cargo-col\">CARGO<\/th>\n                <th class=\"nome-col\">NOME<\/th>\n                <th class=\"empresa-col\">EMPRESA<\/th>\n            <\/tr>\n        <\/thead>\n        <tbody>\n            <tr><td>Presidente<\/td><td>Luiz Arthur Pacheco de Castro<\/td><td>PARAMOUNT T\u00caXTEIS IND\u00daSTRIA E COM\u00c9RCIO SA<\/td><\/tr>\n            <tr><td>1\u00ba Vice-Presidente<\/td><td>Oswaldo Oliveira Filho<\/td><td>ROSSET &#038; CIA LTDA<\/td><\/tr>\n            <tr><td>2\u00ba Vice-Presidente<\/td><td>Romeu Antonio Covolan<\/td><td>T\u00caXTIL CANATIBA LTDA<\/td><\/tr>\n            <tr><td>3\u00ba Vice-Presidente<\/td><td>Alessandro Pascolato<\/td><td>SANTACONSTANCIA TECELAGEM LTDA<\/td><\/tr>\n            <tr><td>Vice Presidente<\/td><td>Alexandre Ferreira<\/td><td>VICUNHA TEXTIL S\/A<\/td><\/tr>\n            <tr><td>Vice Presidente<\/td><td>Daniel Eduardo Mehler<\/td><td>ADATEX INDUSTRIAL E COMERCIAL LTDA<\/td><\/tr>\n            <tr><td>Vice Presidente<\/td><td>Gilberto Mestriner Stocche<\/td><td>SANTISTA T\u00caXTIL LTDA<\/td><\/tr>\n            <tr><td>Vice Presidente<\/td><td>Gustavo Manfredini<\/td><td>CAPRIC\u00d3RNIO T\u00caXTIL<\/td><\/tr>\n            <tr><td>Vice Presidente<\/td><td>Lourival Santos Flor<\/td><td>GOLDEN QU\u00cdMICA DO BRASIL LTDA<\/td><\/tr>\n            <tr><td>Vice Presidente<\/td><td>Marcello Cesar Bathe<\/td><td>RHODIA BRASIL S.A<\/td><\/tr>\n            <tr><td>Vice Presidente<\/td><td>Pedro Carlos Saltorelli<\/td><td>SALTORELLI TINTURARIA TEXTIL LTDA<\/td><\/tr>\n            <tr><td>Diretor Secret\u00e1rio<\/td><td>Mario Roberto Galardo<\/td><td>TREMEMB\u00c9 IND\u00daSTRIAS QU\u00cdMICAS LTDA<\/td><\/tr>\n            <tr><td>Diretor Tesoureiro<\/td><td>Alfredo Em\u00edlio Bonduki<\/td><td>KALINA INDUSTRIA DE FIOS E LINHAS S.A.<\/td><\/tr>\n            <tr><td>1\u00ba Tesoureiro<\/td><td>Ramiro Sanchez Palma<\/td><td>ANFRA TECIDOS LTDA<\/td><\/tr>\n            <tr><td>2\u00ba Tesoureiro<\/td><td>Fl\u00e1vio Junqueira Smith<\/td><td>COMPANHIA TEXTIL CASTANHAL<\/td><\/tr>\n            <tr><td>Diretor<\/td><td>Antonio Greco<\/td><td>FIA\u00c7\u00c3O ALPINA LTDA<\/td><\/tr>\n            <tr><td>Diretor<\/td><td>Carlos Roberto Novelini J\u00fanior<\/td><td>TEXTIL JF FIBRAS LTDA<\/td><\/tr>\n            <tr><td>Diretor<\/td><td>Fabiana Gabriel<\/td><td>LINHANYL S.A<\/td><\/tr>\n            <tr><td>Diretor<\/td><td>Marcelo Bleffe Piovezan<\/td><td>SELENE INDUSTRIA TEXTIL SA<\/td><\/tr>\n            <tr><td>Diretor<\/td><td>Mateus Mesquita In\u00e1cio<\/td><td>FITESA NAOTECIDOS S.A<\/td><\/tr>\n            <tr><td>Diretor<\/td><td>Ricardo Vivolo<\/td><td>EMBRASATEC IND. E COM. DE EMBALAGENS LTDA<\/td><\/tr>\n            <tr><td>Diretor<\/td><td>Rodrigo Dini<\/td><td>DINI TEXTIL INDUSTRIA E COMERCIO LTDA<\/td><\/tr>\n            <tr><td>Diretor<\/td><td>Sarah Oliveira Bonadio<\/td><td>ALPARGATAS S.A<\/td><\/tr>\n            <tr><td>Diretor<\/td><td>Tib\u00e9rio Katz<\/td><td>INDUSTRIA E COMERCIO JOLITEX LTDA<\/td><\/tr>\n            <tr><td>Diretor<\/td><td>Walter Perfeito<\/td><td>PERFEITO F\u00c1BRICA DE ACESS\u00d3RIOS DE MODA LTDA<\/td><\/tr>\n            <tr><td>Conselheiro Fiscal<\/td><td>Adriano Chohfi Nacif<\/td><td>LINHAS SETTA LTDA<\/td><\/tr>\n            <tr><td>Conselheiro Fiscal<\/td><td>Eli Kattan<\/td><td>ZARAPLAST S.A<\/td><\/tr>\n            <tr><td>Conselheiro Fiscal<\/td><td>Luca Pascolato<\/td><td>SANTACONSTANCIA TECELAGEM LTDA<\/td><\/tr>\n            <tr><td>Conselheiro Fiscal Suplente<\/td><td>Roberta Amano Kenton-Russ<\/td><td>FIA\u00c7\u00c3O DE SEDA BRATAC S.A<\/td><\/tr>\n            <tr><td>Conselheiro Fiscal Suplente<\/td><td>Roberto Angelo S\u00e9rgio Caltelani Grunpeter<\/td><td>EBN COMERCIO, IMPORTA\u00c7\u00c3O E EXPORTA\u00c7\u00c3O LTDA<\/td><\/tr>\n            <tr><td>Conselheiro Fiscal Suplente<\/td><td>Ronaldo Couvre<\/td><td>TAPETES S\u00c3O CARLOS LTDA<\/td><\/tr>\n            <tr><td>Delegado Representante da FIESP<\/td><td>Rafael Cervone Netto<\/td><td>PARAMOUNT T\u00caXTEIS IND\u00daSTRIA E COM\u00c9RCIO SA<\/td><\/tr>\n            <tr><td>Delegado Representante da FIESP<\/td><td>Alfredo Em\u00edlio Bonduki<\/td><td>KALINA INDUSTRIA DE FIOS E LINHAS S.A.<\/td><\/tr>\n            <tr><td>Delegado Representante da FIESP<\/td><td>Luiz Arthur Pacheco de Castro<\/td><td>PARAMOUNT T\u00caXTEIS IND\u00daSTRIA E COM\u00c9RCIO SA<\/td><\/tr>\n            <tr><td>Delegado Representante da FIESP<\/td><td>Alessandro Pascolato<\/td><td>SANTACONSTANCIA TECELAGEM LTDA<\/td><\/tr>\n        <\/tbody>\n    <\/table>\n\n<\/body>\n<\/html>\t\t\t\t\t\t<\/div>\r\n\t\t\t\t<\/div>\r\n\t\t\t\t<div class=\"elementor-element elementor-element-af56400 elementor-widget elementor-widget-spacer\" data-id=\"af56400\" data-element_type=\"widget\" data-widget_type=\"spacer.default\">\r\n\t\t\t\t<div class=\"elementor-widget-container\">\r\n\t\t\t\t\t<div class=\"elementor-spacer\">\r\n\t\t\t<div class=\"elementor-spacer-inner\"><\/div>\r\n\t\t<\/div>\r\n\t\t\t\t<\/div>\r\n\t\t\t\t<\/div>\r\n\t\t\t\t\t<\/div>\r\n\t\t<\/div>\r\n\t\t\t\t\t\t\t<\/div>\r\n\t\t<\/section>\r\n\t\t\t\t<section class=\"elementor-section elementor-top-section elementor-element elementor-element-e7f3914 elementor-hidden-desktop elementor-hidden-tablet elementor-hidden-phone elementor-section-boxed elementor-section-height-default elementor-section-height-default\" data-id=\"e7f3914\" data-element_type=\"section\">\r\n\t\t\t\t\t\t<div class=\"elementor-container elementor-column-gap-default\">\r\n\t\t\t\t\t<div class=\"elementor-column elementor-col-100 elementor-top-column elementor-element elementor-element-f1bdea7\" data-id=\"f1bdea7\" data-element_type=\"column\">\r\n\t\t\t<div class=\"elementor-widget-wrap elementor-element-populated\">\r\n\t\t\t\t\t\t\t\t<div class=\"elementor-element elementor-element-d936d79 elementor-widget elementor-widget-text-editor\" data-id=\"d936d79\" data-element_type=\"widget\" data-widget_type=\"text-editor.default\">\r\n\t\t\t\t<div class=\"elementor-widget-container\">\r\n\t\t\t\t\t\t\t\t<table style=\"height: 2746px;\" width=\"632\">\n<tbody>\n<tr>\n<td style=\"text-align: left;\" width=\"161\">Presidente<\/td>\n<td style=\"text-align: left;\" width=\"180\">J\u00falio Maximiano Scudeler Neto<\/td>\n<td style=\"text-align: left;\" width=\"293\">ALPARGATAS S\/A<\/td>\n<\/tr>\n<tr>\n<td style=\"text-align: left;\" width=\"161\">1\u00ba Vice-Presidente<\/td>\n<td style=\"text-align: left;\" width=\"180\">Oswaldo Oliveira Filho<\/td>\n<td style=\"text-align: left;\" width=\"293\">ROSSET &amp; CIA LTDA<\/td>\n<\/tr>\n<tr>\n<td style=\"text-align: left;\" width=\"161\">2\u00ba Vice-Presidente<\/td>\n<td style=\"text-align: left;\" width=\"180\">Romeu Antonio Covolan<\/td>\n<td style=\"text-align: left;\" width=\"293\">T\u00caXTIL CANATIBA LTDA<\/td>\n<\/tr>\n<tr>\n<td style=\"text-align: left;\" width=\"161\">3\u00ba Vice-Presidente<\/td>\n<td style=\"text-align: left;\" width=\"180\">Alessandro Pascolato<\/td>\n<td style=\"text-align: left;\" width=\"293\">SANTACONSTANCIA TECELAGEM LTDA<\/td>\n<\/tr>\n<tr>\n<td style=\"text-align: left;\" width=\"161\">Vice-Presidente<\/td>\n<td style=\"text-align: left;\" width=\"180\">Alexandre Ferreira<\/td>\n<td style=\"text-align: left;\" width=\"293\">VICUNHA TEXTIL S\/A<\/td>\n<\/tr>\n<tr>\n<td width=\"161\">Vice-Presidente<\/td>\n<td width=\"180\">Daniel Eduardo Mehler<\/td>\n<td width=\"293\">ADATEX SA INDUSTRIAL E COMERCIAL<\/td>\n<\/tr>\n<tr>\n<td width=\"161\">Vice-Presidente<\/td>\n<td width=\"180\">Gilberto Mestriner Stocche<\/td>\n<td width=\"293\">SANTISTA T\u00caXTIL LTDA<\/td>\n<\/tr>\n<tr>\n<td width=\"161\">Vice-Presidente<\/td>\n<td width=\"180\">Hugo Kitagawa<\/td>\n<td width=\"293\">RHODIA BRASIL S.A.<\/td>\n<\/tr>\n<tr>\n<td width=\"161\">Vice-Presidente<\/td>\n<td width=\"180\">Lourival Santos Flor<\/td>\n<td width=\"293\">GOLDEN QU\u00cdMICA DO BRASIL LTDA<\/td>\n<\/tr>\n<tr>\n<td width=\"161\">Vice-Presidente<\/td>\n<td width=\"180\">Luiz Arthur Pacheco de Castro<\/td>\n<td width=\"293\">PARAMOUNT T\u00caXTEIS IND\u00daSTRIA E COM\u00c9RCIO S.A.<\/td>\n<\/tr>\n<tr>\n<td width=\"161\">Vice-Presidente<\/td>\n<td width=\"180\">Pedro Carlos Saltorelli<\/td>\n<td width=\"293\">SALTORELLI TINTURARIA T\u00caXTIL LTDA<\/td>\n<\/tr>\n<tr>\n<td width=\"161\">Diretor Secret\u00e1rio<\/td>\n<td width=\"180\">Mario Roberto Galardo<\/td>\n<td width=\"293\">TREMEMB\u00c9 IND\u00daSTRIAS QU\u00cdMICAS LTDA<\/td>\n<\/tr>\n<tr>\n<td width=\"161\">Diretor Tesoureiro<\/td>\n<td width=\"180\">Alfredo Em\u00edlio Bonduki<\/td>\n<td width=\"293\">KALINA INDUSTRIA DE FIOS E LINHAS S.A.<\/td>\n<\/tr>\n<tr>\n<td width=\"161\">1\u00ba Tesoureiro<\/td>\n<td width=\"180\">Ramiro Sanchez Palma<\/td>\n<td width=\"293\">ANFRA TECIDOS LTDA<\/td>\n<\/tr>\n<tr>\n<td width=\"161\">2\u00ba Tesoureiro<\/td>\n<td width=\"180\">Fl\u00e1vio Junqueira Smith<\/td>\n<td width=\"293\">COMPANHIA T\u00caXTIL CASTANHAL<\/td>\n<\/tr>\n<tr>\n<td width=\"161\">Diretor<\/td>\n<td width=\"180\">Mateus Mesquita In\u00e1cio<\/td>\n<td width=\"293\">FITES NAOTECIDOS AS<\/td>\n<\/tr>\n<tr>\n<td width=\"161\">Diretor<\/td>\n<td width=\"180\">Antonio Greco<\/td>\n<td width=\"293\">FIA\u00c7\u00c3O ALPINA LTDA<\/td>\n<\/tr>\n<tr>\n<td width=\"161\">Diretor<\/td>\n<td width=\"180\">Carlos Roberto Novelini J\u00fanior<\/td>\n<td width=\"293\">T\u00caXTIL JF FIBRAS LTDA<\/td>\n<\/tr>\n<tr>\n<td width=\"161\">Diretor<\/td>\n<td width=\"180\">Fabiana Gabriel<\/td>\n<td width=\"293\">LINHANYL S.A.<\/td>\n<\/tr>\n<tr>\n<td width=\"161\">Diretor<\/td>\n<td width=\"180\">Jairo Eduardo Souza Herrera<\/td>\n<td width=\"293\">LYNA CONFEC\u00c7\u00d5ES E SERVI\u00c7OS EIRELI<\/td>\n<\/tr>\n<tr>\n<td width=\"161\">Diretor<\/td>\n<td width=\"180\">Gustavo Manfredini<\/td>\n<td width=\"293\">CAPRIC\u00d3RNIO T\u00caXTIL<\/td>\n<\/tr>\n<tr>\n<td width=\"161\">Diretor<\/td>\n<td width=\"180\">Ricardo Vivolo<\/td>\n<td width=\"293\">EMBRASATEC IND. E COM. DE EMBALAGENS LTDA<\/td>\n<\/tr>\n<tr>\n<td width=\"161\">Diretor<\/td>\n<td width=\"180\">Rodrigo Dini<\/td>\n<td width=\"293\">DINI T\u00caXTIL IND\u00daSTRIA E COM\u00c9RCIO LTDA<\/td>\n<\/tr>\n<tr>\n<td width=\"161\">Diretor<\/td>\n<td width=\"180\">Tib\u00e9rio Katz<\/td>\n<td width=\"293\">IND\u00daSTRIA E COM\u00c9RCIO JOLITEX LTDA<\/td>\n<\/tr>\n<tr>\n<td width=\"161\">Diretor<\/td>\n<td width=\"180\">Walter Perfeito<\/td>\n<td width=\"293\">PERFEITO F\u00c1BRICA DE ACESS\u00d3RIOS DE MODA LTDA<\/td>\n<\/tr>\n<tr>\n<td width=\"161\">Conselheiro Fiscal<\/td>\n<td width=\"180\">Adriano Chohfi Nacif<\/td>\n<td width=\"293\">LINHAS SETTA LTDA<\/td>\n<\/tr>\n<tr>\n<td width=\"161\">Conselheiro Fiscal<\/td>\n<td width=\"180\">Luca Pascolato<\/td>\n<td width=\"293\">SANTACONSTANCIA TECELAGEM LTDA<\/td>\n<\/tr>\n<tr>\n<td width=\"161\">Conselheiro Fiscal<\/td>\n<td width=\"180\">Ordiwal Wiezel Junior<\/td>\n<td width=\"293\">INNOVATIV IND. E COM. DE TECIDOS LTDA.- EPP<\/td>\n<\/tr>\n<tr>\n<td width=\"161\">Conselheiro Fiscal Suplente<\/td>\n<td width=\"180\">Elias Antonio Bernardo<\/td>\n<td width=\"293\">RADICIFIBRAS INDUSTRIA E COMERCIO LTDA<\/td>\n<\/tr>\n<tr>\n<td width=\"161\">Conselheiro Fiscal Suplente<\/td>\n<td width=\"180\">Guilherme Dionizio Gomes Filho<\/td>\n<td width=\"293\">TAPETES S\u00c3O CARLOS LTDA<\/td>\n<\/tr>\n<tr>\n<td style=\"text-align: left;\" width=\"161\">Conselheiro Fiscal Suplente<\/td>\n<td style=\"text-align: left;\" width=\"180\">Shigueru Taniguti Junior<\/td>\n<td style=\"text-align: left;\" width=\"293\">FIACAO DE SEDA BRATAC AS<\/td>\n<\/tr>\n<tr>\n<td style=\"text-align: left;\" width=\"161\">Delegado Representante da FIESP<\/td>\n<td style=\"text-align: left;\" width=\"180\">Rafael Cervone Netto<\/td>\n<td style=\"text-align: left;\" width=\"293\">PARAMOUNT T\u00caXTEIS IND\u00daSTRIA E COM\u00c9RCIO SA<\/td>\n<\/tr>\n<tr>\n<td style=\"text-align: left;\" width=\"161\">Delegado Representante da FIESP<\/td>\n<td style=\"text-align: left;\" width=\"180\">Alfredo Em\u00edlio Bonduki<\/td>\n<td style=\"text-align: left;\" width=\"293\">KALINA IND. DE FIOS E LINHAS LTDA.<\/td>\n<\/tr>\n<tr>\n<td style=\"text-align: left;\" width=\"161\">Delegado Representante da FIESP<\/td>\n<td style=\"text-align: left;\" width=\"180\">Luiz Arthur Pacheco de Castro<\/td>\n<td style=\"text-align: left;\" width=\"293\">PARAMOUNT T\u00caXTEIS IND\u00daSTRIA E COM\u00c9RCIO SA<\/td>\n<\/tr>\n<tr>\n<td style=\"text-align: left;\" width=\"161\">Delegado Representante da FIESP<\/td>\n<td style=\"text-align: left;\" width=\"180\">Alessandro Pascolato<\/td>\n<td style=\"text-align: left;\" width=\"293\">SANTACONSTANCIA TECELAGEM LTDA<\/td>\n<\/tr>\n<\/tbody>\n<\/table>\t\t\t\t\t\t<\/div>\r\n\t\t\t\t<\/div>\r\n\t\t\t\t<div class=\"elementor-element elementor-element-27f8b01 elementor-widget elementor-widget-spacer\" data-id=\"27f8b01\" data-element_type=\"widget\" data-widget_type=\"spacer.default\">\r\n\t\t\t\t<div class=\"elementor-widget-container\">\r\n\t\t\t\t\t<div class=\"elementor-spacer\">\r\n\t\t\t<div class=\"elementor-spacer-inner\"><\/div>\r\n\t\t<\/div>\r\n\t\t\t\t<\/div>\r\n\t\t\t\t<\/div>\r\n\t\t\t\t\t<\/div>\r\n\t\t<\/div>\r\n\t\t\t\t\t\t\t<\/div>\r\n\t\t<\/section>\r\n\t\t\t\t<section class=\"elementor-section elementor-top-section elementor-element elementor-element-0fe7e9a elementor-section-boxed elementor-section-height-default elementor-section-height-default\" data-id=\"0fe7e9a\" data-element_type=\"section\">\r\n\t\t\t\t\t\t<div class=\"elementor-container elementor-column-gap-default\">\r\n\t\t\t\t\t<div class=\"elementor-column elementor-col-100 elementor-top-column elementor-element elementor-element-d6b96f9\" data-id=\"d6b96f9\" data-element_type=\"column\">\r\n\t\t\t<div class=\"elementor-widget-wrap elementor-element-populated\">\r\n\t\t\t\t\t\t\t\t<div class=\"elementor-element elementor-element-7a74cd4 elementor-widget elementor-widget-text-editor\" data-id=\"7a74cd4\" data-element_type=\"widget\" data-widget_type=\"text-editor.default\">\r\n\t\t\t\t<div class=\"elementor-widget-container\">\r\n\t\t\t\t\t\t\t\t<p style=\"text-align: center;\"><strong>PRESIDENTES EM\u00c9RITOS\u00a0<\/strong><\/p><p style=\"text-align: center;\">Julio Maximiano Scudeler Neto<\/p><p style=\"text-align: center;\">Paulo Antonio Skaf<\/p><p style=\"text-align: center;\">Rafael Cervone Netto<\/p><p style=\"text-align: center;\">Alfredo Em\u00edlio Bonduki<\/p><p style=\"text-align: center;\">Luiz Arthur Pacheco de Castro<\/p>\t\t\t\t\t\t<\/div>\r\n\t\t\t\t<\/div>\r\n\t\t\t\t\t<\/div>\r\n\t\t<\/div>\r\n\t\t\t\t\t\t\t<\/div>\r\n\t\t<\/section>\r\n\t\t\t\t\t\t<\/div>\r\n\t\t\t\t\t<\/div>\r\n\t\t","protected":false},"excerpt":{"rendered":"<p>Diretoria Tabela de Cargos e Empresas CARGO NOME EMPRESA Presidente Luiz Arthur Pacheco de Castro PARAMOUNT T\u00caXTEIS IND\u00daSTRIA E COM\u00c9RCIO SA 1\u00ba Vice-Presidente Oswaldo Oliveira Filho ROSSET &#038; CIA LTDA 2\u00ba Vice-Presidente Romeu Antonio Covolan T\u00caXTIL CANATIBA LTDA 3\u00ba Vice-Presidente Alessandro Pascolato SANTACONSTANCIA TECELAGEM LTDA Vice Presidente Alexandre Ferreira VICUNHA TEXTIL S\/A Vice Presidente Daniel [&hellip;]<\/p>\n","protected":false},"author":2,"featured_media":0,"parent":93,"menu_order":0,"comment_status":"closed","ping_status":"closed","template":"elementor_theme","meta":{"footnotes":""},"class_list":["post-299","page","type-page","status-publish","hentry"],"yoast_head":"<!-- This site is optimized with the Yoast SEO plugin v22.8 - https:\/\/yoast.com\/wordpress\/plugins\/seo\/ -->\n<title>Diretoria - Sindit\u00eaxtil-SP<\/title>\n<meta name=\"robots\" content=\"index, follow, max-snippet:-1, max-image-preview:large, max-video-preview:-1\" \/>\n<link rel=\"canonical\" href=\"https:\/\/sinditextilsp.org.br\/home\/quem-somos\/diretoria\/\" \/>\n<meta property=\"og:locale\" content=\"pt_BR\" \/>\n<meta property=\"og:type\" content=\"article\" \/>\n<meta property=\"og:title\" content=\"Diretoria - Sindit\u00eaxtil-SP\" \/>\n<meta property=\"og:description\" content=\"Diretoria Tabela de Cargos e Empresas CARGO NOME EMPRESA Presidente Luiz Arthur Pacheco de Castro PARAMOUNT T\u00caXTEIS IND\u00daSTRIA E COM\u00c9RCIO SA 1\u00ba Vice-Presidente Oswaldo Oliveira Filho ROSSET &#038; CIA LTDA 2\u00ba Vice-Presidente Romeu Antonio Covolan T\u00caXTIL CANATIBA LTDA 3\u00ba Vice-Presidente Alessandro Pascolato SANTACONSTANCIA TECELAGEM LTDA Vice Presidente Alexandre Ferreira VICUNHA TEXTIL S\/A Vice Presidente Daniel [&hellip;]\" \/>\n<meta property=\"og:url\" content=\"https:\/\/sinditextilsp.org.br\/home\/quem-somos\/diretoria\/\" \/>\n<meta property=\"og:site_name\" content=\"Sindit\u00eaxtil-SP\" \/>\n<meta property=\"article:publisher\" content=\"https:\/\/www.facebook.com\/sinditextilsp\" \/>\n<meta property=\"article:modified_time\" content=\"2026-03-12T19:06:33+00:00\" \/>\n<meta name=\"twitter:card\" content=\"summary_large_image\" \/>\n<meta name=\"twitter:site\" content=\"@SinditextilSP\" \/>\n<meta name=\"twitter:label1\" content=\"Est. tempo de leitura\" \/>\n\t<meta name=\"twitter:data1\" content=\"4 minutos\" \/>\n<script type=\"application\/ld+json\" class=\"yoast-schema-graph\">{\"@context\":\"https:\/\/schema.org\",\"@graph\":[{\"@type\":\"WebPage\",\"@id\":\"https:\/\/sinditextilsp.org.br\/home\/quem-somos\/diretoria\/\",\"url\":\"https:\/\/sinditextilsp.org.br\/home\/quem-somos\/diretoria\/\",\"name\":\"Diretoria - Sindit\u00eaxtil-SP\",\"isPartOf\":{\"@id\":\"https:\/\/sinditextilsp.org.br\/home\/#website\"},\"datePublished\":\"2021-07-14T00:07:42+00:00\",\"dateModified\":\"2026-03-12T19:06:33+00:00\",\"breadcrumb\":{\"@id\":\"https:\/\/sinditextilsp.org.br\/home\/quem-somos\/diretoria\/#breadcrumb\"},\"inLanguage\":\"pt-BR\",\"potentialAction\":[{\"@type\":\"ReadAction\",\"target\":[\"https:\/\/sinditextilsp.org.br\/home\/quem-somos\/diretoria\/\"]}]},{\"@type\":\"BreadcrumbList\",\"@id\":\"https:\/\/sinditextilsp.org.br\/home\/quem-somos\/diretoria\/#breadcrumb\",\"itemListElement\":[{\"@type\":\"ListItem\",\"position\":1,\"name\":\"In\u00edcio\",\"item\":\"https:\/\/sinditextilsp.org.br\/home\/\"},{\"@type\":\"ListItem\",\"position\":2,\"name\":\"Quem Somos\",\"item\":\"https:\/\/sinditextilsp.org.br\/home\/quem-somos\/\"},{\"@type\":\"ListItem\",\"position\":3,\"name\":\"Diretoria\"}]},{\"@type\":\"WebSite\",\"@id\":\"https:\/\/sinditextilsp.org.br\/home\/#website\",\"url\":\"https:\/\/sinditextilsp.org.br\/home\/\",\"name\":\"Sindit\u00eaxtil-SP\",\"description\":\"Sindicato T\u00eaxtil de S\u00e3o Paulo\",\"potentialAction\":[{\"@type\":\"SearchAction\",\"target\":{\"@type\":\"EntryPoint\",\"urlTemplate\":\"https:\/\/sinditextilsp.org.br\/home\/?s={search_term_string}\"},\"query-input\":\"required name=search_term_string\"}],\"inLanguage\":\"pt-BR\"}]}<\/script>\n<!-- \/ Yoast SEO plugin. -->","yoast_head_json":{"title":"Diretoria - Sindit\u00eaxtil-SP","robots":{"index":"index","follow":"follow","max-snippet":"max-snippet:-1","max-image-preview":"max-image-preview:large","max-video-preview":"max-video-preview:-1"},"canonical":"https:\/\/sinditextilsp.org.br\/home\/quem-somos\/diretoria\/","og_locale":"pt_BR","og_type":"article","og_title":"Diretoria - Sindit\u00eaxtil-SP","og_description":"Diretoria Tabela de Cargos e Empresas CARGO NOME EMPRESA Presidente Luiz Arthur Pacheco de Castro PARAMOUNT T\u00caXTEIS IND\u00daSTRIA E COM\u00c9RCIO SA 1\u00ba Vice-Presidente Oswaldo Oliveira Filho ROSSET &#038; CIA LTDA 2\u00ba Vice-Presidente Romeu Antonio Covolan T\u00caXTIL CANATIBA LTDA 3\u00ba Vice-Presidente Alessandro Pascolato SANTACONSTANCIA TECELAGEM LTDA Vice Presidente Alexandre Ferreira VICUNHA TEXTIL S\/A Vice Presidente Daniel [&hellip;]","og_url":"https:\/\/sinditextilsp.org.br\/home\/quem-somos\/diretoria\/","og_site_name":"Sindit\u00eaxtil-SP","article_publisher":"https:\/\/www.facebook.com\/sinditextilsp","article_modified_time":"2026-03-12T19:06:33+00:00","twitter_card":"summary_large_image","twitter_site":"@SinditextilSP","twitter_misc":{"Est. tempo de leitura":"4 minutos"},"schema":{"@context":"https:\/\/schema.org","@graph":[{"@type":"WebPage","@id":"https:\/\/sinditextilsp.org.br\/home\/quem-somos\/diretoria\/","url":"https:\/\/sinditextilsp.org.br\/home\/quem-somos\/diretoria\/","name":"Diretoria - Sindit\u00eaxtil-SP","isPartOf":{"@id":"https:\/\/sinditextilsp.org.br\/home\/#website"},"datePublished":"2021-07-14T00:07:42+00:00","dateModified":"2026-03-12T19:06:33+00:00","breadcrumb":{"@id":"https:\/\/sinditextilsp.org.br\/home\/quem-somos\/diretoria\/#breadcrumb"},"inLanguage":"pt-BR","potentialAction":[{"@type":"ReadAction","target":["https:\/\/sinditextilsp.org.br\/home\/quem-somos\/diretoria\/"]}]},{"@type":"BreadcrumbList","@id":"https:\/\/sinditextilsp.org.br\/home\/quem-somos\/diretoria\/#breadcrumb","itemListElement":[{"@type":"ListItem","position":1,"name":"In\u00edcio","item":"https:\/\/sinditextilsp.org.br\/home\/"},{"@type":"ListItem","position":2,"name":"Quem Somos","item":"https:\/\/sinditextilsp.org.br\/home\/quem-somos\/"},{"@type":"ListItem","position":3,"name":"Diretoria"}]},{"@type":"WebSite","@id":"https:\/\/sinditextilsp.org.br\/home\/#website","url":"https:\/\/sinditextilsp.org.br\/home\/","name":"Sindit\u00eaxtil-SP","description":"Sindicato T\u00eaxtil de S\u00e3o Paulo","potentialAction":[{"@type":"SearchAction","target":{"@type":"EntryPoint","urlTemplate":"https:\/\/sinditextilsp.org.br\/home\/?s={search_term_string}"},"query-input":"required name=search_term_string"}],"inLanguage":"pt-BR"}]}},"_links":{"self":[{"href":"https:\/\/sinditextilsp.org.br\/home\/wp-json\/wp\/v2\/pages\/299","targetHints":{"allow":["GET"]}}],"collection":[{"href":"https:\/\/sinditextilsp.org.br\/home\/wp-json\/wp\/v2\/pages"}],"about":[{"href":"https:\/\/sinditextilsp.org.br\/home\/wp-json\/wp\/v2\/types\/page"}],"author":[{"embeddable":true,"href":"https:\/\/sinditextilsp.org.br\/home\/wp-json\/wp\/v2\/users\/2"}],"replies":[{"embeddable":true,"href":"https:\/\/sinditextilsp.org.br\/home\/wp-json\/wp\/v2\/comments?post=299"}],"version-history":[{"count":28,"href":"https:\/\/sinditextilsp.org.br\/home\/wp-json\/wp\/v2\/pages\/299\/revisions"}],"predecessor-version":[{"id":10128,"href":"https:\/\/sinditextilsp.org.br\/home\/wp-json\/wp\/v2\/pages\/299\/revisions\/10128"}],"up":[{"embeddable":true,"href":"https:\/\/sinditextilsp.org.br\/home\/wp-json\/wp\/v2\/pages\/93"}],"wp:attachment":[{"href":"https:\/\/sinditextilsp.org.br\/home\/wp-json\/wp\/v2\/media?parent=299"}],"curies":[{"name":"wp","href":"https:\/\/api.w.org\/{rel}","templated":true}]}}