{"id":305,"date":"2021-07-13T21:18:58","date_gmt":"2021-07-14T00:18:58","guid":{"rendered":"https:\/\/dev.sinditextilsp.org.br\/home\/?page_id=305"},"modified":"2025-05-22T14:59:41","modified_gmt":"2025-05-22T17:59:41","slug":"comites-de-trabalho","status":"publish","type":"page","link":"https:\/\/sinditextilsp.org.br\/home\/quem-somos\/comites-de-trabalho\/","title":{"rendered":"Comit\u00eas de Trabalho"},"content":{"rendered":"\t\t<div data-elementor-type=\"wp-page\" data-elementor-id=\"305\" class=\"elementor elementor-305\" data-elementor-settings=\"[]\">\r\n\t\t\t\t\t\t\t<div class=\"elementor-section-wrap\">\r\n\t\t\t\t\t\t\t<section class=\"elementor-section elementor-top-section elementor-element elementor-element-6460adf elementor-section-boxed elementor-section-height-default elementor-section-height-default\" data-id=\"6460adf\" data-element_type=\"section\">\r\n\t\t\t\t\t\t<div class=\"elementor-container elementor-column-gap-default\">\r\n\t\t\t\t\t<div class=\"elementor-column elementor-col-100 elementor-top-column elementor-element elementor-element-26dc457\" data-id=\"26dc457\" data-element_type=\"column\">\r\n\t\t\t<div class=\"elementor-widget-wrap elementor-element-populated\">\r\n\t\t\t\t\t\t\t\t<div class=\"elementor-element elementor-element-c607962 elementor-widget elementor-widget-heading\" data-id=\"c607962\" data-element_type=\"widget\" data-widget_type=\"heading.default\">\r\n\t\t\t\t<div class=\"elementor-widget-container\">\r\n\t\t\t<h2 class=\"elementor-heading-title elementor-size-default\">Comit\u00eas de Trabalho<\/h2>\t\t<\/div>\r\n\t\t\t\t<\/div>\r\n\t\t\t\t\t<\/div>\r\n\t\t<\/div>\r\n\t\t\t\t\t\t\t<\/div>\r\n\t\t<\/section>\r\n\t\t\t\t<section class=\"elementor-section elementor-top-section elementor-element elementor-element-0b980d5 elementor-section-boxed elementor-section-height-default elementor-section-height-default\" data-id=\"0b980d5\" data-element_type=\"section\">\r\n\t\t\t\t\t\t<div class=\"elementor-container elementor-column-gap-default\">\r\n\t\t\t\t\t<div class=\"elementor-column elementor-col-100 elementor-top-column elementor-element elementor-element-2031609\" data-id=\"2031609\" data-element_type=\"column\">\r\n\t\t\t<div class=\"elementor-widget-wrap elementor-element-populated\">\r\n\t\t\t\t\t\t\t\t<div class=\"elementor-element elementor-element-5ce10a5 elementor-widget elementor-widget-text-editor\" data-id=\"5ce10a5\" data-element_type=\"widget\" data-widget_type=\"text-editor.default\">\r\n\t\t\t\t<div class=\"elementor-widget-container\">\r\n\t\t\t\t\t\t\t\t<ul class=\"ak-ul\" data-indent-level=\"1\"><li><p data-renderer-start-pos=\"172\"><strong data-renderer-mark=\"true\">Comit\u00ea de Sustentabilidade<\/strong><\/p><\/li><li><p data-renderer-start-pos=\"202\"><strong data-renderer-mark=\"true\">Comit\u00ea de Tecnologia e Transforma\u00e7\u00e3o do setor T\u00eaxtil e de Moda<\/strong><\/p><\/li><li><p data-renderer-start-pos=\"269\"><strong data-renderer-mark=\"true\">Comit\u00ea de malharia Circular<\/strong><\/p><\/li><li><p data-renderer-start-pos=\"300\"><strong data-renderer-mark=\"true\">Comit\u00ea de Cameba<\/strong><\/p><\/li><li><p data-renderer-start-pos=\"320\"><strong data-renderer-mark=\"true\">Comit\u00ea de Qu\u00edmica T\u00eaxtil e Estamparia Digital<\/strong><\/p><\/li><li><p data-renderer-start-pos=\"369\"><strong data-renderer-mark=\"true\">Comit\u00ea de Tecidos de Decora\u00e7\u00e3o<\/strong><\/p><\/li><li><p data-renderer-start-pos=\"403\"><strong data-renderer-mark=\"true\">Comit\u00ea de Fia\u00e7\u00e3o de Algod\u00e3o<\/strong><\/p><\/li><li><p data-renderer-start-pos=\"434\"><strong data-renderer-mark=\"true\">Comit\u00ea da Cadeia Produtiva do Algod\u00e3o<\/strong><\/p><\/li><li><p data-renderer-start-pos=\"475\"><strong data-renderer-mark=\"true\">Comit\u00ea de Roupas Profissionais<\/strong><\/p><\/li><li><p data-renderer-start-pos=\"509\"><strong data-renderer-mark=\"true\">Comit\u00ea de Produtores de Vestu\u00e1rio<\/strong><\/p><\/li><li><p data-renderer-start-pos=\"546\"><strong data-renderer-mark=\"true\">Comit\u00ea de Linhas de Costura<\/strong><\/p><\/li><li><p data-renderer-start-pos=\"577\"><strong data-renderer-mark=\"true\">Comit\u00ea de Denim e Sarja<\/strong><\/p><\/li><li><p data-renderer-start-pos=\"604\"><strong data-renderer-mark=\"true\">Comit\u00ea de Texturizadores<\/strong><\/p><\/li><li><p data-renderer-start-pos=\"632\"><strong data-renderer-mark=\"true\">Comit\u00ea Multissetorial de Rela\u00e7\u00f5es Trabalhistas e Compliance<\/strong><\/p><\/li><li><p data-renderer-start-pos=\"695\"><strong data-renderer-mark=\"true\">Comit\u00ea Tribut\u00e1rio<\/strong><\/p><\/li><li><p data-renderer-start-pos=\"716\"><strong data-renderer-mark=\"true\">Uniformes Corporativos<\/strong><\/p><\/li><li><p data-renderer-start-pos=\"742\"><strong data-renderer-mark=\"true\">Tapetes Carpetes e Capachos<\/strong><\/p><\/li><li><p data-renderer-start-pos=\"773\"><strong data-renderer-mark=\"true\">Comit\u00ea Fio Multifilamento \u2013 Polipropileno<\/strong><\/p><\/li><\/ul>\t\t\t\t\t\t<\/div>\r\n\t\t\t\t<\/div>\r\n\t\t\t\t\t<\/div>\r\n\t\t<\/div>\r\n\t\t\t\t\t\t\t<\/div>\r\n\t\t<\/section>\r\n\t\t\t\t<section class=\"elementor-section elementor-top-section elementor-element elementor-element-d0bd1fe elementor-hidden-desktop elementor-hidden-tablet elementor-hidden-phone elementor-section-boxed elementor-section-height-default elementor-section-height-default\" data-id=\"d0bd1fe\" data-element_type=\"section\">\r\n\t\t\t\t\t\t<div class=\"elementor-container elementor-column-gap-default\">\r\n\t\t\t\t\t<div class=\"elementor-column elementor-col-100 elementor-top-column elementor-element elementor-element-960a51a\" data-id=\"960a51a\" data-element_type=\"column\">\r\n\t\t\t<div class=\"elementor-widget-wrap elementor-element-populated\">\r\n\t\t\t\t\t\t\t\t<div class=\"elementor-element elementor-element-2c274ed elementor-widget elementor-widget-text-editor\" data-id=\"2c274ed\" data-element_type=\"widget\" data-widget_type=\"text-editor.default\">\r\n\t\t\t\t<div class=\"elementor-widget-container\">\r\n\t\t\t\t\t\t\t\t<p>Com o objetivo de estimular o desenvolvimento de estudos e propostas sobre diferentes temas que t\u00eam rela\u00e7\u00e3o direta com o setor t\u00eaxtil paulista e brasileiro, o presidente do Sindit\u00eaxtil-SP, Alfredo Em\u00edlio Bonduki, criou diversos Comit\u00eas de Trabalho. Conhe\u00e7a quais s\u00e3o, os coordenadores e os seus respectivos participantes:<\/p><p><strong>TRIBUT\u00c1RIO<\/strong><br \/>Coordenador: Oswaldo Oliveira Filho<br \/>Participantes: \u00a0Daniela Miranda, Benedito Kubagawa, Fabio Cotait, Eduardo Cintra, Luiz Arthur Pacheco, Reinaldo Guerrero, Rafael Gasparello, Luiz Abreu e Elias Bernardo.\u00a0<\/p><p><strong>SUSTENTABILIDADE E MEIO AMBIENTE<\/strong><br \/>Coordenadores:\u00a0Lourival Santos Flor<br \/>Participantes: \u00a0Alessandro Pascolato, Eduardo San Martin, Mario Roberto Galardo e Humberto Sabino.\u00a0<\/p><p><strong>COM\u00c9RCIO EXTERIOR<\/strong><br \/>Coordenador: Alessandro Pascolato<br \/>Participantes: \u00a0Eduardo Cintra, Ramiro Sanchez Palma \u00a0e Renato Jardim<\/p><p><strong>PATRIM\u00d4NIO<\/strong><br \/>Coordenador: Fernando Tanus Nazar<br \/>Participantes: \u00a0Luiz Arthur Pacheco de Castro e Paulo Vieira<\/p><p><strong>SINDICAL E TRABALHISTA<\/strong><br \/>Coordenadores: Julio Maximiano Scudeler Neto\u00a0<br \/>Participantes: \u00a0Aldo Pereira Peixoto, Alexandre Martinho, Ant\u00f4nio Takao Amano, Carlos Roberto Vessoni, Elaine Vilar, Fabiana Gabriel, Fabio Cotait, Jos\u00e9 Rom\u00e3o de Melo, Luis Carlso Venturini,\u00a0Arthur Pacheco de Castro, Luiz Gustavo de Matos Abreu, Marcos Luis Loreto, Maristela Camandona. Paulo Rocco, Oswaldo de Oliveira, Jo\u00e3o Miguel Jacob Filho, Alfredo Bonduki, Gisele D&#8217; Belo, Marcos Loreto, Romeu Covolan e Paulo Walter.\u00a0<\/p><p><strong>EXPANS\u00c3O, PRODUTOS E SERVI\u00c7OS<\/strong><br \/>Coordenadora: Marielza Milani<br \/>Participantes: \u00a0Ramiro Sanchez Palma e Rog\u00e9rio da Concei\u00e7\u00e3o de Melo<\/p><p><strong>RESPONSABILIDADE SOCIAL<\/strong><br \/>Coordenador: Rog\u00e9rio da Concei\u00e7\u00e3o de Melo \u00a0<br \/>Participantes: \u00a0Marcos Alexandre Dini, Marielza Milani e Ramiro Sanchez Palma\u00a0<\/p>\t\t\t\t\t\t<\/div>\r\n\t\t\t\t<\/div>\r\n\t\t\t\t\t<\/div>\r\n\t\t<\/div>\r\n\t\t\t\t\t\t\t<\/div>\r\n\t\t<\/section>\r\n\t\t\t\t\t\t<\/div>\r\n\t\t\t\t\t<\/div>\r\n\t\t","protected":false},"excerpt":{"rendered":"<p>Comit\u00eas de Trabalho Comit\u00ea de Sustentabilidade Comit\u00ea de Tecnologia e Transforma\u00e7\u00e3o do setor T\u00eaxtil e de Moda Comit\u00ea de malharia Circular Comit\u00ea de Cameba Comit\u00ea de Qu\u00edmica T\u00eaxtil e Estamparia Digital Comit\u00ea de Tecidos de Decora\u00e7\u00e3o Comit\u00ea de Fia\u00e7\u00e3o de Algod\u00e3o Comit\u00ea da Cadeia Produtiva do Algod\u00e3o Comit\u00ea de Roupas Profissionais Comit\u00ea de Produtores de [&hellip;]<\/p>\n","protected":false},"author":2,"featured_media":0,"parent":93,"menu_order":0,"comment_status":"closed","ping_status":"closed","template":"elementor_theme","meta":{"footnotes":""},"class_list":["post-305","page","type-page","status-publish","hentry"],"yoast_head":"<!-- This site is optimized with the Yoast SEO plugin v22.8 - https:\/\/yoast.com\/wordpress\/plugins\/seo\/ -->\n<title>Comit\u00eas de Trabalho - Sindit\u00eaxtil-SP<\/title>\n<meta name=\"robots\" content=\"index, follow, max-snippet:-1, max-image-preview:large, max-video-preview:-1\" \/>\n<link rel=\"canonical\" href=\"https:\/\/sinditextilsp.org.br\/home\/quem-somos\/comites-de-trabalho\/\" \/>\n<meta property=\"og:locale\" content=\"pt_BR\" \/>\n<meta property=\"og:type\" content=\"article\" \/>\n<meta property=\"og:title\" content=\"Comit\u00eas de Trabalho - Sindit\u00eaxtil-SP\" \/>\n<meta property=\"og:description\" content=\"Comit\u00eas de Trabalho Comit\u00ea de Sustentabilidade Comit\u00ea de Tecnologia e Transforma\u00e7\u00e3o do setor T\u00eaxtil e de Moda Comit\u00ea de malharia Circular Comit\u00ea de Cameba Comit\u00ea de Qu\u00edmica T\u00eaxtil e Estamparia Digital Comit\u00ea de Tecidos de Decora\u00e7\u00e3o Comit\u00ea de Fia\u00e7\u00e3o de Algod\u00e3o Comit\u00ea da Cadeia Produtiva do Algod\u00e3o Comit\u00ea de Roupas Profissionais Comit\u00ea de Produtores de [&hellip;]\" \/>\n<meta property=\"og:url\" content=\"https:\/\/sinditextilsp.org.br\/home\/quem-somos\/comites-de-trabalho\/\" \/>\n<meta property=\"og:site_name\" content=\"Sindit\u00eaxtil-SP\" \/>\n<meta property=\"article:publisher\" content=\"https:\/\/www.facebook.com\/sinditextilsp\" \/>\n<meta property=\"article:modified_time\" content=\"2025-05-22T17:59:41+00:00\" \/>\n<meta name=\"twitter:card\" content=\"summary_large_image\" \/>\n<meta name=\"twitter:site\" content=\"@SinditextilSP\" \/>\n<meta name=\"twitter:label1\" content=\"Est. tempo de leitura\" \/>\n\t<meta name=\"twitter:data1\" content=\"2 minutos\" \/>\n<script type=\"application\/ld+json\" class=\"yoast-schema-graph\">{\"@context\":\"https:\/\/schema.org\",\"@graph\":[{\"@type\":\"WebPage\",\"@id\":\"https:\/\/sinditextilsp.org.br\/home\/quem-somos\/comites-de-trabalho\/\",\"url\":\"https:\/\/sinditextilsp.org.br\/home\/quem-somos\/comites-de-trabalho\/\",\"name\":\"Comit\u00eas de Trabalho - Sindit\u00eaxtil-SP\",\"isPartOf\":{\"@id\":\"https:\/\/sinditextilsp.org.br\/home\/#website\"},\"datePublished\":\"2021-07-14T00:18:58+00:00\",\"dateModified\":\"2025-05-22T17:59:41+00:00\",\"breadcrumb\":{\"@id\":\"https:\/\/sinditextilsp.org.br\/home\/quem-somos\/comites-de-trabalho\/#breadcrumb\"},\"inLanguage\":\"pt-BR\",\"potentialAction\":[{\"@type\":\"ReadAction\",\"target\":[\"https:\/\/sinditextilsp.org.br\/home\/quem-somos\/comites-de-trabalho\/\"]}]},{\"@type\":\"BreadcrumbList\",\"@id\":\"https:\/\/sinditextilsp.org.br\/home\/quem-somos\/comites-de-trabalho\/#breadcrumb\",\"itemListElement\":[{\"@type\":\"ListItem\",\"position\":1,\"name\":\"In\u00edcio\",\"item\":\"https:\/\/sinditextilsp.org.br\/home\/\"},{\"@type\":\"ListItem\",\"position\":2,\"name\":\"Quem Somos\",\"item\":\"https:\/\/sinditextilsp.org.br\/home\/quem-somos\/\"},{\"@type\":\"ListItem\",\"position\":3,\"name\":\"Comit\u00eas de Trabalho\"}]},{\"@type\":\"WebSite\",\"@id\":\"https:\/\/sinditextilsp.org.br\/home\/#website\",\"url\":\"https:\/\/sinditextilsp.org.br\/home\/\",\"name\":\"Sindit\u00eaxtil-SP\",\"description\":\"Sindicato T\u00eaxtil de S\u00e3o Paulo\",\"potentialAction\":[{\"@type\":\"SearchAction\",\"target\":{\"@type\":\"EntryPoint\",\"urlTemplate\":\"https:\/\/sinditextilsp.org.br\/home\/?s={search_term_string}\"},\"query-input\":\"required name=search_term_string\"}],\"inLanguage\":\"pt-BR\"}]}<\/script>\n<!-- \/ Yoast SEO plugin. -->","yoast_head_json":{"title":"Comit\u00eas de Trabalho - Sindit\u00eaxtil-SP","robots":{"index":"index","follow":"follow","max-snippet":"max-snippet:-1","max-image-preview":"max-image-preview:large","max-video-preview":"max-video-preview:-1"},"canonical":"https:\/\/sinditextilsp.org.br\/home\/quem-somos\/comites-de-trabalho\/","og_locale":"pt_BR","og_type":"article","og_title":"Comit\u00eas de Trabalho - Sindit\u00eaxtil-SP","og_description":"Comit\u00eas de Trabalho Comit\u00ea de Sustentabilidade Comit\u00ea de Tecnologia e Transforma\u00e7\u00e3o do setor T\u00eaxtil e de Moda Comit\u00ea de malharia Circular Comit\u00ea de Cameba Comit\u00ea de Qu\u00edmica T\u00eaxtil e Estamparia Digital Comit\u00ea de Tecidos de Decora\u00e7\u00e3o Comit\u00ea de Fia\u00e7\u00e3o de Algod\u00e3o Comit\u00ea da Cadeia Produtiva do Algod\u00e3o Comit\u00ea de Roupas Profissionais Comit\u00ea de Produtores de [&hellip;]","og_url":"https:\/\/sinditextilsp.org.br\/home\/quem-somos\/comites-de-trabalho\/","og_site_name":"Sindit\u00eaxtil-SP","article_publisher":"https:\/\/www.facebook.com\/sinditextilsp","article_modified_time":"2025-05-22T17:59:41+00:00","twitter_card":"summary_large_image","twitter_site":"@SinditextilSP","twitter_misc":{"Est. tempo de leitura":"2 minutos"},"schema":{"@context":"https:\/\/schema.org","@graph":[{"@type":"WebPage","@id":"https:\/\/sinditextilsp.org.br\/home\/quem-somos\/comites-de-trabalho\/","url":"https:\/\/sinditextilsp.org.br\/home\/quem-somos\/comites-de-trabalho\/","name":"Comit\u00eas de Trabalho - Sindit\u00eaxtil-SP","isPartOf":{"@id":"https:\/\/sinditextilsp.org.br\/home\/#website"},"datePublished":"2021-07-14T00:18:58+00:00","dateModified":"2025-05-22T17:59:41+00:00","breadcrumb":{"@id":"https:\/\/sinditextilsp.org.br\/home\/quem-somos\/comites-de-trabalho\/#breadcrumb"},"inLanguage":"pt-BR","potentialAction":[{"@type":"ReadAction","target":["https:\/\/sinditextilsp.org.br\/home\/quem-somos\/comites-de-trabalho\/"]}]},{"@type":"BreadcrumbList","@id":"https:\/\/sinditextilsp.org.br\/home\/quem-somos\/comites-de-trabalho\/#breadcrumb","itemListElement":[{"@type":"ListItem","position":1,"name":"In\u00edcio","item":"https:\/\/sinditextilsp.org.br\/home\/"},{"@type":"ListItem","position":2,"name":"Quem Somos","item":"https:\/\/sinditextilsp.org.br\/home\/quem-somos\/"},{"@type":"ListItem","position":3,"name":"Comit\u00eas de Trabalho"}]},{"@type":"WebSite","@id":"https:\/\/sinditextilsp.org.br\/home\/#website","url":"https:\/\/sinditextilsp.org.br\/home\/","name":"Sindit\u00eaxtil-SP","description":"Sindicato T\u00eaxtil de S\u00e3o Paulo","potentialAction":[{"@type":"SearchAction","target":{"@type":"EntryPoint","urlTemplate":"https:\/\/sinditextilsp.org.br\/home\/?s={search_term_string}"},"query-input":"required name=search_term_string"}],"inLanguage":"pt-BR"}]}},"_links":{"self":[{"href":"https:\/\/sinditextilsp.org.br\/home\/wp-json\/wp\/v2\/pages\/305","targetHints":{"allow":["GET"]}}],"collection":[{"href":"https:\/\/sinditextilsp.org.br\/home\/wp-json\/wp\/v2\/pages"}],"about":[{"href":"https:\/\/sinditextilsp.org.br\/home\/wp-json\/wp\/v2\/types\/page"}],"author":[{"embeddable":true,"href":"https:\/\/sinditextilsp.org.br\/home\/wp-json\/wp\/v2\/users\/2"}],"replies":[{"embeddable":true,"href":"https:\/\/sinditextilsp.org.br\/home\/wp-json\/wp\/v2\/comments?post=305"}],"version-history":[{"count":13,"href":"https:\/\/sinditextilsp.org.br\/home\/wp-json\/wp\/v2\/pages\/305\/revisions"}],"predecessor-version":[{"id":8298,"href":"https:\/\/sinditextilsp.org.br\/home\/wp-json\/wp\/v2\/pages\/305\/revisions\/8298"}],"up":[{"embeddable":true,"href":"https:\/\/sinditextilsp.org.br\/home\/wp-json\/wp\/v2\/pages\/93"}],"wp:attachment":[{"href":"https:\/\/sinditextilsp.org.br\/home\/wp-json\/wp\/v2\/media?parent=305"}],"curies":[{"name":"wp","href":"https:\/\/api.w.org\/{rel}","templated":true}]}}