{"id":314,"date":"2021-07-13T21:22:21","date_gmt":"2021-07-14T00:22:21","guid":{"rendered":"https:\/\/dev.sinditextilsp.org.br\/home\/?page_id=314"},"modified":"2025-05-21T07:13:22","modified_gmt":"2025-05-21T10:13:22","slug":"central-de-servicos","status":"publish","type":"page","link":"https:\/\/sinditextilsp.org.br\/home\/quem-somos\/central-de-servicos\/","title":{"rendered":"Central de Servi\u00e7os"},"content":{"rendered":"\t\t<div data-elementor-type=\"wp-page\" data-elementor-id=\"314\" class=\"elementor elementor-314\" data-elementor-settings=\"[]\">\r\n\t\t\t\t\t\t\t<div class=\"elementor-section-wrap\">\r\n\t\t\t\t\t\t\t<section class=\"elementor-section elementor-top-section elementor-element elementor-element-6460adf elementor-section-boxed elementor-section-height-default elementor-section-height-default\" data-id=\"6460adf\" data-element_type=\"section\">\r\n\t\t\t\t\t\t<div class=\"elementor-container elementor-column-gap-default\">\r\n\t\t\t\t\t<div class=\"elementor-column elementor-col-100 elementor-top-column elementor-element elementor-element-26dc457\" data-id=\"26dc457\" data-element_type=\"column\">\r\n\t\t\t<div class=\"elementor-widget-wrap elementor-element-populated\">\r\n\t\t\t\t\t\t\t\t<div class=\"elementor-element elementor-element-c607962 elementor-widget elementor-widget-heading\" data-id=\"c607962\" data-element_type=\"widget\" data-widget_type=\"heading.default\">\r\n\t\t\t\t<div class=\"elementor-widget-container\">\r\n\t\t\t<h2 class=\"elementor-heading-title elementor-size-default\">Central de Servi\u00e7os<\/h2>\t\t<\/div>\r\n\t\t\t\t<\/div>\r\n\t\t\t\t\t<\/div>\r\n\t\t<\/div>\r\n\t\t\t\t\t\t\t<\/div>\r\n\t\t<\/section>\r\n\t\t\t\t<section class=\"elementor-section elementor-top-section elementor-element elementor-element-0b980d5 elementor-section-boxed elementor-section-height-default elementor-section-height-default\" data-id=\"0b980d5\" data-element_type=\"section\">\r\n\t\t\t\t\t\t<div class=\"elementor-container elementor-column-gap-default\">\r\n\t\t\t\t\t<div class=\"elementor-column elementor-col-100 elementor-top-column elementor-element elementor-element-2031609\" data-id=\"2031609\" data-element_type=\"column\">\r\n\t\t\t<div class=\"elementor-widget-wrap elementor-element-populated\">\r\n\t\t\t\t\t\t\t\t<div class=\"elementor-element elementor-element-b1db128 elementor-tabs-view-vertical elementor-widget elementor-widget-tabs\" data-id=\"b1db128\" data-element_type=\"widget\" data-widget_type=\"tabs.default\">\r\n\t\t\t\t<div class=\"elementor-widget-container\">\r\n\t\t\t\t\t<div class=\"elementor-tabs\">\r\n\t\t\t<div class=\"elementor-tabs-wrapper\" role=\"tablist\" >\r\n\t\t\t\t\t\t\t\t\t<div id=\"elementor-tab-title-1861\" class=\"elementor-tab-title elementor-tab-desktop-title\" aria-selected=\"true\" data-tab=\"1\" role=\"tab\" tabindex=\"0\" aria-controls=\"elementor-tab-content-1861\" aria-expanded=\"false\">Com\u00e9rcio Exterior<\/div>\r\n\t\t\t\t\t\t\t\t\t<div id=\"elementor-tab-title-1862\" class=\"elementor-tab-title elementor-tab-desktop-title\" aria-selected=\"false\" data-tab=\"2\" role=\"tab\" tabindex=\"-1\" aria-controls=\"elementor-tab-content-1862\" aria-expanded=\"false\">Comunica\u00e7\u00e3o<\/div>\r\n\t\t\t\t\t\t\t\t\t<div id=\"elementor-tab-title-1863\" class=\"elementor-tab-title elementor-tab-desktop-title\" aria-selected=\"false\" data-tab=\"3\" role=\"tab\" tabindex=\"-1\" aria-controls=\"elementor-tab-content-1863\" aria-expanded=\"false\">Economia<\/div>\r\n\t\t\t\t\t\t\t\t\t<div id=\"elementor-tab-title-1864\" class=\"elementor-tab-title elementor-tab-desktop-title\" aria-selected=\"false\" data-tab=\"4\" role=\"tab\" tabindex=\"-1\" aria-controls=\"elementor-tab-content-1864\" aria-expanded=\"false\">Tecnologia e Inova\u00e7\u00e3o<\/div>\r\n\t\t\t\t\t\t\t\t\t<div id=\"elementor-tab-title-1865\" class=\"elementor-tab-title elementor-tab-desktop-title\" aria-selected=\"false\" data-tab=\"5\" role=\"tab\" tabindex=\"-1\" aria-controls=\"elementor-tab-content-1865\" aria-expanded=\"false\">Jur\u00eddico<\/div>\r\n\t\t\t\t\t\t\t\t\t<div id=\"elementor-tab-title-1866\" class=\"elementor-tab-title elementor-tab-desktop-title\" aria-selected=\"false\" data-tab=\"6\" role=\"tab\" tabindex=\"-1\" aria-controls=\"elementor-tab-content-1866\" aria-expanded=\"false\">Rela\u00e7\u00f5es Institucionais<\/div>\r\n\t\t\t\t\t\t\t\t\t<div id=\"elementor-tab-title-1867\" class=\"elementor-tab-title elementor-tab-desktop-title\" aria-selected=\"false\" data-tab=\"7\" role=\"tab\" tabindex=\"-1\" aria-controls=\"elementor-tab-content-1867\" aria-expanded=\"false\">Relacionamento<\/div>\r\n\t\t\t\t\t\t\t<\/div>\r\n\t\t\t<div class=\"elementor-tabs-content-wrapper\" role=\"tablist\" aria-orientation=\"vertical\">\r\n\t\t\t\t\t\t\t\t\t<div class=\"elementor-tab-title elementor-tab-mobile-title\" aria-selected=\"true\" data-tab=\"1\" role=\"tab\" tabindex=\"0\" aria-controls=\"elementor-tab-content-1861\" aria-expanded=\"false\">Com\u00e9rcio Exterior<\/div>\r\n\t\t\t\t\t<div id=\"elementor-tab-content-1861\" class=\"elementor-tab-content elementor-clearfix\" data-tab=\"1\" role=\"tabpanel\" aria-labelledby=\"elementor-tab-title-1861\" tabindex=\"0\" hidden=\"false\"><p>Atua na defesa da ind\u00fastria t\u00eaxtil e de confec\u00e7\u00e3o, monitorando o fluxo do com\u00e9rcio mundial do setor, apontando poss\u00edveis irregularidades para os \u00f3rg\u00e3os governamentais respons\u00e1veis pelas importa\u00e7\u00f5es e exporta\u00e7\u00f5es brasileiras. Em coopera\u00e7\u00e3o com o Minist\u00e9rio do Desenvolvimento, Ind\u00fastria e Com\u00e9rcio Exterior (MDIC) e Minist\u00e9rio das Rela\u00e7\u00f5es Exteriores (MRE), participa de Acordos e Negocia\u00e7\u00f5es Internacionais no \u00e2mbito do Mercosul, OMC e outros foros.<\/p><p><strong>O departamento de Com\u00e9rcio Exterior ainda elabora estat\u00edsticas sobre balan\u00e7a comercial, importa\u00e7\u00e3o, exporta\u00e7\u00e3o e consumo industrial. Para conhecer os dados atualizados, <a href=\"https:\/\/sinditextilsp.org.br\/home\/comercio-exterior\/\" rel=\"noopener\">visite a \u00e1rea de Com\u00e9rcio Exterior do site.\u00a0<\/a><\/strong><\/p><p><strong>Contato:<\/strong><\/p><p>Telefone: (11) 3823-6100<br \/>E-mail:\u00a0<a href=\"mailto:contato@sinditextilsp.org.br\">contato@sinditextilsp.org.br<\/a><\/p><\/div>\r\n\t\t\t\t\t\t\t\t\t<div class=\"elementor-tab-title elementor-tab-mobile-title\" aria-selected=\"false\" data-tab=\"2\" role=\"tab\" tabindex=\"-1\" aria-controls=\"elementor-tab-content-1862\" aria-expanded=\"false\">Comunica\u00e7\u00e3o<\/div>\r\n\t\t\t\t\t<div id=\"elementor-tab-content-1862\" class=\"elementor-tab-content elementor-clearfix\" data-tab=\"2\" role=\"tabpanel\" aria-labelledby=\"elementor-tab-title-1862\" tabindex=\"0\" hidden=\"hidden\">Divulga para os diversos p\u00fablicos estrat\u00e9gicos, como imprensa, profissionais do setor, autoridades e formadores de opini\u00e3o, not\u00edcias relevantes ao setor para tomada de decis\u00e3o e planejamento. Para tanto, a equipe mant\u00e9m atualizado o site Sindit\u00eaxtil-SP e suas m\u00eddias sociais, al\u00e9m publicar boletins eletr\u00f4nicos, jornal impresso e assessoria de imprensa. Para conhecer as mat\u00e9rias produzidas pela equipe de Comunica\u00e7\u00e3o,\u00a0<a class=\"css-1rn59kg\" title=\"https:\/\/sinditextilsp.org.br\/home\/noticias\/\" href=\"https:\/\/sinditextilsp.org.br\/home\/noticias\/\" data-testid=\"link-with-safety\" data-renderer-mark=\"true\"><strong data-renderer-mark=\"true\">acesse a \u00e1rea de Not\u00edcias do site<\/strong><\/a>. J\u00e1 para ver quais foram os ve\u00edculos que publicaram not\u00edcias sobre o Sindit\u00eaxtil-SP ou obter fotos da presid\u00eancia para download,\u00a0acesse a \u00e1rea Contato\/Imprensa no menu superior do site.\n<br><br>\n<strong data-renderer-mark=\"true\">Contato:<\/strong>\u00a0(11) 3823-6164 ou pelo e-mail\u00a0<a class=\"css-1rn59kg\" title=\"mailto:comunicacao@sinditextilsp.org.br\" href=\"mailto:comunicacao@sinditextilsp.org.br\" data-testid=\"link-with-safety\" data-renderer-mark=\"true\">comunicacao@sinditextilsp.org.br<\/a><\/div>\r\n\t\t\t\t\t\t\t\t\t<div class=\"elementor-tab-title elementor-tab-mobile-title\" aria-selected=\"false\" data-tab=\"3\" role=\"tab\" tabindex=\"-1\" aria-controls=\"elementor-tab-content-1863\" aria-expanded=\"false\">Economia<\/div>\r\n\t\t\t\t\t<div id=\"elementor-tab-content-1863\" class=\"elementor-tab-content elementor-clearfix\" data-tab=\"3\" role=\"tabpanel\" aria-labelledby=\"elementor-tab-title-1863\" tabindex=\"0\" hidden=\"hidden\"><p>Realiza acompanhamentos estat\u00edsticos da evolu\u00e7\u00e3o da cadeia t\u00eaxtil e de confec\u00e7\u00e3o em todos os seus segmentos e em diversas fontes, desenvolve estudos e proposi\u00e7\u00f5es das quest\u00f5es tribut\u00e1rias do setor e de confec\u00e7\u00e3o. Estabelece di\u00e1logo com as equipes t\u00e9cnicas dos Tr\u00eas Poderes em todas as esferas e faz pesquisas conjunturais, como a performance mensal de empregos e produ\u00e7\u00e3o industrial.<\/p><p>O departamento ainda elabora estat\u00edsticas sobre gera\u00e7\u00e3o de empregos do setor, infla\u00e7\u00e3o, faturamento e produ\u00e7\u00e3o.\u00a0<strong><a href=\"#\" rel=\"noopener\">Acesse os dados produzidos pela \u00e1rea de Economia.<\/a><\/strong><\/p><p><strong>Contato:<\/strong><\/p><p>Telefone: (11) 3823 6129<br \/>E-mail:\u00a0<a href=\"mailto:haroldo@sinditextilsp.org.br\" target=\"_blank\" rel=\"noopener\">haroldo@sinditextilsp.org.br<\/a><\/p><\/div>\r\n\t\t\t\t\t\t\t\t\t<div class=\"elementor-tab-title elementor-tab-mobile-title\" aria-selected=\"false\" data-tab=\"4\" role=\"tab\" tabindex=\"-1\" aria-controls=\"elementor-tab-content-1864\" aria-expanded=\"false\">Tecnologia e Inova\u00e7\u00e3o<\/div>\r\n\t\t\t\t\t<div id=\"elementor-tab-content-1864\" class=\"elementor-tab-content elementor-clearfix\" data-tab=\"4\" role=\"tabpanel\" aria-labelledby=\"elementor-tab-title-1864\" tabindex=\"0\" hidden=\"hidden\"><p>Colabora na promo\u00e7\u00e3o da melhoria cont\u00ednua de competitividade da cadeia t\u00eaxtil paulista por meio da capacita\u00e7\u00e3o tecnol\u00f3gica, qualidade, infraestrutura e meio ambiente. O departamento estimula a educa\u00e7\u00e3o para o trabalho, assist\u00eancia t\u00e9cnica e difus\u00e3o da tecnologia. Em parceria com a Confedera\u00e7\u00e3o Nacional da Ind\u00fastria (CNI), ainda cria um canal direto com as concession\u00e1rias de servi\u00e7os p\u00fablicos de \u00e1gua, energia el\u00e9trica, g\u00e1s e telecomunica\u00e7\u00f5es. Al\u00e9m de todos os servi\u00e7os, oferece orienta\u00e7\u00e3o para op\u00e7\u00e3o tarif\u00e1ria e aux\u00edlio na corre\u00e7\u00e3o de pontos de desperd\u00edcio na empresa.<\/p><p><strong>Contato:<\/strong><\/p><p>Telefone: (11) 3823-6100<br \/>E-mail:\u00a0\u00a0<a href=\"mailto:contato@sinditextilsp.org.br\">contato@sinditextilsp.org.br<\/a><\/p><\/div>\r\n\t\t\t\t\t\t\t\t\t<div class=\"elementor-tab-title elementor-tab-mobile-title\" aria-selected=\"false\" data-tab=\"5\" role=\"tab\" tabindex=\"-1\" aria-controls=\"elementor-tab-content-1865\" aria-expanded=\"false\">Jur\u00eddico<\/div>\r\n\t\t\t\t\t<div id=\"elementor-tab-content-1865\" class=\"elementor-tab-content elementor-clearfix\" data-tab=\"5\" role=\"tabpanel\" aria-labelledby=\"elementor-tab-title-1865\" tabindex=\"0\" hidden=\"hidden\"><p>O departamento Jur\u00eddico do Sindit\u00eaxtil-SP possui advogado exclusivo e fixo, sendo atendido tamb\u00e9m pelo escrit\u00f3rio Honda, Teixeira, Araujo, Rocha Advogados, especializado em Direito Empresarial, com atua\u00e7\u00e3o nacional e internacional desenvolvida ao longo de mais de 30 anos nas \u00e1reas Tribut\u00e1ria, Trabalhista. Previdenci\u00e1ria, Sindical, C\u00edvel, Com\u00e9rcio Exterior, Meio Ambiente e Propriedade Intelectual nas esferas contenciosa e consultiva.<\/p><p>Al\u00e9m de atender as d\u00favidas de associados e realizar negocia\u00e7\u00f5es, o Jur\u00eddico do Sindit\u00eaxtil-SP conta com boletins sobre aprova\u00e7\u00f5es de leis que interessam aos empres\u00e1rios.\u00a0<\/p><p>Contato:<\/p><p>Telefone: (11) 3823-6136<br \/>E-mail:\u00a0<a href=\"mailto:contato@sinditextilsp.org.br\">contato@sinditextilsp.org.br<\/a><\/p><\/div>\r\n\t\t\t\t\t\t\t\t\t<div class=\"elementor-tab-title elementor-tab-mobile-title\" aria-selected=\"false\" data-tab=\"6\" role=\"tab\" tabindex=\"-1\" aria-controls=\"elementor-tab-content-1866\" aria-expanded=\"false\">Rela\u00e7\u00f5es Institucionais<\/div>\r\n\t\t\t\t\t<div id=\"elementor-tab-content-1866\" class=\"elementor-tab-content elementor-clearfix\" data-tab=\"6\" role=\"tabpanel\" aria-labelledby=\"elementor-tab-title-1866\" tabindex=\"0\" hidden=\"hidden\"><p>Estabelece di\u00e1logo com autoridades e \u00f3rg\u00e3os dos poderes Executivo, Judici\u00e1rio e Legislativo Federal. De forma transparente e constante, o Sindit\u00eaxtil-SP disp\u00f5e de uma equipe situada estrategicamente em Bras\u00edlia (DF), que objetiva tornar a entidade uma refer\u00eancia a ser consultada na formula\u00e7\u00e3o e implementa\u00e7\u00e3o de pol\u00edticas voltadas ao setor.<\/p><p>Entre as atribui\u00e7\u00f5es da \u00e1rea de Rela\u00e7\u00f5es Institucionais do Sindit\u00eaxtil-SP est\u00e3o reuni\u00f5es com o poder\u00a0<strong>Executivo\u00a0<\/strong>para tratar de assuntos como defesa comercial, regras de origem, compras governamentais e o programa\u00a0Retalho Fashion.Em \u00e2mbito\u00a0<strong>Legislativo<\/strong>, a\u00a0equipe acompanha o trabalho da Frente Parlamentar JOS\u00c9 ALENCAR para o Desenvolvimento da Ind\u00fastria T\u00eaxtil e de Confec\u00e7\u00e3o, audi\u00eancias p\u00fablicas e discuss\u00f5es sobre aprova\u00e7\u00f5es de projetos priorit\u00e1rios para o setor. O Sindit\u00eaxtil-SP ainda atua no poder\u00a0<strong>Judici\u00e1rio<\/strong>, representando o setor t\u00eaxtil paulista em encontros e audi\u00eancias relevantes para o fortalecimento da ind\u00fastria.\u00a0\u00a0\u00a0<\/p><p><strong>Contato:<\/strong><\/p><p>Haroldo Silva &#8211; Diretor de Rela\u00e7\u00f5es Institucionais<\/p><p>Telefone: (11) 3823 6174<\/p><p>E-mail:\u00a0<a href=\"mailto:haroldo@sinditextilsp.org.br\" target=\"_blank\" rel=\"noopener\">haroldo@sinditextilsp.org.br<\/a><\/p><\/div>\r\n\t\t\t\t\t\t\t\t\t<div class=\"elementor-tab-title elementor-tab-mobile-title\" aria-selected=\"false\" data-tab=\"7\" role=\"tab\" tabindex=\"-1\" aria-controls=\"elementor-tab-content-1867\" aria-expanded=\"false\">Relacionamento<\/div>\r\n\t\t\t\t\t<div id=\"elementor-tab-content-1867\" class=\"elementor-tab-content elementor-clearfix\" data-tab=\"7\" role=\"tabpanel\" aria-labelledby=\"elementor-tab-title-1867\" tabindex=\"0\" hidden=\"hidden\"><p>A Central de Servi\u00e7os do Sindit\u00eaxtil-SP presta total apoio e oferece vantagens especiais e exclusivas aos associados nas seguintes \u00e1reas: Jur\u00eddica, Tecnologia e Inova\u00e7\u00e3o, Comunica\u00e7\u00e3o, Com\u00e9rcio Exterior, Feiras e Eventos , Economia, Rela\u00e7\u00f5es Governamentais, entre outras.<\/p><p>A \u00e1rea de Relacionamento do Sindit\u00eaxtil-SP tem como finalidade ser um intermedi\u00e1rio entre as empresas e o Sindicato. Desta forma, o departamento atua como interlocutor no di\u00e1logo entre associados\/contribuintes e Entidade, proporcionando integra\u00e7\u00e3o entre ambas as partes.\u00a0 Al\u00e9m disso, o Relacionamento presta informa\u00e7\u00f5es aos empres\u00e1rios sobre os servi\u00e7os oferecidos pelo Sindicato de forma a garantir transpar\u00eancia em suas a\u00e7\u00f5es.<\/p><p>Entre outras atribui\u00e7\u00f5es do departamento est\u00e1 o fomento de parcerias com prestadoras de servi\u00e7os e empresas para garantir mais benef\u00edcios aos seus associados. A \u00e1rea tamb\u00e9m coordena e estrutura comiss\u00f5es e grupos setoriais para representar interesses espec\u00edficos de segmentos do setor.<\/p><p><strong><a href=\"https:\/\/sinditextilsp.org.br\/home\/associe-se\/\" rel=\"noopener\">Clique aqui para conhecer as vantagens e os servi\u00e7os oferecidos aos associados Sindit\u00eaxtil-SP.<\/a><\/strong><\/p><\/div>\r\n\t\t\t\t\t\t\t<\/div>\r\n\t\t<\/div>\r\n\t\t\t\t<\/div>\r\n\t\t\t\t<\/div>\r\n\t\t\t\t\t<\/div>\r\n\t\t<\/div>\r\n\t\t\t\t\t\t\t<\/div>\r\n\t\t<\/section>\r\n\t\t\t\t\t\t<\/div>\r\n\t\t\t\t\t<\/div>\r\n\t\t","protected":false},"excerpt":{"rendered":"<p>Central de Servi\u00e7os Com\u00e9rcio Exterior Comunica\u00e7\u00e3o Economia Tecnologia e Inova\u00e7\u00e3o Jur\u00eddico Rela\u00e7\u00f5es Institucionais Relacionamento Com\u00e9rcio Exterior Atua na defesa da ind\u00fastria t\u00eaxtil e de confec\u00e7\u00e3o, monitorando o fluxo do com\u00e9rcio mundial do setor, apontando poss\u00edveis irregularidades para os \u00f3rg\u00e3os governamentais respons\u00e1veis pelas importa\u00e7\u00f5es e exporta\u00e7\u00f5es brasileiras. Em coopera\u00e7\u00e3o com o Minist\u00e9rio do Desenvolvimento, Ind\u00fastria e [&hellip;]<\/p>\n","protected":false},"author":2,"featured_media":0,"parent":93,"menu_order":0,"comment_status":"closed","ping_status":"closed","template":"elementor_theme","meta":{"footnotes":""},"class_list":["post-314","page","type-page","status-publish","hentry"],"yoast_head":"<!-- This site is optimized with the Yoast SEO plugin v22.8 - https:\/\/yoast.com\/wordpress\/plugins\/seo\/ -->\n<title>Central de Servi\u00e7os - Sindit\u00eaxtil-SP<\/title>\n<meta name=\"robots\" content=\"index, follow, max-snippet:-1, max-image-preview:large, max-video-preview:-1\" \/>\n<link rel=\"canonical\" href=\"https:\/\/sinditextilsp.org.br\/home\/quem-somos\/central-de-servicos\/\" \/>\n<meta property=\"og:locale\" content=\"pt_BR\" \/>\n<meta property=\"og:type\" content=\"article\" \/>\n<meta property=\"og:title\" content=\"Central de Servi\u00e7os - Sindit\u00eaxtil-SP\" \/>\n<meta property=\"og:description\" content=\"Central de Servi\u00e7os Com\u00e9rcio Exterior Comunica\u00e7\u00e3o Economia Tecnologia e Inova\u00e7\u00e3o Jur\u00eddico Rela\u00e7\u00f5es Institucionais Relacionamento Com\u00e9rcio Exterior Atua na defesa da ind\u00fastria t\u00eaxtil e de confec\u00e7\u00e3o, monitorando o fluxo do com\u00e9rcio mundial do setor, apontando poss\u00edveis irregularidades para os \u00f3rg\u00e3os governamentais respons\u00e1veis pelas importa\u00e7\u00f5es e exporta\u00e7\u00f5es brasileiras. Em coopera\u00e7\u00e3o com o Minist\u00e9rio do Desenvolvimento, Ind\u00fastria e [&hellip;]\" \/>\n<meta property=\"og:url\" content=\"https:\/\/sinditextilsp.org.br\/home\/quem-somos\/central-de-servicos\/\" \/>\n<meta property=\"og:site_name\" content=\"Sindit\u00eaxtil-SP\" \/>\n<meta property=\"article:publisher\" content=\"https:\/\/www.facebook.com\/sinditextilsp\" \/>\n<meta property=\"article:modified_time\" content=\"2025-05-21T10:13:22+00:00\" \/>\n<meta name=\"twitter:card\" content=\"summary_large_image\" \/>\n<meta name=\"twitter:site\" content=\"@SinditextilSP\" \/>\n<meta name=\"twitter:label1\" content=\"Est. tempo de leitura\" \/>\n\t<meta name=\"twitter:data1\" content=\"5 minutos\" \/>\n<script type=\"application\/ld+json\" class=\"yoast-schema-graph\">{\"@context\":\"https:\/\/schema.org\",\"@graph\":[{\"@type\":\"WebPage\",\"@id\":\"https:\/\/sinditextilsp.org.br\/home\/quem-somos\/central-de-servicos\/\",\"url\":\"https:\/\/sinditextilsp.org.br\/home\/quem-somos\/central-de-servicos\/\",\"name\":\"Central de Servi\u00e7os - Sindit\u00eaxtil-SP\",\"isPartOf\":{\"@id\":\"https:\/\/sinditextilsp.org.br\/home\/#website\"},\"datePublished\":\"2021-07-14T00:22:21+00:00\",\"dateModified\":\"2025-05-21T10:13:22+00:00\",\"breadcrumb\":{\"@id\":\"https:\/\/sinditextilsp.org.br\/home\/quem-somos\/central-de-servicos\/#breadcrumb\"},\"inLanguage\":\"pt-BR\",\"potentialAction\":[{\"@type\":\"ReadAction\",\"target\":[\"https:\/\/sinditextilsp.org.br\/home\/quem-somos\/central-de-servicos\/\"]}]},{\"@type\":\"BreadcrumbList\",\"@id\":\"https:\/\/sinditextilsp.org.br\/home\/quem-somos\/central-de-servicos\/#breadcrumb\",\"itemListElement\":[{\"@type\":\"ListItem\",\"position\":1,\"name\":\"In\u00edcio\",\"item\":\"https:\/\/sinditextilsp.org.br\/home\/\"},{\"@type\":\"ListItem\",\"position\":2,\"name\":\"Quem Somos\",\"item\":\"https:\/\/sinditextilsp.org.br\/home\/quem-somos\/\"},{\"@type\":\"ListItem\",\"position\":3,\"name\":\"Central de Servi\u00e7os\"}]},{\"@type\":\"WebSite\",\"@id\":\"https:\/\/sinditextilsp.org.br\/home\/#website\",\"url\":\"https:\/\/sinditextilsp.org.br\/home\/\",\"name\":\"Sindit\u00eaxtil-SP\",\"description\":\"Sindicato T\u00eaxtil de S\u00e3o Paulo\",\"potentialAction\":[{\"@type\":\"SearchAction\",\"target\":{\"@type\":\"EntryPoint\",\"urlTemplate\":\"https:\/\/sinditextilsp.org.br\/home\/?s={search_term_string}\"},\"query-input\":\"required name=search_term_string\"}],\"inLanguage\":\"pt-BR\"}]}<\/script>\n<!-- \/ Yoast SEO plugin. -->","yoast_head_json":{"title":"Central de Servi\u00e7os - Sindit\u00eaxtil-SP","robots":{"index":"index","follow":"follow","max-snippet":"max-snippet:-1","max-image-preview":"max-image-preview:large","max-video-preview":"max-video-preview:-1"},"canonical":"https:\/\/sinditextilsp.org.br\/home\/quem-somos\/central-de-servicos\/","og_locale":"pt_BR","og_type":"article","og_title":"Central de Servi\u00e7os - Sindit\u00eaxtil-SP","og_description":"Central de Servi\u00e7os Com\u00e9rcio Exterior Comunica\u00e7\u00e3o Economia Tecnologia e Inova\u00e7\u00e3o Jur\u00eddico Rela\u00e7\u00f5es Institucionais Relacionamento Com\u00e9rcio Exterior Atua na defesa da ind\u00fastria t\u00eaxtil e de confec\u00e7\u00e3o, monitorando o fluxo do com\u00e9rcio mundial do setor, apontando poss\u00edveis irregularidades para os \u00f3rg\u00e3os governamentais respons\u00e1veis pelas importa\u00e7\u00f5es e exporta\u00e7\u00f5es brasileiras. Em coopera\u00e7\u00e3o com o Minist\u00e9rio do Desenvolvimento, Ind\u00fastria e [&hellip;]","og_url":"https:\/\/sinditextilsp.org.br\/home\/quem-somos\/central-de-servicos\/","og_site_name":"Sindit\u00eaxtil-SP","article_publisher":"https:\/\/www.facebook.com\/sinditextilsp","article_modified_time":"2025-05-21T10:13:22+00:00","twitter_card":"summary_large_image","twitter_site":"@SinditextilSP","twitter_misc":{"Est. tempo de leitura":"5 minutos"},"schema":{"@context":"https:\/\/schema.org","@graph":[{"@type":"WebPage","@id":"https:\/\/sinditextilsp.org.br\/home\/quem-somos\/central-de-servicos\/","url":"https:\/\/sinditextilsp.org.br\/home\/quem-somos\/central-de-servicos\/","name":"Central de Servi\u00e7os - Sindit\u00eaxtil-SP","isPartOf":{"@id":"https:\/\/sinditextilsp.org.br\/home\/#website"},"datePublished":"2021-07-14T00:22:21+00:00","dateModified":"2025-05-21T10:13:22+00:00","breadcrumb":{"@id":"https:\/\/sinditextilsp.org.br\/home\/quem-somos\/central-de-servicos\/#breadcrumb"},"inLanguage":"pt-BR","potentialAction":[{"@type":"ReadAction","target":["https:\/\/sinditextilsp.org.br\/home\/quem-somos\/central-de-servicos\/"]}]},{"@type":"BreadcrumbList","@id":"https:\/\/sinditextilsp.org.br\/home\/quem-somos\/central-de-servicos\/#breadcrumb","itemListElement":[{"@type":"ListItem","position":1,"name":"In\u00edcio","item":"https:\/\/sinditextilsp.org.br\/home\/"},{"@type":"ListItem","position":2,"name":"Quem Somos","item":"https:\/\/sinditextilsp.org.br\/home\/quem-somos\/"},{"@type":"ListItem","position":3,"name":"Central de Servi\u00e7os"}]},{"@type":"WebSite","@id":"https:\/\/sinditextilsp.org.br\/home\/#website","url":"https:\/\/sinditextilsp.org.br\/home\/","name":"Sindit\u00eaxtil-SP","description":"Sindicato T\u00eaxtil de S\u00e3o Paulo","potentialAction":[{"@type":"SearchAction","target":{"@type":"EntryPoint","urlTemplate":"https:\/\/sinditextilsp.org.br\/home\/?s={search_term_string}"},"query-input":"required name=search_term_string"}],"inLanguage":"pt-BR"}]}},"_links":{"self":[{"href":"https:\/\/sinditextilsp.org.br\/home\/wp-json\/wp\/v2\/pages\/314","targetHints":{"allow":["GET"]}}],"collection":[{"href":"https:\/\/sinditextilsp.org.br\/home\/wp-json\/wp\/v2\/pages"}],"about":[{"href":"https:\/\/sinditextilsp.org.br\/home\/wp-json\/wp\/v2\/types\/page"}],"author":[{"embeddable":true,"href":"https:\/\/sinditextilsp.org.br\/home\/wp-json\/wp\/v2\/users\/2"}],"replies":[{"embeddable":true,"href":"https:\/\/sinditextilsp.org.br\/home\/wp-json\/wp\/v2\/comments?post=314"}],"version-history":[{"count":28,"href":"https:\/\/sinditextilsp.org.br\/home\/wp-json\/wp\/v2\/pages\/314\/revisions"}],"predecessor-version":[{"id":8269,"href":"https:\/\/sinditextilsp.org.br\/home\/wp-json\/wp\/v2\/pages\/314\/revisions\/8269"}],"up":[{"embeddable":true,"href":"https:\/\/sinditextilsp.org.br\/home\/wp-json\/wp\/v2\/pages\/93"}],"wp:attachment":[{"href":"https:\/\/sinditextilsp.org.br\/home\/wp-json\/wp\/v2\/media?parent=314"}],"curies":[{"name":"wp","href":"https:\/\/api.w.org\/{rel}","templated":true}]}}