{"id":323,"date":"2021-07-13T21:28:51","date_gmt":"2021-07-14T00:28:51","guid":{"rendered":"https:\/\/dev.sinditextilsp.org.br\/home\/?page_id=323"},"modified":"2021-07-16T14:33:07","modified_gmt":"2021-07-16T17:33:07","slug":"frente-parlamentar","status":"publish","type":"page","link":"https:\/\/sinditextilsp.org.br\/home\/quem-somos\/frente-parlamentar\/","title":{"rendered":"Frente Parlamentar"},"content":{"rendered":"\t\t<div data-elementor-type=\"wp-page\" data-elementor-id=\"323\" class=\"elementor elementor-323\" data-elementor-settings=\"[]\">\r\n\t\t\t\t\t\t\t<div class=\"elementor-section-wrap\">\r\n\t\t\t\t\t\t\t<section class=\"elementor-section elementor-top-section elementor-element elementor-element-6460adf elementor-section-boxed elementor-section-height-default elementor-section-height-default\" data-id=\"6460adf\" data-element_type=\"section\">\r\n\t\t\t\t\t\t<div class=\"elementor-container elementor-column-gap-default\">\r\n\t\t\t\t\t<div class=\"elementor-column elementor-col-100 elementor-top-column elementor-element elementor-element-26dc457\" data-id=\"26dc457\" data-element_type=\"column\">\r\n\t\t\t<div class=\"elementor-widget-wrap elementor-element-populated\">\r\n\t\t\t\t\t\t\t\t<div class=\"elementor-element elementor-element-c607962 elementor-widget elementor-widget-heading\" data-id=\"c607962\" data-element_type=\"widget\" data-widget_type=\"heading.default\">\r\n\t\t\t\t<div class=\"elementor-widget-container\">\r\n\t\t\t<h2 class=\"elementor-heading-title elementor-size-default\">Frente Parlamentar<\/h2>\t\t<\/div>\r\n\t\t\t\t<\/div>\r\n\t\t\t\t\t<\/div>\r\n\t\t<\/div>\r\n\t\t\t\t\t\t\t<\/div>\r\n\t\t<\/section>\r\n\t\t\t\t<section class=\"elementor-section elementor-top-section elementor-element elementor-element-9d5ce81 elementor-section-boxed elementor-section-height-default elementor-section-height-default\" data-id=\"9d5ce81\" data-element_type=\"section\">\r\n\t\t\t\t\t\t<div class=\"elementor-container elementor-column-gap-default\">\r\n\t\t\t\t\t<div class=\"elementor-column elementor-col-100 elementor-top-column elementor-element elementor-element-918d9bd\" data-id=\"918d9bd\" data-element_type=\"column\">\r\n\t\t\t<div class=\"elementor-widget-wrap elementor-element-populated\">\r\n\t\t\t\t\t\t\t\t<div class=\"elementor-element elementor-element-1c0b702 elementor-widget elementor-widget-text-editor\" data-id=\"1c0b702\" data-element_type=\"widget\" data-widget_type=\"text-editor.default\">\r\n\t\t\t\t<div class=\"elementor-widget-container\">\r\n\t\t\t\t\t\t\t\t<p><strong>FRENTE PARLAMENTAR PELO DESENVOLVIMENTO DO SETOR T\u00caXTIL E DE CONFEC\u00c7\u00d5ES DO ESTADO DE S\u00c3O PAULO<\/strong><\/p><p>Ato de Constitui\u00e7\u00e3o\u00a0\u00a0<a class=\"link_canais\" href=\"https:\/\/www.al.sp.gov.br\/norma\/?id=191444\" target=\"_blank\" rel=\"noopener\">ATO DO PRESIDENTE &#8211; ALESP n\u00ba 220, de 16\/09\/2019<\/a><br \/>Funcionamento\u00a0\u00a0Data de \u00cdnicio = 17\/09\/2019 ( Frente Parlamentar em Andamento )<\/p><p>Coordenador\u00a0\u00a0<a class=\"link_canais\" href=\"https:\/\/www.al.sp.gov.br\/deputado\/?matricula=300614\" target=\"_blank\" rel=\"noopener\">CARLA MORANDO\u00a0\u00a0(\u00a0PSDB\u00a0)<\/a><\/p><p>\u00a0<\/p><p>Composi\u00e7\u00e3o<\/p><p><em>Membros Efetivos<\/em><\/p><p>1.\u00a0<a class=\"link_canais\" href=\"https:\/\/www.al.sp.gov.br\/deputado\/?matricula=300303\" target=\"_blank\" rel=\"noopener\">ESTEVAM GALV\u00c3O\u00a0\u00a0(\u00a0DEM\u00a0)<\/a><\/p><p>2.\u00a0<a class=\"link_canais\" href=\"https:\/\/www.al.sp.gov.br\/deputado\/?matricula=300635\" target=\"_blank\" rel=\"noopener\">MARCIO NAKASHIMA\u00a0\u00a0(\u00a0PDT\u00a0)<\/a><\/p><p>3.\u00a0<a class=\"link_canais\" href=\"https:\/\/www.al.sp.gov.br\/deputado\/?matricula=300519\" target=\"_blank\" rel=\"noopener\">RODRIGO MORAES\u00a0\u00a0(\u00a0DEM\u00a0)<\/a><\/p><p>4.\u00a0<a class=\"link_canais\" href=\"https:\/\/www.al.sp.gov.br\/deputado\/?matricula=300260\" target=\"_blank\" rel=\"noopener\">ROQUE BARBIERE\u00a0\u00a0(\u00a0PTB\u00a0)<\/a><\/p><p>5.\u00a0<a class=\"link_canais\" href=\"https:\/\/www.al.sp.gov.br\/deputado\/?matricula=300650\" target=\"_blank\" rel=\"noopener\">DIRCEU DALBEN\u00a0\u00a0(\u00a0PL\u00a0)<\/a><\/p><p>6.\u00a0<a class=\"link_canais\" href=\"https:\/\/www.al.sp.gov.br\/deputado\/?matricula=300649\" target=\"_blank\" rel=\"noopener\">VALERIA BOLSONARO\u00a0\u00a0(\u00a0PSL\u00a0)<\/a><\/p><p>\u00a0<\/p><p><em>Membros Apoiadores<\/em><\/p><p>1.\u00a0<a class=\"link_canais\" href=\"https:\/\/www.al.sp.gov.br\/deputado\/?matricula=300605\" target=\"_blank\" rel=\"noopener\">ADALBERTO FREITAS\u00a0\u00a0(\u00a0PSL\u00a0)<\/a><\/p><p>2.\u00a0<a class=\"link_canais\" href=\"https:\/\/www.al.sp.gov.br\/deputado\/?matricula=300607\" target=\"_blank\" rel=\"noopener\">AGENTE FEDERAL DANILO BALAS\u00a0\u00a0(\u00a0PSL\u00a0)<\/a><\/p><p>3.\u00a0<a class=\"link_canais\" href=\"https:\/\/www.al.sp.gov.br\/deputado\/?matricula=300609\" target=\"_blank\" rel=\"noopener\">ALTAIR MORAES\u00a0\u00a0(\u00a0REPUBLICANOS\u00a0)<\/a><\/p><p>4.\u00a0<a class=\"link_canais\" href=\"https:\/\/www.al.sp.gov.br\/deputado\/?matricula=300431\" target=\"_blank\" rel=\"noopener\">ANALICE FERNANDES\u00a0\u00a0(\u00a0PSDB\u00a0)<\/a><\/p><p>5.\u00a0<a class=\"link_canais\" href=\"https:\/\/www.al.sp.gov.br\/deputado\/?matricula=300497\" target=\"_blank\" rel=\"noopener\">ANDR\u00c9 DO PRADO\u00a0\u00a0(\u00a0PL\u00a0)<\/a><\/p><p>6.\u00a0<a class=\"link_canais\" href=\"https:\/\/www.al.sp.gov.br\/deputado\/?matricula=300611\" target=\"_blank\" rel=\"noopener\">ARTHUR DO VAL\u00a0\u00a0(\u00a0Sem Partido\u00a0)<\/a><\/p><p>7.\u00a0<a class=\"link_canais\" href=\"https:\/\/www.al.sp.gov.br\/deputado\/?matricula=300612\" target=\"_blank\" rel=\"noopener\">ATAIDE TERUEL\u00a0\u00a0(\u00a0PODE\u00a0)<\/a><\/p><p>8.\u00a0<a class=\"link_canais\" href=\"https:\/\/www.al.sp.gov.br\/deputado\/?matricula=300188\" target=\"_blank\" rel=\"noopener\">BARROS MUNHOZ\u00a0\u00a0(\u00a0PSB\u00a0)<\/a><\/p><p>9.\u00a0<a class=\"link_canais\" href=\"https:\/\/www.al.sp.gov.br\/deputado\/?matricula=300613\" target=\"_blank\" rel=\"noopener\">BRUNO GANEM\u00a0\u00a0(\u00a0PODE\u00a0)<\/a><\/p><p>10.\u00a0<a class=\"link_canais\" href=\"https:\/\/www.al.sp.gov.br\/deputado\/?matricula=300217\" target=\"_blank\" rel=\"noopener\">CAMPOS MACHADO\u00a0\u00a0(\u00a0PTB\u00a0)<\/a><\/p><p>11.\u00a0<a class=\"link_canais\" href=\"https:\/\/www.al.sp.gov.br\/deputado\/?matricula=300499\" target=\"_blank\" rel=\"noopener\">CARL\u00c3O PIGNATARI\u00a0\u00a0(\u00a0PSDB\u00a0)<\/a><\/p><p>12.\u00a0<a class=\"link_canais\" href=\"https:\/\/www.al.sp.gov.br\/deputado\/?matricula=300501\" target=\"_blank\" rel=\"noopener\">CARLOS CEZAR\u00a0\u00a0(\u00a0PSB\u00a0)<\/a><\/p><p>13.\u00a0<a class=\"link_canais\" href=\"https:\/\/www.al.sp.gov.br\/deputado\/?matricula=300485\" target=\"_blank\" rel=\"noopener\">CARLOS GIANNAZI\u00a0\u00a0(\u00a0PSOL\u00a0)<\/a><\/p><p>14.\u00a0<a class=\"link_canais\" href=\"https:\/\/www.al.sp.gov.br\/deputado\/?matricula=300615\" target=\"_blank\" rel=\"noopener\">CASTELLO BRANCO\u00a0\u00a0(\u00a0PSL\u00a0)<\/a><\/p><p>15.\u00a0<a class=\"link_canais\" href=\"https:\/\/www.al.sp.gov.br\/deputado\/?matricula=300616\" target=\"_blank\" rel=\"noopener\">CEZAR\u00a0\u00a0(\u00a0PSDB\u00a0)<\/a><\/p><p>16.\u00a0<a class=\"link_canais\" href=\"https:\/\/www.al.sp.gov.br\/deputado\/?matricula=300205\" target=\"_blank\" rel=\"noopener\">CONTE LOPES\u00a0\u00a0(\u00a0PP\u00a0)<\/a><\/p><p>17.\u00a0<a class=\"link_canais\" href=\"https:\/\/www.al.sp.gov.br\/deputado\/?matricula=300548\" target=\"_blank\" rel=\"noopener\">CORONEL TELHADA\u00a0\u00a0(\u00a0PP\u00a0)<\/a><\/p><p>18.\u00a0<a class=\"link_canais\" href=\"https:\/\/www.al.sp.gov.br\/deputado\/?matricula=300620\" target=\"_blank\" rel=\"noopener\">DELEGADA GRACIELA\u00a0\u00a0(\u00a0PL\u00a0)<\/a><\/p><p>19.\u00a0<a class=\"link_canais\" href=\"https:\/\/www.al.sp.gov.br\/deputado\/?matricula=300621\" target=\"_blank\" rel=\"noopener\">DELEGADO BRUNO LIMA\u00a0\u00a0(\u00a0PSL\u00a0)<\/a><\/p><p>20.\u00a0<a class=\"link_canais\" href=\"https:\/\/www.al.sp.gov.br\/deputado\/?matricula=300543\" target=\"_blank\" rel=\"noopener\">DELEGADO OLIM\u00a0\u00a0(\u00a0PP\u00a0)<\/a><\/p><p>21.\u00a0<a class=\"link_canais\" href=\"https:\/\/www.al.sp.gov.br\/deputado\/?matricula=300622\" target=\"_blank\" rel=\"noopener\">DOUGLAS GARCIA\u00a0\u00a0(\u00a0PSL\u00a0)<\/a><\/p><p>22.\u00a0<a class=\"link_canais\" href=\"https:\/\/www.al.sp.gov.br\/deputado\/?matricula=300623\" target=\"_blank\" rel=\"noopener\">DR. JORGE DO CARMO\u00a0\u00a0(\u00a0PT\u00a0)<\/a><\/p><p>23.\u00a0<a class=\"link_canais\" href=\"https:\/\/www.al.sp.gov.br\/deputado\/?matricula=300624\" target=\"_blank\" rel=\"noopener\">DRA. DAMARIS MOURA\u00a0\u00a0(\u00a0PSDB\u00a0)<\/a><\/p><p>24.\u00a0<a class=\"link_canais\" href=\"https:\/\/www.al.sp.gov.br\/deputado\/?matricula=300454\" target=\"_blank\" rel=\"noopener\">ED THOMAS\u00a0\u00a0(\u00a0PSB\u00a0)<\/a><\/p><p>25.\u00a0<a class=\"link_canais\" href=\"https:\/\/www.al.sp.gov.br\/deputado\/?matricula=300440\" target=\"_blank\" rel=\"noopener\">ENIO TATTO\u00a0\u00a0(\u00a0PT\u00a0)<\/a><\/p><p>26.\u00a0<a class=\"link_canais\" href=\"https:\/\/www.al.sp.gov.br\/deputado\/?matricula=300583\" target=\"_blank\" rel=\"noopener\">FERNANDO CURY\u00a0\u00a0(\u00a0PPS\u00a0)<\/a><\/p><p>27.\u00a0<a class=\"link_canais\" href=\"https:\/\/www.al.sp.gov.br\/deputado\/?matricula=300626\" target=\"_blank\" rel=\"noopener\">FREDERICO D&#8217;AVILA\u00a0\u00a0(\u00a0PSL\u00a0)<\/a><\/p><p>28.\u00a0<a class=\"link_canais\" href=\"https:\/\/www.al.sp.gov.br\/deputado\/?matricula=300627\" target=\"_blank\" rel=\"noopener\">GIL DINIZ\u00a0\u00a0(\u00a0PSL\u00a0)<\/a><\/p><p>29.\u00a0<a class=\"link_canais\" href=\"https:\/\/www.al.sp.gov.br\/deputado\/?matricula=300450\" target=\"_blank\" rel=\"noopener\">GILMACI SANTOS\u00a0\u00a0(\u00a0REPUBLICANOS\u00a0)<\/a><\/p><p>30.\u00a0<a class=\"link_canais\" href=\"https:\/\/www.al.sp.gov.br\/deputado\/?matricula=300628\" target=\"_blank\" rel=\"noopener\">HENI OZI CUKIER\u00a0\u00a0(\u00a0NOVO\u00a0)<\/a><\/p><p>31.\u00a0<a class=\"link_canais\" href=\"https:\/\/www.al.sp.gov.br\/deputado\/?matricula=300629\" target=\"_blank\" rel=\"noopener\">ISA PENNA\u00a0\u00a0(\u00a0PSOL\u00a0)<\/a><\/p><p>32.\u00a0<a class=\"link_canais\" href=\"https:\/\/www.al.sp.gov.br\/deputado\/?matricula=300510\" target=\"_blank\" rel=\"noopener\">ITAMAR BORGES\u00a0\u00a0(\u00a0MDB\u00a0)<\/a><\/p><p>33.\u00a0<a class=\"link_canais\" href=\"https:\/\/www.al.sp.gov.br\/deputado\/?matricula=300630\" target=\"_blank\" rel=\"noopener\">JANAINA PASCHOAL\u00a0\u00a0(\u00a0PSL\u00a0)<\/a><\/p><p>34.\u00a0<a class=\"link_canais\" href=\"https:\/\/www.al.sp.gov.br\/deputado\/?matricula=300367\" target=\"_blank\" rel=\"noopener\">JORGE CARUSO\u00a0\u00a0(\u00a0MDB\u00a0)<\/a><\/p><p>35.\u00a0<a class=\"link_canais\" href=\"https:\/\/www.al.sp.gov.br\/deputado\/?matricula=300631\" target=\"_blank\" rel=\"noopener\">LETICIA AGUIAR\u00a0\u00a0(\u00a0PSL\u00a0)<\/a><\/p><p>36.\u00a0<a class=\"link_canais\" href=\"https:\/\/www.al.sp.gov.br\/deputado\/?matricula=300633\" target=\"_blank\" rel=\"noopener\">MAJOR MECCA\u00a0\u00a0(\u00a0PSL\u00a0)<\/a><\/p><p>37.\u00a0<a class=\"link_canais\" href=\"https:\/\/www.al.sp.gov.br\/deputado\/?matricula=300534\" target=\"_blank\" rel=\"noopener\">M\u00c1RCIA LIA\u00a0\u00a0(\u00a0PT\u00a0)<\/a><\/p><p>38.\u00a0<a class=\"link_canais\" href=\"https:\/\/www.al.sp.gov.br\/deputado\/?matricula=300634\" target=\"_blank\" rel=\"noopener\">MARCIO DA FARM\u00c1CIA\u00a0\u00a0(\u00a0PODE\u00a0)<\/a><\/p><p>39.\u00a0<a class=\"link_canais\" href=\"https:\/\/www.al.sp.gov.br\/deputado\/?matricula=300415\" target=\"_blank\" rel=\"noopener\">MARIA L\u00daCIA AMARY\u00a0\u00a0(\u00a0PSDB\u00a0)<\/a><\/p><p>40.\u00a0<a class=\"link_canais\" href=\"https:\/\/www.al.sp.gov.br\/deputado\/?matricula=300636\" target=\"_blank\" rel=\"noopener\">MARINA HELOU\u00a0\u00a0(\u00a0REDE\u00a0)<\/a><\/p><p>41.\u00a0<a class=\"link_canais\" href=\"https:\/\/www.al.sp.gov.br\/deputado\/?matricula=300098\" target=\"_blank\" rel=\"noopener\">MAURO BRAGATO\u00a0\u00a0(\u00a0PSDB\u00a0)<\/a><\/p><p>42.\u00a0<a class=\"link_canais\" href=\"https:\/\/www.al.sp.gov.br\/deputado\/?matricula=300536\" target=\"_blank\" rel=\"noopener\">PAULO CORREA JR\u00a0\u00a0(\u00a0PATRI\u00a0)<\/a><\/p><p>43.\u00a0<a class=\"link_canais\" href=\"https:\/\/www.al.sp.gov.br\/deputado\/?matricula=300638\" target=\"_blank\" rel=\"noopener\">PAULO FIORILO\u00a0\u00a0(\u00a0PT\u00a0)<\/a><\/p><p>44.\u00a0<a class=\"link_canais\" href=\"https:\/\/www.al.sp.gov.br\/deputado\/?matricula=300639\" target=\"_blank\" rel=\"noopener\">PROFESSOR KENNY\u00a0\u00a0(\u00a0PP\u00a0)<\/a><\/p><p>45.\u00a0<a class=\"link_canais\" href=\"https:\/\/www.al.sp.gov.br\/deputado\/?matricula=300640\" target=\"_blank\" rel=\"noopener\">PROFESSORA BEBEL\u00a0\u00a0(\u00a0PT\u00a0)<\/a><\/p><p>46.\u00a0<a class=\"link_canais\" href=\"https:\/\/www.al.sp.gov.br\/deputado\/?matricula=300641\" target=\"_blank\" rel=\"noopener\">RAFA ZIMBALDI\u00a0\u00a0(\u00a0PSB\u00a0)<\/a><\/p><p>47.\u00a0<a class=\"link_canais\" href=\"https:\/\/www.al.sp.gov.br\/deputado\/?matricula=300642\" target=\"_blank\" rel=\"noopener\">RICARDO MELL\u00c3O\u00a0\u00a0(\u00a0NOVO\u00a0)<\/a><\/p><p>48.\u00a0<a class=\"link_canais\" href=\"https:\/\/www.al.sp.gov.br\/deputado\/?matricula=300267\" target=\"_blank\" rel=\"noopener\">ROBERTO ENGLER\u00a0\u00a0(\u00a0PSB\u00a0)<\/a><\/p><p>49.\u00a0<a class=\"link_canais\" href=\"https:\/\/www.al.sp.gov.br\/deputado\/?matricula=300382\" target=\"_blank\" rel=\"noopener\">ROBERTO MORAIS\u00a0\u00a0(\u00a0PPS\u00a0)<\/a><\/p><p>50.\u00a0<a class=\"link_canais\" href=\"https:\/\/www.al.sp.gov.br\/deputado\/?matricula=300407\" target=\"_blank\" rel=\"noopener\">ROG\u00c9RIO NOGUEIRA\u00a0\u00a0(\u00a0DEM\u00a0)<\/a><\/p><p>51.\u00a0<a class=\"link_canais\" href=\"https:\/\/www.al.sp.gov.br\/deputado\/?matricula=300644\" target=\"_blank\" rel=\"noopener\">SARGENTO NERI\u00a0\u00a0(\u00a0AVANTE\u00a0)<\/a><\/p><p>52.\u00a0<a class=\"link_canais\" href=\"https:\/\/www.al.sp.gov.br\/deputado\/?matricula=300520\" target=\"_blank\" rel=\"noopener\">SEBASTI\u00c3O SANTOS\u00a0\u00a0(\u00a0REPUBLICANOS\u00a0)<\/a><\/p><p>53.\u00a0<a class=\"link_canais\" href=\"https:\/\/www.al.sp.gov.br\/deputado\/?matricula=300645\" target=\"_blank\" rel=\"noopener\">SERGIO VICTOR\u00a0\u00a0(\u00a0NOVO\u00a0)<\/a><\/p><p>54.\u00a0<a class=\"link_canais\" href=\"https:\/\/www.al.sp.gov.br\/deputado\/?matricula=300646\" target=\"_blank\" rel=\"noopener\">TENENTE COIMBRA\u00a0\u00a0(\u00a0PSL\u00a0)<\/a><\/p><p>55.\u00a0<a class=\"link_canais\" href=\"https:\/\/www.al.sp.gov.br\/deputado\/?matricula=300584\" target=\"_blank\" rel=\"noopener\">TEONILIO BARBA\u00a0\u00a0(\u00a0PT\u00a0)<\/a><\/p><p>56.\u00a0<a class=\"link_canais\" href=\"https:\/\/www.al.sp.gov.br\/deputado\/?matricula=300648\" target=\"_blank\" rel=\"noopener\">THIAGO AURICCHIO\u00a0\u00a0(\u00a0PL\u00a0)<\/a><\/p><p>57.\u00a0<a class=\"link_canais\" href=\"https:\/\/www.al.sp.gov.br\/deputado\/?matricula=300430\" target=\"_blank\" rel=\"noopener\">VIN\u00cdCIUS CAMARINHA\u00a0\u00a0(\u00a0PSB\u00a0)<\/a><\/p><p>58.\u00a0<a class=\"link_canais\" href=\"https:\/\/www.al.sp.gov.br\/deputado\/?matricula=300589\" target=\"_blank\" rel=\"noopener\">WELLINGTON MOURA\u00a0\u00a0(\u00a0REPUBLICANOS\u00a0)<\/a><\/p><p>59.\u00a0<a class=\"link_canais\" href=\"https:\/\/www.al.sp.gov.br\/deputado\/?matricula=300608\" target=\"_blank\" rel=\"noopener\">ALEX DE MADUREIRA\u00a0\u00a0(\u00a0PSD\u00a0)<\/a><\/p><p>60.\u00a0<a class=\"link_canais\" href=\"https:\/\/www.al.sp.gov.br\/deputado\/?matricula=300553\" target=\"_blank\" rel=\"noopener\">ALEXANDRE PEREIRA\u00a0\u00a0(\u00a0SD\u00a0)<\/a><\/p><p>61.\u00a0<a class=\"link_canais\" href=\"https:\/\/www.al.sp.gov.br\/deputado\/?matricula=300395\" target=\"_blank\" rel=\"noopener\">EMIDIO DE SOUZA\u00a0\u00a0(\u00a0PT\u00a0)<\/a><\/p><p>62.\u00a0<a class=\"link_canais\" href=\"https:\/\/www.al.sp.gov.br\/deputado\/?matricula=300617\" target=\"_blank\" rel=\"noopener\">CORONEL NISHIKAWA\u00a0\u00a0(\u00a0PSL\u00a0)<\/a><\/p><p>63.\u00a0<a class=\"link_canais\" href=\"https:\/\/www.al.sp.gov.br\/deputado\/?matricula=300549\" target=\"_blank\" rel=\"noopener\">JORGE WILSON XERIFE DO CONSUMIDOR\u00a0\u00a0(\u00a0REPUBLICANOS\u00a0)<\/a><\/p><p>64.\u00a0<a class=\"link_canais\" href=\"https:\/\/www.al.sp.gov.br\/deputado\/?matricula=300544\" target=\"_blank\" rel=\"noopener\">JOS\u00c9 AM\u00c9RICO\u00a0\u00a0(\u00a0PT\u00a0)<\/a><\/p><p>65.\u00a0<a class=\"link_canais\" href=\"https:\/\/www.al.sp.gov.br\/deputado\/?matricula=300471\" target=\"_blank\" rel=\"noopener\">MARCOS ZERBINI\u00a0\u00a0(\u00a0PSDB\u00a0)<\/a><\/p><p>66.\u00a0<a class=\"link_canais\" href=\"https:\/\/www.al.sp.gov.br\/deputado\/?matricula=300470\" target=\"_blank\" rel=\"noopener\">REINALDO ALGUZ\u00a0\u00a0(\u00a0PV\u00a0)<\/a><\/p><p>67.\u00a0<a class=\"link_canais\" href=\"https:\/\/www.al.sp.gov.br\/deputado\/?matricula=300647\" target=\"_blank\" rel=\"noopener\">TENENTE NASCIMENTO\u00a0\u00a0(\u00a0PSL\u00a0)<\/a><\/p><p>68.\u00a0<a class=\"link_canais\" href=\"https:\/\/www.al.sp.gov.br\/deputado\/?matricula=300606\" target=\"_blank\" rel=\"noopener\">ADRIANA BORGO\u00a0\u00a0(\u00a0PROS\u00a0)<\/a><\/p><p>69.\u00a0<a class=\"link_canais\" href=\"https:\/\/www.al.sp.gov.br\/deputado\/?matricula=300318\" target=\"_blank\" rel=\"noopener\">EDNA MACEDO\u00a0\u00a0(\u00a0REPUBLICANOS\u00a0)<\/a><\/p><p>70.\u00a0<a class=\"link_canais\" href=\"https:\/\/www.al.sp.gov.br\/deputado\/?matricula=300533\" target=\"_blank\" rel=\"noopener\">MARTA COSTA\u00a0\u00a0(\u00a0PSD\u00a0)<\/a><\/p><p>71.\u00a0<a class=\"link_canais\" href=\"https:\/\/www.al.sp.gov.br\/deputado\/?matricula=300610\" target=\"_blank\" rel=\"noopener\">APRIGIO\u00a0\u00a0(\u00a0PODE\u00a0)<\/a><\/p><p>72.\u00a0<a class=\"link_canais\" href=\"https:\/\/www.al.sp.gov.br\/deputado\/?matricula=300540\" target=\"_blank\" rel=\"noopener\">CAIO FRAN\u00c7A\u00a0\u00a0(\u00a0PSB\u00a0)<\/a><\/p><p>73.\u00a0<a class=\"link_canais\" href=\"https:\/\/www.al.sp.gov.br\/deputado\/?matricula=300264\" target=\"_blank\" rel=\"noopener\">L\u00c9O OLIVEIRA\u00a0\u00a0(\u00a0MDB\u00a0)<\/a><\/p><p>74.\u00a0<a class=\"link_canais\" href=\"https:\/\/www.al.sp.gov.br\/deputado\/?matricula=300552\" target=\"_blank\" rel=\"noopener\">MARCOS DAMASIO\u00a0\u00a0(\u00a0PL\u00a0)<\/a><\/p>\t\t\t\t\t\t<\/div>\r\n\t\t\t\t<\/div>\r\n\t\t\t\t\t<\/div>\r\n\t\t<\/div>\r\n\t\t\t\t\t\t\t<\/div>\r\n\t\t<\/section>\r\n\t\t\t\t\t\t<\/div>\r\n\t\t\t\t\t<\/div>\r\n\t\t","protected":false},"excerpt":{"rendered":"<p>Frente Parlamentar FRENTE PARLAMENTAR PELO DESENVOLVIMENTO DO SETOR T\u00caXTIL E DE CONFEC\u00c7\u00d5ES DO ESTADO DE S\u00c3O PAULO Ato de Constitui\u00e7\u00e3o\u00a0\u00a0ATO DO PRESIDENTE &#8211; ALESP n\u00ba 220, de 16\/09\/2019Funcionamento\u00a0\u00a0Data de \u00cdnicio = 17\/09\/2019 ( Frente Parlamentar em Andamento ) Coordenador\u00a0\u00a0CARLA MORANDO\u00a0\u00a0(\u00a0PSDB\u00a0) \u00a0 Composi\u00e7\u00e3o Membros Efetivos 1.\u00a0ESTEVAM GALV\u00c3O\u00a0\u00a0(\u00a0DEM\u00a0) 2.\u00a0MARCIO NAKASHIMA\u00a0\u00a0(\u00a0PDT\u00a0) 3.\u00a0RODRIGO MORAES\u00a0\u00a0(\u00a0DEM\u00a0) 4.\u00a0ROQUE BARBIERE\u00a0\u00a0(\u00a0PTB\u00a0) 5.\u00a0DIRCEU DALBEN\u00a0\u00a0(\u00a0PL\u00a0) 6.\u00a0VALERIA [&hellip;]<\/p>\n","protected":false},"author":2,"featured_media":0,"parent":93,"menu_order":0,"comment_status":"closed","ping_status":"closed","template":"elementor_theme","meta":{"footnotes":""},"class_list":["post-323","page","type-page","status-publish","hentry"],"yoast_head":"<!-- This site is optimized with the Yoast SEO plugin v22.8 - https:\/\/yoast.com\/wordpress\/plugins\/seo\/ -->\n<title>Frente Parlamentar - Sindit\u00eaxtil-SP<\/title>\n<meta name=\"robots\" content=\"index, follow, max-snippet:-1, max-image-preview:large, max-video-preview:-1\" \/>\n<link rel=\"canonical\" href=\"https:\/\/sinditextilsp.org.br\/home\/quem-somos\/frente-parlamentar\/\" \/>\n<meta property=\"og:locale\" content=\"pt_BR\" \/>\n<meta property=\"og:type\" content=\"article\" \/>\n<meta property=\"og:title\" content=\"Frente Parlamentar - Sindit\u00eaxtil-SP\" \/>\n<meta property=\"og:description\" content=\"Frente Parlamentar FRENTE PARLAMENTAR PELO DESENVOLVIMENTO DO SETOR T\u00caXTIL E DE CONFEC\u00c7\u00d5ES DO ESTADO DE S\u00c3O PAULO Ato de Constitui\u00e7\u00e3o\u00a0\u00a0ATO DO PRESIDENTE &#8211; ALESP n\u00ba 220, de 16\/09\/2019Funcionamento\u00a0\u00a0Data de \u00cdnicio = 17\/09\/2019 ( Frente Parlamentar em Andamento ) Coordenador\u00a0\u00a0CARLA MORANDO\u00a0\u00a0(\u00a0PSDB\u00a0) \u00a0 Composi\u00e7\u00e3o Membros Efetivos 1.\u00a0ESTEVAM GALV\u00c3O\u00a0\u00a0(\u00a0DEM\u00a0) 2.\u00a0MARCIO NAKASHIMA\u00a0\u00a0(\u00a0PDT\u00a0) 3.\u00a0RODRIGO MORAES\u00a0\u00a0(\u00a0DEM\u00a0) 4.\u00a0ROQUE BARBIERE\u00a0\u00a0(\u00a0PTB\u00a0) 5.\u00a0DIRCEU DALBEN\u00a0\u00a0(\u00a0PL\u00a0) 6.\u00a0VALERIA [&hellip;]\" \/>\n<meta property=\"og:url\" content=\"https:\/\/sinditextilsp.org.br\/home\/quem-somos\/frente-parlamentar\/\" \/>\n<meta property=\"og:site_name\" content=\"Sindit\u00eaxtil-SP\" \/>\n<meta property=\"article:publisher\" content=\"https:\/\/www.facebook.com\/sinditextilsp\" \/>\n<meta property=\"article:modified_time\" content=\"2021-07-16T17:33:07+00:00\" \/>\n<meta name=\"twitter:card\" content=\"summary_large_image\" \/>\n<meta name=\"twitter:site\" content=\"@SinditextilSP\" \/>\n<meta name=\"twitter:label1\" content=\"Est. tempo de leitura\" \/>\n\t<meta name=\"twitter:data1\" content=\"2 minutos\" \/>\n<script type=\"application\/ld+json\" class=\"yoast-schema-graph\">{\"@context\":\"https:\/\/schema.org\",\"@graph\":[{\"@type\":\"WebPage\",\"@id\":\"https:\/\/sinditextilsp.org.br\/home\/quem-somos\/frente-parlamentar\/\",\"url\":\"https:\/\/sinditextilsp.org.br\/home\/quem-somos\/frente-parlamentar\/\",\"name\":\"Frente Parlamentar - Sindit\u00eaxtil-SP\",\"isPartOf\":{\"@id\":\"https:\/\/sinditextilsp.org.br\/home\/#website\"},\"datePublished\":\"2021-07-14T00:28:51+00:00\",\"dateModified\":\"2021-07-16T17:33:07+00:00\",\"breadcrumb\":{\"@id\":\"https:\/\/sinditextilsp.org.br\/home\/quem-somos\/frente-parlamentar\/#breadcrumb\"},\"inLanguage\":\"pt-BR\",\"potentialAction\":[{\"@type\":\"ReadAction\",\"target\":[\"https:\/\/sinditextilsp.org.br\/home\/quem-somos\/frente-parlamentar\/\"]}]},{\"@type\":\"BreadcrumbList\",\"@id\":\"https:\/\/sinditextilsp.org.br\/home\/quem-somos\/frente-parlamentar\/#breadcrumb\",\"itemListElement\":[{\"@type\":\"ListItem\",\"position\":1,\"name\":\"In\u00edcio\",\"item\":\"https:\/\/sinditextilsp.org.br\/home\/\"},{\"@type\":\"ListItem\",\"position\":2,\"name\":\"Quem Somos\",\"item\":\"https:\/\/sinditextilsp.org.br\/home\/quem-somos\/\"},{\"@type\":\"ListItem\",\"position\":3,\"name\":\"Frente Parlamentar\"}]},{\"@type\":\"WebSite\",\"@id\":\"https:\/\/sinditextilsp.org.br\/home\/#website\",\"url\":\"https:\/\/sinditextilsp.org.br\/home\/\",\"name\":\"Sindit\u00eaxtil-SP\",\"description\":\"Sindicato T\u00eaxtil de S\u00e3o Paulo\",\"potentialAction\":[{\"@type\":\"SearchAction\",\"target\":{\"@type\":\"EntryPoint\",\"urlTemplate\":\"https:\/\/sinditextilsp.org.br\/home\/?s={search_term_string}\"},\"query-input\":\"required name=search_term_string\"}],\"inLanguage\":\"pt-BR\"}]}<\/script>\n<!-- \/ Yoast SEO plugin. -->","yoast_head_json":{"title":"Frente Parlamentar - Sindit\u00eaxtil-SP","robots":{"index":"index","follow":"follow","max-snippet":"max-snippet:-1","max-image-preview":"max-image-preview:large","max-video-preview":"max-video-preview:-1"},"canonical":"https:\/\/sinditextilsp.org.br\/home\/quem-somos\/frente-parlamentar\/","og_locale":"pt_BR","og_type":"article","og_title":"Frente Parlamentar - Sindit\u00eaxtil-SP","og_description":"Frente Parlamentar FRENTE PARLAMENTAR PELO DESENVOLVIMENTO DO SETOR T\u00caXTIL E DE CONFEC\u00c7\u00d5ES DO ESTADO DE S\u00c3O PAULO Ato de Constitui\u00e7\u00e3o\u00a0\u00a0ATO DO PRESIDENTE &#8211; ALESP n\u00ba 220, de 16\/09\/2019Funcionamento\u00a0\u00a0Data de \u00cdnicio = 17\/09\/2019 ( Frente Parlamentar em Andamento ) Coordenador\u00a0\u00a0CARLA MORANDO\u00a0\u00a0(\u00a0PSDB\u00a0) \u00a0 Composi\u00e7\u00e3o Membros Efetivos 1.\u00a0ESTEVAM GALV\u00c3O\u00a0\u00a0(\u00a0DEM\u00a0) 2.\u00a0MARCIO NAKASHIMA\u00a0\u00a0(\u00a0PDT\u00a0) 3.\u00a0RODRIGO MORAES\u00a0\u00a0(\u00a0DEM\u00a0) 4.\u00a0ROQUE BARBIERE\u00a0\u00a0(\u00a0PTB\u00a0) 5.\u00a0DIRCEU DALBEN\u00a0\u00a0(\u00a0PL\u00a0) 6.\u00a0VALERIA [&hellip;]","og_url":"https:\/\/sinditextilsp.org.br\/home\/quem-somos\/frente-parlamentar\/","og_site_name":"Sindit\u00eaxtil-SP","article_publisher":"https:\/\/www.facebook.com\/sinditextilsp","article_modified_time":"2021-07-16T17:33:07+00:00","twitter_card":"summary_large_image","twitter_site":"@SinditextilSP","twitter_misc":{"Est. tempo de leitura":"2 minutos"},"schema":{"@context":"https:\/\/schema.org","@graph":[{"@type":"WebPage","@id":"https:\/\/sinditextilsp.org.br\/home\/quem-somos\/frente-parlamentar\/","url":"https:\/\/sinditextilsp.org.br\/home\/quem-somos\/frente-parlamentar\/","name":"Frente Parlamentar - Sindit\u00eaxtil-SP","isPartOf":{"@id":"https:\/\/sinditextilsp.org.br\/home\/#website"},"datePublished":"2021-07-14T00:28:51+00:00","dateModified":"2021-07-16T17:33:07+00:00","breadcrumb":{"@id":"https:\/\/sinditextilsp.org.br\/home\/quem-somos\/frente-parlamentar\/#breadcrumb"},"inLanguage":"pt-BR","potentialAction":[{"@type":"ReadAction","target":["https:\/\/sinditextilsp.org.br\/home\/quem-somos\/frente-parlamentar\/"]}]},{"@type":"BreadcrumbList","@id":"https:\/\/sinditextilsp.org.br\/home\/quem-somos\/frente-parlamentar\/#breadcrumb","itemListElement":[{"@type":"ListItem","position":1,"name":"In\u00edcio","item":"https:\/\/sinditextilsp.org.br\/home\/"},{"@type":"ListItem","position":2,"name":"Quem Somos","item":"https:\/\/sinditextilsp.org.br\/home\/quem-somos\/"},{"@type":"ListItem","position":3,"name":"Frente Parlamentar"}]},{"@type":"WebSite","@id":"https:\/\/sinditextilsp.org.br\/home\/#website","url":"https:\/\/sinditextilsp.org.br\/home\/","name":"Sindit\u00eaxtil-SP","description":"Sindicato T\u00eaxtil de S\u00e3o Paulo","potentialAction":[{"@type":"SearchAction","target":{"@type":"EntryPoint","urlTemplate":"https:\/\/sinditextilsp.org.br\/home\/?s={search_term_string}"},"query-input":"required name=search_term_string"}],"inLanguage":"pt-BR"}]}},"_links":{"self":[{"href":"https:\/\/sinditextilsp.org.br\/home\/wp-json\/wp\/v2\/pages\/323","targetHints":{"allow":["GET"]}}],"collection":[{"href":"https:\/\/sinditextilsp.org.br\/home\/wp-json\/wp\/v2\/pages"}],"about":[{"href":"https:\/\/sinditextilsp.org.br\/home\/wp-json\/wp\/v2\/types\/page"}],"author":[{"embeddable":true,"href":"https:\/\/sinditextilsp.org.br\/home\/wp-json\/wp\/v2\/users\/2"}],"replies":[{"embeddable":true,"href":"https:\/\/sinditextilsp.org.br\/home\/wp-json\/wp\/v2\/comments?post=323"}],"version-history":[{"count":4,"href":"https:\/\/sinditextilsp.org.br\/home\/wp-json\/wp\/v2\/pages\/323\/revisions"}],"predecessor-version":[{"id":327,"href":"https:\/\/sinditextilsp.org.br\/home\/wp-json\/wp\/v2\/pages\/323\/revisions\/327"}],"up":[{"embeddable":true,"href":"https:\/\/sinditextilsp.org.br\/home\/wp-json\/wp\/v2\/pages\/93"}],"wp:attachment":[{"href":"https:\/\/sinditextilsp.org.br\/home\/wp-json\/wp\/v2\/media?parent=323"}],"curies":[{"name":"wp","href":"https:\/\/api.w.org\/{rel}","templated":true}]}}