{"id":330,"date":"2021-07-13T21:33:03","date_gmt":"2021-07-14T00:33:03","guid":{"rendered":"https:\/\/dev.sinditextilsp.org.br\/home\/?page_id=330"},"modified":"2025-10-15T15:18:51","modified_gmt":"2025-10-15T18:18:51","slug":"codigo-de-conduta-e-etica","status":"publish","type":"page","link":"https:\/\/sinditextilsp.org.br\/home\/quem-somos\/codigo-de-conduta-e-etica\/","title":{"rendered":"C\u00f3digo de Conduta e \u00c9tica"},"content":{"rendered":"\t\t<div data-elementor-type=\"wp-page\" data-elementor-id=\"330\" class=\"elementor elementor-330\" data-elementor-settings=\"[]\">\r\n\t\t\t\t\t\t\t<div class=\"elementor-section-wrap\">\r\n\t\t\t\t\t\t\t<section class=\"elementor-section elementor-top-section elementor-element elementor-element-6460adf elementor-section-boxed elementor-section-height-default elementor-section-height-default\" data-id=\"6460adf\" data-element_type=\"section\">\r\n\t\t\t\t\t\t<div class=\"elementor-container elementor-column-gap-default\">\r\n\t\t\t\t\t<div class=\"elementor-column elementor-col-100 elementor-top-column elementor-element elementor-element-26dc457\" data-id=\"26dc457\" data-element_type=\"column\">\r\n\t\t\t<div class=\"elementor-widget-wrap elementor-element-populated\">\r\n\t\t\t\t\t\t\t\t<div class=\"elementor-element elementor-element-c607962 elementor-widget elementor-widget-heading\" data-id=\"c607962\" data-element_type=\"widget\" data-widget_type=\"heading.default\">\r\n\t\t\t\t<div class=\"elementor-widget-container\">\r\n\t\t\t<h2 class=\"elementor-heading-title elementor-size-default\">C\u00f3digo de Conduta e \u00c9tica<\/h2>\t\t<\/div>\r\n\t\t\t\t<\/div>\r\n\t\t\t\t\t<\/div>\r\n\t\t<\/div>\r\n\t\t\t\t\t\t\t<\/div>\r\n\t\t<\/section>\r\n\t\t\t\t<section class=\"elementor-section elementor-top-section elementor-element elementor-element-fc9d6bf elementor-section-boxed elementor-section-height-default elementor-section-height-default\" data-id=\"fc9d6bf\" data-element_type=\"section\">\r\n\t\t\t\t\t\t<div class=\"elementor-container elementor-column-gap-default\">\r\n\t\t\t\t\t<div class=\"elementor-column elementor-col-50 elementor-top-column elementor-element elementor-element-758b44e\" data-id=\"758b44e\" data-element_type=\"column\">\r\n\t\t\t<div class=\"elementor-widget-wrap elementor-element-populated\">\r\n\t\t\t\t\t\t\t\t<div class=\"elementor-element elementor-element-62e280b elementor-widget elementor-widget-text-editor\" data-id=\"62e280b\" data-element_type=\"widget\" data-widget_type=\"text-editor.default\">\r\n\t\t\t\t<div class=\"elementor-widget-container\">\r\n\t\t\t\t\t\t\t\t<p>As atividades do Sindit\u00eaxtil-SP se baseiam na \u00e9tica, transpar\u00eancia e idoneidade, de modo que ele se preocupa com o cumprimento das leis que direcionam a pr\u00e1tica de seus neg\u00f3cios e relacionamentos, como \u00e9 o caso da Lei n\u00ba 12.846 de 1\u00ba de agosto de 2013 (\u201cLei Anticorrup\u00e7\u00e3o\u201d) e demais decretos, regulamentos e leis brasileiras aplic\u00e1veis. Para entender melhor o assunto, veja abaixo o <a href=\"https:\/\/s3.sa-east-1.amazonaws.com\/sindi-files.sinditextilsp.org.br\/site\/documentos\/C%C3%B3digo+de+Conduta+e+%C3%89tica+-+Sindit%C3%AAxtil-SP.pdf\" target=\"_blank\" rel=\"noopener\">C\u00f3digo de Conduta e \u00c9tica do Sindicato.<\/a><\/p>\t\t\t\t\t\t<\/div>\r\n\t\t\t\t<\/div>\r\n\t\t\t\t<div class=\"elementor-element elementor-element-661fe40 elementor-widget elementor-widget-button\" data-id=\"661fe40\" data-element_type=\"widget\" data-widget_type=\"button.default\">\r\n\t\t\t\t<div class=\"elementor-widget-container\">\r\n\t\t\t\t\t<div class=\"elementor-button-wrapper\">\r\n\t\t\t<a href=\"https:\/\/s3.sa-east-1.amazonaws.com\/sindi-files.sinditextilsp.org.br\/site\/documentos\/C%C3%B3digo+de+Conduta+e+%C3%89tica+-+Sindit%C3%AAxtil-SP.pdf\" target=\"_blank\" class=\"elementor-button-link elementor-button elementor-size-sm\" role=\"button\">\r\n\t\t\t\t\t\t<span class=\"elementor-button-content-wrapper\">\r\n\t\t\t\t\t\t<span class=\"elementor-button-text\">Baixar C\u00f3digo de Conduta e \u00c9tica<\/span>\r\n\t\t<\/span>\r\n\t\t\t\t\t<\/a>\r\n\t\t<\/div>\r\n\t\t\t\t<\/div>\r\n\t\t\t\t<\/div>\r\n\t\t\t\t\t<\/div>\r\n\t\t<\/div>\r\n\t\t\t\t<div class=\"elementor-column elementor-col-50 elementor-top-column elementor-element elementor-element-4826858\" data-id=\"4826858\" data-element_type=\"column\">\r\n\t\t\t<div class=\"elementor-widget-wrap elementor-element-populated\">\r\n\t\t\t\t\t\t\t\t<div class=\"elementor-element elementor-element-8fd3e4b elementor-widget elementor-widget-image\" data-id=\"8fd3e4b\" data-element_type=\"widget\" data-widget_type=\"image.default\">\r\n\t\t\t\t<div class=\"elementor-widget-container\">\r\n\t\t\t\t\t\t\t\t\t\t\t\t\t\t\t<img loading=\"lazy\" decoding=\"async\" width=\"596\" height=\"843\" src=\"https:\/\/sinditextilsp.org.br\/home\/wp-content\/uploads\/2025\/10\/codigo-de-conduta-sinditextil-capa.png\" class=\"attachment-large size-large\" alt=\"\" srcset=\"https:\/\/sinditextilsp.org.br\/home\/wp-content\/uploads\/2025\/10\/codigo-de-conduta-sinditextil-capa.png 596w, https:\/\/sinditextilsp.org.br\/home\/wp-content\/uploads\/2025\/10\/codigo-de-conduta-sinditextil-capa-400x566.png 400w, https:\/\/sinditextilsp.org.br\/home\/wp-content\/uploads\/2025\/10\/codigo-de-conduta-sinditextil-capa-367x519.png 367w\" sizes=\"auto, (max-width: 596px) 100vw, 596px\" \/>\t\t\t\t\t\t\t\t\t\t\t\t\t\t\t<\/div>\r\n\t\t\t\t<\/div>\r\n\t\t\t\t\t<\/div>\r\n\t\t<\/div>\r\n\t\t\t\t\t\t\t<\/div>\r\n\t\t<\/section>\r\n\t\t\t\t\t\t<\/div>\r\n\t\t\t\t\t<\/div>\r\n\t\t","protected":false},"excerpt":{"rendered":"<p>C\u00f3digo de Conduta e \u00c9tica As atividades do Sindit\u00eaxtil-SP se baseiam na \u00e9tica, transpar\u00eancia e idoneidade, de modo que ele se preocupa com o cumprimento das leis que direcionam a pr\u00e1tica de seus neg\u00f3cios e relacionamentos, como \u00e9 o caso da Lei n\u00ba 12.846 de 1\u00ba de agosto de 2013 (\u201cLei Anticorrup\u00e7\u00e3o\u201d) e demais decretos, [&hellip;]<\/p>\n","protected":false},"author":2,"featured_media":0,"parent":93,"menu_order":0,"comment_status":"closed","ping_status":"closed","template":"elementor_theme","meta":{"footnotes":""},"class_list":["post-330","page","type-page","status-publish","hentry"],"yoast_head":"<!-- This site is optimized with the Yoast SEO plugin v22.8 - https:\/\/yoast.com\/wordpress\/plugins\/seo\/ -->\n<title>C\u00f3digo de Conduta e \u00c9tica - Sindit\u00eaxtil-SP<\/title>\n<meta name=\"robots\" content=\"index, follow, max-snippet:-1, max-image-preview:large, max-video-preview:-1\" \/>\n<link rel=\"canonical\" href=\"https:\/\/sinditextilsp.org.br\/home\/quem-somos\/codigo-de-conduta-e-etica\/\" \/>\n<meta property=\"og:locale\" content=\"pt_BR\" \/>\n<meta property=\"og:type\" content=\"article\" \/>\n<meta property=\"og:title\" content=\"C\u00f3digo de Conduta e \u00c9tica - Sindit\u00eaxtil-SP\" \/>\n<meta property=\"og:description\" content=\"C\u00f3digo de Conduta e \u00c9tica As atividades do Sindit\u00eaxtil-SP se baseiam na \u00e9tica, transpar\u00eancia e idoneidade, de modo que ele se preocupa com o cumprimento das leis que direcionam a pr\u00e1tica de seus neg\u00f3cios e relacionamentos, como \u00e9 o caso da Lei n\u00ba 12.846 de 1\u00ba de agosto de 2013 (\u201cLei Anticorrup\u00e7\u00e3o\u201d) e demais decretos, [&hellip;]\" \/>\n<meta property=\"og:url\" content=\"https:\/\/sinditextilsp.org.br\/home\/quem-somos\/codigo-de-conduta-e-etica\/\" \/>\n<meta property=\"og:site_name\" content=\"Sindit\u00eaxtil-SP\" \/>\n<meta property=\"article:publisher\" content=\"https:\/\/www.facebook.com\/sinditextilsp\" \/>\n<meta property=\"article:modified_time\" content=\"2025-10-15T18:18:51+00:00\" \/>\n<meta property=\"og:image\" content=\"https:\/\/sinditextilsp.org.br\/home\/wp-content\/uploads\/2025\/10\/codigo-de-conduta-sinditextil-capa.png\" \/>\n<meta name=\"twitter:card\" content=\"summary_large_image\" \/>\n<meta name=\"twitter:site\" content=\"@SinditextilSP\" \/>\n<meta name=\"twitter:label1\" content=\"Est. tempo de leitura\" \/>\n\t<meta name=\"twitter:data1\" content=\"1 minuto\" \/>\n<script type=\"application\/ld+json\" class=\"yoast-schema-graph\">{\"@context\":\"https:\/\/schema.org\",\"@graph\":[{\"@type\":\"WebPage\",\"@id\":\"https:\/\/sinditextilsp.org.br\/home\/quem-somos\/codigo-de-conduta-e-etica\/\",\"url\":\"https:\/\/sinditextilsp.org.br\/home\/quem-somos\/codigo-de-conduta-e-etica\/\",\"name\":\"C\u00f3digo de Conduta e \u00c9tica - Sindit\u00eaxtil-SP\",\"isPartOf\":{\"@id\":\"https:\/\/sinditextilsp.org.br\/home\/#website\"},\"primaryImageOfPage\":{\"@id\":\"https:\/\/sinditextilsp.org.br\/home\/quem-somos\/codigo-de-conduta-e-etica\/#primaryimage\"},\"image\":{\"@id\":\"https:\/\/sinditextilsp.org.br\/home\/quem-somos\/codigo-de-conduta-e-etica\/#primaryimage\"},\"thumbnailUrl\":\"https:\/\/sinditextilsp.org.br\/home\/wp-content\/uploads\/2025\/10\/codigo-de-conduta-sinditextil-capa.png\",\"datePublished\":\"2021-07-14T00:33:03+00:00\",\"dateModified\":\"2025-10-15T18:18:51+00:00\",\"breadcrumb\":{\"@id\":\"https:\/\/sinditextilsp.org.br\/home\/quem-somos\/codigo-de-conduta-e-etica\/#breadcrumb\"},\"inLanguage\":\"pt-BR\",\"potentialAction\":[{\"@type\":\"ReadAction\",\"target\":[\"https:\/\/sinditextilsp.org.br\/home\/quem-somos\/codigo-de-conduta-e-etica\/\"]}]},{\"@type\":\"ImageObject\",\"inLanguage\":\"pt-BR\",\"@id\":\"https:\/\/sinditextilsp.org.br\/home\/quem-somos\/codigo-de-conduta-e-etica\/#primaryimage\",\"url\":\"https:\/\/sinditextilsp.org.br\/home\/wp-content\/uploads\/2025\/10\/codigo-de-conduta-sinditextil-capa.png\",\"contentUrl\":\"https:\/\/sinditextilsp.org.br\/home\/wp-content\/uploads\/2025\/10\/codigo-de-conduta-sinditextil-capa.png\",\"width\":596,\"height\":843},{\"@type\":\"BreadcrumbList\",\"@id\":\"https:\/\/sinditextilsp.org.br\/home\/quem-somos\/codigo-de-conduta-e-etica\/#breadcrumb\",\"itemListElement\":[{\"@type\":\"ListItem\",\"position\":1,\"name\":\"In\u00edcio\",\"item\":\"https:\/\/sinditextilsp.org.br\/home\/\"},{\"@type\":\"ListItem\",\"position\":2,\"name\":\"Quem Somos\",\"item\":\"https:\/\/sinditextilsp.org.br\/home\/quem-somos\/\"},{\"@type\":\"ListItem\",\"position\":3,\"name\":\"C\u00f3digo de Conduta e \u00c9tica\"}]},{\"@type\":\"WebSite\",\"@id\":\"https:\/\/sinditextilsp.org.br\/home\/#website\",\"url\":\"https:\/\/sinditextilsp.org.br\/home\/\",\"name\":\"Sindit\u00eaxtil-SP\",\"description\":\"Sindicato T\u00eaxtil de S\u00e3o Paulo\",\"potentialAction\":[{\"@type\":\"SearchAction\",\"target\":{\"@type\":\"EntryPoint\",\"urlTemplate\":\"https:\/\/sinditextilsp.org.br\/home\/?s={search_term_string}\"},\"query-input\":\"required name=search_term_string\"}],\"inLanguage\":\"pt-BR\"}]}<\/script>\n<!-- \/ Yoast SEO plugin. -->","yoast_head_json":{"title":"C\u00f3digo de Conduta e \u00c9tica - Sindit\u00eaxtil-SP","robots":{"index":"index","follow":"follow","max-snippet":"max-snippet:-1","max-image-preview":"max-image-preview:large","max-video-preview":"max-video-preview:-1"},"canonical":"https:\/\/sinditextilsp.org.br\/home\/quem-somos\/codigo-de-conduta-e-etica\/","og_locale":"pt_BR","og_type":"article","og_title":"C\u00f3digo de Conduta e \u00c9tica - Sindit\u00eaxtil-SP","og_description":"C\u00f3digo de Conduta e \u00c9tica As atividades do Sindit\u00eaxtil-SP se baseiam na \u00e9tica, transpar\u00eancia e idoneidade, de modo que ele se preocupa com o cumprimento das leis que direcionam a pr\u00e1tica de seus neg\u00f3cios e relacionamentos, como \u00e9 o caso da Lei n\u00ba 12.846 de 1\u00ba de agosto de 2013 (\u201cLei Anticorrup\u00e7\u00e3o\u201d) e demais decretos, [&hellip;]","og_url":"https:\/\/sinditextilsp.org.br\/home\/quem-somos\/codigo-de-conduta-e-etica\/","og_site_name":"Sindit\u00eaxtil-SP","article_publisher":"https:\/\/www.facebook.com\/sinditextilsp","article_modified_time":"2025-10-15T18:18:51+00:00","og_image":[{"url":"https:\/\/sinditextilsp.org.br\/home\/wp-content\/uploads\/2025\/10\/codigo-de-conduta-sinditextil-capa.png"}],"twitter_card":"summary_large_image","twitter_site":"@SinditextilSP","twitter_misc":{"Est. tempo de leitura":"1 minuto"},"schema":{"@context":"https:\/\/schema.org","@graph":[{"@type":"WebPage","@id":"https:\/\/sinditextilsp.org.br\/home\/quem-somos\/codigo-de-conduta-e-etica\/","url":"https:\/\/sinditextilsp.org.br\/home\/quem-somos\/codigo-de-conduta-e-etica\/","name":"C\u00f3digo de Conduta e \u00c9tica - Sindit\u00eaxtil-SP","isPartOf":{"@id":"https:\/\/sinditextilsp.org.br\/home\/#website"},"primaryImageOfPage":{"@id":"https:\/\/sinditextilsp.org.br\/home\/quem-somos\/codigo-de-conduta-e-etica\/#primaryimage"},"image":{"@id":"https:\/\/sinditextilsp.org.br\/home\/quem-somos\/codigo-de-conduta-e-etica\/#primaryimage"},"thumbnailUrl":"https:\/\/sinditextilsp.org.br\/home\/wp-content\/uploads\/2025\/10\/codigo-de-conduta-sinditextil-capa.png","datePublished":"2021-07-14T00:33:03+00:00","dateModified":"2025-10-15T18:18:51+00:00","breadcrumb":{"@id":"https:\/\/sinditextilsp.org.br\/home\/quem-somos\/codigo-de-conduta-e-etica\/#breadcrumb"},"inLanguage":"pt-BR","potentialAction":[{"@type":"ReadAction","target":["https:\/\/sinditextilsp.org.br\/home\/quem-somos\/codigo-de-conduta-e-etica\/"]}]},{"@type":"ImageObject","inLanguage":"pt-BR","@id":"https:\/\/sinditextilsp.org.br\/home\/quem-somos\/codigo-de-conduta-e-etica\/#primaryimage","url":"https:\/\/sinditextilsp.org.br\/home\/wp-content\/uploads\/2025\/10\/codigo-de-conduta-sinditextil-capa.png","contentUrl":"https:\/\/sinditextilsp.org.br\/home\/wp-content\/uploads\/2025\/10\/codigo-de-conduta-sinditextil-capa.png","width":596,"height":843},{"@type":"BreadcrumbList","@id":"https:\/\/sinditextilsp.org.br\/home\/quem-somos\/codigo-de-conduta-e-etica\/#breadcrumb","itemListElement":[{"@type":"ListItem","position":1,"name":"In\u00edcio","item":"https:\/\/sinditextilsp.org.br\/home\/"},{"@type":"ListItem","position":2,"name":"Quem Somos","item":"https:\/\/sinditextilsp.org.br\/home\/quem-somos\/"},{"@type":"ListItem","position":3,"name":"C\u00f3digo de Conduta e \u00c9tica"}]},{"@type":"WebSite","@id":"https:\/\/sinditextilsp.org.br\/home\/#website","url":"https:\/\/sinditextilsp.org.br\/home\/","name":"Sindit\u00eaxtil-SP","description":"Sindicato T\u00eaxtil de S\u00e3o Paulo","potentialAction":[{"@type":"SearchAction","target":{"@type":"EntryPoint","urlTemplate":"https:\/\/sinditextilsp.org.br\/home\/?s={search_term_string}"},"query-input":"required name=search_term_string"}],"inLanguage":"pt-BR"}]}},"_links":{"self":[{"href":"https:\/\/sinditextilsp.org.br\/home\/wp-json\/wp\/v2\/pages\/330","targetHints":{"allow":["GET"]}}],"collection":[{"href":"https:\/\/sinditextilsp.org.br\/home\/wp-json\/wp\/v2\/pages"}],"about":[{"href":"https:\/\/sinditextilsp.org.br\/home\/wp-json\/wp\/v2\/types\/page"}],"author":[{"embeddable":true,"href":"https:\/\/sinditextilsp.org.br\/home\/wp-json\/wp\/v2\/users\/2"}],"replies":[{"embeddable":true,"href":"https:\/\/sinditextilsp.org.br\/home\/wp-json\/wp\/v2\/comments?post=330"}],"version-history":[{"count":25,"href":"https:\/\/sinditextilsp.org.br\/home\/wp-json\/wp\/v2\/pages\/330\/revisions"}],"predecessor-version":[{"id":9282,"href":"https:\/\/sinditextilsp.org.br\/home\/wp-json\/wp\/v2\/pages\/330\/revisions\/9282"}],"up":[{"embeddable":true,"href":"https:\/\/sinditextilsp.org.br\/home\/wp-json\/wp\/v2\/pages\/93"}],"wp:attachment":[{"href":"https:\/\/sinditextilsp.org.br\/home\/wp-json\/wp\/v2\/media?parent=330"}],"curies":[{"name":"wp","href":"https:\/\/api.w.org\/{rel}","templated":true}]}}