{"id":4145,"date":"2023-10-24T11:32:33","date_gmt":"2023-10-24T14:32:33","guid":{"rendered":"https:\/\/sinditextilsp.org.br\/home\/?page_id=4145"},"modified":"2025-05-14T19:56:27","modified_gmt":"2025-05-14T22:56:27","slug":"sustentabilidade","status":"publish","type":"page","link":"https:\/\/sinditextilsp.org.br\/home\/sustentabilidade\/","title":{"rendered":"Sustentabilidade"},"content":{"rendered":"\t\t<div data-elementor-type=\"wp-page\" data-elementor-id=\"4145\" class=\"elementor elementor-4145\" data-elementor-settings=\"[]\">\r\n\t\t\t\t\t\t\t<div class=\"elementor-section-wrap\">\r\n\t\t\t\t\t\t\t<section class=\"elementor-section elementor-top-section elementor-element elementor-element-79b39ac elementor-section-content-middle elementor-section-boxed elementor-section-height-default elementor-section-height-default\" data-id=\"79b39ac\" data-element_type=\"section\">\r\n\t\t\t\t\t\t<div class=\"elementor-container elementor-column-gap-default\">\r\n\t\t\t\t\t<div class=\"elementor-column elementor-col-50 elementor-top-column elementor-element elementor-element-d36a0af\" data-id=\"d36a0af\" data-element_type=\"column\">\r\n\t\t\t<div class=\"elementor-widget-wrap elementor-element-populated\">\r\n\t\t\t\t\t\t\t\t<div class=\"elementor-element elementor-element-7ac897a elementor-widget elementor-widget-heading\" data-id=\"7ac897a\" data-element_type=\"widget\" data-widget_type=\"heading.default\">\r\n\t\t\t\t<div class=\"elementor-widget-container\">\r\n\t\t\t<h2 class=\"elementor-heading-title elementor-size-default\"><span style=\"font-weight: normal;\">Ol\u00e1 a todos! <img decoding=\"async\" draggable=\"false\" role=\"img\" class=\"emoji\" alt=\"\ud83c\udf3f\" src=\"https:\/\/s.w.org\/images\/core\/emoji\/15.0.3\/svg\/1f33f.svg\"><br> N\u00f3s do  <\/span>Sindit\u00eaxtil-SP<span style=\"font-weight: normal;\"> estamos muito  focados na <\/span>descarboniza\u00e7\u00e3o t\u00eaxtil em SP!<span style=\"font-weight: normal;\"><\/span><\/h2>\t\t<\/div>\r\n\t\t\t\t<\/div>\r\n\t\t\t\t<div class=\"elementor-element elementor-element-1408197 elementor-widget elementor-widget-heading\" data-id=\"1408197\" data-element_type=\"widget\" data-widget_type=\"heading.default\">\r\n\t\t\t\t<div class=\"elementor-widget-container\">\r\n\t\t\t<p class=\"elementor-heading-title elementor-size-default\">Incentivamos a economia circular, a redu\u00e7\u00e3o do uso de \u00e1gua, o reaproveitamento de res\u00edduos e a energia renov\u00e1vel.\n<br><br>Abaixo, alguns dos materiais que produzimos para te ajudar nessa jornada.  <img decoding=\"async\" draggable=\"false\" role=\"img\" class=\"emoji\" alt=\"\ud83c\udf0e\" src=\"https:\/\/s.w.org\/images\/core\/emoji\/15.0.3\/svg\/1f30e.svg\"><img decoding=\"async\" draggable=\"false\" role=\"img\" class=\"emoji\" alt=\"\ud83d\udc9a\" src=\"https:\/\/s.w.org\/images\/core\/emoji\/15.0.3\/svg\/1f49a.svg\"><br><br>\nEstamos superacess\u00edveis a voc\u00ea que deseja saber mais sobre este e outros servi\u00e7os que oferecemos.\n<br><br>\n<b>Fale diretamente com a Karen Sena <a href=\"https:\/\/wa.link\/234epr> neste WhatsApp!\"> <img decoding=\"async\" draggable=\"false\" role=\"img\" class=\"emoji\" alt=\"\ud83d\udcf1\" src=\"https:\/\/s.w.org\/images\/core\/emoji\/15.0.3\/svg\/1f4f1.svg\">  11 98455-8671<\/a>\n<\/b><br><br>Estamos ansiosos para conversar com voc\u00ea! <img decoding=\"async\" draggable=\"false\" role=\"img\" class=\"emoji\" alt=\"\ud83c\udf0e\" src=\"https:\/\/s.w.org\/images\/core\/emoji\/15.0.3\/svg\/1f30e.svg\"><img decoding=\"async\" draggable=\"false\" role=\"img\" class=\"emoji\" alt=\"\ud83d\udc9a\" src=\"https:\/\/s.w.org\/images\/core\/emoji\/15.0.3\/svg\/1f49a.svg\">\n<\/p>\t\t<\/div>\r\n\t\t\t\t<\/div>\r\n\t\t\t\t\t<\/div>\r\n\t\t<\/div>\r\n\t\t\t\t<div class=\"elementor-column elementor-col-50 elementor-top-column elementor-element elementor-element-f7e0973\" data-id=\"f7e0973\" data-element_type=\"column\">\r\n\t\t\t<div class=\"elementor-widget-wrap elementor-element-populated\">\r\n\t\t\t\t\t\t\t\t<div class=\"elementor-element elementor-element-745e332 elementor-widget elementor-widget-image\" data-id=\"745e332\" data-element_type=\"widget\" data-widget_type=\"image.default\">\r\n\t\t\t\t<div class=\"elementor-widget-container\">\r\n\t\t\t\t\t\t\t\t\t\t\t\t\t\t\t<img loading=\"lazy\" decoding=\"async\" width=\"1000\" height=\"803\" src=\"https:\/\/sinditextilsp.org.br\/home\/wp-content\/uploads\/2025\/02\/sustentabilidade.jpg\" class=\"attachment-large size-large\" alt=\"\" srcset=\"https:\/\/sinditextilsp.org.br\/home\/wp-content\/uploads\/2025\/02\/sustentabilidade.jpg 1000w, https:\/\/sinditextilsp.org.br\/home\/wp-content\/uploads\/2025\/02\/sustentabilidade-768x617.jpg 768w, https:\/\/sinditextilsp.org.br\/home\/wp-content\/uploads\/2025\/02\/sustentabilidade-640x514.jpg 640w, https:\/\/sinditextilsp.org.br\/home\/wp-content\/uploads\/2025\/02\/sustentabilidade-400x321.jpg 400w, https:\/\/sinditextilsp.org.br\/home\/wp-content\/uploads\/2025\/02\/sustentabilidade-367x295.jpg 367w\" sizes=\"auto, (max-width: 1000px) 100vw, 1000px\" \/>\t\t\t\t\t\t\t\t\t\t\t\t\t\t\t<\/div>\r\n\t\t\t\t<\/div>\r\n\t\t\t\t\t<\/div>\r\n\t\t<\/div>\r\n\t\t\t\t\t\t\t<\/div>\r\n\t\t<\/section>\r\n\t\t\t\t<section class=\"elementor-section elementor-top-section elementor-element elementor-element-3d8d2ae elementor-section-content-middle elementor-section-boxed elementor-section-height-default elementor-section-height-default\" data-id=\"3d8d2ae\" data-element_type=\"section\" data-settings=\"{&quot;background_background&quot;:&quot;classic&quot;}\">\r\n\t\t\t\t\t\t<div class=\"elementor-container elementor-column-gap-default\">\r\n\t\t\t\t\t<div class=\"elementor-column elementor-col-50 elementor-top-column elementor-element elementor-element-a52b791\" data-id=\"a52b791\" data-element_type=\"column\">\r\n\t\t\t<div class=\"elementor-widget-wrap elementor-element-populated\">\r\n\t\t\t\t\t\t\t\t<div class=\"elementor-element elementor-element-8a75362 elementor-widget elementor-widget-heading\" data-id=\"8a75362\" data-element_type=\"widget\" data-widget_type=\"heading.default\">\r\n\t\t\t\t<div class=\"elementor-widget-container\">\r\n\t\t\t<h3 class=\"elementor-heading-title elementor-size-default\">Boletim Verde<\/h3>\t\t<\/div>\r\n\t\t\t\t<\/div>\r\n\t\t\t\t<div class=\"elementor-element elementor-element-edb1778 elementor-widget elementor-widget-heading\" data-id=\"edb1778\" data-element_type=\"widget\" data-widget_type=\"heading.default\">\r\n\t\t\t\t<div class=\"elementor-widget-container\">\r\n\t\t\t<p class=\"elementor-heading-title elementor-size-default\">\ud83c\udf3f Estamos altamente empolgados em compartilhar com voc\u00eas o nosso Boletim Verde! \ud83c\udf3f <br><br>Mensalmente, trazemos para o setor t\u00eaxtil paulista as \u00faltimas novidades sobre as conquistas incr\u00edveis das empresas na jornada de descarboniza\u00e7\u00e3o e sustentabilidade! \ud83d\ude80<br><br>\nQuer saber como estamos fazendo a diferen\u00e7a? \n<\/p>\t\t<\/div>\r\n\t\t\t\t<\/div>\r\n\t\t\t\t<div class=\"elementor-element elementor-element-48cf045 elementor-widget elementor-widget-heading\" data-id=\"48cf045\" data-element_type=\"widget\" data-widget_type=\"heading.default\">\r\n\t\t\t\t<div class=\"elementor-widget-container\">\r\n\t\t\t<p class=\"elementor-heading-title elementor-size-default\"><b>Se quiser receber o Boletim Verde todos os meses, <a href=\"https:\/\/conteudo.sinditextilsp.org.br\/lp-boletim-verde-1\" style=\"color: gray;\">basta solicitar aqui<\/a> <\/b>\n<\/p>\t\t<\/div>\r\n\t\t\t\t<\/div>\r\n\t\t\t\t\t<\/div>\r\n\t\t<\/div>\r\n\t\t\t\t<div class=\"elementor-column elementor-col-50 elementor-top-column elementor-element elementor-element-0a2f055\" data-id=\"0a2f055\" data-element_type=\"column\">\r\n\t\t\t<div class=\"elementor-widget-wrap elementor-element-populated\">\r\n\t\t\t\t\t\t\t\t<div class=\"elementor-element elementor-element-6c4f0e5 elementor-widget elementor-widget-image\" data-id=\"6c4f0e5\" data-element_type=\"widget\" data-widget_type=\"image.default\">\r\n\t\t\t\t<div class=\"elementor-widget-container\">\r\n\t\t\t\t\t\t\t\t\t\t\t\t\t\t\t\t<a href=\"https:\/\/app.rdstation.email\/mail\/168167d7-0862-4bac-b23a-ff4bb94c3aa6?utm_campaign=boletim_verde_8&#038;utm_medium=email&#038;utm_source=RD+Station\" target=\"_blank\">\r\n\t\t\t\t\t\t\t<img loading=\"lazy\" decoding=\"async\" width=\"916\" height=\"663\" src=\"https:\/\/sinditextilsp.org.br\/home\/wp-content\/uploads\/2025\/02\/banners-sindi.png\" class=\"attachment-large size-large\" alt=\"\" srcset=\"https:\/\/sinditextilsp.org.br\/home\/wp-content\/uploads\/2025\/02\/banners-sindi.png 916w, https:\/\/sinditextilsp.org.br\/home\/wp-content\/uploads\/2025\/02\/banners-sindi-768x556.png 768w, https:\/\/sinditextilsp.org.br\/home\/wp-content\/uploads\/2025\/02\/banners-sindi-640x463.png 640w, https:\/\/sinditextilsp.org.br\/home\/wp-content\/uploads\/2025\/02\/banners-sindi-400x290.png 400w, https:\/\/sinditextilsp.org.br\/home\/wp-content\/uploads\/2025\/02\/banners-sindi-367x266.png 367w\" sizes=\"auto, (max-width: 916px) 100vw, 916px\" \/>\t\t\t\t\t\t\t\t<\/a>\r\n\t\t\t\t\t\t\t\t\t\t\t\t\t\t\t<\/div>\r\n\t\t\t\t<\/div>\r\n\t\t\t\t\t<\/div>\r\n\t\t<\/div>\r\n\t\t\t\t\t\t\t<\/div>\r\n\t\t<\/section>\r\n\t\t\t\t<section class=\"elementor-section elementor-top-section elementor-element elementor-element-a3b649a elementor-section-content-middle elementor-section-boxed elementor-section-height-default elementor-section-height-default\" data-id=\"a3b649a\" data-element_type=\"section\" data-settings=\"{&quot;background_background&quot;:&quot;classic&quot;}\">\r\n\t\t\t\t\t\t<div class=\"elementor-container elementor-column-gap-default\">\r\n\t\t\t\t\t<div class=\"elementor-column elementor-col-50 elementor-top-column elementor-element elementor-element-f4a12be\" data-id=\"f4a12be\" data-element_type=\"column\">\r\n\t\t\t<div class=\"elementor-widget-wrap elementor-element-populated\">\r\n\t\t\t\t\t\t\t\t<div class=\"elementor-element elementor-element-430d362 elementor-widget elementor-widget-image\" data-id=\"430d362\" data-element_type=\"widget\" data-widget_type=\"image.default\">\r\n\t\t\t\t<div class=\"elementor-widget-container\">\r\n\t\t\t\t\t\t\t\t\t\t\t\t\t\t\t<img loading=\"lazy\" decoding=\"async\" width=\"594\" height=\"841\" src=\"https:\/\/sinditextilsp.org.br\/home\/wp-content\/uploads\/2025\/02\/mapeamento.png\" class=\"attachment-large size-large\" alt=\"\" srcset=\"https:\/\/sinditextilsp.org.br\/home\/wp-content\/uploads\/2025\/02\/mapeamento.png 594w, https:\/\/sinditextilsp.org.br\/home\/wp-content\/uploads\/2025\/02\/mapeamento-400x566.png 400w, https:\/\/sinditextilsp.org.br\/home\/wp-content\/uploads\/2025\/02\/mapeamento-367x520.png 367w\" sizes=\"auto, (max-width: 594px) 100vw, 594px\" \/>\t\t\t\t\t\t\t\t\t\t\t\t\t\t\t<\/div>\r\n\t\t\t\t<\/div>\r\n\t\t\t\t\t<\/div>\r\n\t\t<\/div>\r\n\t\t\t\t<div class=\"elementor-column elementor-col-50 elementor-top-column elementor-element elementor-element-c5aeaae\" data-id=\"c5aeaae\" data-element_type=\"column\">\r\n\t\t\t<div class=\"elementor-widget-wrap elementor-element-populated\">\r\n\t\t\t\t\t\t\t\t<div class=\"elementor-element elementor-element-f71272e elementor-widget elementor-widget-heading\" data-id=\"f71272e\" data-element_type=\"widget\" data-widget_type=\"heading.default\">\r\n\t\t\t\t<div class=\"elementor-widget-container\">\r\n\t\t\t<h2 class=\"elementor-heading-title elementor-size-default\">MAPEAMENTO GLOBAL DE LEGISLA\u00c7\u00d5ES DE SUSTENTABILIDADE<\/h2>\t\t<\/div>\r\n\t\t\t\t<\/div>\r\n\t\t\t\t<div class=\"elementor-element elementor-element-e457d7a elementor-widget elementor-widget-heading\" data-id=\"e457d7a\" data-element_type=\"widget\" data-widget_type=\"heading.default\">\r\n\t\t\t\t<div class=\"elementor-widget-container\">\r\n\t\t\t<p class=\"elementor-heading-title elementor-size-default\"><a href=\"https:\/\/conteudo.sinditextilsp.org.br\/lp-mapeamento-1\" style=\"color: #AF191C; text-decoration: none;\"><b>Confira nosso mapeamento<\/b><\/a> detalhado das iniciativas e legisla\u00e7\u00f5es sobre sustentabilidade no setor t\u00eaxtil realizado pelo Sindit\u00eaxtil-SP! \ud83c\udf3f\ud83d\udcca\n Com o crescimento cont\u00ednuo da demanda global por vestu\u00e1rio e seus impactos negativos no ambiente, \u00e9 vital adotarmos pr\u00e1ticas mais respons\u00e1veis.\n<br><br>Este documento, focado em descarboniza\u00e7\u00e3o e economia circular, oferece insights valiosos sobre tend\u00eancias globais, regulamentos de mercados l\u00edderes e pr\u00e1ticas sustent\u00e1veis indispens\u00e1veis para manter a competitividade.<br><br>Aproveite para integrar novos modelos mais eficientes e verdes!\n<\/p>\t\t<\/div>\r\n\t\t\t\t<\/div>\r\n\t\t\t\t\t<\/div>\r\n\t\t<\/div>\r\n\t\t\t\t\t\t\t<\/div>\r\n\t\t<\/section>\r\n\t\t\t\t<section class=\"elementor-section elementor-top-section elementor-element elementor-element-016c1e2 elementor-section-content-middle elementor-section-boxed elementor-section-height-default elementor-section-height-default\" data-id=\"016c1e2\" data-element_type=\"section\" data-settings=\"{&quot;background_background&quot;:&quot;classic&quot;}\">\r\n\t\t\t\t\t\t<div class=\"elementor-container elementor-column-gap-default\">\r\n\t\t\t\t\t<div class=\"elementor-column elementor-col-50 elementor-top-column elementor-element elementor-element-298c729\" data-id=\"298c729\" data-element_type=\"column\">\r\n\t\t\t<div class=\"elementor-widget-wrap elementor-element-populated\">\r\n\t\t\t\t\t\t\t\t<div class=\"elementor-element elementor-element-5ad7b8e elementor-widget elementor-widget-heading\" data-id=\"5ad7b8e\" data-element_type=\"widget\" data-widget_type=\"heading.default\">\r\n\t\t\t\t<div class=\"elementor-widget-container\">\r\n\t\t\t<h2 class=\"elementor-heading-title elementor-size-default\">GUIA \u2013 PRODU\u00c7\u00c3O E CONSUMO SUSTENT\u00c1VEIS<\/h2>\t\t<\/div>\r\n\t\t\t\t<\/div>\r\n\t\t\t\t<div class=\"elementor-element elementor-element-51767a4 elementor-widget elementor-widget-heading\" data-id=\"51767a4\" data-element_type=\"widget\" data-widget_type=\"heading.default\">\r\n\t\t\t\t<div class=\"elementor-widget-container\">\r\n\t\t\t<p class=\"elementor-heading-title elementor-size-default\">Conhe\u00e7a o nosso Guia PCS \u2013 Produ\u00e7\u00e3o e Consumo Sustent\u00e1veis da Cadeia Produtiva T\u00eaxtil e Confec\u00e7\u00f5es! <img decoding=\"async\" draggable=\"false\" role=\"img\" class=\"emoji\" alt=\"\ud83c\udf3f\" src=\"https:\/\/s.w.org\/images\/core\/emoji\/15.0.3\/svg\/1f33f.svg\"><img decoding=\"async\" draggable=\"false\" role=\"img\" class=\"emoji\" alt=\"\ud83d\udcd8\" src=\"https:\/\/s.w.org\/images\/core\/emoji\/15.0.3\/svg\/1f4d8.svg\"><br><br> Criado pela C\u00e2mara Ambiental da Ind\u00fastria T\u00eaxtil da CETESB, sob a organiza\u00e7\u00e3o do conte\u00fado pelo Sindit\u00eaxtil, \u00e9 uma refer\u00eancia importante desde seu lan\u00e7amento.<br><br> O Guia traz pr\u00e1ticas que aumentam a produtividade e efici\u00eancia dos recursos naturais, al\u00e9m de incorporar Economia Circular, ODS da ONU e pr\u00e1ticas ESG.\n<br><br><b>Clique na imagem para acessar o guia e fortalecer suas pr\u00e1ticas sustent\u00e1veis!<\/b><\/p>\t\t<\/div>\r\n\t\t\t\t<\/div>\r\n\t\t\t\t\t<\/div>\r\n\t\t<\/div>\r\n\t\t\t\t<div class=\"elementor-column elementor-col-50 elementor-top-column elementor-element elementor-element-589358a\" data-id=\"589358a\" data-element_type=\"column\">\r\n\t\t\t<div class=\"elementor-widget-wrap elementor-element-populated\">\r\n\t\t\t\t\t\t\t\t<div class=\"elementor-element elementor-element-72081af elementor-widget elementor-widget-image\" data-id=\"72081af\" data-element_type=\"widget\" data-widget_type=\"image.default\">\r\n\t\t\t\t<div class=\"elementor-widget-container\">\r\n\t\t\t\t\t\t\t\t\t\t\t\t\t\t\t\t<a href=\"https:\/\/conteudo.sinditextilsp.org.br\/lp-guia-1\" target=\"_blank\">\r\n\t\t\t\t\t\t\t<img loading=\"lazy\" decoding=\"async\" width=\"592\" height=\"766\" src=\"https:\/\/sinditextilsp.org.br\/home\/wp-content\/uploads\/2025\/02\/pcs.png\" class=\"attachment-large size-large\" alt=\"\" srcset=\"https:\/\/sinditextilsp.org.br\/home\/wp-content\/uploads\/2025\/02\/pcs.png 592w, https:\/\/sinditextilsp.org.br\/home\/wp-content\/uploads\/2025\/02\/pcs-400x518.png 400w, https:\/\/sinditextilsp.org.br\/home\/wp-content\/uploads\/2025\/02\/pcs-367x475.png 367w\" sizes=\"auto, (max-width: 592px) 100vw, 592px\" \/>\t\t\t\t\t\t\t\t<\/a>\r\n\t\t\t\t\t\t\t\t\t\t\t\t\t\t\t<\/div>\r\n\t\t\t\t<\/div>\r\n\t\t\t\t\t<\/div>\r\n\t\t<\/div>\r\n\t\t\t\t\t\t\t<\/div>\r\n\t\t<\/section>\r\n\t\t\t\t\t\t<\/div>\r\n\t\t\t\t\t<\/div>\r\n\t\t","protected":false},"excerpt":{"rendered":"<p>Ol\u00e1 a todos! N\u00f3s do Sindit\u00eaxtil-SP estamos muito focados na descarboniza\u00e7\u00e3o t\u00eaxtil em SP! Incentivamos a economia circular, a redu\u00e7\u00e3o do uso de \u00e1gua, o reaproveitamento de res\u00edduos e a energia renov\u00e1vel. Abaixo, alguns dos materiais que produzimos para te ajudar nessa jornada. Estamos superacess\u00edveis a voc\u00ea que deseja saber mais sobre este e outros [&hellip;]<\/p>\n","protected":false},"author":2,"featured_media":0,"parent":0,"menu_order":0,"comment_status":"closed","ping_status":"closed","template":"elementor_canvas","meta":{"footnotes":""},"class_list":["post-4145","page","type-page","status-publish","hentry"],"yoast_head":"<!-- This site is optimized with the Yoast SEO plugin v22.8 - https:\/\/yoast.com\/wordpress\/plugins\/seo\/ -->\n<title>Sustentabilidade - Sindit\u00eaxtil-SP<\/title>\n<meta name=\"robots\" content=\"index, follow, max-snippet:-1, max-image-preview:large, max-video-preview:-1\" \/>\n<link rel=\"canonical\" href=\"https:\/\/sinditextilsp.org.br\/home\/sustentabilidade\/\" \/>\n<meta property=\"og:locale\" content=\"pt_BR\" \/>\n<meta property=\"og:type\" content=\"article\" \/>\n<meta property=\"og:title\" content=\"Sustentabilidade - Sindit\u00eaxtil-SP\" \/>\n<meta property=\"og:description\" content=\"Ol\u00e1 a todos! N\u00f3s do Sindit\u00eaxtil-SP estamos muito focados na descarboniza\u00e7\u00e3o t\u00eaxtil em SP! Incentivamos a economia circular, a redu\u00e7\u00e3o do uso de \u00e1gua, o reaproveitamento de res\u00edduos e a energia renov\u00e1vel. Abaixo, alguns dos materiais que produzimos para te ajudar nessa jornada. Estamos superacess\u00edveis a voc\u00ea que deseja saber mais sobre este e outros [&hellip;]\" \/>\n<meta property=\"og:url\" content=\"https:\/\/sinditextilsp.org.br\/home\/sustentabilidade\/\" \/>\n<meta property=\"og:site_name\" content=\"Sindit\u00eaxtil-SP\" \/>\n<meta property=\"article:publisher\" content=\"https:\/\/www.facebook.com\/sinditextilsp\" \/>\n<meta property=\"article:modified_time\" content=\"2025-05-14T22:56:27+00:00\" \/>\n<meta property=\"og:image\" content=\"https:\/\/s.w.org\/images\/core\/emoji\/15.0.3\/svg\/1f33f.svg\" \/>\n<meta name=\"twitter:card\" content=\"summary_large_image\" \/>\n<meta name=\"twitter:site\" content=\"@SinditextilSP\" \/>\n<meta name=\"twitter:label1\" content=\"Est. tempo de leitura\" \/>\n\t<meta name=\"twitter:data1\" content=\"5 minutos\" \/>\n<script type=\"application\/ld+json\" class=\"yoast-schema-graph\">{\"@context\":\"https:\/\/schema.org\",\"@graph\":[{\"@type\":\"WebPage\",\"@id\":\"https:\/\/sinditextilsp.org.br\/home\/sustentabilidade\/\",\"url\":\"https:\/\/sinditextilsp.org.br\/home\/sustentabilidade\/\",\"name\":\"Sustentabilidade - Sindit\u00eaxtil-SP\",\"isPartOf\":{\"@id\":\"https:\/\/sinditextilsp.org.br\/home\/#website\"},\"primaryImageOfPage\":{\"@id\":\"https:\/\/sinditextilsp.org.br\/home\/sustentabilidade\/#primaryimage\"},\"image\":{\"@id\":\"https:\/\/sinditextilsp.org.br\/home\/sustentabilidade\/#primaryimage\"},\"thumbnailUrl\":\"https:\/\/s.w.org\/images\/core\/emoji\/15.0.3\/svg\/1f33f.svg\",\"datePublished\":\"2023-10-24T14:32:33+00:00\",\"dateModified\":\"2025-05-14T22:56:27+00:00\",\"breadcrumb\":{\"@id\":\"https:\/\/sinditextilsp.org.br\/home\/sustentabilidade\/#breadcrumb\"},\"inLanguage\":\"pt-BR\",\"potentialAction\":[{\"@type\":\"ReadAction\",\"target\":[\"https:\/\/sinditextilsp.org.br\/home\/sustentabilidade\/\"]}]},{\"@type\":\"ImageObject\",\"inLanguage\":\"pt-BR\",\"@id\":\"https:\/\/sinditextilsp.org.br\/home\/sustentabilidade\/#primaryimage\",\"url\":\"https:\/\/s.w.org\/images\/core\/emoji\/15.0.3\/svg\/1f33f.svg\",\"contentUrl\":\"https:\/\/s.w.org\/images\/core\/emoji\/15.0.3\/svg\/1f33f.svg\"},{\"@type\":\"BreadcrumbList\",\"@id\":\"https:\/\/sinditextilsp.org.br\/home\/sustentabilidade\/#breadcrumb\",\"itemListElement\":[{\"@type\":\"ListItem\",\"position\":1,\"name\":\"In\u00edcio\",\"item\":\"https:\/\/sinditextilsp.org.br\/home\/\"},{\"@type\":\"ListItem\",\"position\":2,\"name\":\"Sustentabilidade\"}]},{\"@type\":\"WebSite\",\"@id\":\"https:\/\/sinditextilsp.org.br\/home\/#website\",\"url\":\"https:\/\/sinditextilsp.org.br\/home\/\",\"name\":\"Sindit\u00eaxtil-SP\",\"description\":\"Sindicato T\u00eaxtil de S\u00e3o Paulo\",\"potentialAction\":[{\"@type\":\"SearchAction\",\"target\":{\"@type\":\"EntryPoint\",\"urlTemplate\":\"https:\/\/sinditextilsp.org.br\/home\/?s={search_term_string}\"},\"query-input\":\"required name=search_term_string\"}],\"inLanguage\":\"pt-BR\"}]}<\/script>\n<!-- \/ Yoast SEO plugin. -->","yoast_head_json":{"title":"Sustentabilidade - Sindit\u00eaxtil-SP","robots":{"index":"index","follow":"follow","max-snippet":"max-snippet:-1","max-image-preview":"max-image-preview:large","max-video-preview":"max-video-preview:-1"},"canonical":"https:\/\/sinditextilsp.org.br\/home\/sustentabilidade\/","og_locale":"pt_BR","og_type":"article","og_title":"Sustentabilidade - Sindit\u00eaxtil-SP","og_description":"Ol\u00e1 a todos! N\u00f3s do Sindit\u00eaxtil-SP estamos muito focados na descarboniza\u00e7\u00e3o t\u00eaxtil em SP! Incentivamos a economia circular, a redu\u00e7\u00e3o do uso de \u00e1gua, o reaproveitamento de res\u00edduos e a energia renov\u00e1vel. Abaixo, alguns dos materiais que produzimos para te ajudar nessa jornada. Estamos superacess\u00edveis a voc\u00ea que deseja saber mais sobre este e outros [&hellip;]","og_url":"https:\/\/sinditextilsp.org.br\/home\/sustentabilidade\/","og_site_name":"Sindit\u00eaxtil-SP","article_publisher":"https:\/\/www.facebook.com\/sinditextilsp","article_modified_time":"2025-05-14T22:56:27+00:00","og_image":[{"url":"https:\/\/s.w.org\/images\/core\/emoji\/15.0.3\/svg\/1f33f.svg"}],"twitter_card":"summary_large_image","twitter_site":"@SinditextilSP","twitter_misc":{"Est. tempo de leitura":"5 minutos"},"schema":{"@context":"https:\/\/schema.org","@graph":[{"@type":"WebPage","@id":"https:\/\/sinditextilsp.org.br\/home\/sustentabilidade\/","url":"https:\/\/sinditextilsp.org.br\/home\/sustentabilidade\/","name":"Sustentabilidade - Sindit\u00eaxtil-SP","isPartOf":{"@id":"https:\/\/sinditextilsp.org.br\/home\/#website"},"primaryImageOfPage":{"@id":"https:\/\/sinditextilsp.org.br\/home\/sustentabilidade\/#primaryimage"},"image":{"@id":"https:\/\/sinditextilsp.org.br\/home\/sustentabilidade\/#primaryimage"},"thumbnailUrl":"https:\/\/s.w.org\/images\/core\/emoji\/15.0.3\/svg\/1f33f.svg","datePublished":"2023-10-24T14:32:33+00:00","dateModified":"2025-05-14T22:56:27+00:00","breadcrumb":{"@id":"https:\/\/sinditextilsp.org.br\/home\/sustentabilidade\/#breadcrumb"},"inLanguage":"pt-BR","potentialAction":[{"@type":"ReadAction","target":["https:\/\/sinditextilsp.org.br\/home\/sustentabilidade\/"]}]},{"@type":"ImageObject","inLanguage":"pt-BR","@id":"https:\/\/sinditextilsp.org.br\/home\/sustentabilidade\/#primaryimage","url":"https:\/\/s.w.org\/images\/core\/emoji\/15.0.3\/svg\/1f33f.svg","contentUrl":"https:\/\/s.w.org\/images\/core\/emoji\/15.0.3\/svg\/1f33f.svg"},{"@type":"BreadcrumbList","@id":"https:\/\/sinditextilsp.org.br\/home\/sustentabilidade\/#breadcrumb","itemListElement":[{"@type":"ListItem","position":1,"name":"In\u00edcio","item":"https:\/\/sinditextilsp.org.br\/home\/"},{"@type":"ListItem","position":2,"name":"Sustentabilidade"}]},{"@type":"WebSite","@id":"https:\/\/sinditextilsp.org.br\/home\/#website","url":"https:\/\/sinditextilsp.org.br\/home\/","name":"Sindit\u00eaxtil-SP","description":"Sindicato T\u00eaxtil de S\u00e3o Paulo","potentialAction":[{"@type":"SearchAction","target":{"@type":"EntryPoint","urlTemplate":"https:\/\/sinditextilsp.org.br\/home\/?s={search_term_string}"},"query-input":"required name=search_term_string"}],"inLanguage":"pt-BR"}]}},"_links":{"self":[{"href":"https:\/\/sinditextilsp.org.br\/home\/wp-json\/wp\/v2\/pages\/4145","targetHints":{"allow":["GET"]}}],"collection":[{"href":"https:\/\/sinditextilsp.org.br\/home\/wp-json\/wp\/v2\/pages"}],"about":[{"href":"https:\/\/sinditextilsp.org.br\/home\/wp-json\/wp\/v2\/types\/page"}],"author":[{"embeddable":true,"href":"https:\/\/sinditextilsp.org.br\/home\/wp-json\/wp\/v2\/users\/2"}],"replies":[{"embeddable":true,"href":"https:\/\/sinditextilsp.org.br\/home\/wp-json\/wp\/v2\/comments?post=4145"}],"version-history":[{"count":28,"href":"https:\/\/sinditextilsp.org.br\/home\/wp-json\/wp\/v2\/pages\/4145\/revisions"}],"predecessor-version":[{"id":8216,"href":"https:\/\/sinditextilsp.org.br\/home\/wp-json\/wp\/v2\/pages\/4145\/revisions\/8216"}],"wp:attachment":[{"href":"https:\/\/sinditextilsp.org.br\/home\/wp-json\/wp\/v2\/media?parent=4145"}],"curies":[{"name":"wp","href":"https:\/\/api.w.org\/{rel}","templated":true}]}}