{"id":4171,"date":"2023-10-27T16:02:47","date_gmt":"2023-10-27T19:02:47","guid":{"rendered":"https:\/\/sinditextilsp.org.br\/home\/?page_id=4171"},"modified":"2026-03-11T11:56:07","modified_gmt":"2026-03-11T14:56:07","slug":"podcast-fio-de-prosa","status":"publish","type":"page","link":"https:\/\/sinditextilsp.org.br\/home\/podcast-fio-de-prosa\/","title":{"rendered":"Podcast Fio de Prosa"},"content":{"rendered":"<p style=\"text-align: justify;\">O Fio de Prosa \u00e9 o podcast produzido pelo Sindit\u00eaxtil-SP, que comenta o cen\u00e1rio dos neg\u00f3cios no setor t\u00eaxtil, as not\u00edcias que impactaram ou v\u00e3o impactar as empresas, cases de sustentabilidade, inova\u00e7\u00e3o, tecnologia e gest\u00e3o de pessoas. A cada epis\u00f3dio, convidados s\u00e3o recebidos para debater um tema principal e aprofundar o assunto.<\/p>\n<p>Os programas s\u00e3o lan\u00e7ados mensalmente e podem ser ouvidos pelo YouTube ou Spotify. Sugest\u00f5es devem ser enviadas para: sinditextilsp@sinditextilsp.org.br.<\/p>\n<p>Fio de Prosa #16 &#8211; Sindit\u00eaxtil-SP: 4 gest\u00f5es em 20 anos de um setor em constante transforma\u00e7\u00e3o \u2013 P2<\/p>\n<p><iframe loading=\"lazy\" title=\"Fio de Prosa #16 - Sindit\u00eaxtil-SP: 4 gest\u00f5es em 20 anos de um setor em constante transforma\u00e7\u00e3o \u2013 P2\" width=\"1140\" height=\"641\" src=\"https:\/\/www.youtube.com\/embed\/UEEgfbuaxC4?feature=oembed\" frameborder=\"0\" allow=\"accelerometer; autoplay; clipboard-write; encrypted-media; gyroscope; picture-in-picture; web-share\" referrerpolicy=\"strict-origin-when-cross-origin\" allowfullscreen><\/iframe><\/p>\n<p>Fio de Prosa #16 &#8211; Sindit\u00eaxtil-SP: 4 gest\u00f5es em 20 anos de um setor em constante transforma\u00e7\u00e3o \u2013 P1<\/p>\n<p><iframe loading=\"lazy\" title=\"Fio de Prosa #16 - Sindit\u00eaxtil-SP: 4 gest\u00f5es em 20 anos de um setor em constante transforma\u00e7\u00e3o \u2013 P1\" width=\"1140\" height=\"641\" src=\"https:\/\/www.youtube.com\/embed\/HmfDJaEUCu4?feature=oembed\" frameborder=\"0\" allow=\"accelerometer; autoplay; clipboard-write; encrypted-media; gyroscope; picture-in-picture; web-share\" referrerpolicy=\"strict-origin-when-cross-origin\" allowfullscreen><\/iframe><\/p>\n<p>#15 Diversidade nas empresas<\/p>\n<p><iframe loading=\"lazy\" title=\"Fio de Prosa #15 - Diversidade nas empresas\" width=\"1140\" height=\"641\" src=\"https:\/\/www.youtube.com\/embed\/dWXVbYp3uho?feature=oembed\" frameborder=\"0\" allow=\"accelerometer; autoplay; clipboard-write; encrypted-media; gyroscope; picture-in-picture; web-share\" referrerpolicy=\"strict-origin-when-cross-origin\" allowfullscreen><\/iframe><\/p>\n<p>#14 Setor T\u00eaxtil Brasileiro no Mercado Internacional<\/p>\n<p><iframe loading=\"lazy\" title=\"Fio de Prosa #14 - Setor T\u00eaxtil Brasileiro no Mercado Internacional\" width=\"1140\" height=\"641\" src=\"https:\/\/www.youtube.com\/embed\/OgLo-nty-dA?feature=oembed\" frameborder=\"0\" allow=\"accelerometer; autoplay; clipboard-write; encrypted-media; gyroscope; picture-in-picture; web-share\" referrerpolicy=\"strict-origin-when-cross-origin\" allowfullscreen><\/iframe><\/p>\n<p>\u200b\u200b\u200b\u200b#13 Reforma Tribut\u00e1ria: como se planejar<\/p>\n<p><iframe loading=\"lazy\" title=\"Fio de Prosa #13 - Reforma Tribut\u00e1ria: como se planejar\" width=\"1140\" height=\"641\" src=\"https:\/\/www.youtube.com\/embed\/YMT-zErjndE?feature=oembed\" frameborder=\"0\" allow=\"accelerometer; autoplay; clipboard-write; encrypted-media; gyroscope; picture-in-picture; web-share\" referrerpolicy=\"strict-origin-when-cross-origin\" allowfullscreen><\/iframe><\/p>\n<p>#12 Como atrair e reter\u00a0 talentos na ind\u00fastria t\u00eaxtil \u00e9 tema de podcast do Sindit\u00eaxtil-SP<\/p>\n<p><iframe loading=\"lazy\" title=\"Fio de Prosa #12 - Passando o Bast\u00e3o: Inovando na Sucess\u00e3o Familiar\" width=\"1140\" height=\"641\" src=\"https:\/\/www.youtube.com\/embed\/4_XjyktcCD8?start=1&#038;feature=oembed\" frameborder=\"0\" allow=\"accelerometer; autoplay; clipboard-write; encrypted-media; gyroscope; picture-in-picture; web-share\" referrerpolicy=\"strict-origin-when-cross-origin\" allowfullscreen><\/iframe><\/p>\n<p>#11 Como atrair e reter talentos na ind\u00fastria t\u00eaxtil \u00e9 tema de podcast do Sindit\u00eaxtil-SP<\/p>\n<p><iframe loading=\"lazy\" title=\"Fio de Prosa Ep 11 - Cen\u00e1rio da M\u00e3o de Obra no Setor T\u00eaxtil\" width=\"1140\" height=\"641\" src=\"https:\/\/www.youtube.com\/embed\/-q8TDJhc-Ew?feature=oembed\" frameborder=\"0\" allow=\"accelerometer; autoplay; clipboard-write; encrypted-media; gyroscope; picture-in-picture; web-share\" referrerpolicy=\"strict-origin-when-cross-origin\" allowfullscreen><\/iframe><\/p>\n<p>#10 O epis\u00f3dio traz o tema do bem-estar coporativo: preven\u00e7\u00e3o ao burnout.<\/p>\n<p><iframe loading=\"lazy\" title=\"Fio de Prosa Ep 10 - Bem-estar corporativo: preven\u00e7\u00e3o so Burnout\" width=\"1140\" height=\"641\" src=\"https:\/\/www.youtube.com\/embed\/K_VcDLR8xKE?feature=oembed\" frameborder=\"0\" allow=\"accelerometer; autoplay; clipboard-write; encrypted-media; gyroscope; picture-in-picture; web-share\" referrerpolicy=\"strict-origin-when-cross-origin\" allowfullscreen><\/iframe><\/p>\n<p>#09 O epis\u00f3dio\u00a0traz o tema da descarboniza\u00e7\u00e3o, mostrando a import\u00e2ncia da mensura\u00e7\u00e3o das emiss\u00f5es de carbono em empresas de qualquer porte, especialmente as que fazem parte da ind\u00fastria da moda brasileira.<\/p>\n<p><iframe loading=\"lazy\" title=\"Descarboniza\u00e7\u00e3o na ind\u00fastria da moda\" width=\"1140\" height=\"641\" src=\"https:\/\/www.youtube.com\/embed\/IvFw1kki5Ro?feature=oembed\" frameborder=\"0\" allow=\"accelerometer; autoplay; clipboard-write; encrypted-media; gyroscope; picture-in-picture; web-share\" referrerpolicy=\"strict-origin-when-cross-origin\" allowfullscreen><\/iframe><\/p>\n<p>#08: O epis\u00f3dio traz um debate sobre os desafios e as solu\u00e7\u00f5es para mitigar casos de ass\u00e9dio no ambiente de trabalho<\/p>\n<p><iframe loading=\"lazy\" title=\"Fio de Prosa #8 - Ass\u00e9dio: desafios e solu\u00e7\u00f5es no ambiente empresarial\" width=\"1140\" height=\"641\" src=\"https:\/\/www.youtube.com\/embed\/XXdC0yewfH4?start=6&#038;feature=oembed\" frameborder=\"0\" allow=\"accelerometer; autoplay; clipboard-write; encrypted-media; gyroscope; picture-in-picture; web-share\" referrerpolicy=\"strict-origin-when-cross-origin\" allowfullscreen><\/iframe><\/p>\n<p>#07: O epis\u00f3dio traz um debate sobre diversos aspectos da descarboniza\u00e7\u00e3o.<\/p>\n<p><iframe loading=\"lazy\" title=\"Fio de Prosa #7 - Da produ\u00e7\u00e3o mais limpa \u00e0 descarboniza\u00e7\u00e3o\" width=\"1140\" height=\"641\" src=\"https:\/\/www.youtube.com\/embed\/fvxaYwP3P3w?feature=oembed\" frameborder=\"0\" allow=\"accelerometer; autoplay; clipboard-write; encrypted-media; gyroscope; picture-in-picture; web-share\" referrerpolicy=\"strict-origin-when-cross-origin\" allowfullscreen><\/iframe><\/p>\n<p>#06: A nova edi\u00e7\u00e3o do Fio de Prosa trouxe o especialista em inova\u00e7\u00e3o e tecnologias disruptivas Kenneth Correa.<\/p>\n<p><iframe loading=\"lazy\" title=\"Fio de Prosa #6 - Tecnologias disruptivas no setor t\u00eaxtil\" width=\"1140\" height=\"641\" src=\"https:\/\/www.youtube.com\/embed\/gQt_xviqVPM?feature=oembed\" frameborder=\"0\" allow=\"accelerometer; autoplay; clipboard-write; encrypted-media; gyroscope; picture-in-picture; web-share\" referrerpolicy=\"strict-origin-when-cross-origin\" allowfullscreen><\/iframe><\/p>\n<p>#05: No epis\u00f3dio 5, o Fio de Prosa aborda a rela\u00e7\u00e3o entre a Psicossom\u00e1tica e o pre\u00e7o do sucesso.<\/p>\n<p><iframe loading=\"lazy\" title=\"Fio de Prosa #5 -  Psicossom\u00e1tica e o pre\u00e7o do sucesso\" width=\"1140\" height=\"641\" src=\"https:\/\/www.youtube.com\/embed\/yHi3c1H5fD4?start=3540&#038;feature=oembed\" frameborder=\"0\" allow=\"accelerometer; autoplay; clipboard-write; encrypted-media; gyroscope; picture-in-picture; web-share\" referrerpolicy=\"strict-origin-when-cross-origin\" allowfullscreen><\/iframe><\/p>\n<p>#04: O Podcast Fio de Prosa est\u00e1 de volta! E nesse capitulo, recebemos 3 grandes nomes da ind\u00fastria t\u00eaxtil, com um papo leve e descontra\u00eddo.<\/p>\n<p><iframe loading=\"lazy\" title=\"Fio de Prosa #4 - Liderar e incluir no mundo VUCA\" width=\"1140\" height=\"641\" src=\"https:\/\/www.youtube.com\/embed\/fte8WxEWSZs?feature=oembed\" frameborder=\"0\" allow=\"accelerometer; autoplay; clipboard-write; encrypted-media; gyroscope; picture-in-picture; web-share\" referrerpolicy=\"strict-origin-when-cross-origin\" allowfullscreen><\/iframe><\/p>\n<p>#03: Sindit\u00eaxtil SP completou 90 anos. E neste podcast, conversamos com v\u00e1rios presidentes que contam hist\u00f3rias incr\u00edveis!<\/p>\n<p><iframe title=\"Spotify Embed: Sindit\u00eaxtil - SP 90 anos: hist\u00f3rias de presidentes\" style=\"border-radius: 12px\" width=\"100%\" height=\"152\" frameborder=\"0\" allowfullscreen allow=\"autoplay; clipboard-write; encrypted-media; fullscreen; picture-in-picture\" loading=\"lazy\" src=\"https:\/\/open.spotify.com\/embed\/episode\/4kfQdEoXXT6KeQi1c4ZZDy?utm_source=oembed\"><\/iframe><\/p>\n<p>#02: Neste epis\u00f3dio, nossos convidados conversam sobre as dores e as del\u00edcias para zerar carbono, tratar efluentes, limpas oceanos dos microplasticos, da circularidade de produtos e como ser sustent\u00e1vel n\u00e3o requer tanto investimento.<\/p>\n<p><iframe title=\"Spotify Embed: Tecnologias sustent\u00e1veis para o setor t\u00eaxtil \" style=\"border-radius: 12px\" width=\"100%\" height=\"152\" frameborder=\"0\" allowfullscreen allow=\"autoplay; clipboard-write; encrypted-media; fullscreen; picture-in-picture\" loading=\"lazy\" src=\"https:\/\/open.spotify.com\/embed\/episode\/0nzbaOgA2noAisVP8VP7ej?si=ux8eqpPoRseGynfdSm2Vtg&amp;utm_source=oembed\"><\/iframe><\/p>\n<p>#01: Primeiro epis\u00f3dio do Fio de Prosa.<\/p>\n<p><iframe loading=\"lazy\" title=\"Fio de Prosa #15 - Diversidade nas empresas\" width=\"1140\" height=\"641\" src=\"https:\/\/www.youtube.com\/embed\/dWXVbYp3uho?feature=oembed\" frameborder=\"0\" allow=\"accelerometer; autoplay; clipboard-write; encrypted-media; gyroscope; picture-in-picture; web-share\" referrerpolicy=\"strict-origin-when-cross-origin\" allowfullscreen><\/iframe><\/p>\n\n\n<p><\/p>\n","protected":false},"excerpt":{"rendered":"<p>O Fio de Prosa \u00e9 o podcast produzido pelo Sindit\u00eaxtil-SP, que comenta o cen\u00e1rio dos neg\u00f3cios no setor t\u00eaxtil, as not\u00edcias que impactaram ou v\u00e3o impactar as empresas, cases de sustentabilidade, inova\u00e7\u00e3o, tecnologia e gest\u00e3o de pessoas. A cada epis\u00f3dio, convidados s\u00e3o recebidos para debater um tema principal e aprofundar o assunto. Os programas s\u00e3o [&hellip;]<\/p>\n","protected":false},"author":2,"featured_media":0,"parent":0,"menu_order":0,"comment_status":"closed","ping_status":"closed","template":"","meta":{"footnotes":""},"class_list":["post-4171","page","type-page","status-publish","hentry"],"yoast_head":"<!-- This site is optimized with the Yoast SEO plugin v22.8 - https:\/\/yoast.com\/wordpress\/plugins\/seo\/ -->\n<title>Podcast Fio de Prosa - Sindit\u00eaxtil-SP<\/title>\n<meta name=\"robots\" content=\"index, follow, max-snippet:-1, max-image-preview:large, max-video-preview:-1\" \/>\n<link rel=\"canonical\" href=\"https:\/\/sinditextilsp.org.br\/home\/podcast-fio-de-prosa\/\" \/>\n<meta property=\"og:locale\" content=\"pt_BR\" \/>\n<meta property=\"og:type\" content=\"article\" \/>\n<meta property=\"og:title\" content=\"Podcast Fio de Prosa - Sindit\u00eaxtil-SP\" \/>\n<meta property=\"og:description\" content=\"O Fio de Prosa \u00e9 o podcast produzido pelo Sindit\u00eaxtil-SP, que comenta o cen\u00e1rio dos neg\u00f3cios no setor t\u00eaxtil, as not\u00edcias que impactaram ou v\u00e3o impactar as empresas, cases de sustentabilidade, inova\u00e7\u00e3o, tecnologia e gest\u00e3o de pessoas. A cada epis\u00f3dio, convidados s\u00e3o recebidos para debater um tema principal e aprofundar o assunto. Os programas s\u00e3o [&hellip;]\" \/>\n<meta property=\"og:url\" content=\"https:\/\/sinditextilsp.org.br\/home\/podcast-fio-de-prosa\/\" \/>\n<meta property=\"og:site_name\" content=\"Sindit\u00eaxtil-SP\" \/>\n<meta property=\"article:publisher\" content=\"https:\/\/www.facebook.com\/sinditextilsp\" \/>\n<meta property=\"article:modified_time\" content=\"2026-03-11T14:56:07+00:00\" \/>\n<meta name=\"twitter:card\" content=\"summary_large_image\" \/>\n<meta name=\"twitter:site\" content=\"@SinditextilSP\" \/>\n<meta name=\"twitter:label1\" content=\"Est. tempo de leitura\" \/>\n\t<meta name=\"twitter:data1\" content=\"3 minutos\" \/>\n<script type=\"application\/ld+json\" class=\"yoast-schema-graph\">{\"@context\":\"https:\/\/schema.org\",\"@graph\":[{\"@type\":\"WebPage\",\"@id\":\"https:\/\/sinditextilsp.org.br\/home\/podcast-fio-de-prosa\/\",\"url\":\"https:\/\/sinditextilsp.org.br\/home\/podcast-fio-de-prosa\/\",\"name\":\"Podcast Fio de Prosa - Sindit\u00eaxtil-SP\",\"isPartOf\":{\"@id\":\"https:\/\/sinditextilsp.org.br\/home\/#website\"},\"datePublished\":\"2023-10-27T19:02:47+00:00\",\"dateModified\":\"2026-03-11T14:56:07+00:00\",\"breadcrumb\":{\"@id\":\"https:\/\/sinditextilsp.org.br\/home\/podcast-fio-de-prosa\/#breadcrumb\"},\"inLanguage\":\"pt-BR\",\"potentialAction\":[{\"@type\":\"ReadAction\",\"target\":[\"https:\/\/sinditextilsp.org.br\/home\/podcast-fio-de-prosa\/\"]}]},{\"@type\":\"BreadcrumbList\",\"@id\":\"https:\/\/sinditextilsp.org.br\/home\/podcast-fio-de-prosa\/#breadcrumb\",\"itemListElement\":[{\"@type\":\"ListItem\",\"position\":1,\"name\":\"In\u00edcio\",\"item\":\"https:\/\/sinditextilsp.org.br\/home\/\"},{\"@type\":\"ListItem\",\"position\":2,\"name\":\"Podcast Fio de Prosa\"}]},{\"@type\":\"WebSite\",\"@id\":\"https:\/\/sinditextilsp.org.br\/home\/#website\",\"url\":\"https:\/\/sinditextilsp.org.br\/home\/\",\"name\":\"Sindit\u00eaxtil-SP\",\"description\":\"Sindicato T\u00eaxtil de S\u00e3o Paulo\",\"potentialAction\":[{\"@type\":\"SearchAction\",\"target\":{\"@type\":\"EntryPoint\",\"urlTemplate\":\"https:\/\/sinditextilsp.org.br\/home\/?s={search_term_string}\"},\"query-input\":\"required name=search_term_string\"}],\"inLanguage\":\"pt-BR\"}]}<\/script>\n<!-- \/ Yoast SEO plugin. -->","yoast_head_json":{"title":"Podcast Fio de Prosa - Sindit\u00eaxtil-SP","robots":{"index":"index","follow":"follow","max-snippet":"max-snippet:-1","max-image-preview":"max-image-preview:large","max-video-preview":"max-video-preview:-1"},"canonical":"https:\/\/sinditextilsp.org.br\/home\/podcast-fio-de-prosa\/","og_locale":"pt_BR","og_type":"article","og_title":"Podcast Fio de Prosa - Sindit\u00eaxtil-SP","og_description":"O Fio de Prosa \u00e9 o podcast produzido pelo Sindit\u00eaxtil-SP, que comenta o cen\u00e1rio dos neg\u00f3cios no setor t\u00eaxtil, as not\u00edcias que impactaram ou v\u00e3o impactar as empresas, cases de sustentabilidade, inova\u00e7\u00e3o, tecnologia e gest\u00e3o de pessoas. A cada epis\u00f3dio, convidados s\u00e3o recebidos para debater um tema principal e aprofundar o assunto. Os programas s\u00e3o [&hellip;]","og_url":"https:\/\/sinditextilsp.org.br\/home\/podcast-fio-de-prosa\/","og_site_name":"Sindit\u00eaxtil-SP","article_publisher":"https:\/\/www.facebook.com\/sinditextilsp","article_modified_time":"2026-03-11T14:56:07+00:00","twitter_card":"summary_large_image","twitter_site":"@SinditextilSP","twitter_misc":{"Est. tempo de leitura":"3 minutos"},"schema":{"@context":"https:\/\/schema.org","@graph":[{"@type":"WebPage","@id":"https:\/\/sinditextilsp.org.br\/home\/podcast-fio-de-prosa\/","url":"https:\/\/sinditextilsp.org.br\/home\/podcast-fio-de-prosa\/","name":"Podcast Fio de Prosa - Sindit\u00eaxtil-SP","isPartOf":{"@id":"https:\/\/sinditextilsp.org.br\/home\/#website"},"datePublished":"2023-10-27T19:02:47+00:00","dateModified":"2026-03-11T14:56:07+00:00","breadcrumb":{"@id":"https:\/\/sinditextilsp.org.br\/home\/podcast-fio-de-prosa\/#breadcrumb"},"inLanguage":"pt-BR","potentialAction":[{"@type":"ReadAction","target":["https:\/\/sinditextilsp.org.br\/home\/podcast-fio-de-prosa\/"]}]},{"@type":"BreadcrumbList","@id":"https:\/\/sinditextilsp.org.br\/home\/podcast-fio-de-prosa\/#breadcrumb","itemListElement":[{"@type":"ListItem","position":1,"name":"In\u00edcio","item":"https:\/\/sinditextilsp.org.br\/home\/"},{"@type":"ListItem","position":2,"name":"Podcast Fio de Prosa"}]},{"@type":"WebSite","@id":"https:\/\/sinditextilsp.org.br\/home\/#website","url":"https:\/\/sinditextilsp.org.br\/home\/","name":"Sindit\u00eaxtil-SP","description":"Sindicato T\u00eaxtil de S\u00e3o Paulo","potentialAction":[{"@type":"SearchAction","target":{"@type":"EntryPoint","urlTemplate":"https:\/\/sinditextilsp.org.br\/home\/?s={search_term_string}"},"query-input":"required name=search_term_string"}],"inLanguage":"pt-BR"}]}},"_links":{"self":[{"href":"https:\/\/sinditextilsp.org.br\/home\/wp-json\/wp\/v2\/pages\/4171","targetHints":{"allow":["GET"]}}],"collection":[{"href":"https:\/\/sinditextilsp.org.br\/home\/wp-json\/wp\/v2\/pages"}],"about":[{"href":"https:\/\/sinditextilsp.org.br\/home\/wp-json\/wp\/v2\/types\/page"}],"author":[{"embeddable":true,"href":"https:\/\/sinditextilsp.org.br\/home\/wp-json\/wp\/v2\/users\/2"}],"replies":[{"embeddable":true,"href":"https:\/\/sinditextilsp.org.br\/home\/wp-json\/wp\/v2\/comments?post=4171"}],"version-history":[{"count":23,"href":"https:\/\/sinditextilsp.org.br\/home\/wp-json\/wp\/v2\/pages\/4171\/revisions"}],"predecessor-version":[{"id":10123,"href":"https:\/\/sinditextilsp.org.br\/home\/wp-json\/wp\/v2\/pages\/4171\/revisions\/10123"}],"wp:attachment":[{"href":"https:\/\/sinditextilsp.org.br\/home\/wp-json\/wp\/v2\/media?parent=4171"}],"curies":[{"name":"wp","href":"https:\/\/api.w.org\/{rel}","templated":true}]}}