{"id":464,"date":"2021-07-14T19:20:51","date_gmt":"2021-07-14T22:20:51","guid":{"rendered":"https:\/\/dev.sinditextilsp.org.br\/home\/?page_id=464"},"modified":"2021-07-16T14:33:08","modified_gmt":"2021-07-16T17:33:08","slug":"textil-paulista","status":"publish","type":"page","link":"https:\/\/sinditextilsp.org.br\/home\/textil-paulista\/","title":{"rendered":"T\u00eaxtil Paulista"},"content":{"rendered":"\t\t<div data-elementor-type=\"wp-page\" data-elementor-id=\"464\" class=\"elementor elementor-464\" data-elementor-settings=\"[]\">\r\n\t\t\t\t\t\t\t<div class=\"elementor-section-wrap\">\r\n\t\t\t\t\t\t\t<section class=\"elementor-section elementor-top-section elementor-element elementor-element-6460adf elementor-section-boxed elementor-section-height-default elementor-section-height-default\" data-id=\"6460adf\" data-element_type=\"section\">\r\n\t\t\t\t\t\t<div class=\"elementor-container elementor-column-gap-default\">\r\n\t\t\t\t\t<div class=\"elementor-column elementor-col-100 elementor-top-column elementor-element elementor-element-26dc457\" data-id=\"26dc457\" data-element_type=\"column\">\r\n\t\t\t<div class=\"elementor-widget-wrap elementor-element-populated\">\r\n\t\t\t\t\t\t\t\t<div class=\"elementor-element elementor-element-c607962 elementor-widget elementor-widget-heading\" data-id=\"c607962\" data-element_type=\"widget\" data-widget_type=\"heading.default\">\r\n\t\t\t\t<div class=\"elementor-widget-container\">\r\n\t\t\t<h2 class=\"elementor-heading-title elementor-size-default\">T\u00eaxtil Paulista: voca\u00e7\u00e3o para a inova\u00e7\u00e3o<\/h2>\t\t<\/div>\r\n\t\t\t\t<\/div>\r\n\t\t\t\t\t<\/div>\r\n\t\t<\/div>\r\n\t\t\t\t\t\t\t<\/div>\r\n\t\t<\/section>\r\n\t\t\t\t<section class=\"elementor-section elementor-top-section elementor-element elementor-element-d9921db elementor-section-boxed elementor-section-height-default elementor-section-height-default\" data-id=\"d9921db\" data-element_type=\"section\">\r\n\t\t\t\t\t\t<div class=\"elementor-container elementor-column-gap-default\">\r\n\t\t\t\t\t<div class=\"elementor-column elementor-col-100 elementor-top-column elementor-element elementor-element-1aa7a19\" data-id=\"1aa7a19\" data-element_type=\"column\">\r\n\t\t\t<div class=\"elementor-widget-wrap elementor-element-populated\">\r\n\t\t\t\t\t\t\t\t<div class=\"elementor-element elementor-element-8a87269 elementor-widget elementor-widget-image\" data-id=\"8a87269\" data-element_type=\"widget\" data-widget_type=\"image.default\">\r\n\t\t\t\t<div class=\"elementor-widget-container\">\r\n\t\t\t\t\t\t\t\t\t\t\t\t\t\t\t<img loading=\"lazy\" decoding=\"async\" width=\"793\" height=\"314\" src=\"https:\/\/sinditextilsp.org.br\/home\/wp-content\/uploads\/2021\/07\/a47375c2-6f0d-41de-a94a-f9ef5cc04103.png\" class=\"attachment-large size-large\" alt=\"\" srcset=\"https:\/\/sinditextilsp.org.br\/home\/wp-content\/uploads\/2021\/07\/a47375c2-6f0d-41de-a94a-f9ef5cc04103.png 793w, https:\/\/sinditextilsp.org.br\/home\/wp-content\/uploads\/2021\/07\/a47375c2-6f0d-41de-a94a-f9ef5cc04103-768x304.png 768w, https:\/\/sinditextilsp.org.br\/home\/wp-content\/uploads\/2021\/07\/a47375c2-6f0d-41de-a94a-f9ef5cc04103-640x253.png 640w, https:\/\/sinditextilsp.org.br\/home\/wp-content\/uploads\/2021\/07\/a47375c2-6f0d-41de-a94a-f9ef5cc04103-400x158.png 400w, https:\/\/sinditextilsp.org.br\/home\/wp-content\/uploads\/2021\/07\/a47375c2-6f0d-41de-a94a-f9ef5cc04103-367x145.png 367w\" sizes=\"auto, (max-width: 793px) 100vw, 793px\" \/>\t\t\t\t\t\t\t\t\t\t\t\t\t\t\t<\/div>\r\n\t\t\t\t<\/div>\r\n\t\t\t\t\t<\/div>\r\n\t\t<\/div>\r\n\t\t\t\t\t\t\t<\/div>\r\n\t\t<\/section>\r\n\t\t\t\t<section class=\"elementor-section elementor-top-section elementor-element elementor-element-0b980d5 elementor-section-boxed elementor-section-height-default elementor-section-height-default\" data-id=\"0b980d5\" data-element_type=\"section\">\r\n\t\t\t\t\t\t<div class=\"elementor-container elementor-column-gap-default\">\r\n\t\t\t\t\t<div class=\"elementor-column elementor-col-100 elementor-top-column elementor-element elementor-element-2031609\" data-id=\"2031609\" data-element_type=\"column\">\r\n\t\t\t<div class=\"elementor-widget-wrap elementor-element-populated\">\r\n\t\t\t\t\t\t\t\t<div class=\"elementor-element elementor-element-5ce10a5 elementor-widget elementor-widget-text-editor\" data-id=\"5ce10a5\" data-element_type=\"widget\" data-widget_type=\"text-editor.default\">\r\n\t\t\t\t<div class=\"elementor-widget-container\">\r\n\t\t\t\t\t\t\t\t<p>O Sindit\u00eaxtil-SP lan\u00e7a a campanha\u00a0<strong>\u201cT\u00eaxtil Paulista: voca\u00e7\u00e3o para a inova\u00e7\u00e3o\u201d.<\/strong>\u00a0Al\u00e9m de criar um s\u00edmbolo que resgata o sentimento de unidade do setor t\u00eaxtil do Estado de S\u00e3o Paulo, a a\u00e7\u00e3o tamb\u00e9m tem como objetivo lembrar que, historicamente, as empresas paulistas sempre se destacaram no panorama t\u00eaxtil nacional e, assim, incentivar ainda mais o desenvolvimento tecnol\u00f3gico, a sustentabilidade ambiental, social e ser um hub de inova\u00e7\u00e3o. \u00a0\u00a0<\/p><p>Para ressaltar a iniciativa, uma logo foi especialmente desenvolvida pelo Sindicato e est\u00e1 dispon\u00edvel para\u00a0<strong><a href=\"https:\/\/drive.google.com\/file\/d\/1f45MakzhaMPDsqVlcnkRViyMt5m19v1Y\/view?usp=sharing\" target=\"_blank\" rel=\"noopener\">download<\/a><\/strong>\u00a0para todas as empresas do Estado que quiserem participar do movimento. \u201c\u00c9 preciso dar ampla publicidade para o fato de que o nosso setor tem, sim, muita tecnologia, pesquisa, preocupa\u00e7\u00e3o com o meio ambiente e \u00e9 engajada com o social. E nossas empresas devem refletir essa pot\u00eancia para todo o Brasil\u201d, declara Luiz Arthur Pacheco, presidente do Sindit\u00eaxtil-SP, que acrescenta que a campanha n\u00e3o \u00e9 restrita aos associados da Entidade, mas para qualquer empresa do setor t\u00eaxtil paulista que queira aderir, utilizando-se da logo e do slogan em suas divulga\u00e7\u00f5es pr\u00f3prias, inclusive redes sociais.\u00a0<\/p><p>O conceito da marca foi baseado no pr\u00f3prio desenvolvimento do caso da pandemia de COVID-19 no Estado e no Pa\u00eds, e mostra como a ind\u00fastria t\u00eaxtil passou por este momento dif\u00edcil: buscou inovar, absorveu as mudan\u00e7as e saiu dele com mais for\u00e7a. \u00a0A logo traz o mapa do Estado em azul (cor da sa\u00fade e do equil\u00edbrio),\u00a0se projetando para sua hist\u00f3ria e, ao mesmo tempo, para o futuro, tendo como intersec\u00e7\u00e3o, sempre, um espa\u00e7o para o aprendizado e o desenvolvimento.<\/p>\t\t\t\t\t\t<\/div>\r\n\t\t\t\t<\/div>\r\n\t\t\t\t<div class=\"elementor-element elementor-element-8159812 elementor-button-danger elementor-align-center elementor-widget elementor-widget-button\" data-id=\"8159812\" data-element_type=\"widget\" data-widget_type=\"button.default\">\r\n\t\t\t\t<div class=\"elementor-widget-container\">\r\n\t\t\t\t\t<div class=\"elementor-button-wrapper\">\r\n\t\t\t<a href=\"https:\/\/drive.google.com\/file\/d\/1f45MakzhaMPDsqVlcnkRViyMt5m19v1Y\/view?usp=sharing\" class=\"elementor-button-link elementor-button elementor-size-sm\" role=\"button\">\r\n\t\t\t\t\t\t<span class=\"elementor-button-content-wrapper\">\r\n\t\t\t\t\t\t<span class=\"elementor-button-text\">Fa\u00e7a aqui o download do material<\/span>\r\n\t\t<\/span>\r\n\t\t\t\t\t<\/a>\r\n\t\t<\/div>\r\n\t\t\t\t<\/div>\r\n\t\t\t\t<\/div>\r\n\t\t\t\t\t<\/div>\r\n\t\t<\/div>\r\n\t\t\t\t\t\t\t<\/div>\r\n\t\t<\/section>\r\n\t\t\t\t\t\t<\/div>\r\n\t\t\t\t\t<\/div>\r\n\t\t","protected":false},"excerpt":{"rendered":"<p>T\u00eaxtil Paulista: voca\u00e7\u00e3o para a inova\u00e7\u00e3o O Sindit\u00eaxtil-SP lan\u00e7a a campanha\u00a0\u201cT\u00eaxtil Paulista: voca\u00e7\u00e3o para a inova\u00e7\u00e3o\u201d.\u00a0Al\u00e9m de criar um s\u00edmbolo que resgata o sentimento de unidade do setor t\u00eaxtil do Estado de S\u00e3o Paulo, a a\u00e7\u00e3o tamb\u00e9m tem como objetivo lembrar que, historicamente, as empresas paulistas sempre se destacaram no panorama t\u00eaxtil nacional e, assim, [&hellip;]<\/p>\n","protected":false},"author":2,"featured_media":0,"parent":0,"menu_order":0,"comment_status":"closed","ping_status":"closed","template":"elementor_theme","meta":{"footnotes":""},"class_list":["post-464","page","type-page","status-publish","hentry"],"yoast_head":"<!-- This site is optimized with the Yoast SEO plugin v22.8 - https:\/\/yoast.com\/wordpress\/plugins\/seo\/ -->\n<title>T\u00eaxtil Paulista - Sindit\u00eaxtil-SP<\/title>\n<meta name=\"robots\" content=\"index, follow, max-snippet:-1, max-image-preview:large, max-video-preview:-1\" \/>\n<link rel=\"canonical\" href=\"https:\/\/sinditextilsp.org.br\/home\/textil-paulista\/\" \/>\n<meta property=\"og:locale\" content=\"pt_BR\" \/>\n<meta property=\"og:type\" content=\"article\" \/>\n<meta property=\"og:title\" content=\"T\u00eaxtil Paulista - Sindit\u00eaxtil-SP\" \/>\n<meta property=\"og:description\" content=\"T\u00eaxtil Paulista: voca\u00e7\u00e3o para a inova\u00e7\u00e3o O Sindit\u00eaxtil-SP lan\u00e7a a campanha\u00a0\u201cT\u00eaxtil Paulista: voca\u00e7\u00e3o para a inova\u00e7\u00e3o\u201d.\u00a0Al\u00e9m de criar um s\u00edmbolo que resgata o sentimento de unidade do setor t\u00eaxtil do Estado de S\u00e3o Paulo, a a\u00e7\u00e3o tamb\u00e9m tem como objetivo lembrar que, historicamente, as empresas paulistas sempre se destacaram no panorama t\u00eaxtil nacional e, assim, [&hellip;]\" \/>\n<meta property=\"og:url\" content=\"https:\/\/sinditextilsp.org.br\/home\/textil-paulista\/\" \/>\n<meta property=\"og:site_name\" content=\"Sindit\u00eaxtil-SP\" \/>\n<meta property=\"article:publisher\" content=\"https:\/\/www.facebook.com\/sinditextilsp\" \/>\n<meta property=\"article:modified_time\" content=\"2021-07-16T17:33:08+00:00\" \/>\n<meta property=\"og:image\" content=\"https:\/\/dev.sinditextilsp.org.br\/home\/wp-content\/uploads\/2021\/07\/a47375c2-6f0d-41de-a94a-f9ef5cc04103.png\" \/>\n<meta name=\"twitter:card\" content=\"summary_large_image\" \/>\n<meta name=\"twitter:site\" content=\"@SinditextilSP\" \/>\n<meta name=\"twitter:label1\" content=\"Est. tempo de leitura\" \/>\n\t<meta name=\"twitter:data1\" content=\"2 minutos\" \/>\n<script type=\"application\/ld+json\" class=\"yoast-schema-graph\">{\"@context\":\"https:\/\/schema.org\",\"@graph\":[{\"@type\":\"WebPage\",\"@id\":\"https:\/\/sinditextilsp.org.br\/home\/textil-paulista\/\",\"url\":\"https:\/\/sinditextilsp.org.br\/home\/textil-paulista\/\",\"name\":\"T\u00eaxtil Paulista - Sindit\u00eaxtil-SP\",\"isPartOf\":{\"@id\":\"https:\/\/sinditextilsp.org.br\/home\/#website\"},\"primaryImageOfPage\":{\"@id\":\"https:\/\/sinditextilsp.org.br\/home\/textil-paulista\/#primaryimage\"},\"image\":{\"@id\":\"https:\/\/sinditextilsp.org.br\/home\/textil-paulista\/#primaryimage\"},\"thumbnailUrl\":\"https:\/\/dev.sinditextilsp.org.br\/home\/wp-content\/uploads\/2021\/07\/a47375c2-6f0d-41de-a94a-f9ef5cc04103.png\",\"datePublished\":\"2021-07-14T22:20:51+00:00\",\"dateModified\":\"2021-07-16T17:33:08+00:00\",\"breadcrumb\":{\"@id\":\"https:\/\/sinditextilsp.org.br\/home\/textil-paulista\/#breadcrumb\"},\"inLanguage\":\"pt-BR\",\"potentialAction\":[{\"@type\":\"ReadAction\",\"target\":[\"https:\/\/sinditextilsp.org.br\/home\/textil-paulista\/\"]}]},{\"@type\":\"ImageObject\",\"inLanguage\":\"pt-BR\",\"@id\":\"https:\/\/sinditextilsp.org.br\/home\/textil-paulista\/#primaryimage\",\"url\":\"https:\/\/dev.sinditextilsp.org.br\/home\/wp-content\/uploads\/2021\/07\/a47375c2-6f0d-41de-a94a-f9ef5cc04103.png\",\"contentUrl\":\"https:\/\/dev.sinditextilsp.org.br\/home\/wp-content\/uploads\/2021\/07\/a47375c2-6f0d-41de-a94a-f9ef5cc04103.png\"},{\"@type\":\"BreadcrumbList\",\"@id\":\"https:\/\/sinditextilsp.org.br\/home\/textil-paulista\/#breadcrumb\",\"itemListElement\":[{\"@type\":\"ListItem\",\"position\":1,\"name\":\"In\u00edcio\",\"item\":\"https:\/\/sinditextilsp.org.br\/home\/\"},{\"@type\":\"ListItem\",\"position\":2,\"name\":\"T\u00eaxtil Paulista\"}]},{\"@type\":\"WebSite\",\"@id\":\"https:\/\/sinditextilsp.org.br\/home\/#website\",\"url\":\"https:\/\/sinditextilsp.org.br\/home\/\",\"name\":\"Sindit\u00eaxtil-SP\",\"description\":\"Sindicato T\u00eaxtil de S\u00e3o Paulo\",\"potentialAction\":[{\"@type\":\"SearchAction\",\"target\":{\"@type\":\"EntryPoint\",\"urlTemplate\":\"https:\/\/sinditextilsp.org.br\/home\/?s={search_term_string}\"},\"query-input\":\"required name=search_term_string\"}],\"inLanguage\":\"pt-BR\"}]}<\/script>\n<!-- \/ Yoast SEO plugin. -->","yoast_head_json":{"title":"T\u00eaxtil Paulista - Sindit\u00eaxtil-SP","robots":{"index":"index","follow":"follow","max-snippet":"max-snippet:-1","max-image-preview":"max-image-preview:large","max-video-preview":"max-video-preview:-1"},"canonical":"https:\/\/sinditextilsp.org.br\/home\/textil-paulista\/","og_locale":"pt_BR","og_type":"article","og_title":"T\u00eaxtil Paulista - Sindit\u00eaxtil-SP","og_description":"T\u00eaxtil Paulista: voca\u00e7\u00e3o para a inova\u00e7\u00e3o O Sindit\u00eaxtil-SP lan\u00e7a a campanha\u00a0\u201cT\u00eaxtil Paulista: voca\u00e7\u00e3o para a inova\u00e7\u00e3o\u201d.\u00a0Al\u00e9m de criar um s\u00edmbolo que resgata o sentimento de unidade do setor t\u00eaxtil do Estado de S\u00e3o Paulo, a a\u00e7\u00e3o tamb\u00e9m tem como objetivo lembrar que, historicamente, as empresas paulistas sempre se destacaram no panorama t\u00eaxtil nacional e, assim, [&hellip;]","og_url":"https:\/\/sinditextilsp.org.br\/home\/textil-paulista\/","og_site_name":"Sindit\u00eaxtil-SP","article_publisher":"https:\/\/www.facebook.com\/sinditextilsp","article_modified_time":"2021-07-16T17:33:08+00:00","og_image":[{"url":"https:\/\/dev.sinditextilsp.org.br\/home\/wp-content\/uploads\/2021\/07\/a47375c2-6f0d-41de-a94a-f9ef5cc04103.png"}],"twitter_card":"summary_large_image","twitter_site":"@SinditextilSP","twitter_misc":{"Est. tempo de leitura":"2 minutos"},"schema":{"@context":"https:\/\/schema.org","@graph":[{"@type":"WebPage","@id":"https:\/\/sinditextilsp.org.br\/home\/textil-paulista\/","url":"https:\/\/sinditextilsp.org.br\/home\/textil-paulista\/","name":"T\u00eaxtil Paulista - Sindit\u00eaxtil-SP","isPartOf":{"@id":"https:\/\/sinditextilsp.org.br\/home\/#website"},"primaryImageOfPage":{"@id":"https:\/\/sinditextilsp.org.br\/home\/textil-paulista\/#primaryimage"},"image":{"@id":"https:\/\/sinditextilsp.org.br\/home\/textil-paulista\/#primaryimage"},"thumbnailUrl":"https:\/\/dev.sinditextilsp.org.br\/home\/wp-content\/uploads\/2021\/07\/a47375c2-6f0d-41de-a94a-f9ef5cc04103.png","datePublished":"2021-07-14T22:20:51+00:00","dateModified":"2021-07-16T17:33:08+00:00","breadcrumb":{"@id":"https:\/\/sinditextilsp.org.br\/home\/textil-paulista\/#breadcrumb"},"inLanguage":"pt-BR","potentialAction":[{"@type":"ReadAction","target":["https:\/\/sinditextilsp.org.br\/home\/textil-paulista\/"]}]},{"@type":"ImageObject","inLanguage":"pt-BR","@id":"https:\/\/sinditextilsp.org.br\/home\/textil-paulista\/#primaryimage","url":"https:\/\/dev.sinditextilsp.org.br\/home\/wp-content\/uploads\/2021\/07\/a47375c2-6f0d-41de-a94a-f9ef5cc04103.png","contentUrl":"https:\/\/dev.sinditextilsp.org.br\/home\/wp-content\/uploads\/2021\/07\/a47375c2-6f0d-41de-a94a-f9ef5cc04103.png"},{"@type":"BreadcrumbList","@id":"https:\/\/sinditextilsp.org.br\/home\/textil-paulista\/#breadcrumb","itemListElement":[{"@type":"ListItem","position":1,"name":"In\u00edcio","item":"https:\/\/sinditextilsp.org.br\/home\/"},{"@type":"ListItem","position":2,"name":"T\u00eaxtil Paulista"}]},{"@type":"WebSite","@id":"https:\/\/sinditextilsp.org.br\/home\/#website","url":"https:\/\/sinditextilsp.org.br\/home\/","name":"Sindit\u00eaxtil-SP","description":"Sindicato T\u00eaxtil de S\u00e3o Paulo","potentialAction":[{"@type":"SearchAction","target":{"@type":"EntryPoint","urlTemplate":"https:\/\/sinditextilsp.org.br\/home\/?s={search_term_string}"},"query-input":"required name=search_term_string"}],"inLanguage":"pt-BR"}]}},"_links":{"self":[{"href":"https:\/\/sinditextilsp.org.br\/home\/wp-json\/wp\/v2\/pages\/464","targetHints":{"allow":["GET"]}}],"collection":[{"href":"https:\/\/sinditextilsp.org.br\/home\/wp-json\/wp\/v2\/pages"}],"about":[{"href":"https:\/\/sinditextilsp.org.br\/home\/wp-json\/wp\/v2\/types\/page"}],"author":[{"embeddable":true,"href":"https:\/\/sinditextilsp.org.br\/home\/wp-json\/wp\/v2\/users\/2"}],"replies":[{"embeddable":true,"href":"https:\/\/sinditextilsp.org.br\/home\/wp-json\/wp\/v2\/comments?post=464"}],"version-history":[{"count":7,"href":"https:\/\/sinditextilsp.org.br\/home\/wp-json\/wp\/v2\/pages\/464\/revisions"}],"predecessor-version":[{"id":474,"href":"https:\/\/sinditextilsp.org.br\/home\/wp-json\/wp\/v2\/pages\/464\/revisions\/474"}],"wp:attachment":[{"href":"https:\/\/sinditextilsp.org.br\/home\/wp-json\/wp\/v2\/media?parent=464"}],"curies":[{"name":"wp","href":"https:\/\/api.w.org\/{rel}","templated":true}]}}