{"id":4745,"date":"2024-02-16T17:10:44","date_gmt":"2024-02-16T19:10:44","guid":{"rendered":"https:\/\/sinditextilsp.org.br\/home\/?page_id=4745"},"modified":"2026-04-13T10:00:29","modified_gmt":"2026-04-13T13:00:29","slug":"chao-de-fabrica","status":"publish","type":"page","link":"https:\/\/sinditextilsp.org.br\/home\/chao-de-fabrica\/","title":{"rendered":"Ch\u00e3o de F\u00e1brica"},"content":{"rendered":"\t\t<div data-elementor-type=\"wp-page\" data-elementor-id=\"4745\" class=\"elementor elementor-4745\" data-elementor-settings=\"[]\">\r\n\t\t\t\t\t\t\t<div class=\"elementor-section-wrap\">\r\n\t\t\t\t\t\t\t<section class=\"elementor-section elementor-top-section elementor-element elementor-element-8c6aa1 elementor-section-boxed elementor-section-height-default elementor-section-height-default\" data-id=\"8c6aa1\" data-element_type=\"section\">\r\n\t\t\t\t\t\t<div class=\"elementor-container elementor-column-gap-default\">\r\n\t\t\t\t\t<div class=\"elementor-column elementor-col-100 elementor-top-column elementor-element elementor-element-2292ca06\" data-id=\"2292ca06\" data-element_type=\"column\">\r\n\t\t\t<div class=\"elementor-widget-wrap elementor-element-populated\">\r\n\t\t\t\t\t\t\t\t<div class=\"elementor-element elementor-element-128c51a2 elementor-widget elementor-widget-text-editor\" data-id=\"128c51a2\" data-element_type=\"widget\" data-widget_type=\"text-editor.default\">\r\n\t\t\t\t<div class=\"elementor-widget-container\">\r\n\t\t\t\t\t\t\t\t<p style=\"text-align: justify;\">A s\u00e9rie CH\u00c3O DE F\u00c1BRICA \u00e9 um projeto para prestigiar os associados do Sindit\u00eaxtil-SP. Mensalmente, uma equipe do Sindicato vai visitar alguma empresa que nos convidou para conhecer sua planta fabril, depois de agendamento pr\u00e9vio. Ap\u00f3s a visita, produzimos uma mat\u00e9ria resumindo o que vimos e ouvimos, e divulgamos nos canais do Sindit\u00eaxtil-SP.<\/p><p style=\"text-align: justify;\">Se voc\u00ea \u00e9 um associado que gostaria de receber nossa visita \u00a0entre em contato com\u00a0<a class=\"fui-Link ___1rxvrpe f2hkw1w f3rmtva f1ewtqcl fyind8e f1k6fduh f1w7gpdv fk6fouc fjoy568 figsok6 f1hu3pq6 f11qmguv f19f4twv f1tyq0we f1g0x7ka fhxju0i f1qch9an f1cnd47f fqv5qza f1vmzxwi f1o700av f13mvf36 f1cmlufx f9n3di6 f1ids18y f1tx3yz7 f1deo86v f1eh06m1 f1iescvh fhgqx19 f1olyrje f1p93eir f1nev41a f1h8hb77 f1lqvz6u f10aw75t fsle3fq f17ae5zn\" title=\"mailto:karen@sinditextilsp.org.br\" href=\"mailto:karen@sinditextilsp.org.br\" target=\"_blank\" rel=\"noreferrer noopener\" aria-label=\"Link karen@sinditextilsp.org.br\">karen@sinditextilsp.org.br<\/a>\u00a0. Para n\u00f3s \u00e9 um prazer conhecer mais de perto as empresas associadas.<\/p>\t\t\t\t\t\t<\/div>\r\n\t\t\t\t<\/div>\r\n\t\t\t\t\t<\/div>\r\n\t\t<\/div>\r\n\t\t\t\t\t\t\t<\/div>\r\n\t\t<\/section>\r\n\t\t\t\t<section class=\"elementor-section elementor-top-section elementor-element elementor-element-2811925 elementor-section-content-middle elementor-section-boxed elementor-section-height-default elementor-section-height-default\" data-id=\"2811925\" data-element_type=\"section\">\r\n\t\t\t\t\t\t<div class=\"elementor-container elementor-column-gap-default\">\r\n\t\t\t\t\t<div class=\"elementor-column elementor-col-33 elementor-top-column elementor-element elementor-element-06fe8f4\" data-id=\"06fe8f4\" data-element_type=\"column\">\r\n\t\t\t<div class=\"elementor-widget-wrap elementor-element-populated\">\r\n\t\t\t\t\t\t\t\t<div class=\"elementor-element elementor-element-a1deb76 elementor-widget elementor-widget-image\" data-id=\"a1deb76\" data-element_type=\"widget\" data-widget_type=\"image.default\">\r\n\t\t\t\t<div class=\"elementor-widget-container\">\r\n\t\t\t\t\t\t\t\t\t\t\t\t\t\t\t\t<a href=\"https:\/\/sinditextilsp.org.br\/home\/2026\/04\/projeto-chao-de-fabrica-sinditextil-sp-visita-fabrica-da-dini-textil\/\">\r\n\t\t\t\t\t\t\t<img loading=\"lazy\" decoding=\"async\" width=\"300\" height=\"300\" src=\"https:\/\/sinditextilsp.org.br\/home\/wp-content\/uploads\/2026\/04\/capa-nova-dini-textil-1-chao-de-fabrica-sinditextil-sp.jpg\" class=\"attachment-medium size-medium\" alt=\"\" \/>\t\t\t\t\t\t\t\t<\/a>\r\n\t\t\t\t\t\t\t\t\t\t\t\t\t\t\t<\/div>\r\n\t\t\t\t<\/div>\r\n\t\t\t\t\t<\/div>\r\n\t\t<\/div>\r\n\t\t\t\t<div class=\"elementor-column elementor-col-33 elementor-top-column elementor-element elementor-element-dd376c0\" data-id=\"dd376c0\" data-element_type=\"column\">\r\n\t\t\t<div class=\"elementor-widget-wrap elementor-element-populated\">\r\n\t\t\t\t\t\t\t\t<div class=\"elementor-element elementor-element-969f27c elementor-widget elementor-widget-image\" data-id=\"969f27c\" data-element_type=\"widget\" data-widget_type=\"image.default\">\r\n\t\t\t\t<div class=\"elementor-widget-container\">\r\n\t\t\t\t\t\t\t\t\t\t\t\t\t\t\t\t<a href=\"https:\/\/sinditextilsp.org.br\/home\/2026\/02\/projeto-chao-de-fabrica-sinditextil-sp-visita-a-santaconstancia\/\">\r\n\t\t\t\t\t\t\t<img loading=\"lazy\" decoding=\"async\" width=\"300\" height=\"300\" src=\"https:\/\/sinditextilsp.org.br\/home\/wp-content\/uploads\/2026\/02\/santaconstancia.png\" class=\"attachment-medium size-medium\" alt=\"\" \/>\t\t\t\t\t\t\t\t<\/a>\r\n\t\t\t\t\t\t\t\t\t\t\t\t\t\t\t<\/div>\r\n\t\t\t\t<\/div>\r\n\t\t\t\t\t<\/div>\r\n\t\t<\/div>\r\n\t\t\t\t<div class=\"elementor-column elementor-col-33 elementor-top-column elementor-element elementor-element-8fb4ed0\" data-id=\"8fb4ed0\" data-element_type=\"column\">\r\n\t\t\t<div class=\"elementor-widget-wrap elementor-element-populated\">\r\n\t\t\t\t\t\t\t\t<div class=\"elementor-element elementor-element-eef5a62 elementor-widget elementor-widget-image\" data-id=\"eef5a62\" data-element_type=\"widget\" data-widget_type=\"image.default\">\r\n\t\t\t\t<div class=\"elementor-widget-container\">\r\n\t\t\t\t\t\t\t\t\t\t\t\t\t\t\t\t<a href=\"https:\/\/sinditextilsp.org.br\/home\/2024\/12\/selene-tradicao-e-contemporaneidade-fazem-da-empresa-referencia-de-mercado\/\">\r\n\t\t\t\t\t\t\t<img loading=\"lazy\" decoding=\"async\" width=\"300\" height=\"300\" src=\"https:\/\/sinditextilsp.org.br\/home\/wp-content\/uploads\/2024\/12\/chao-de-fabrica-banner-selene3.png\" class=\"attachment-medium size-medium\" alt=\"\" \/>\t\t\t\t\t\t\t\t<\/a>\r\n\t\t\t\t\t\t\t\t\t\t\t\t\t\t\t<\/div>\r\n\t\t\t\t<\/div>\r\n\t\t\t\t\t<\/div>\r\n\t\t<\/div>\r\n\t\t\t\t\t\t\t<\/div>\r\n\t\t<\/section>\r\n\t\t\t\t<section class=\"elementor-section elementor-top-section elementor-element elementor-element-2b80456 elementor-section-boxed elementor-section-height-default elementor-section-height-default\" data-id=\"2b80456\" data-element_type=\"section\">\r\n\t\t\t\t\t\t<div class=\"elementor-container elementor-column-gap-default\">\r\n\t\t\t\t\t<div class=\"elementor-column elementor-col-33 elementor-top-column elementor-element elementor-element-0fd2f70\" data-id=\"0fd2f70\" data-element_type=\"column\">\r\n\t\t\t<div class=\"elementor-widget-wrap elementor-element-populated\">\r\n\t\t\t\t\t\t\t\t<div class=\"elementor-element elementor-element-aebfc93 elementor-widget elementor-widget-image\" data-id=\"aebfc93\" data-element_type=\"widget\" data-widget_type=\"image.default\">\r\n\t\t\t\t<div class=\"elementor-widget-container\">\r\n\t\t\t\t\t\t\t\t\t\t\t\t\t\t\t\t<a href=\"https:\/\/sinditextilsp.org.br\/home\/2024\/10\/santista-textil-onde-a-seguranca-e-a-etica-sao-valores-inegociaveis\/\">\r\n\t\t\t\t\t\t\t<img loading=\"lazy\" decoding=\"async\" width=\"300\" height=\"300\" src=\"https:\/\/sinditextilsp.org.br\/home\/wp-content\/uploads\/2024\/10\/chao-de-fabrica-santista-textil-5.png\" class=\"attachment-medium size-medium\" alt=\"\" \/>\t\t\t\t\t\t\t\t<\/a>\r\n\t\t\t\t\t\t\t\t\t\t\t\t\t\t\t<\/div>\r\n\t\t\t\t<\/div>\r\n\t\t\t\t\t<\/div>\r\n\t\t<\/div>\r\n\t\t\t\t<div class=\"elementor-column elementor-col-33 elementor-top-column elementor-element elementor-element-38f9b71\" data-id=\"38f9b71\" data-element_type=\"column\">\r\n\t\t\t<div class=\"elementor-widget-wrap elementor-element-populated\">\r\n\t\t\t\t\t\t\t\t<div class=\"elementor-element elementor-element-6a5c0a7 elementor-widget elementor-widget-image\" data-id=\"6a5c0a7\" data-element_type=\"widget\" data-widget_type=\"image.default\">\r\n\t\t\t\t<div class=\"elementor-widget-container\">\r\n\t\t\t\t\t\t\t\t\t\t\t\t\t\t\t\t<a href=\"https:\/\/sinditextilsp.org.br\/home\/2024\/02\/jf-fibras-celebra-20-anos-de-referencia-em-reciclagem-e-compromisso-socioambiental\/\">\r\n\t\t\t\t\t\t\t<img loading=\"lazy\" decoding=\"async\" width=\"300\" height=\"300\" src=\"https:\/\/sinditextilsp.org.br\/home\/wp-content\/uploads\/2024\/02\/icone-1-300x300.png\" class=\"attachment-medium size-medium\" alt=\"\" \/>\t\t\t\t\t\t\t\t<\/a>\r\n\t\t\t\t\t\t\t\t\t\t\t\t\t\t\t<\/div>\r\n\t\t\t\t<\/div>\r\n\t\t\t\t\t<\/div>\r\n\t\t<\/div>\r\n\t\t\t\t<div class=\"elementor-column elementor-col-33 elementor-top-column elementor-element elementor-element-d7aac4c\" data-id=\"d7aac4c\" data-element_type=\"column\">\r\n\t\t\t<div class=\"elementor-widget-wrap elementor-element-populated\">\r\n\t\t\t\t\t\t\t\t<div class=\"elementor-element elementor-element-d85ea15 elementor-widget elementor-widget-image\" data-id=\"d85ea15\" data-element_type=\"widget\" data-widget_type=\"image.default\">\r\n\t\t\t\t<div class=\"elementor-widget-container\">\r\n\t\t\t\t\t\t\t\t\t\t\t\t\t\t\t\t<a href=\"https:\/\/sinditextilsp.org.br\/home\/2024\/02\/fitesa-a-empresa-brasileira-mais-internacionalizada\/\">\r\n\t\t\t\t\t\t\t<img loading=\"lazy\" decoding=\"async\" width=\"300\" height=\"300\" src=\"https:\/\/sinditextilsp.org.br\/home\/wp-content\/uploads\/2024\/02\/icone-300x300.png\" class=\"attachment-medium size-medium\" alt=\"\" \/>\t\t\t\t\t\t\t\t<\/a>\r\n\t\t\t\t\t\t\t\t\t\t\t\t\t\t\t<\/div>\r\n\t\t\t\t<\/div>\r\n\t\t\t\t\t<\/div>\r\n\t\t<\/div>\r\n\t\t\t\t\t\t\t<\/div>\r\n\t\t<\/section>\r\n\t\t\t\t<section class=\"elementor-section elementor-top-section elementor-element elementor-element-51e2efe elementor-section-boxed elementor-section-height-default elementor-section-height-default\" data-id=\"51e2efe\" data-element_type=\"section\">\r\n\t\t\t\t\t\t<div class=\"elementor-container elementor-column-gap-default\">\r\n\t\t\t\t\t<div class=\"elementor-column elementor-col-33 elementor-top-column elementor-element elementor-element-29467ab\" data-id=\"29467ab\" data-element_type=\"column\">\r\n\t\t\t<div class=\"elementor-widget-wrap elementor-element-populated\">\r\n\t\t\t\t\t\t\t\t<div class=\"elementor-element elementor-element-8635fb7 elementor-widget elementor-widget-image\" data-id=\"8635fb7\" data-element_type=\"widget\" data-widget_type=\"image.default\">\r\n\t\t\t\t<div class=\"elementor-widget-container\">\r\n\t\t\t\t\t\t\t\t\t\t\t\t\t\t\t\t<a href=\"https:\/\/sinditextilsp.org.br\/home\/2024\/07\/capricornio-textil-desenvolvimento-humano-e-sustentabilidade-reflete-maior-produtividade\/\">\r\n\t\t\t\t\t\t\t<img loading=\"lazy\" decoding=\"async\" width=\"300\" height=\"300\" src=\"https:\/\/sinditextilsp.org.br\/home\/wp-content\/uploads\/2024\/07\/chao-de-fabrica-banners-2.png\" class=\"attachment-medium size-medium\" alt=\"\" \/>\t\t\t\t\t\t\t\t<\/a>\r\n\t\t\t\t\t\t\t\t\t\t\t\t\t\t\t<\/div>\r\n\t\t\t\t<\/div>\r\n\t\t\t\t\t<\/div>\r\n\t\t<\/div>\r\n\t\t\t\t<div class=\"elementor-column elementor-col-33 elementor-top-column elementor-element elementor-element-e6e29c2\" data-id=\"e6e29c2\" data-element_type=\"column\">\r\n\t\t\t<div class=\"elementor-widget-wrap elementor-element-populated\">\r\n\t\t\t\t\t\t\t\t<div class=\"elementor-element elementor-element-840cb59 elementor-widget elementor-widget-image\" data-id=\"840cb59\" data-element_type=\"widget\" data-widget_type=\"image.default\">\r\n\t\t\t\t<div class=\"elementor-widget-container\">\r\n\t\t\t\t\t\t\t\t\t\t\t\t\t\t\t\t<a href=\"https:\/\/sinditextilsp.org.br\/home\/2024\/08\/tremembe-quimica-eficiencia-e-seguranca-promovem-artigos-sustentaveis\/\">\r\n\t\t\t\t\t\t\t<img loading=\"lazy\" decoding=\"async\" width=\"300\" height=\"300\" src=\"https:\/\/sinditextilsp.org.br\/home\/wp-content\/uploads\/2024\/08\/chao-de-fabrica-banner-tremembe-3.png\" class=\"attachment-medium size-medium\" alt=\"\" \/>\t\t\t\t\t\t\t\t<\/a>\r\n\t\t\t\t\t\t\t\t\t\t\t\t\t\t\t<\/div>\r\n\t\t\t\t<\/div>\r\n\t\t\t\t\t<\/div>\r\n\t\t<\/div>\r\n\t\t\t\t<div class=\"elementor-column elementor-col-33 elementor-top-column elementor-element elementor-element-ca270b5\" data-id=\"ca270b5\" data-element_type=\"column\">\r\n\t\t\t<div class=\"elementor-widget-wrap elementor-element-populated\">\r\n\t\t\t\t\t\t\t\t<div class=\"elementor-element elementor-element-c5907a0 elementor-widget elementor-widget-image\" data-id=\"c5907a0\" data-element_type=\"widget\" data-widget_type=\"image.default\">\r\n\t\t\t\t<div class=\"elementor-widget-container\">\r\n\t\t\t\t\t\t\t\t\t\t\t\t\t\t\t\t<a href=\"https:\/\/sinditextilsp.org.br\/home\/2025\/02\/silicotex-relacionamento-e-produtividade-norteiam-processos\/\">\r\n\t\t\t\t\t\t\t<img loading=\"lazy\" decoding=\"async\" width=\"301\" height=\"301\" src=\"https:\/\/sinditextilsp.org.br\/home\/wp-content\/uploads\/2025\/02\/silicotex-2.png\" class=\"attachment-large size-large\" alt=\"\" \/>\t\t\t\t\t\t\t\t<\/a>\r\n\t\t\t\t\t\t\t\t\t\t\t\t\t\t\t<\/div>\r\n\t\t\t\t<\/div>\r\n\t\t\t\t\t<\/div>\r\n\t\t<\/div>\r\n\t\t\t\t\t\t\t<\/div>\r\n\t\t<\/section>\r\n\t\t\t\t<section class=\"elementor-section elementor-top-section elementor-element elementor-element-5fd0ecf elementor-section-boxed elementor-section-height-default elementor-section-height-default\" data-id=\"5fd0ecf\" data-element_type=\"section\">\r\n\t\t\t\t\t\t<div class=\"elementor-container elementor-column-gap-default\">\r\n\t\t\t\t\t<div class=\"elementor-column elementor-col-33 elementor-top-column elementor-element elementor-element-9f4d638\" data-id=\"9f4d638\" data-element_type=\"column\">\r\n\t\t\t<div class=\"elementor-widget-wrap elementor-element-populated\">\r\n\t\t\t\t\t\t\t\t<div class=\"elementor-element elementor-element-98759aa elementor-widget elementor-widget-image\" data-id=\"98759aa\" data-element_type=\"widget\" data-widget_type=\"image.default\">\r\n\t\t\t\t<div class=\"elementor-widget-container\">\r\n\t\t\t\t\t\t\t\t\t\t\t\t\t\t\t\t<a href=\"https:\/\/sinditextilsp.org.br\/home\/2025\/04\/perfeito-acessorios-tradicao-familiar-em-inovar-na-moda\/\">\r\n\t\t\t\t\t\t\t<img loading=\"lazy\" decoding=\"async\" width=\"301\" height=\"301\" src=\"https:\/\/sinditextilsp.org.br\/home\/wp-content\/uploads\/2025\/04\/chao-de-fabrica-perfeito-acessorios-1.png\" class=\"attachment-large size-large\" alt=\"\" \/>\t\t\t\t\t\t\t\t<\/a>\r\n\t\t\t\t\t\t\t\t\t\t\t\t\t\t\t<\/div>\r\n\t\t\t\t<\/div>\r\n\t\t\t\t\t<\/div>\r\n\t\t<\/div>\r\n\t\t\t\t<div class=\"elementor-column elementor-col-33 elementor-top-column elementor-element elementor-element-0182c3a\" data-id=\"0182c3a\" data-element_type=\"column\">\r\n\t\t\t<div class=\"elementor-widget-wrap elementor-element-populated\">\r\n\t\t\t\t\t\t\t\t<div class=\"elementor-element elementor-element-1dffc49 elementor-widget elementor-widget-image\" data-id=\"1dffc49\" data-element_type=\"widget\" data-widget_type=\"image.default\">\r\n\t\t\t\t<div class=\"elementor-widget-container\">\r\n\t\t\t\t\t\t\t\t\t\t\t\t\t\t\t\t<a href=\"https:\/\/sinditextilsp.org.br\/home\/2025\/07\/altenburg-sao-roque-inovacao-e-tradicao\/\">\r\n\t\t\t\t\t\t\t<img loading=\"lazy\" decoding=\"async\" width=\"300\" height=\"300\" src=\"https:\/\/sinditextilsp.org.br\/home\/wp-content\/uploads\/2025\/07\/sinditextil-chao-de-fabrica.png\" class=\"attachment-large size-large\" alt=\"\" \/>\t\t\t\t\t\t\t\t<\/a>\r\n\t\t\t\t\t\t\t\t\t\t\t\t\t\t\t<\/div>\r\n\t\t\t\t<\/div>\r\n\t\t\t\t\t<\/div>\r\n\t\t<\/div>\r\n\t\t\t\t<div class=\"elementor-column elementor-col-33 elementor-top-column elementor-element elementor-element-1620f89\" data-id=\"1620f89\" data-element_type=\"column\">\r\n\t\t\t<div class=\"elementor-widget-wrap\">\r\n\t\t\t\t\t\t\t\t\t<\/div>\r\n\t\t<\/div>\r\n\t\t\t\t\t\t\t<\/div>\r\n\t\t<\/section>\r\n\t\t\t\t\t\t<\/div>\r\n\t\t\t\t\t<\/div>\r\n\t\t","protected":false},"excerpt":{"rendered":"<p>A s\u00e9rie CH\u00c3O DE F\u00c1BRICA \u00e9 um projeto para prestigiar os associados do Sindit\u00eaxtil-SP. Mensalmente, uma equipe do Sindicato vai visitar alguma empresa que nos convidou para conhecer sua planta fabril, depois de agendamento pr\u00e9vio. Ap\u00f3s a visita, produzimos uma mat\u00e9ria resumindo o que vimos e ouvimos, e divulgamos nos canais do Sindit\u00eaxtil-SP. Se voc\u00ea [&hellip;]<\/p>\n","protected":false},"author":4,"featured_media":0,"parent":0,"menu_order":0,"comment_status":"closed","ping_status":"closed","template":"","meta":{"footnotes":""},"class_list":["post-4745","page","type-page","status-publish","hentry"],"yoast_head":"<!-- This site is optimized with the Yoast SEO plugin v22.8 - https:\/\/yoast.com\/wordpress\/plugins\/seo\/ -->\n<title>Ch\u00e3o de F\u00e1brica - Sindit\u00eaxtil-SP<\/title>\n<meta name=\"robots\" content=\"index, follow, max-snippet:-1, max-image-preview:large, max-video-preview:-1\" \/>\n<link rel=\"canonical\" href=\"https:\/\/sinditextilsp.org.br\/home\/chao-de-fabrica\/\" \/>\n<meta property=\"og:locale\" content=\"pt_BR\" \/>\n<meta property=\"og:type\" content=\"article\" \/>\n<meta property=\"og:title\" content=\"Ch\u00e3o de F\u00e1brica - Sindit\u00eaxtil-SP\" \/>\n<meta property=\"og:description\" content=\"A s\u00e9rie CH\u00c3O DE F\u00c1BRICA \u00e9 um projeto para prestigiar os associados do Sindit\u00eaxtil-SP. Mensalmente, uma equipe do Sindicato vai visitar alguma empresa que nos convidou para conhecer sua planta fabril, depois de agendamento pr\u00e9vio. Ap\u00f3s a visita, produzimos uma mat\u00e9ria resumindo o que vimos e ouvimos, e divulgamos nos canais do Sindit\u00eaxtil-SP. Se voc\u00ea [&hellip;]\" \/>\n<meta property=\"og:url\" content=\"https:\/\/sinditextilsp.org.br\/home\/chao-de-fabrica\/\" \/>\n<meta property=\"og:site_name\" content=\"Sindit\u00eaxtil-SP\" \/>\n<meta property=\"article:publisher\" content=\"https:\/\/www.facebook.com\/sinditextilsp\" \/>\n<meta property=\"article:modified_time\" content=\"2026-04-13T13:00:29+00:00\" \/>\n<meta property=\"og:image\" content=\"https:\/\/sinditextilsp.org.br\/home\/wp-content\/uploads\/2026\/04\/capa-nova-dini-textil-1-chao-de-fabrica-sinditextil-sp.jpg\" \/>\n<meta name=\"twitter:card\" content=\"summary_large_image\" \/>\n<meta name=\"twitter:site\" content=\"@SinditextilSP\" \/>\n<meta name=\"twitter:label1\" content=\"Est. tempo de leitura\" \/>\n\t<meta name=\"twitter:data1\" content=\"3 minutos\" \/>\n<script type=\"application\/ld+json\" class=\"yoast-schema-graph\">{\"@context\":\"https:\/\/schema.org\",\"@graph\":[{\"@type\":\"WebPage\",\"@id\":\"https:\/\/sinditextilsp.org.br\/home\/chao-de-fabrica\/\",\"url\":\"https:\/\/sinditextilsp.org.br\/home\/chao-de-fabrica\/\",\"name\":\"Ch\u00e3o de F\u00e1brica - Sindit\u00eaxtil-SP\",\"isPartOf\":{\"@id\":\"https:\/\/sinditextilsp.org.br\/home\/#website\"},\"primaryImageOfPage\":{\"@id\":\"https:\/\/sinditextilsp.org.br\/home\/chao-de-fabrica\/#primaryimage\"},\"image\":{\"@id\":\"https:\/\/sinditextilsp.org.br\/home\/chao-de-fabrica\/#primaryimage\"},\"thumbnailUrl\":\"https:\/\/sinditextilsp.org.br\/home\/wp-content\/uploads\/2026\/04\/capa-nova-dini-textil-1-chao-de-fabrica-sinditextil-sp.jpg\",\"datePublished\":\"2024-02-16T19:10:44+00:00\",\"dateModified\":\"2026-04-13T13:00:29+00:00\",\"breadcrumb\":{\"@id\":\"https:\/\/sinditextilsp.org.br\/home\/chao-de-fabrica\/#breadcrumb\"},\"inLanguage\":\"pt-BR\",\"potentialAction\":[{\"@type\":\"ReadAction\",\"target\":[\"https:\/\/sinditextilsp.org.br\/home\/chao-de-fabrica\/\"]}]},{\"@type\":\"ImageObject\",\"inLanguage\":\"pt-BR\",\"@id\":\"https:\/\/sinditextilsp.org.br\/home\/chao-de-fabrica\/#primaryimage\",\"url\":\"https:\/\/sinditextilsp.org.br\/home\/wp-content\/uploads\/2026\/04\/capa-nova-dini-textil-1-chao-de-fabrica-sinditextil-sp.jpg\",\"contentUrl\":\"https:\/\/sinditextilsp.org.br\/home\/wp-content\/uploads\/2026\/04\/capa-nova-dini-textil-1-chao-de-fabrica-sinditextil-sp.jpg\",\"width\":300,\"height\":300},{\"@type\":\"BreadcrumbList\",\"@id\":\"https:\/\/sinditextilsp.org.br\/home\/chao-de-fabrica\/#breadcrumb\",\"itemListElement\":[{\"@type\":\"ListItem\",\"position\":1,\"name\":\"In\u00edcio\",\"item\":\"https:\/\/sinditextilsp.org.br\/home\/\"},{\"@type\":\"ListItem\",\"position\":2,\"name\":\"Ch\u00e3o de F\u00e1brica\"}]},{\"@type\":\"WebSite\",\"@id\":\"https:\/\/sinditextilsp.org.br\/home\/#website\",\"url\":\"https:\/\/sinditextilsp.org.br\/home\/\",\"name\":\"Sindit\u00eaxtil-SP\",\"description\":\"Sindicato T\u00eaxtil de S\u00e3o Paulo\",\"potentialAction\":[{\"@type\":\"SearchAction\",\"target\":{\"@type\":\"EntryPoint\",\"urlTemplate\":\"https:\/\/sinditextilsp.org.br\/home\/?s={search_term_string}\"},\"query-input\":\"required name=search_term_string\"}],\"inLanguage\":\"pt-BR\"}]}<\/script>\n<!-- \/ Yoast SEO plugin. -->","yoast_head_json":{"title":"Ch\u00e3o de F\u00e1brica - Sindit\u00eaxtil-SP","robots":{"index":"index","follow":"follow","max-snippet":"max-snippet:-1","max-image-preview":"max-image-preview:large","max-video-preview":"max-video-preview:-1"},"canonical":"https:\/\/sinditextilsp.org.br\/home\/chao-de-fabrica\/","og_locale":"pt_BR","og_type":"article","og_title":"Ch\u00e3o de F\u00e1brica - Sindit\u00eaxtil-SP","og_description":"A s\u00e9rie CH\u00c3O DE F\u00c1BRICA \u00e9 um projeto para prestigiar os associados do Sindit\u00eaxtil-SP. Mensalmente, uma equipe do Sindicato vai visitar alguma empresa que nos convidou para conhecer sua planta fabril, depois de agendamento pr\u00e9vio. Ap\u00f3s a visita, produzimos uma mat\u00e9ria resumindo o que vimos e ouvimos, e divulgamos nos canais do Sindit\u00eaxtil-SP. Se voc\u00ea [&hellip;]","og_url":"https:\/\/sinditextilsp.org.br\/home\/chao-de-fabrica\/","og_site_name":"Sindit\u00eaxtil-SP","article_publisher":"https:\/\/www.facebook.com\/sinditextilsp","article_modified_time":"2026-04-13T13:00:29+00:00","og_image":[{"url":"https:\/\/sinditextilsp.org.br\/home\/wp-content\/uploads\/2026\/04\/capa-nova-dini-textil-1-chao-de-fabrica-sinditextil-sp.jpg"}],"twitter_card":"summary_large_image","twitter_site":"@SinditextilSP","twitter_misc":{"Est. tempo de leitura":"3 minutos"},"schema":{"@context":"https:\/\/schema.org","@graph":[{"@type":"WebPage","@id":"https:\/\/sinditextilsp.org.br\/home\/chao-de-fabrica\/","url":"https:\/\/sinditextilsp.org.br\/home\/chao-de-fabrica\/","name":"Ch\u00e3o de F\u00e1brica - Sindit\u00eaxtil-SP","isPartOf":{"@id":"https:\/\/sinditextilsp.org.br\/home\/#website"},"primaryImageOfPage":{"@id":"https:\/\/sinditextilsp.org.br\/home\/chao-de-fabrica\/#primaryimage"},"image":{"@id":"https:\/\/sinditextilsp.org.br\/home\/chao-de-fabrica\/#primaryimage"},"thumbnailUrl":"https:\/\/sinditextilsp.org.br\/home\/wp-content\/uploads\/2026\/04\/capa-nova-dini-textil-1-chao-de-fabrica-sinditextil-sp.jpg","datePublished":"2024-02-16T19:10:44+00:00","dateModified":"2026-04-13T13:00:29+00:00","breadcrumb":{"@id":"https:\/\/sinditextilsp.org.br\/home\/chao-de-fabrica\/#breadcrumb"},"inLanguage":"pt-BR","potentialAction":[{"@type":"ReadAction","target":["https:\/\/sinditextilsp.org.br\/home\/chao-de-fabrica\/"]}]},{"@type":"ImageObject","inLanguage":"pt-BR","@id":"https:\/\/sinditextilsp.org.br\/home\/chao-de-fabrica\/#primaryimage","url":"https:\/\/sinditextilsp.org.br\/home\/wp-content\/uploads\/2026\/04\/capa-nova-dini-textil-1-chao-de-fabrica-sinditextil-sp.jpg","contentUrl":"https:\/\/sinditextilsp.org.br\/home\/wp-content\/uploads\/2026\/04\/capa-nova-dini-textil-1-chao-de-fabrica-sinditextil-sp.jpg","width":300,"height":300},{"@type":"BreadcrumbList","@id":"https:\/\/sinditextilsp.org.br\/home\/chao-de-fabrica\/#breadcrumb","itemListElement":[{"@type":"ListItem","position":1,"name":"In\u00edcio","item":"https:\/\/sinditextilsp.org.br\/home\/"},{"@type":"ListItem","position":2,"name":"Ch\u00e3o de F\u00e1brica"}]},{"@type":"WebSite","@id":"https:\/\/sinditextilsp.org.br\/home\/#website","url":"https:\/\/sinditextilsp.org.br\/home\/","name":"Sindit\u00eaxtil-SP","description":"Sindicato T\u00eaxtil de S\u00e3o Paulo","potentialAction":[{"@type":"SearchAction","target":{"@type":"EntryPoint","urlTemplate":"https:\/\/sinditextilsp.org.br\/home\/?s={search_term_string}"},"query-input":"required name=search_term_string"}],"inLanguage":"pt-BR"}]}},"_links":{"self":[{"href":"https:\/\/sinditextilsp.org.br\/home\/wp-json\/wp\/v2\/pages\/4745","targetHints":{"allow":["GET"]}}],"collection":[{"href":"https:\/\/sinditextilsp.org.br\/home\/wp-json\/wp\/v2\/pages"}],"about":[{"href":"https:\/\/sinditextilsp.org.br\/home\/wp-json\/wp\/v2\/types\/page"}],"author":[{"embeddable":true,"href":"https:\/\/sinditextilsp.org.br\/home\/wp-json\/wp\/v2\/users\/4"}],"replies":[{"embeddable":true,"href":"https:\/\/sinditextilsp.org.br\/home\/wp-json\/wp\/v2\/comments?post=4745"}],"version-history":[{"count":43,"href":"https:\/\/sinditextilsp.org.br\/home\/wp-json\/wp\/v2\/pages\/4745\/revisions"}],"predecessor-version":[{"id":10386,"href":"https:\/\/sinditextilsp.org.br\/home\/wp-json\/wp\/v2\/pages\/4745\/revisions\/10386"}],"wp:attachment":[{"href":"https:\/\/sinditextilsp.org.br\/home\/wp-json\/wp\/v2\/media?parent=4745"}],"curies":[{"name":"wp","href":"https:\/\/api.w.org\/{rel}","templated":true}]}}