{"id":504,"date":"2021-07-16T12:41:04","date_gmt":"2021-07-16T15:41:04","guid":{"rendered":"https:\/\/dev.sinditextilsp.org.br\/home\/?page_id=504"},"modified":"2024-11-28T13:12:08","modified_gmt":"2024-11-28T16:12:08","slug":"fornecedores","status":"publish","type":"page","link":"https:\/\/sinditextilsp.org.br\/home\/fornecedores\/","title":{"rendered":"Fornecedores"},"content":{"rendered":"\t\t<div data-elementor-type=\"wp-page\" data-elementor-id=\"504\" class=\"elementor elementor-504\" data-elementor-settings=\"[]\">\r\n\t\t\t\t\t\t\t<div class=\"elementor-section-wrap\">\r\n\t\t\t\t\t\t\t<section class=\"elementor-section elementor-top-section elementor-element elementor-element-0850a33 elementor-section-boxed elementor-section-height-default elementor-section-height-default\" data-id=\"0850a33\" data-element_type=\"section\">\r\n\t\t\t\t\t\t<div class=\"elementor-container elementor-column-gap-default\">\r\n\t\t\t\t\t<div class=\"elementor-column elementor-col-100 elementor-top-column elementor-element elementor-element-611ce62\" data-id=\"611ce62\" data-element_type=\"column\">\r\n\t\t\t<div class=\"elementor-widget-wrap elementor-element-populated\">\r\n\t\t\t\t\t\t\t\t<div class=\"elementor-element elementor-element-b223fdb elementor-widget elementor-widget-heading\" data-id=\"b223fdb\" data-element_type=\"widget\" data-widget_type=\"heading.default\">\r\n\t\t\t\t<div class=\"elementor-widget-container\">\r\n\t\t\t<h2 class=\"elementor-heading-title elementor-size-default\">Fornecedores<\/h2>\t\t<\/div>\r\n\t\t\t\t<\/div>\r\n\t\t\t\t\t<\/div>\r\n\t\t<\/div>\r\n\t\t\t\t\t\t\t<\/div>\r\n\t\t<\/section>\r\n\t\t\t\t<section class=\"elementor-section elementor-top-section elementor-element elementor-element-a202487 elementor-section-boxed elementor-section-height-default elementor-section-height-default\" data-id=\"a202487\" data-element_type=\"section\">\r\n\t\t\t\t\t\t<div class=\"elementor-container elementor-column-gap-default\">\r\n\t\t\t\t\t<div class=\"elementor-column elementor-col-100 elementor-top-column elementor-element elementor-element-c3f4525\" data-id=\"c3f4525\" data-element_type=\"column\">\r\n\t\t\t<div class=\"elementor-widget-wrap elementor-element-populated\">\r\n\t\t\t\t\t\t\t\t<div class=\"elementor-element elementor-element-5606c86 elementor-widget elementor-widget-text-editor\" data-id=\"5606c86\" data-element_type=\"widget\" data-widget_type=\"text-editor.default\">\r\n\t\t\t\t<div class=\"elementor-widget-container\">\r\n\t\t\t\t\t\t\t\t<p>Para se habilitar como um fornecedor do Sindit\u00eaxtil-SP fa\u00e7a o pr\u00e9-cadastro. \u00c9 importante que todos os dados sejam preenchidos com precis\u00e3o.<\/p><p>Acesse o\u00a0<a href=\"http:\/\/www.abit.org.br\/fornecedor\/sinditextilsp\" target=\"_blank\" rel=\"noopener\"><strong>site para cadastro.\u00a0<\/strong><\/a><\/p>\t\t\t\t\t\t<\/div>\r\n\t\t\t\t<\/div>\r\n\t\t\t\t\t<\/div>\r\n\t\t<\/div>\r\n\t\t\t\t\t\t\t<\/div>\r\n\t\t<\/section>\r\n\t\t\t\t\t\t<\/div>\r\n\t\t\t\t\t<\/div>\r\n\t\t","protected":false},"excerpt":{"rendered":"<p>Fornecedores Para se habilitar como um fornecedor do Sindit\u00eaxtil-SP fa\u00e7a o pr\u00e9-cadastro. \u00c9 importante que todos os dados sejam preenchidos com precis\u00e3o. Acesse o\u00a0site para cadastro.\u00a0<\/p>\n","protected":false},"author":2,"featured_media":0,"parent":0,"menu_order":0,"comment_status":"closed","ping_status":"closed","template":"","meta":{"footnotes":""},"class_list":["post-504","page","type-page","status-publish","hentry"],"yoast_head":"<!-- This site is optimized with the Yoast SEO plugin v22.8 - https:\/\/yoast.com\/wordpress\/plugins\/seo\/ -->\n<title>Fornecedores - Sindit\u00eaxtil-SP<\/title>\n<meta name=\"robots\" content=\"index, follow, max-snippet:-1, max-image-preview:large, max-video-preview:-1\" \/>\n<link rel=\"canonical\" href=\"https:\/\/sinditextilsp.org.br\/home\/fornecedores\/\" \/>\n<meta property=\"og:locale\" content=\"pt_BR\" \/>\n<meta property=\"og:type\" content=\"article\" \/>\n<meta property=\"og:title\" content=\"Fornecedores - Sindit\u00eaxtil-SP\" \/>\n<meta property=\"og:description\" content=\"Fornecedores Para se habilitar como um fornecedor do Sindit\u00eaxtil-SP fa\u00e7a o pr\u00e9-cadastro. \u00c9 importante que todos os dados sejam preenchidos com precis\u00e3o. Acesse o\u00a0site para cadastro.\u00a0\" \/>\n<meta property=\"og:url\" content=\"https:\/\/sinditextilsp.org.br\/home\/fornecedores\/\" \/>\n<meta property=\"og:site_name\" content=\"Sindit\u00eaxtil-SP\" \/>\n<meta property=\"article:publisher\" content=\"https:\/\/www.facebook.com\/sinditextilsp\" \/>\n<meta property=\"article:modified_time\" content=\"2024-11-28T16:12:08+00:00\" \/>\n<meta name=\"twitter:card\" content=\"summary_large_image\" \/>\n<meta name=\"twitter:site\" content=\"@SinditextilSP\" \/>\n<meta name=\"twitter:label1\" content=\"Est. tempo de leitura\" \/>\n\t<meta name=\"twitter:data1\" content=\"1 minuto\" \/>\n<script type=\"application\/ld+json\" class=\"yoast-schema-graph\">{\"@context\":\"https:\/\/schema.org\",\"@graph\":[{\"@type\":\"WebPage\",\"@id\":\"https:\/\/sinditextilsp.org.br\/home\/fornecedores\/\",\"url\":\"https:\/\/sinditextilsp.org.br\/home\/fornecedores\/\",\"name\":\"Fornecedores - Sindit\u00eaxtil-SP\",\"isPartOf\":{\"@id\":\"https:\/\/sinditextilsp.org.br\/home\/#website\"},\"datePublished\":\"2021-07-16T15:41:04+00:00\",\"dateModified\":\"2024-11-28T16:12:08+00:00\",\"breadcrumb\":{\"@id\":\"https:\/\/sinditextilsp.org.br\/home\/fornecedores\/#breadcrumb\"},\"inLanguage\":\"pt-BR\",\"potentialAction\":[{\"@type\":\"ReadAction\",\"target\":[\"https:\/\/sinditextilsp.org.br\/home\/fornecedores\/\"]}]},{\"@type\":\"BreadcrumbList\",\"@id\":\"https:\/\/sinditextilsp.org.br\/home\/fornecedores\/#breadcrumb\",\"itemListElement\":[{\"@type\":\"ListItem\",\"position\":1,\"name\":\"In\u00edcio\",\"item\":\"https:\/\/sinditextilsp.org.br\/home\/\"},{\"@type\":\"ListItem\",\"position\":2,\"name\":\"Fornecedores\"}]},{\"@type\":\"WebSite\",\"@id\":\"https:\/\/sinditextilsp.org.br\/home\/#website\",\"url\":\"https:\/\/sinditextilsp.org.br\/home\/\",\"name\":\"Sindit\u00eaxtil-SP\",\"description\":\"Sindicato T\u00eaxtil de S\u00e3o Paulo\",\"potentialAction\":[{\"@type\":\"SearchAction\",\"target\":{\"@type\":\"EntryPoint\",\"urlTemplate\":\"https:\/\/sinditextilsp.org.br\/home\/?s={search_term_string}\"},\"query-input\":\"required name=search_term_string\"}],\"inLanguage\":\"pt-BR\"}]}<\/script>\n<!-- \/ Yoast SEO plugin. -->","yoast_head_json":{"title":"Fornecedores - Sindit\u00eaxtil-SP","robots":{"index":"index","follow":"follow","max-snippet":"max-snippet:-1","max-image-preview":"max-image-preview:large","max-video-preview":"max-video-preview:-1"},"canonical":"https:\/\/sinditextilsp.org.br\/home\/fornecedores\/","og_locale":"pt_BR","og_type":"article","og_title":"Fornecedores - Sindit\u00eaxtil-SP","og_description":"Fornecedores Para se habilitar como um fornecedor do Sindit\u00eaxtil-SP fa\u00e7a o pr\u00e9-cadastro. \u00c9 importante que todos os dados sejam preenchidos com precis\u00e3o. Acesse o\u00a0site para cadastro.\u00a0","og_url":"https:\/\/sinditextilsp.org.br\/home\/fornecedores\/","og_site_name":"Sindit\u00eaxtil-SP","article_publisher":"https:\/\/www.facebook.com\/sinditextilsp","article_modified_time":"2024-11-28T16:12:08+00:00","twitter_card":"summary_large_image","twitter_site":"@SinditextilSP","twitter_misc":{"Est. tempo de leitura":"1 minuto"},"schema":{"@context":"https:\/\/schema.org","@graph":[{"@type":"WebPage","@id":"https:\/\/sinditextilsp.org.br\/home\/fornecedores\/","url":"https:\/\/sinditextilsp.org.br\/home\/fornecedores\/","name":"Fornecedores - Sindit\u00eaxtil-SP","isPartOf":{"@id":"https:\/\/sinditextilsp.org.br\/home\/#website"},"datePublished":"2021-07-16T15:41:04+00:00","dateModified":"2024-11-28T16:12:08+00:00","breadcrumb":{"@id":"https:\/\/sinditextilsp.org.br\/home\/fornecedores\/#breadcrumb"},"inLanguage":"pt-BR","potentialAction":[{"@type":"ReadAction","target":["https:\/\/sinditextilsp.org.br\/home\/fornecedores\/"]}]},{"@type":"BreadcrumbList","@id":"https:\/\/sinditextilsp.org.br\/home\/fornecedores\/#breadcrumb","itemListElement":[{"@type":"ListItem","position":1,"name":"In\u00edcio","item":"https:\/\/sinditextilsp.org.br\/home\/"},{"@type":"ListItem","position":2,"name":"Fornecedores"}]},{"@type":"WebSite","@id":"https:\/\/sinditextilsp.org.br\/home\/#website","url":"https:\/\/sinditextilsp.org.br\/home\/","name":"Sindit\u00eaxtil-SP","description":"Sindicato T\u00eaxtil de S\u00e3o Paulo","potentialAction":[{"@type":"SearchAction","target":{"@type":"EntryPoint","urlTemplate":"https:\/\/sinditextilsp.org.br\/home\/?s={search_term_string}"},"query-input":"required name=search_term_string"}],"inLanguage":"pt-BR"}]}},"_links":{"self":[{"href":"https:\/\/sinditextilsp.org.br\/home\/wp-json\/wp\/v2\/pages\/504","targetHints":{"allow":["GET"]}}],"collection":[{"href":"https:\/\/sinditextilsp.org.br\/home\/wp-json\/wp\/v2\/pages"}],"about":[{"href":"https:\/\/sinditextilsp.org.br\/home\/wp-json\/wp\/v2\/types\/page"}],"author":[{"embeddable":true,"href":"https:\/\/sinditextilsp.org.br\/home\/wp-json\/wp\/v2\/users\/2"}],"replies":[{"embeddable":true,"href":"https:\/\/sinditextilsp.org.br\/home\/wp-json\/wp\/v2\/comments?post=504"}],"version-history":[{"count":7,"href":"https:\/\/sinditextilsp.org.br\/home\/wp-json\/wp\/v2\/pages\/504\/revisions"}],"predecessor-version":[{"id":6938,"href":"https:\/\/sinditextilsp.org.br\/home\/wp-json\/wp\/v2\/pages\/504\/revisions\/6938"}],"wp:attachment":[{"href":"https:\/\/sinditextilsp.org.br\/home\/wp-json\/wp\/v2\/media?parent=504"}],"curies":[{"name":"wp","href":"https:\/\/api.w.org\/{rel}","templated":true}]}}