{"id":7393,"date":"2025-01-23T08:20:45","date_gmt":"2025-01-23T11:20:45","guid":{"rendered":"https:\/\/sinditextilsp.org.br\/home\/?page_id=7393"},"modified":"2026-03-12T16:07:58","modified_gmt":"2026-03-12T19:07:58","slug":"contribuicao-sindical-sinditextil","status":"publish","type":"page","link":"https:\/\/sinditextilsp.org.br\/home\/contribuicao-sindical-sinditextil\/","title":{"rendered":"Contribui\u00e7\u00e3o Sindical"},"content":{"rendered":"\t\t<div data-elementor-type=\"wp-page\" data-elementor-id=\"7393\" class=\"elementor elementor-7393\" data-elementor-settings=\"[]\">\r\n\t\t\t\t\t\t\t<div class=\"elementor-section-wrap\">\r\n\t\t\t\t\t\t\t<section class=\"elementor-section elementor-top-section elementor-element elementor-element-6460adf elementor-section-boxed elementor-section-height-default elementor-section-height-default\" data-id=\"6460adf\" data-element_type=\"section\">\r\n\t\t\t\t\t\t<div class=\"elementor-container elementor-column-gap-default\">\r\n\t\t\t\t\t<div class=\"elementor-column elementor-col-100 elementor-top-column elementor-element elementor-element-26dc457\" data-id=\"26dc457\" data-element_type=\"column\">\r\n\t\t\t<div class=\"elementor-widget-wrap elementor-element-populated\">\r\n\t\t\t\t\t\t\t\t<div class=\"elementor-element elementor-element-c607962 elementor-widget elementor-widget-heading\" data-id=\"c607962\" data-element_type=\"widget\" data-widget_type=\"heading.default\">\r\n\t\t\t\t<div class=\"elementor-widget-container\">\r\n\t\t\t<h2 class=\"elementor-heading-title elementor-size-default\">Contribui\u00e7\u00e3o Sindical<\/h2>\t\t<\/div>\r\n\t\t\t\t<\/div>\r\n\t\t\t\t\t<\/div>\r\n\t\t<\/div>\r\n\t\t\t\t\t\t\t<\/div>\r\n\t\t<\/section>\r\n\t\t\t\t<section class=\"elementor-section elementor-top-section elementor-element elementor-element-831ab3b elementor-section-boxed elementor-section-height-default elementor-section-height-default\" data-id=\"831ab3b\" data-element_type=\"section\">\r\n\t\t\t\t\t\t<div class=\"elementor-container elementor-column-gap-default\">\r\n\t\t\t\t\t<div class=\"elementor-column elementor-col-100 elementor-top-column elementor-element elementor-element-211cf0c\" data-id=\"211cf0c\" data-element_type=\"column\">\r\n\t\t\t<div class=\"elementor-widget-wrap elementor-element-populated\">\r\n\t\t\t\t\t\t\t\t<div class=\"elementor-element elementor-element-cacafb2 elementor-widget elementor-widget-text-editor\" data-id=\"cacafb2\" data-element_type=\"widget\" data-widget_type=\"text-editor.default\">\r\n\t\t\t\t<div class=\"elementor-widget-container\">\r\n\t\t\t\t\t\t\t\t<p><b>Fortale\u00e7a o seu neg\u00f3cio com o Sindit\u00eaxtil-SP<\/b><\/p><p><b>Sua contribui\u00e7\u00e3o faz toda a diferen\u00e7a!<\/b><\/p><p><span style=\"font-weight: 400;\">H\u00e1 mais de 90 anos, o Sindit\u00eaxtil-SP representa, defende e fortalece as ind\u00fastrias de fia\u00e7\u00e3o, tecelagem, tinturaria, estamparia e demais segmentos do setor t\u00eaxtil no Estado de S\u00e3o Paulo. Vinculado \u00e0 FIESP e registrado na Secretaria de Trabalho do Minist\u00e9rio da Economia, o Sindicato atua na promo\u00e7\u00e3o dos interesses das empresas no \u00e2mbito do estado de S\u00e3o Paulo. J\u00e1 nos interesses de \u00e2mbito federal, o Sindit\u00eaxtil-SP atua em parceria estrat\u00e9gica com a ABIT \u2013 Associa\u00e7\u00e3o Brasileira da Ind\u00fastria T\u00eaxtil e de Confec\u00e7\u00e3o, contribuindo econ\u00f4mica e financeiramente com as atividades di\u00e1rias.\u00a0<\/span><\/p><p><span style=\"font-weight: 400;\">Desde a reforma trabalhista (Lei n\u00ba 13.467\/2017), a contribui\u00e7\u00e3o sindical patronal tornou-se facultativa. No entanto, em um cen\u00e1rio cada vez mais desafiador e competitivo, contar com um sindicato forte e atuante \u00e9 essencial para proteger e fortalecer os interesses empresariais.<\/span><\/p><p><span style=\"font-weight: 400;\">Diariamente, o setor enfrenta importantes desafios e uma intensa agenda de a\u00e7\u00f5es sindicais. \u00c9 necess\u00e1rio estreitar os la\u00e7os com os Governos Estadual e Federal, sempre com foco na defesa do setor t\u00eaxtil e na promo\u00e7\u00e3o de um ambiente de neg\u00f3cios mais competitivo, inovador e sustent\u00e1vel para as ind\u00fastrias paulistas.<\/span><\/p><p><span style=\"font-weight: 400;\">Para continuar essa atua\u00e7\u00e3o estrat\u00e9gica e representativa, contamos com voc\u00ea!<\/span><\/p><p><span style=\"font-weight: 400;\">Sua contribui\u00e7\u00e3o \u00e9 fundamental para a estrutura que monitora, preserva e impulsiona o Setor T\u00eaxtil Paulista.<\/span><\/p><p><span style=\"font-weight: 400;\">Invista no seu neg\u00f3cio. Fortale\u00e7a quem te representa!<\/span><\/p><p><span style=\"font-weight: 400;\">Fale com a gente: <a href=\"mailto:relacionamento@sinditextilsp.org.br\" target=\"_blank\" rel=\"noopener\">relacionamento@sinditextilsp.<wbr \/>org.br<\/a><\/span><\/p>\t\t\t\t\t\t<\/div>\r\n\t\t\t\t<\/div>\r\n\t\t\t\t\t<\/div>\r\n\t\t<\/div>\r\n\t\t\t\t\t\t\t<\/div>\r\n\t\t<\/section>\r\n\t\t\t\t\t\t<\/div>\r\n\t\t\t\t\t<\/div>\r\n\t\t","protected":false},"excerpt":{"rendered":"<p>Contribui\u00e7\u00e3o Sindical Fortale\u00e7a o seu neg\u00f3cio com o Sindit\u00eaxtil-SP Sua contribui\u00e7\u00e3o faz toda a diferen\u00e7a! H\u00e1 mais de 90 anos, o Sindit\u00eaxtil-SP representa, defende e fortalece as ind\u00fastrias de fia\u00e7\u00e3o, tecelagem, tinturaria, estamparia e demais segmentos do setor t\u00eaxtil no Estado de S\u00e3o Paulo. Vinculado \u00e0 FIESP e registrado na Secretaria de Trabalho do Minist\u00e9rio [&hellip;]<\/p>\n","protected":false},"author":2,"featured_media":0,"parent":0,"menu_order":0,"comment_status":"closed","ping_status":"closed","template":"elementor_theme","meta":{"footnotes":""},"class_list":["post-7393","page","type-page","status-publish","hentry"],"yoast_head":"<!-- This site is optimized with the Yoast SEO plugin v22.8 - https:\/\/yoast.com\/wordpress\/plugins\/seo\/ -->\n<title>Contribui\u00e7\u00e3o Sindical - Sindit\u00eaxtil-SP<\/title>\n<meta name=\"robots\" content=\"index, follow, max-snippet:-1, max-image-preview:large, max-video-preview:-1\" \/>\n<link rel=\"canonical\" href=\"https:\/\/sinditextilsp.org.br\/home\/contribuicao-sindical-sinditextil\/\" \/>\n<meta property=\"og:locale\" content=\"pt_BR\" \/>\n<meta property=\"og:type\" content=\"article\" \/>\n<meta property=\"og:title\" content=\"Contribui\u00e7\u00e3o Sindical - Sindit\u00eaxtil-SP\" \/>\n<meta property=\"og:description\" content=\"Contribui\u00e7\u00e3o Sindical Fortale\u00e7a o seu neg\u00f3cio com o Sindit\u00eaxtil-SP Sua contribui\u00e7\u00e3o faz toda a diferen\u00e7a! H\u00e1 mais de 90 anos, o Sindit\u00eaxtil-SP representa, defende e fortalece as ind\u00fastrias de fia\u00e7\u00e3o, tecelagem, tinturaria, estamparia e demais segmentos do setor t\u00eaxtil no Estado de S\u00e3o Paulo. Vinculado \u00e0 FIESP e registrado na Secretaria de Trabalho do Minist\u00e9rio [&hellip;]\" \/>\n<meta property=\"og:url\" content=\"https:\/\/sinditextilsp.org.br\/home\/contribuicao-sindical-sinditextil\/\" \/>\n<meta property=\"og:site_name\" content=\"Sindit\u00eaxtil-SP\" \/>\n<meta property=\"article:publisher\" content=\"https:\/\/www.facebook.com\/sinditextilsp\" \/>\n<meta property=\"article:modified_time\" content=\"2026-03-12T19:07:58+00:00\" \/>\n<meta name=\"twitter:card\" content=\"summary_large_image\" \/>\n<meta name=\"twitter:site\" content=\"@SinditextilSP\" \/>\n<meta name=\"twitter:label1\" content=\"Est. tempo de leitura\" \/>\n\t<meta name=\"twitter:data1\" content=\"2 minutos\" \/>\n<script type=\"application\/ld+json\" class=\"yoast-schema-graph\">{\"@context\":\"https:\/\/schema.org\",\"@graph\":[{\"@type\":\"WebPage\",\"@id\":\"https:\/\/sinditextilsp.org.br\/home\/contribuicao-sindical-sinditextil\/\",\"url\":\"https:\/\/sinditextilsp.org.br\/home\/contribuicao-sindical-sinditextil\/\",\"name\":\"Contribui\u00e7\u00e3o Sindical - Sindit\u00eaxtil-SP\",\"isPartOf\":{\"@id\":\"https:\/\/sinditextilsp.org.br\/home\/#website\"},\"datePublished\":\"2025-01-23T11:20:45+00:00\",\"dateModified\":\"2026-03-12T19:07:58+00:00\",\"breadcrumb\":{\"@id\":\"https:\/\/sinditextilsp.org.br\/home\/contribuicao-sindical-sinditextil\/#breadcrumb\"},\"inLanguage\":\"pt-BR\",\"potentialAction\":[{\"@type\":\"ReadAction\",\"target\":[\"https:\/\/sinditextilsp.org.br\/home\/contribuicao-sindical-sinditextil\/\"]}]},{\"@type\":\"BreadcrumbList\",\"@id\":\"https:\/\/sinditextilsp.org.br\/home\/contribuicao-sindical-sinditextil\/#breadcrumb\",\"itemListElement\":[{\"@type\":\"ListItem\",\"position\":1,\"name\":\"In\u00edcio\",\"item\":\"https:\/\/sinditextilsp.org.br\/home\/\"},{\"@type\":\"ListItem\",\"position\":2,\"name\":\"Contribui\u00e7\u00e3o Sindical\"}]},{\"@type\":\"WebSite\",\"@id\":\"https:\/\/sinditextilsp.org.br\/home\/#website\",\"url\":\"https:\/\/sinditextilsp.org.br\/home\/\",\"name\":\"Sindit\u00eaxtil-SP\",\"description\":\"Sindicato T\u00eaxtil de S\u00e3o Paulo\",\"potentialAction\":[{\"@type\":\"SearchAction\",\"target\":{\"@type\":\"EntryPoint\",\"urlTemplate\":\"https:\/\/sinditextilsp.org.br\/home\/?s={search_term_string}\"},\"query-input\":\"required name=search_term_string\"}],\"inLanguage\":\"pt-BR\"}]}<\/script>\n<!-- \/ Yoast SEO plugin. -->","yoast_head_json":{"title":"Contribui\u00e7\u00e3o Sindical - Sindit\u00eaxtil-SP","robots":{"index":"index","follow":"follow","max-snippet":"max-snippet:-1","max-image-preview":"max-image-preview:large","max-video-preview":"max-video-preview:-1"},"canonical":"https:\/\/sinditextilsp.org.br\/home\/contribuicao-sindical-sinditextil\/","og_locale":"pt_BR","og_type":"article","og_title":"Contribui\u00e7\u00e3o Sindical - Sindit\u00eaxtil-SP","og_description":"Contribui\u00e7\u00e3o Sindical Fortale\u00e7a o seu neg\u00f3cio com o Sindit\u00eaxtil-SP Sua contribui\u00e7\u00e3o faz toda a diferen\u00e7a! H\u00e1 mais de 90 anos, o Sindit\u00eaxtil-SP representa, defende e fortalece as ind\u00fastrias de fia\u00e7\u00e3o, tecelagem, tinturaria, estamparia e demais segmentos do setor t\u00eaxtil no Estado de S\u00e3o Paulo. Vinculado \u00e0 FIESP e registrado na Secretaria de Trabalho do Minist\u00e9rio [&hellip;]","og_url":"https:\/\/sinditextilsp.org.br\/home\/contribuicao-sindical-sinditextil\/","og_site_name":"Sindit\u00eaxtil-SP","article_publisher":"https:\/\/www.facebook.com\/sinditextilsp","article_modified_time":"2026-03-12T19:07:58+00:00","twitter_card":"summary_large_image","twitter_site":"@SinditextilSP","twitter_misc":{"Est. tempo de leitura":"2 minutos"},"schema":{"@context":"https:\/\/schema.org","@graph":[{"@type":"WebPage","@id":"https:\/\/sinditextilsp.org.br\/home\/contribuicao-sindical-sinditextil\/","url":"https:\/\/sinditextilsp.org.br\/home\/contribuicao-sindical-sinditextil\/","name":"Contribui\u00e7\u00e3o Sindical - Sindit\u00eaxtil-SP","isPartOf":{"@id":"https:\/\/sinditextilsp.org.br\/home\/#website"},"datePublished":"2025-01-23T11:20:45+00:00","dateModified":"2026-03-12T19:07:58+00:00","breadcrumb":{"@id":"https:\/\/sinditextilsp.org.br\/home\/contribuicao-sindical-sinditextil\/#breadcrumb"},"inLanguage":"pt-BR","potentialAction":[{"@type":"ReadAction","target":["https:\/\/sinditextilsp.org.br\/home\/contribuicao-sindical-sinditextil\/"]}]},{"@type":"BreadcrumbList","@id":"https:\/\/sinditextilsp.org.br\/home\/contribuicao-sindical-sinditextil\/#breadcrumb","itemListElement":[{"@type":"ListItem","position":1,"name":"In\u00edcio","item":"https:\/\/sinditextilsp.org.br\/home\/"},{"@type":"ListItem","position":2,"name":"Contribui\u00e7\u00e3o Sindical"}]},{"@type":"WebSite","@id":"https:\/\/sinditextilsp.org.br\/home\/#website","url":"https:\/\/sinditextilsp.org.br\/home\/","name":"Sindit\u00eaxtil-SP","description":"Sindicato T\u00eaxtil de S\u00e3o Paulo","potentialAction":[{"@type":"SearchAction","target":{"@type":"EntryPoint","urlTemplate":"https:\/\/sinditextilsp.org.br\/home\/?s={search_term_string}"},"query-input":"required name=search_term_string"}],"inLanguage":"pt-BR"}]}},"_links":{"self":[{"href":"https:\/\/sinditextilsp.org.br\/home\/wp-json\/wp\/v2\/pages\/7393","targetHints":{"allow":["GET"]}}],"collection":[{"href":"https:\/\/sinditextilsp.org.br\/home\/wp-json\/wp\/v2\/pages"}],"about":[{"href":"https:\/\/sinditextilsp.org.br\/home\/wp-json\/wp\/v2\/types\/page"}],"author":[{"embeddable":true,"href":"https:\/\/sinditextilsp.org.br\/home\/wp-json\/wp\/v2\/users\/2"}],"replies":[{"embeddable":true,"href":"https:\/\/sinditextilsp.org.br\/home\/wp-json\/wp\/v2\/comments?post=7393"}],"version-history":[{"count":9,"href":"https:\/\/sinditextilsp.org.br\/home\/wp-json\/wp\/v2\/pages\/7393\/revisions"}],"predecessor-version":[{"id":10131,"href":"https:\/\/sinditextilsp.org.br\/home\/wp-json\/wp\/v2\/pages\/7393\/revisions\/10131"}],"wp:attachment":[{"href":"https:\/\/sinditextilsp.org.br\/home\/wp-json\/wp\/v2\/media?parent=7393"}],"curies":[{"name":"wp","href":"https:\/\/api.w.org\/{rel}","templated":true}]}}