{"id":93,"date":"2021-06-12T17:44:56","date_gmt":"2021-06-12T20:44:56","guid":{"rendered":"https:\/\/wordpress-250805-1985493.cloudwaysapps.com\/?page_id=93"},"modified":"2025-05-21T07:11:25","modified_gmt":"2025-05-21T10:11:25","slug":"quem-somos","status":"publish","type":"page","link":"https:\/\/sinditextilsp.org.br\/home\/quem-somos\/","title":{"rendered":"Quem Somos"},"content":{"rendered":"<p><img loading=\"lazy\" decoding=\"async\" src=\"https:\/\/sinditextilsp.org.br\/home\/wp-content\/uploads\/2021\/06\/vitrine-quemsomos-1024x222.jpg\" sizes=\"auto, (max-width: 1024px) 100vw, 1024px\" srcset=\"https:\/\/sinditextilsp.org.br\/home\/wp-content\/uploads\/2021\/06\/vitrine-quemsomos-1024x222.jpg 1024w, https:\/\/sinditextilsp.org.br\/home\/wp-content\/uploads\/2021\/06\/vitrine-quemsomos-768x167.jpg 768w, https:\/\/sinditextilsp.org.br\/home\/wp-content\/uploads\/2021\/06\/vitrine-quemsomos-640x139.jpg 640w, https:\/\/sinditextilsp.org.br\/home\/wp-content\/uploads\/2021\/06\/vitrine-quemsomos-400x87.jpg 400w, https:\/\/sinditextilsp.org.br\/home\/wp-content\/uploads\/2021\/06\/vitrine-quemsomos-367x80.jpg 367w\" alt=\"\" width=\"1024\" height=\"222\" \/><\/p>\n<p style=\"text-align: justify;\">O Sindit\u00eaxtil-SP \u00e9 impulsionado por uma vis\u00e3o de sustentabilidade, inova\u00e7\u00e3o e fortalecimento do setor t\u00eaxtil paulista. O Sindicato acredita no processo de tornar a ind\u00fastria mais robusta, competitiva e resiliente no estado de S\u00e3o Paulo. Investimentos em inova\u00e7\u00e3o e tecnologia, promo\u00e7\u00e3o de pr\u00e1ticas sustent\u00e1veis, desenvolvimento de m\u00e3o de obra qualificada, apoio ao empreendedorismo local, est\u00edmulo \u00e0 exporta\u00e7\u00e3o s\u00e3o algumas das atitudes que fortalecem o setor t\u00eaxtil paulista. Al\u00e9m de alavancar a economia regional, tamb\u00e9m gera empregos e promove o desenvolvimento social.<\/p>\n<p style=\"text-align: justify;\">O Sindicato incentiva a descarboniza\u00e7\u00e3o da moda, que visa reduzir as emiss\u00f5es de carbono associadas \u00e0 ind\u00fastria t\u00eaxtil, desde a produ\u00e7\u00e3o de mat\u00e9rias-primas at\u00e9 a fabrica\u00e7\u00e3o, distribui\u00e7\u00e3o, uso e descarte de produtos t\u00eaxteis. Encorajando as empresas a adotarem atitudes ambientalmente conscientes n\u00e3o apenas reduz o desperd\u00edcio e a polui\u00e7\u00e3o, mas tamb\u00e9m promove uma imagem positiva da nossa ind\u00fastria perante os consumidores e sociedade.<\/p>\n<p style=\"text-align: justify;\">O Sindit\u00eaxtil-SP traz constantemente pr\u00e1ticas ligadas ao ESG. Nosso Podcast Fio de Prosa \u00e9 totalmente voltado para esta tem\u00e1tica, j\u00e1 conta com 4 epis\u00f3dios e com muitos outros vindo a caminho. Produzimos semin\u00e1rios e workshops visando ESG, al\u00e9m de divulgar cartilhas de boas pr\u00e1ticas.<\/p>\n<p style=\"text-align: justify;\">O setor t\u00eaxtil em S\u00e3o Paulo prospera, impulsionado por uma abordagem sustent\u00e1vel e inovadora. \u00c9 um futuro que todos podemos aplaudir e apoiar, pois representa n\u00e3o apenas o sucesso econ\u00f4mico, mas tamb\u00e9m a garantia de um mundo melhor.<\/p>\n<h1>Apresenta\u00e7\u00e3o<\/h1>\n<p style=\"text-align: justify;\">Fundado na d\u00e9cada de 30, o Sindit\u00eaxtil-SP\u00a0 tem como principal miss\u00e3o promover a competitividade global aos neg\u00f3cios do Setor T\u00eaxtil de S\u00e3o Paulo, de forma sustent\u00e1vel.\u00a0 Dentro desse prop\u00f3sito, o Sindicato busca fortalecer empresas produtoras desde as mat\u00e9rias-primas naturais e sint\u00e9ticas, fia\u00e7\u00f5es, at\u00e9 tecelagens, tinturarias e estamparias e, ainda, confec\u00e7\u00f5es de cama e banho. S\u00e3o cerca de 800 empresas paulistas, totalizando perto de 100 mil empregos diretos. O estado de S\u00e3o Paulo representa aproximadamente 26% da produ\u00e7\u00e3o nacional do setor t\u00eaxtil e de confec\u00e7\u00e3o.<\/p>\n<h1>Hist\u00f3rico<\/h1>\n<p>A hist\u00f3ria da ind\u00fastria t\u00eaxtil paulista se funde com a do Sindit\u00eaxtil-SP.\u00a0 Fundado em 16 de mar\u00e7o de 1932, o Sindicato \u00e9 uma das mais antigas e importantes entidades t\u00eaxteis do Pa\u00eds. Registros mostram que a atividade industrial t\u00eaxtil paulista iniciou-se entre as d\u00e9cadas de 1850 e 1860 e logo se fortaleceu no Estado. Dados oficiais de 1882 mostram que S\u00e3o Paulo dispunha de nove f\u00e1bricas em opera\u00e7\u00e3o, que j\u00e1 representavam 20% do parque t\u00eaxtil do Brasil, mostrando assim a sua relev\u00e2ncia econ\u00f4mica.<\/p>\n<p>No mesmo ano em que o Sindit\u00eaxtil-SP nasceu, informa\u00e7\u00f5es da Secretaria de Agricultura, Com\u00e9rcio e Obras P\u00fablicas de S\u00e3o Paulo ressaltam o crescimento do setor. Segundo o \u00f3rg\u00e3o, existiam 112 f\u00e1bricas em funcionamento, com capital de 248 mil contos de r\u00e9is e 37 mil oper\u00e1rios. Assim, o Estado foi tecendo sua riqueza e aumentando sua participa\u00e7\u00e3o na ind\u00fastria nacional.<\/p>\n<p>Em consequ\u00eancia da expans\u00e3o, o setor precisou se organizar e com isso, o Sindicato se firmou em S\u00e3o Paulo. Passando por diversas lutas em prol do fortalecimento dos t\u00eaxteis, inclusive no in\u00edcio do processo de industrializa\u00e7\u00e3o do Brasil, at\u00e9 os dias de hoje, com a recente redu\u00e7\u00e3o das al\u00edquotas do Imposto Sobre Circula\u00e7\u00e3o de Mercadorias e Servi\u00e7os (ICMS).<\/p>\n<p>Hoje, representa os t\u00eaxteis de um Estado que responde por mais de 30% do faturamento do setor brasileiro, o Sindit\u00eaxtil-SP sempre foi um forte atuante em quest\u00f5es pol\u00edticas e econ\u00f4micas a favor da ind\u00fastria t\u00eaxtil.<\/p>\n<p>O Sindicato mant\u00e9m uma pol\u00edtica alinhada com os demais sindicatos t\u00eaxteis do Pa\u00eds e divide o mesmo espa\u00e7o f\u00edsico que a Abit &#8211; Associa\u00e7\u00e3o Brasileira da Ind\u00fastria T\u00eaxtil e de Confec\u00e7\u00e3o, numa hist\u00f3rica mans\u00e3o no bairro de Higien\u00f3polis, em S\u00e3o Paulo<\/p>\n<h1>Galeria de Presidentes<\/h1>\n<p>Em 80 anos, treze empres\u00e1rios t\u00eaxteis j\u00e1 foram presidentes do Sindit\u00eaxtil-SP. Fabio Prado tamb\u00e9m foi prefeito de S\u00e3o Paulo (1934 &#8211; 1938), paralelamente sua passagem pelo Sindicato. \u00c1lvaro Assump\u00e7\u00e3o tamb\u00e9m foi presidente da Federa\u00e7\u00e3o das Ind\u00fastrias de S\u00e3o Paulo (1934 &#8211; 1936), assim como Paulo Skaf que est\u00e1 em seu segundo mandato \u00e0 frente da FIESP.<\/p>\n<p><img loading=\"lazy\" decoding=\"async\" src=\"https:\/\/sinditextilsp.org.br\/home\/wp-content\/uploads\/2021\/07\/presidente_1.jpg\" sizes=\"auto, (max-width: 400px) 100vw, 400px\" srcset=\"https:\/\/sinditextilsp.org.br\/home\/wp-content\/uploads\/2021\/07\/presidente_1.jpg 400w, https:\/\/sinditextilsp.org.br\/home\/wp-content\/uploads\/2021\/07\/presidente_1-367x504.jpg 367w\" alt=\"\" width=\"400\" height=\"549\" \/><\/p>\n<h3>\u00c1lvaro Assump\u00e7\u00e3o<\/h3>\n<p style=\"text-align: center;\"><em>1932-1935<\/em><\/p>\n<p><img loading=\"lazy\" decoding=\"async\" src=\"https:\/\/sinditextilsp.org.br\/home\/wp-content\/uploads\/2021\/07\/presidente_2.jpg\" sizes=\"auto, (max-width: 400px) 100vw, 400px\" srcset=\"https:\/\/sinditextilsp.org.br\/home\/wp-content\/uploads\/2021\/07\/presidente_2.jpg 400w, https:\/\/sinditextilsp.org.br\/home\/wp-content\/uploads\/2021\/07\/presidente_2-367x406.jpg 367w\" alt=\"\" width=\"400\" height=\"442\" \/><\/p>\n<h3>F\u00e1bio da Silva Prado<\/h3>\n<p style=\"text-align: center;\"><em>1936-1937<\/em><\/p>\n<p><img loading=\"lazy\" decoding=\"async\" src=\"https:\/\/sinditextilsp.org.br\/home\/wp-content\/uploads\/2021\/07\/presidente_3.jpg\" sizes=\"auto, (max-width: 400px) 100vw, 400px\" srcset=\"https:\/\/sinditextilsp.org.br\/home\/wp-content\/uploads\/2021\/07\/presidente_3.jpg 400w, https:\/\/sinditextilsp.org.br\/home\/wp-content\/uploads\/2021\/07\/presidente_3-367x598.jpg 367w\" alt=\"\" width=\"400\" height=\"652\" \/><\/p>\n<h3>H\u00e9lio Monzoni<\/h3>\n<p style=\"text-align: center;\"><em>1939-1940<\/em><\/p>\n<p><img loading=\"lazy\" decoding=\"async\" src=\"https:\/\/sinditextilsp.org.br\/home\/wp-content\/uploads\/2021\/07\/presidente_4.jpg\" alt=\"\" width=\"400\" height=\"502\" \/><\/p>\n<h3>Conde Raul Crespi<\/h3>\n<p style=\"text-align: center;\"><em>1940-1941<\/em><\/p>\n<p><img loading=\"lazy\" decoding=\"async\" src=\"https:\/\/sinditextilsp.org.br\/home\/wp-content\/uploads\/2021\/07\/presidente_5.jpg\" sizes=\"auto, (max-width: 400px) 100vw, 400px\" srcset=\"https:\/\/sinditextilsp.org.br\/home\/wp-content\/uploads\/2021\/07\/presidente_5.jpg 400w, https:\/\/sinditextilsp.org.br\/home\/wp-content\/uploads\/2021\/07\/presidente_5-367x453.jpg 367w\" alt=\"\" width=\"400\" height=\"494\" \/><\/p>\n<h3>Alberto F. Kowarick<\/h3>\n<p style=\"text-align: center;\"><em>1937- 1938\/ 1941-1943<\/em><\/p>\n<p><img loading=\"lazy\" decoding=\"async\" src=\"https:\/\/sinditextilsp.org.br\/home\/wp-content\/uploads\/2021\/07\/presidente_6.jpg\" sizes=\"auto, (max-width: 400px) 100vw, 400px\" srcset=\"https:\/\/sinditextilsp.org.br\/home\/wp-content\/uploads\/2021\/07\/presidente_6.jpg 400w, https:\/\/sinditextilsp.org.br\/home\/wp-content\/uploads\/2021\/07\/presidente_6-367x487.jpg 367w\" alt=\"\" width=\"400\" height=\"531\" \/><\/p>\n<h3>Humberto Reis Costa<\/h3>\n<p style=\"text-align: center;\"><em>1944-1951<\/em><\/p>\n<p><img loading=\"lazy\" decoding=\"async\" src=\"https:\/\/sinditextilsp.org.br\/home\/wp-content\/uploads\/2021\/07\/presidente_7.jpg\" sizes=\"auto, (max-width: 400px) 100vw, 400px\" srcset=\"https:\/\/sinditextilsp.org.br\/home\/wp-content\/uploads\/2021\/07\/presidente_7.jpg 400w, https:\/\/sinditextilsp.org.br\/home\/wp-content\/uploads\/2021\/07\/presidente_7-367x442.jpg 367w\" alt=\"\" width=\"400\" height=\"482\" \/><\/p>\n<h3>Oscar Augusto Camargo<\/h3>\n<p style=\"text-align: center;\"><em>1952-1956<\/em><\/p>\n<p><img loading=\"lazy\" decoding=\"async\" src=\"https:\/\/sinditextilsp.org.br\/home\/wp-content\/uploads\/2021\/07\/presidente_8.jpg\" sizes=\"auto, (max-width: 400px) 100vw, 400px\" srcset=\"https:\/\/sinditextilsp.org.br\/home\/wp-content\/uploads\/2021\/07\/presidente_8.jpg 400w, https:\/\/sinditextilsp.org.br\/home\/wp-content\/uploads\/2021\/07\/presidente_8-367x441.jpg 367w\" alt=\"\" width=\"400\" height=\"481\" \/><\/p>\n<h3>Jo\u00e3o Alberto Sales Moreira<\/h3>\n<p style=\"text-align: center;\"><em>1956-1958<\/em><\/p>\n<p><img loading=\"lazy\" decoding=\"async\" src=\"https:\/\/sinditextilsp.org.br\/home\/wp-content\/uploads\/2021\/07\/presidente_9.jpg\" sizes=\"auto, (max-width: 400px) 100vw, 400px\" srcset=\"https:\/\/sinditextilsp.org.br\/home\/wp-content\/uploads\/2021\/07\/presidente_9.jpg 400w, https:\/\/sinditextilsp.org.br\/home\/wp-content\/uploads\/2021\/07\/presidente_9-367x465.jpg 367w\" alt=\"\" width=\"400\" height=\"507\" \/><\/p>\n<h3>Fernando Gasparian<\/h3>\n<p style=\"text-align: center;\"><em>1960-1964<\/em><\/p>\n<p><img loading=\"lazy\" decoding=\"async\" src=\"https:\/\/sinditextilsp.org.br\/home\/wp-content\/uploads\/2021\/07\/presidente_10.jpg\" sizes=\"auto, (max-width: 400px) 100vw, 400px\" srcset=\"https:\/\/sinditextilsp.org.br\/home\/wp-content\/uploads\/2021\/07\/presidente_10.jpg 400w, https:\/\/sinditextilsp.org.br\/home\/wp-content\/uploads\/2021\/07\/presidente_10-367x427.jpg 367w\" alt=\"\" width=\"400\" height=\"465\" \/><\/p>\n<h3>Joaquim Gomes de Figueiredo<\/h3>\n<p style=\"text-align: center;\"><em>1958-1959 \/ 1964-1966<\/em><\/p>\n<p><img loading=\"lazy\" decoding=\"async\" src=\"https:\/\/sinditextilsp.org.br\/home\/wp-content\/uploads\/2021\/07\/presidente_11.jpg\" sizes=\"auto, (max-width: 400px) 100vw, 400px\" srcset=\"https:\/\/sinditextilsp.org.br\/home\/wp-content\/uploads\/2021\/07\/presidente_11.jpg 400w, https:\/\/sinditextilsp.org.br\/home\/wp-content\/uploads\/2021\/07\/presidente_11-367x435.jpg 367w\" alt=\"\" width=\"400\" height=\"474\" \/><\/p>\n<h3>Luiz Am\u00e9rico Medeiros<\/h3>\n<p style=\"text-align: center;\"><em>1967-1998<\/em><\/p>\n<p><img loading=\"lazy\" decoding=\"async\" src=\"https:\/\/sinditextilsp.org.br\/home\/wp-content\/uploads\/2021\/07\/presidente_12.jpg\" sizes=\"auto, (max-width: 400px) 100vw, 400px\" srcset=\"https:\/\/sinditextilsp.org.br\/home\/wp-content\/uploads\/2021\/07\/presidente_12.jpg 400w, https:\/\/sinditextilsp.org.br\/home\/wp-content\/uploads\/2021\/07\/presidente_12-367x504.jpg 367w\" alt=\"\" width=\"400\" height=\"549\" \/><\/p>\n<h3>Paulo Antonio Skaf<\/h3>\n<p style=\"text-align: center;\"><em>1999-2004<\/em><\/p>\n<p><img loading=\"lazy\" decoding=\"async\" src=\"https:\/\/sinditextilsp.org.br\/home\/wp-content\/uploads\/2021\/07\/presidente_13.jpg\" sizes=\"auto, (max-width: 400px) 100vw, 400px\" srcset=\"https:\/\/sinditextilsp.org.br\/home\/wp-content\/uploads\/2021\/07\/presidente_13.jpg 400w, https:\/\/sinditextilsp.org.br\/home\/wp-content\/uploads\/2021\/07\/presidente_13-367x439.jpg 367w\" alt=\"\" width=\"400\" height=\"478\" \/><\/p>\n<h3>Rafael Cervone Netto<\/h3>\n<p style=\"text-align: center;\"><em>2005-2007 \/ 2008-2010<\/em><\/p>\n<p><img loading=\"lazy\" decoding=\"async\" src=\"https:\/\/sinditextilsp.org.br\/home\/wp-content\/uploads\/2021\/07\/597a4b82-1840-4ced-8f0f-21d27fb4911b.jpg\" sizes=\"auto, (max-width: 650px) 100vw, 650px\" srcset=\"https:\/\/sinditextilsp.org.br\/home\/wp-content\/uploads\/2021\/07\/597a4b82-1840-4ced-8f0f-21d27fb4911b.jpg 650w, https:\/\/sinditextilsp.org.br\/home\/wp-content\/uploads\/2021\/07\/597a4b82-1840-4ced-8f0f-21d27fb4911b-640x680.jpg 640w, https:\/\/sinditextilsp.org.br\/home\/wp-content\/uploads\/2021\/07\/597a4b82-1840-4ced-8f0f-21d27fb4911b-400x425.jpg 400w, https:\/\/sinditextilsp.org.br\/home\/wp-content\/uploads\/2021\/07\/597a4b82-1840-4ced-8f0f-21d27fb4911b-367x390.jpg 367w\" alt=\"\" width=\"650\" height=\"691\" \/><\/p>\n<h3>Alfredo Emilio Bonduki<\/h3>\n<p style=\"text-align: center;\"><em>2011-2013 \/ 2014-2016<br \/><br \/><\/em><\/p>\n\n\n<figure class=\"wp-block-image size-full is-resized\"><img loading=\"lazy\" decoding=\"async\" width=\"913\" height=\"1001\" src=\"https:\/\/sinditextilsp.org.br\/home\/wp-content\/uploads\/2025\/05\/Luiz-Arthur-Pacheco.jpg\" alt=\"\" class=\"wp-image-8265\" style=\"width:511px;height:auto\" srcset=\"https:\/\/sinditextilsp.org.br\/home\/wp-content\/uploads\/2025\/05\/Luiz-Arthur-Pacheco.jpg 913w, https:\/\/sinditextilsp.org.br\/home\/wp-content\/uploads\/2025\/05\/Luiz-Arthur-Pacheco-768x842.jpg 768w, https:\/\/sinditextilsp.org.br\/home\/wp-content\/uploads\/2025\/05\/Luiz-Arthur-Pacheco-640x702.jpg 640w, https:\/\/sinditextilsp.org.br\/home\/wp-content\/uploads\/2025\/05\/Luiz-Arthur-Pacheco-400x439.jpg 400w, https:\/\/sinditextilsp.org.br\/home\/wp-content\/uploads\/2025\/05\/Luiz-Arthur-Pacheco-367x402.jpg 367w\" sizes=\"auto, (max-width: 913px) 100vw, 913px\" \/><\/figure>\n\n\n\n<h2 class=\"wp-block-heading\"><br>Luiz Arthur Pacheco<\/h2>\n\n\n\n<p class=\"has-text-align-center\"><em>2017-2019\/ 2020-2022<\/em><\/p>\n\n\n\n<p><\/p>\n","protected":false},"excerpt":{"rendered":"<p>O Sindit\u00eaxtil-SP \u00e9 impulsionado por uma vis\u00e3o de sustentabilidade, inova\u00e7\u00e3o e fortalecimento do setor t\u00eaxtil paulista. O Sindicato acredita no processo de tornar a ind\u00fastria mais robusta, competitiva e resiliente no estado de S\u00e3o Paulo. Investimentos em inova\u00e7\u00e3o e tecnologia, promo\u00e7\u00e3o de pr\u00e1ticas sustent\u00e1veis, desenvolvimento de m\u00e3o de obra qualificada, apoio ao empreendedorismo local, est\u00edmulo [&hellip;]<\/p>\n","protected":false},"author":2,"featured_media":0,"parent":0,"menu_order":0,"comment_status":"closed","ping_status":"closed","template":"elementor_theme","meta":{"footnotes":""},"class_list":["post-93","page","type-page","status-publish","hentry"],"yoast_head":"<!-- This site is optimized with the Yoast SEO plugin v22.8 - https:\/\/yoast.com\/wordpress\/plugins\/seo\/ -->\n<title>Quem Somos - Sindit\u00eaxtil-SP<\/title>\n<meta name=\"robots\" content=\"index, follow, max-snippet:-1, max-image-preview:large, max-video-preview:-1\" \/>\n<link rel=\"canonical\" href=\"https:\/\/sinditextilsp.org.br\/home\/quem-somos\/\" \/>\n<meta property=\"og:locale\" content=\"pt_BR\" \/>\n<meta property=\"og:type\" content=\"article\" \/>\n<meta property=\"og:title\" content=\"Quem Somos - Sindit\u00eaxtil-SP\" \/>\n<meta property=\"og:description\" content=\"O Sindit\u00eaxtil-SP \u00e9 impulsionado por uma vis\u00e3o de sustentabilidade, inova\u00e7\u00e3o e fortalecimento do setor t\u00eaxtil paulista. O Sindicato acredita no processo de tornar a ind\u00fastria mais robusta, competitiva e resiliente no estado de S\u00e3o Paulo. Investimentos em inova\u00e7\u00e3o e tecnologia, promo\u00e7\u00e3o de pr\u00e1ticas sustent\u00e1veis, desenvolvimento de m\u00e3o de obra qualificada, apoio ao empreendedorismo local, est\u00edmulo [&hellip;]\" \/>\n<meta property=\"og:url\" content=\"https:\/\/sinditextilsp.org.br\/home\/quem-somos\/\" \/>\n<meta property=\"og:site_name\" content=\"Sindit\u00eaxtil-SP\" \/>\n<meta property=\"article:publisher\" content=\"https:\/\/www.facebook.com\/sinditextilsp\" \/>\n<meta property=\"article:modified_time\" content=\"2025-05-21T10:11:25+00:00\" \/>\n<meta property=\"og:image\" content=\"https:\/\/sinditextilsp.org.br\/home\/wp-content\/uploads\/2021\/06\/vitrine-quemsomos-1024x222.jpg\" \/>\n<meta name=\"twitter:card\" content=\"summary_large_image\" \/>\n<meta name=\"twitter:site\" content=\"@SinditextilSP\" \/>\n<meta name=\"twitter:label1\" content=\"Est. tempo de leitura\" \/>\n\t<meta name=\"twitter:data1\" content=\"8 minutos\" \/>\n<script type=\"application\/ld+json\" class=\"yoast-schema-graph\">{\"@context\":\"https:\/\/schema.org\",\"@graph\":[{\"@type\":\"WebPage\",\"@id\":\"https:\/\/sinditextilsp.org.br\/home\/quem-somos\/\",\"url\":\"https:\/\/sinditextilsp.org.br\/home\/quem-somos\/\",\"name\":\"Quem Somos - Sindit\u00eaxtil-SP\",\"isPartOf\":{\"@id\":\"https:\/\/sinditextilsp.org.br\/home\/#website\"},\"primaryImageOfPage\":{\"@id\":\"https:\/\/sinditextilsp.org.br\/home\/quem-somos\/#primaryimage\"},\"image\":{\"@id\":\"https:\/\/sinditextilsp.org.br\/home\/quem-somos\/#primaryimage\"},\"thumbnailUrl\":\"https:\/\/sinditextilsp.org.br\/home\/wp-content\/uploads\/2021\/06\/vitrine-quemsomos-1024x222.jpg\",\"datePublished\":\"2021-06-12T20:44:56+00:00\",\"dateModified\":\"2025-05-21T10:11:25+00:00\",\"breadcrumb\":{\"@id\":\"https:\/\/sinditextilsp.org.br\/home\/quem-somos\/#breadcrumb\"},\"inLanguage\":\"pt-BR\",\"potentialAction\":[{\"@type\":\"ReadAction\",\"target\":[\"https:\/\/sinditextilsp.org.br\/home\/quem-somos\/\"]}]},{\"@type\":\"ImageObject\",\"inLanguage\":\"pt-BR\",\"@id\":\"https:\/\/sinditextilsp.org.br\/home\/quem-somos\/#primaryimage\",\"url\":\"https:\/\/sinditextilsp.org.br\/home\/wp-content\/uploads\/2021\/06\/vitrine-quemsomos.jpg\",\"contentUrl\":\"https:\/\/sinditextilsp.org.br\/home\/wp-content\/uploads\/2021\/06\/vitrine-quemsomos.jpg\",\"width\":1920,\"height\":417},{\"@type\":\"BreadcrumbList\",\"@id\":\"https:\/\/sinditextilsp.org.br\/home\/quem-somos\/#breadcrumb\",\"itemListElement\":[{\"@type\":\"ListItem\",\"position\":1,\"name\":\"In\u00edcio\",\"item\":\"https:\/\/sinditextilsp.org.br\/home\/\"},{\"@type\":\"ListItem\",\"position\":2,\"name\":\"Quem Somos\"}]},{\"@type\":\"WebSite\",\"@id\":\"https:\/\/sinditextilsp.org.br\/home\/#website\",\"url\":\"https:\/\/sinditextilsp.org.br\/home\/\",\"name\":\"Sindit\u00eaxtil-SP\",\"description\":\"Sindicato T\u00eaxtil de S\u00e3o Paulo\",\"potentialAction\":[{\"@type\":\"SearchAction\",\"target\":{\"@type\":\"EntryPoint\",\"urlTemplate\":\"https:\/\/sinditextilsp.org.br\/home\/?s={search_term_string}\"},\"query-input\":\"required name=search_term_string\"}],\"inLanguage\":\"pt-BR\"}]}<\/script>\n<!-- \/ Yoast SEO plugin. -->","yoast_head_json":{"title":"Quem Somos - Sindit\u00eaxtil-SP","robots":{"index":"index","follow":"follow","max-snippet":"max-snippet:-1","max-image-preview":"max-image-preview:large","max-video-preview":"max-video-preview:-1"},"canonical":"https:\/\/sinditextilsp.org.br\/home\/quem-somos\/","og_locale":"pt_BR","og_type":"article","og_title":"Quem Somos - Sindit\u00eaxtil-SP","og_description":"O Sindit\u00eaxtil-SP \u00e9 impulsionado por uma vis\u00e3o de sustentabilidade, inova\u00e7\u00e3o e fortalecimento do setor t\u00eaxtil paulista. O Sindicato acredita no processo de tornar a ind\u00fastria mais robusta, competitiva e resiliente no estado de S\u00e3o Paulo. Investimentos em inova\u00e7\u00e3o e tecnologia, promo\u00e7\u00e3o de pr\u00e1ticas sustent\u00e1veis, desenvolvimento de m\u00e3o de obra qualificada, apoio ao empreendedorismo local, est\u00edmulo [&hellip;]","og_url":"https:\/\/sinditextilsp.org.br\/home\/quem-somos\/","og_site_name":"Sindit\u00eaxtil-SP","article_publisher":"https:\/\/www.facebook.com\/sinditextilsp","article_modified_time":"2025-05-21T10:11:25+00:00","og_image":[{"url":"https:\/\/sinditextilsp.org.br\/home\/wp-content\/uploads\/2021\/06\/vitrine-quemsomos-1024x222.jpg"}],"twitter_card":"summary_large_image","twitter_site":"@SinditextilSP","twitter_misc":{"Est. tempo de leitura":"8 minutos"},"schema":{"@context":"https:\/\/schema.org","@graph":[{"@type":"WebPage","@id":"https:\/\/sinditextilsp.org.br\/home\/quem-somos\/","url":"https:\/\/sinditextilsp.org.br\/home\/quem-somos\/","name":"Quem Somos - Sindit\u00eaxtil-SP","isPartOf":{"@id":"https:\/\/sinditextilsp.org.br\/home\/#website"},"primaryImageOfPage":{"@id":"https:\/\/sinditextilsp.org.br\/home\/quem-somos\/#primaryimage"},"image":{"@id":"https:\/\/sinditextilsp.org.br\/home\/quem-somos\/#primaryimage"},"thumbnailUrl":"https:\/\/sinditextilsp.org.br\/home\/wp-content\/uploads\/2021\/06\/vitrine-quemsomos-1024x222.jpg","datePublished":"2021-06-12T20:44:56+00:00","dateModified":"2025-05-21T10:11:25+00:00","breadcrumb":{"@id":"https:\/\/sinditextilsp.org.br\/home\/quem-somos\/#breadcrumb"},"inLanguage":"pt-BR","potentialAction":[{"@type":"ReadAction","target":["https:\/\/sinditextilsp.org.br\/home\/quem-somos\/"]}]},{"@type":"ImageObject","inLanguage":"pt-BR","@id":"https:\/\/sinditextilsp.org.br\/home\/quem-somos\/#primaryimage","url":"https:\/\/sinditextilsp.org.br\/home\/wp-content\/uploads\/2021\/06\/vitrine-quemsomos.jpg","contentUrl":"https:\/\/sinditextilsp.org.br\/home\/wp-content\/uploads\/2021\/06\/vitrine-quemsomos.jpg","width":1920,"height":417},{"@type":"BreadcrumbList","@id":"https:\/\/sinditextilsp.org.br\/home\/quem-somos\/#breadcrumb","itemListElement":[{"@type":"ListItem","position":1,"name":"In\u00edcio","item":"https:\/\/sinditextilsp.org.br\/home\/"},{"@type":"ListItem","position":2,"name":"Quem Somos"}]},{"@type":"WebSite","@id":"https:\/\/sinditextilsp.org.br\/home\/#website","url":"https:\/\/sinditextilsp.org.br\/home\/","name":"Sindit\u00eaxtil-SP","description":"Sindicato T\u00eaxtil de S\u00e3o Paulo","potentialAction":[{"@type":"SearchAction","target":{"@type":"EntryPoint","urlTemplate":"https:\/\/sinditextilsp.org.br\/home\/?s={search_term_string}"},"query-input":"required name=search_term_string"}],"inLanguage":"pt-BR"}]}},"_links":{"self":[{"href":"https:\/\/sinditextilsp.org.br\/home\/wp-json\/wp\/v2\/pages\/93","targetHints":{"allow":["GET"]}}],"collection":[{"href":"https:\/\/sinditextilsp.org.br\/home\/wp-json\/wp\/v2\/pages"}],"about":[{"href":"https:\/\/sinditextilsp.org.br\/home\/wp-json\/wp\/v2\/types\/page"}],"author":[{"embeddable":true,"href":"https:\/\/sinditextilsp.org.br\/home\/wp-json\/wp\/v2\/users\/2"}],"replies":[{"embeddable":true,"href":"https:\/\/sinditextilsp.org.br\/home\/wp-json\/wp\/v2\/comments?post=93"}],"version-history":[{"count":21,"href":"https:\/\/sinditextilsp.org.br\/home\/wp-json\/wp\/v2\/pages\/93\/revisions"}],"predecessor-version":[{"id":8266,"href":"https:\/\/sinditextilsp.org.br\/home\/wp-json\/wp\/v2\/pages\/93\/revisions\/8266"}],"wp:attachment":[{"href":"https:\/\/sinditextilsp.org.br\/home\/wp-json\/wp\/v2\/media?parent=93"}],"curies":[{"name":"wp","href":"https:\/\/api.w.org\/{rel}","templated":true}]}}